{"id":18075,"date":"2023-06-20T01:17:25","date_gmt":"2023-06-20T01:17:25","guid":{"rendered":"https:\/\/oudianvalve.com\/?post_type=product&#038;p=18075"},"modified":"2023-06-20T02:08:49","modified_gmt":"2023-06-20T02:08:49","slug":"900lb-16inch-pressure-seal-gate-valve","status":"publish","type":"product","link":"https:\/\/oudianvalve.com\/fr\/products\/gate-valves\/900lb-16inch-pressure-seal-gate-valve\/","title":{"rendered":"Vanne \u00e0 vanne \u00e0 joint de pression 900LB 16 pouces"},"content":{"rendered":"<p>Norme de conception\u00a0: API 600\/E101<br \/>\nIndices de pression-temp\u00e9rature\u00a0: ASME B16.34<br \/>\nGamme de tailles : 2&quot; \u00e0 48&quot;<br \/>\nPlage de pression\u00a0: Classe 150 \u00e0 2\u00a0500<br \/>\nConnexions d&#039;extr\u00e9mit\u00e9\u00a0: RF \u00e0 bride, RTJ, soud\u00e9e bout \u00e0 bout<br \/>\nDimensions des extr\u00e9mit\u00e9s \u00e0 bride\u00a0: ASME B16.5 (\u226424\u00a0po), ASME B16.47 s\u00e9rie A ou B (&gt;24\u00a0po)<br \/>\nDimensions des extr\u00e9mit\u00e9s soud\u00e9es bout \u00e0 bout\u00a0: ASME B16.25 face \u00e0 face<br \/>\nDimensions face \u00e0 face\u00a0: ASME B16.10<br \/>\nInspection et tests\u00a0: API 598<br \/>\nMat\u00e9riaux du corps\u00a0: WCB, CF8, CF3, CF3M, CF8M, A995 4A, 5A, 6A, C95800, INCONEL 625, INCONEL 825, MONEL, WC6, WC9.<br \/>\nMat\u00e9riaux de garniture\u00a0: 1#, 5#,8#,10#,12#,16#<br \/>\nMat\u00e9riaux d&#039;emballage\u00a0: graphite, graphite avec fil d&#039;inconel<\/p>\n<p>&nbsp;<\/p>\n<p>CORPS ET CAPOT<br \/>\nLa conception de la carrosserie et du capot est calcul\u00e9e pour obtenir la r\u00e9partition la plus r\u00e9guli\u00e8re des contraintes dans toutes les directions, ainsi que la<br \/>\nturbulence et r\u00e9sistance \u00e0 l&#039;\u00e9coulement minimales. Les chapeaux de vannes sont \u00e9quip\u00e9s d&#039;une bague de si\u00e8ge arri\u00e8re. Le joug est int\u00e9gralement coul\u00e9<br \/>\nClasses de pression 150 et 300 jusqu&#039;\u00e0 12\u2033 et jusqu&#039;\u00e0 10\u2033 sur les classes 600 et sup\u00e9rieures.<\/p>\n<p>GRILLE<br \/>\nToutes les portes sont enti\u00e8rement guid\u00e9es vers les si\u00e8ges. En standard, nos vannes sont fournies avec une vanne flexible solide dot\u00e9e d&#039;une croix en H conique.<br \/>\nsection. La cale flexible est moul\u00e9e ou usin\u00e9e avec une rainure circonf\u00e9rentielle pour permettre aux surfaces d&#039;assise de se d\u00e9placer ind\u00e9pendamment<br \/>\net s&#039;adapter au mouvement des si\u00e8ges du corps. Cette conception est avantageuse lorsque les charges lin\u00e9aires ou la dilatation thermique du syst\u00e8me sont probables.<br \/>\npour d\u00e9former la face du si\u00e8ge de la vanne. Cette conception de porte est id\u00e9ale pour la vapeur ou d&#039;autres services \u00e0 haute temp\u00e9rature et est<br \/>\nparticuli\u00e8rement utile pour \u00e9viter de coller l\u00e0 o\u00f9 les vannes sont ferm\u00e9es \u00e0 chaud et ouvertes \u00e0 froid.<\/p>\n<p>ANNEAU DE SI\u00c8GE<br \/>\nLes anneaux de si\u00e8ge sont con\u00e7us pour r\u00e9duire consid\u00e9rablement et\/ou pr\u00e9venir toute turbulence et \u00e9viter les dommages dus \u00e0 la corrosion. Les anneaux de si\u00e8ge<br \/>\nsont forg\u00e9s ou roul\u00e9s en une seule pi\u00e8ce, puis soud\u00e9s et recouverts, si n\u00e9cessaire. Apr\u00e8s le soudage et tous les traitements thermiques requis, le<br \/>\nles faces des bagues de si\u00e8ge sont usin\u00e9es, soigneusement nettoy\u00e9es et inspect\u00e9es avant de partir pour l&#039;assemblage.<\/p>\n<p>TIGE<br \/>\nLa connexion de la tige au portail est une conception \u00e0 t\u00eate en T qui fait partie int\u00e9grante (sans soudure) de la tige. La pr\u00e9cision dans le<br \/>\nles dimensions et les finitions assurent une longue dur\u00e9e de vie avec une parfaite \u00e9tanch\u00e9it\u00e9 dans la zone d&#039;emballage, ce qui entra\u00eene une r\u00e9duction des \u00e9missions fugitives. Le<br \/>\nla connexion tige-porte est con\u00e7ue pour<br \/>\nemp\u00eacher la rotation ou le d\u00e9sengagement de la tige du coin pendant que la vanne est en service. Gr\u00e2ce \u00e0 des calculs et des extr\u00eames<br \/>\nLors des tests, la r\u00e9sistance de la connexion tige-porte s&#039;est av\u00e9r\u00e9e sup\u00e9rieure \u00e0 la r\u00e9sistance de la tige \u00e0 la racine de son fonctionnement.<br \/>\nfil de discussion.<\/p>\n<p>Pr\u00e9sentation du produit<br \/>\nLe robinet-vanne soud\u00e9 standard am\u00e9ricain haute temp\u00e9rature et haute pression est un type import\u00e9 qui suit les normes ANSIB16.34 et USL1E101. La partie centrale adopte un type \u00e0 auto-serrage \u00e0 pression sans couvercle de valve, qui offre de bonnes performances d&#039;\u00e9tanch\u00e9it\u00e9 dans des conditions de temp\u00e9rature et de pression \u00e9lev\u00e9es. Il existe deux mat\u00e9riaux pour les bagues auto-obturantes, l&#039;un est en acier \u00e0 faible teneur en carbone et l&#039;autre est en fil de graphite flexible 316 (maille). La couche sup\u00e9rieure de la surface d&#039;\u00e9tanch\u00e9it\u00e9 est soud\u00e9e avec un alliage dur \u00e0 base de foret et la couche de m\u00e9tal pur trait\u00e9e est \u2265 3 mm, ce qui pr\u00e9sente des avantages tels que la r\u00e9sistance \u00e0 l&#039;usure, la r\u00e9sistance aux temp\u00e9ratures \u00e9lev\u00e9es, la r\u00e9sistance \u00e0 la corrosion, la r\u00e9sistance aux rayures et une longue dur\u00e9e de vie. Les deux extr\u00e9mit\u00e9s du tuyau de d\u00e9rivation sont des structures soud\u00e9es et la rainure de soudage peut \u00eatre r\u00e9alis\u00e9e selon les normes ou les exigences de l&#039;utilisateur. La vanne convient aux conduites d&#039;eau, de vapeur, de produits p\u00e9troliers et de vapeur surchauff\u00e9e \u00e0 haute temp\u00e9rature et pression dans les centrales thermiques, l&#039;industrie p\u00e9trochimique, la m\u00e9tallurgie, etc.<\/p>\n<p>caract\u00e9ristiques du produit<br \/>\n1. La coque adopte deux options de processus\u00a0: le forgeage et le moulage, avec un aspect lisse et une organisation uniforme, r\u00e9pondant aux exigences de haute temp\u00e9rature et de haute pression\u00a0; Nous pouvons fournir une s\u00e9rie compl\u00e8te de vannes en acier forg\u00e9 selon les besoins des utilisateurs\u00a0; 2. L&#039;appariement de mat\u00e9riaux sp\u00e9ciaux garantit une duret\u00e9 \u00e9lev\u00e9e et une mauvaise duret\u00e9 de la surface d&#039;\u00e9tanch\u00e9it\u00e9\u00a0; Meulage de pr\u00e9cision, finition miroir, r\u00e9sistant \u00e0 l&#039;usure et \u00e0 la corrosion, prolongeant efficacement la dur\u00e9e de vie\u00a0;<br \/>\n3. La conception d&#039;\u00e9tanch\u00e9it\u00e9 arri\u00e8re prot\u00e8ge efficacement le mastic d&#039;\u00e9tanch\u00e9it\u00e9 et emp\u00eache les fuites et les fuites\u00a0;<br \/>\n4. Tests multiples tels que la r\u00e9sistance \u00e0 l&#039;eau \u00e0 haute pression, la r\u00e9sistance aux gaz \u00e0 haute pression, les tests non destructifs, etc., contr\u00f4lant de mani\u00e8re exhaustive la qualit\u00e9 des pi\u00e8ces sous pression\u00a0;<br \/>\n5. La surface de la tige de valve a subi un traitement de meulage et de durcissement de pr\u00e9cision, qui r\u00e9siste aux rayures et \u00e0 la corrosion, r\u00e9duisant efficacement le couple d&#039;ouverture et de fermeture et facilitant l&#039;op\u00e9ration\u00a0;<br \/>\n6. Adoptant une conception sp\u00e9ciale de structure d&#039;emballage r\u00e9sistante \u00e0 la corrosion, il est r\u00e9sistant \u00e0 la temp\u00e9rature et \u00e0 la pression, non corrosif, autolubrifiant, r\u00e9duisant les frottements d&#039;ouverture et de fermeture, \u00e9vitant la corrosion sur la surface de la tige de valve et \u00e9vitant ainsi les fuites externes\u00a0; 7. La conception d&#039;\u00e9tanch\u00e9it\u00e9 \u00e0 pression bidirectionnelle r\u00e9pond aux exigences strictes de diverses conditions de travail sp\u00e9ciales.<\/p>\n<p>Les vannes \u00e0 vanne haute temp\u00e9rature et haute pression pour centrales \u00e9lectriques, \u00e9galement connues sous le nom de vannes sp\u00e9cialis\u00e9es pour centrales \u00e9lectriques, conviennent principalement pour couper ou connecter des fluides de canalisation sur divers syst\u00e8mes dans les centrales thermiques. M\u00e9dias applicables\u00a0: M\u00e9dias non corrosifs tels que l\u2019eau et la vapeur. Les caract\u00e9ristiques des vannes de centrale \u00e9lectrique par rapport aux autres produits de vannes sont une temp\u00e9rature et une pression \u00e9lev\u00e9es, une conception auto-obturante unique, et plus la pression est \u00e9lev\u00e9e, plus l&#039;\u00e9tanch\u00e9it\u00e9 est fiable. En raison des caract\u00e9ristiques technologiques de performance uniques et des conditions de travail, le produit pr\u00e9sente \u00e9galement des caract\u00e9ristiques qui ne peuvent pas \u00eatre remplac\u00e9es par d&#039;autres produits. Ce type de vanne doit g\u00e9n\u00e9ralement \u00eatre install\u00e9 horizontalement dans les canalisations<\/p>","protected":false},"excerpt":{"rendered":"<p>Conception \u00e0 port complet<br \/>\nOl&amp;Y, vis et joug ext\u00e9rieurs<br \/>\nPSB, capot \u00e0 joint sous pression<br \/>\nCale flexible, enti\u00e8rement guid\u00e9e<br \/>\nChoix de coin plein ou fendu<br \/>\nAnneaux de si\u00e8ge renouvelables<br \/>\nTige forg\u00e9e \u00e0 t\u00eate en T<br \/>\nTige montante et volant non montant<br \/>\nExtr\u00e9mit\u00e9s \u00e0 brides ou \u00e0 souder bout \u00e0 bout<br \/>\nDisponible avec l&#039;op\u00e9rateur bg<\/p>","protected":false},"featured_media":18076,"template":"","meta":{"advanced_seo_description":"","jetpack_seo_html_title":"","jetpack_seo_noindex":false},"product_brand":[],"product_cat":[81],"product_tag":[137,138,136],"class_list":{"0":"post-18075","1":"product","2":"type-product","3":"status-publish","4":"has-post-thumbnail","6":"product_cat-gate-valves","7":"product_tag-16inch-pressure-seal-gate-valve","8":"product_tag-900lb-pressure-seal-gate-valve","9":"product_tag-pressure-seal-gate-valve","11":"first","12":"instock","13":"featured","14":"shipping-taxable","15":"product-type-simple"},"jetpack_sharing_enabled":true,"_links":{"self":[{"href":"https:\/\/oudianvalve.com\/fr\/wp-json\/wp\/v2\/product\/18075","targetHints":{"allow":["GET"]}}],"collection":[{"href":"https:\/\/oudianvalve.com\/fr\/wp-json\/wp\/v2\/product"}],"about":[{"href":"https:\/\/oudianvalve.com\/fr\/wp-json\/wp\/v2\/types\/product"}],"wp:featuredmedia":[{"embeddable":true,"href":"https:\/\/oudianvalve.com\/fr\/wp-json\/wp\/v2\/media\/18076"}],"wp:attachment":[{"href":"https:\/\/oudianvalve.com\/fr\/wp-json\/wp\/v2\/media?parent=18075"}],"wp:term":[{"taxonomy":"product_brand","embeddable":true,"href":"https:\/\/oudianvalve.com\/fr\/wp-json\/wp\/v2\/product_brand?post=18075"},{"taxonomy":"product_cat","embeddable":true,"href":"https:\/\/oudianvalve.com\/fr\/wp-json\/wp\/v2\/product_cat?post=18075"},{"taxonomy":"product_tag","embeddable":true,"href":"https:\/\/oudianvalve.com\/fr\/wp-json\/wp\/v2\/product_tag?post=18075"}],"curies":[{"name":"wp","href":"https:\/\/api.w.org\/{rel}","templated":true}]}}