{"id":18069,"date":"2023-06-19T07:49:18","date_gmt":"2023-06-19T07:49:18","guid":{"rendered":"https:\/\/oudianvalve.com\/?post_type=product&#038;p=18069"},"modified":"2023-06-20T00:30:02","modified_gmt":"2023-06-20T00:30:02","slug":"dn80-pn16-cast-steel-t-type-strainer","status":"publish","type":"product","link":"https:\/\/oudianvalve.com\/fr\/products\/y-strainer\/dn80-pn16-cast-steel-t-type-strainer\/","title":{"rendered":"Cr\u00e9pine de type T en acier moul\u00e9 DN80 PN16"},"content":{"rendered":"<p>Cr\u00e9pine de type T en acier moul\u00e9 DN80 PN16<br \/>\nTaille : 1\/2\u2033-24\u2033 (DN15~DN600)<br \/>\nPression nominale : 150LB-2500LB\/PN16~PN160\/10K~60K)<br \/>\nMat\u00e9riel:A351CF8M\/CF8\/CF3\/CF3M,A216WCB,A217 WC6 A352 LCB\/LCC,A105,F304,F316,F51\/F53,F11.F2.C3.C95800<br \/>\nTemp\u00e9rature appropri\u00e9e : 425 \u00b0C (diff\u00e9rentes temp\u00e9ratures choisissent diff\u00e9rents mat\u00e9riaux). Milieu appropri\u00e9\u00a0: eau, vapeur, p\u00e9trole et gaz naturel, etc.<\/p>\n<p>Description:<br \/>\nNormes de conception\u00a0:\u00a0ASME B16.34<br \/>\nLongueur de la structure\u00a0: ASME B16.10<br \/>\nNorme de taille de connexion\u00a0: ANSI B16.5<br \/>\nNormes de test et d&#039;inspection\u00a0: API598<\/p>\n<p>Principe de fonctionnement et caract\u00e9ristiques\u00a0:<\/p>\n<p>Lorsque le fluide p\u00e9n\u00e8tre dans la cartouche filtrante avec une certaine sp\u00e9cification de tamis filtrant, ses impuret\u00e9s sont bloqu\u00e9es et le filtrat propre est \u00e9vacu\u00e9 de la sortie du filtre. Lorsqu&#039;un nettoyage est n\u00e9cessaire, retirez simplement la cartouche filtrante amovible, traitez-la et r\u00e9installez-la. Par cons\u00e9quent, l&#039;entretien et l&#039;utilisation sont extr\u00eamement pratiques.<\/p>\n<p>Les mat\u00e9riaux de fabrication du filtre de type T varient en fonction des besoins quotidiens et choisissent g\u00e9n\u00e9ralement des mat\u00e9riaux en fonte, en acier au carbone ou en acier inoxydable. Lors de l&#039;utilisation de filtres, diff\u00e9rents mod\u00e8les de filtres doivent \u00eatre s\u00e9lectionn\u00e9s en fonction des diff\u00e9rents fluides. Pour la filtration de liquides tels que l&#039;eau, l&#039;ammoniac, l&#039;huile, les hydrocarbures, etc.<br \/>\nLorsque le liquide p\u00e9n\u00e8tre dans le tamis filtrant avec une certaine sp\u00e9cification, les impuret\u00e9s sont bloqu\u00e9es par le tamis filtrant et le liquide propre est \u00e9vacu\u00e9 par la sortie. Lorsque le nettoyage est n\u00e9cessaire, seul le tamis filtrant amovible doit \u00eatre retir\u00e9 pour le traitement des eaux us\u00e9es et r\u00e9install\u00e9 pour \u00eatre utilis\u00e9. L\u2019utilisation et l\u2019entretien des filtres sont donc extr\u00eamement pratiques.<\/p>\n<p>Construction d&#039;un filtre de type T<\/p>\n<p>La cr\u00e9pine de type T est sp\u00e9cialement fabriqu\u00e9e avec des tuyaux et des plaques ou des t\u00e9s et des brides identiques standard. Les composants du filtre sont constitu\u00e9s de t\u00f4le perfor\u00e9e en acier inoxydable ou d&#039;un treillis m\u00e9tallique soutenu par une t\u00f4le perfor\u00e9e. Les cr\u00e9pines de type T constituent une alternative peu co\u00fbteuse pour les demandes de filtrage \u00e0 grand diam\u00e8tre nominal. Cette cr\u00e9pine peut \u00eatre mont\u00e9e rapidement et n\u00e9cessite moins d&#039;entretien. Les cr\u00e9pines en T sont livr\u00e9es avec un couvercle viss\u00e9 ou un couvercle \u00e0 ouverture rapide pour une application ad\u00e9quate.<\/p>\n<p>Les cr\u00e9pines de type T peuvent \u00eatre mont\u00e9es dans des tuyaux verticaux ou horizontaux. En position verticale, l&#039;\u00e9vacuation s&#039;\u00e9coulerait vers le panier. En position horizontale, le maillon de d\u00e9rivation est situ\u00e9 sur le c\u00f4t\u00e9 pour un acc\u00e8s lat\u00e9ral ou, respectivement, et sur le dessus pour un acc\u00e8s par le haut. Les cr\u00e9pines en T sont limit\u00e9es \u00e0 la filtration en raison de la fa\u00e7on dont le panier est plac\u00e9 \u00e0 l&#039;int\u00e9rieur du T qui encouragera le fluide \u00e0 s&#039;\u00e9couler \u00e0 travers le syst\u00e8me de barres de guidage.<\/p>\n<p>Caract\u00e9ristiques et avantages du filtre de type T<\/p>\n<p>Les cr\u00e9pines de type T pr\u00e9sentent de nombreux avantages pour les applications de pipeline, tels que\u00a0:<\/p>\n<ul>\n<li>Il est livr\u00e9 avec des couvercles \u00e0 ouverture rapide pour une op\u00e9ration de nettoyage facile.<\/li>\n<li>Il est dot\u00e9 d&#039;un orifice de ventilation facile et de prises \u00e0 pression diff\u00e9rentielle.<\/li>\n<li>Il a un chemin d&#039;\u00e9coulement plus droit qui permet une capacit\u00e9 de d\u00e9bit plus \u00e9lev\u00e9e.<\/li>\n<li>Le filtre de type T convient au transfert de fluides \u00e0 une vitesse plus \u00e9lev\u00e9e.<\/li>\n<li>Ils sont id\u00e9aux pour les utilisations de gros tuyaux n\u00e9cessitant un acc\u00e8s rapide \u00e0 la cr\u00e9pine.<\/li>\n<li>Lorsqu&#039;il est install\u00e9 horizontalement, le couvercle de la chambre peut \u00eatre ouvert sans vidanger le fluide de traitement. Ainsi, il peut \u00eatre utilis\u00e9 dans des proc\u00e9d\u00e9s dangereux.<\/li>\n<\/ul>\n<p>&nbsp;<\/p>\n<p>Applications du filtre de type T<\/p>\n<p>Parfois, il n&#039;est pas pratique d&#039;utiliser des cr\u00e9pines de type Y dans quelques applications puisque l&#039;\u00e9l\u00e9ment est accessible depuis le dessous du rev\u00eatement ou du corps. Les cr\u00e9pines de type T permettent d&#039;acc\u00e9der \u00e0 l&#039;\u00e9l\u00e9ment par le haut du bo\u00eetier ou du corps. Ce type de filtre est destin\u00e9 \u00e0 \u00eatre mont\u00e9 en ligne avec l&#039;axe de la canalisation, mais peut \u00e9galement \u00eatre install\u00e9 dans des installations de canalisations d\u00e9cal\u00e9es et \u00e0 angle droit.<\/p>\n<p>En plus de la collection standard de cr\u00e9pines de type T du catalogue, des cr\u00e9pines fabriqu\u00e9es peuvent \u00eatre con\u00e7ues et produites pour satisfaire des sp\u00e9cifications d&#039;application particuli\u00e8res. Ces cr\u00e9pines sont con\u00e7ues pour g\u00e9rer les applications industrielles agressives de vapeur et de gaz lorsqu&#039;elles sont construites en acier inoxydable ou en acier au carbone.<\/p>","protected":false},"excerpt":{"rendered":"<p>Le filtre de type T en acier moul\u00e9 DN80 PN16 appartient \u00e0 la s\u00e9rie de filtres grossiers pour pipelines et peut \u00e9galement \u00eatre utilis\u00e9 pour filtrer de grosses particules de gaz ou d&#039;autres m\u00e9dias. Lorsqu&#039;il est install\u00e9 sur le pipeline, il peut \u00e9liminer les grosses impuret\u00e9s solides pr\u00e9sentes dans le fluide, permettant aux \u00e9quipements de machines (y compris les compresseurs, les pompes, etc.) et aux instruments de fonctionner normalement, permettant ainsi d&#039;obtenir un processus stable et d&#039;assurer une production s\u00fbre.<\/p>","protected":false},"featured_media":18070,"template":"","meta":{"advanced_seo_description":"","jetpack_seo_html_title":"","jetpack_seo_noindex":false},"product_brand":[],"product_cat":[84],"product_tag":[128,130,129,132,131],"class_list":{"0":"post-18069","1":"product","2":"type-product","3":"status-publish","4":"has-post-thumbnail","6":"product_cat-y-strainer","7":"product_tag-cast-steel-t-type-strainer","8":"product_tag-dn80-cast-steel-t-type-strainer","9":"product_tag-pn16-cast-steel-t-type-strainer","10":"product_tag-weld-t-type-strainer","11":"product_tag-wpb-cast-steel-t-type-strainer","13":"first","14":"instock","15":"featured","16":"shipping-taxable","17":"product-type-simple"},"jetpack_sharing_enabled":true,"_links":{"self":[{"href":"https:\/\/oudianvalve.com\/fr\/wp-json\/wp\/v2\/product\/18069","targetHints":{"allow":["GET"]}}],"collection":[{"href":"https:\/\/oudianvalve.com\/fr\/wp-json\/wp\/v2\/product"}],"about":[{"href":"https:\/\/oudianvalve.com\/fr\/wp-json\/wp\/v2\/types\/product"}],"wp:featuredmedia":[{"embeddable":true,"href":"https:\/\/oudianvalve.com\/fr\/wp-json\/wp\/v2\/media\/18070"}],"wp:attachment":[{"href":"https:\/\/oudianvalve.com\/fr\/wp-json\/wp\/v2\/media?parent=18069"}],"wp:term":[{"taxonomy":"product_brand","embeddable":true,"href":"https:\/\/oudianvalve.com\/fr\/wp-json\/wp\/v2\/product_brand?post=18069"},{"taxonomy":"product_cat","embeddable":true,"href":"https:\/\/oudianvalve.com\/fr\/wp-json\/wp\/v2\/product_cat?post=18069"},{"taxonomy":"product_tag","embeddable":true,"href":"https:\/\/oudianvalve.com\/fr\/wp-json\/wp\/v2\/product_tag?post=18069"}],"curies":[{"name":"wp","href":"https:\/\/api.w.org\/{rel}","templated":true}]}}