{"id":18067,"date":"2023-06-19T07:19:59","date_gmt":"2023-06-19T07:19:59","guid":{"rendered":"https:\/\/oudianvalve.com\/?post_type=product&#038;p=18067"},"modified":"2023-06-20T00:30:02","modified_gmt":"2023-06-20T00:30:02","slug":"cast-steel-y-strainer-150lb-3-inch","status":"publish","type":"product","link":"https:\/\/oudianvalve.com\/fr\/products\/y-strainer\/cast-steel-y-strainer-150lb-3-inch\/","title":{"rendered":"Cr\u00e9pine en Y en acier moul\u00e9 150LB 3 pouces"},"content":{"rendered":"<p>Cr\u00e9pine en Y en acier moul\u00e9 150LB 3 pouces d\u00e9tail\u00a0:<br \/>\nTaille : 1\/2\u2033-24\u2033 (DN15~DN600)<br \/>\nPression nominale : 150LB-2500LB\/PN16~PN160\/10K~60K)<br \/>\nMat\u00e9riel:A351CF8M\/CF8\/CF3\/CF3M,A216WCB,A217 WC6 A352 LCB\/LCC,A105,F304,F316,F51\/F53,F11.F2.C3.C95800<br \/>\nTemp\u00e9rature appropri\u00e9e : 425 \u00b0C (diff\u00e9rentes temp\u00e9ratures choisissent diff\u00e9rents mat\u00e9riaux). Milieu appropri\u00e9\u00a0: eau, vapeur, p\u00e9trole et gaz naturel, etc.<\/p>\n<p>Description:<br \/>\nNormes de conception\u00a0:\u00a0ASME B16.34<br \/>\nLongueur de la structure\u00a0: ASME B16.10<br \/>\nNorme de taille de connexion\u00a0: ANSI B16.5<br \/>\nNormes de test et d&#039;inspection\u00a0: API598<br \/>\nLes filtres \u00e0 cr\u00e9pine de type Y sont fabriqu\u00e9s \u00e0 partir de mat\u00e9riaux en acier inoxydable tels que 304 et 316, qui pr\u00e9sentent les caract\u00e9ristiques d&#039;une forte corrosion<br \/>\nr\u00e9sistance et longue dur\u00e9e de vie.<br \/>\nUn nombre de mailles de filtre \u00e0 cr\u00e9pine de type Y, tel que 10 \u00e0 120 mailles, est disponible (peut \u00eatre personnalis\u00e9 selon les besoins de l&#039;utilisateur<br \/>\nTraitement de machine-outil CNC, haute pr\u00e9cision, bonne \u00e9tanch\u00e9it\u00e9<br \/>\nForte performance antisalissure, \u00e9vacuation pratique des eaux us\u00e9es : grande zone de circulation, pression SMA : structure simple. petit volume et poids l\u00e9ger.<\/p>\n<p>&nbsp;<\/p>\n<p>Principe de fonctionnement et fonction du filtre en Y en acier moul\u00e9<\/p>\n<p>Le filtre en Y en acier moul\u00e9 est un petit appareil principalement utilis\u00e9 pour \u00e9liminer de petites quantit\u00e9s de particules solides des liquides, afin de prot\u00e9ger le fonctionnement normal des compresseurs, pompes, instruments et autres \u00e9quipements. Lorsque de l&#039;eau, de l&#039;huile et d&#039;autres fluides p\u00e9n\u00e8trent dans la cartouche filtrante avec un tamis filtrant de certaines sp\u00e9cifications, les impuret\u00e9s pr\u00e9sentes dans le fluide sont bloqu\u00e9es et le filtrat propre est \u00e9vacu\u00e9 par la sortie du filtre. Le filtre de type Y est extr\u00eamement pratique en termes d&#039;utilisation et d&#039;entretien : lorsque l&#039;\u00e9quipement doit \u00eatre nettoy\u00e9, il suffit de retirer la cartouche filtrante amovible, de la nettoyer, puis de la r\u00e9installer dans l&#039;\u00e9quipement. La cr\u00e9pine en Y en acier moul\u00e9 pr\u00e9sente une s\u00e9rie d&#039;avantages tels qu&#039;une structure compacte, une grande capacit\u00e9 de filtration, une faible perte de pression, une large applicabilit\u00e9, un entretien pratique et un prix bas.<\/p>\n<p>&nbsp;<\/p>\n<p>Principe de fonctionnement:<\/p>\n<p>Le principe principal du filtre en Y en acier moul\u00e9 est d&#039;utiliser la taille des pores du m\u00e9dia filtrant pour intercepter les substances plus petites que la taille des pores du m\u00e9dia, tandis que certains m\u00e9dias filtrants ont des effets sp\u00e9ciaux tels que l&#039;adsorption. Concernant le lavage \u00e0 contre-courant du filtre, tant que de l&#039;eau propre est introduite d&#039;une extr\u00e9mit\u00e9 de l&#039;eau filtr\u00e9e dans le milieu du filtre \u00e0 contre-lavage invers\u00e9, un bon effet de lavage \u00e0 contre-courant peut \u00eatre obtenu.<\/p>\n<p>&nbsp;<\/p>\n<p>Mat\u00e9riaux applicables :<\/p>\n<p>Mati\u00e8res faiblement corrosives (g\u00e9n\u00e9r\u00e9es lors de la production chimique et p\u00e9trochimique), telles que l&#039;eau, l&#039;huile, l&#039;ammoniac, les hydrocarbures, etc.<\/p>\n<p>Mati\u00e8res corrosives (g\u00e9n\u00e9r\u00e9es lors de la production chimique), telles que la soude caustique, le carbonate de sodium, l&#039;acide sulfurique concentr\u00e9, l&#039;acide carbonique, l&#039;acide ald\u00e9hyde, etc.<\/p>\n<p>Mat\u00e9riaux \u00e0 basse temp\u00e9rature (g\u00e9n\u00e9r\u00e9s pendant la r\u00e9frig\u00e9ration), tels que le m\u00e9thane liquide, l&#039;ammoniac liquide, l&#039;oxyg\u00e8ne liquide et divers r\u00e9frig\u00e9rants.<\/p>\n<p>Mat\u00e9riaux ayant des exigences hygi\u00e9niques dans la production alimentaire et pharmaceutique, tels que la bi\u00e8re, les boissons, les produits laitiers, les sirops, etc.<\/p>\n<p>&nbsp;<\/p>","protected":false},"excerpt":{"rendered":"<p>Corps coul\u00e9 ou soud\u00e9<\/p>\n<p>Bouchon de vidange<\/p>\n<p>\u00c9cran en acier inoxydable (maille 20, maille 40, maille 80, maille 120)<\/p>","protected":false},"featured_media":18068,"template":"","meta":{"advanced_seo_description":"","jetpack_seo_html_title":"","jetpack_seo_noindex":false},"product_brand":[],"product_cat":[84],"product_tag":[125,126,124,127],"class_list":{"0":"post-18067","1":"product","2":"type-product","3":"status-publish","4":"has-post-thumbnail","6":"product_cat-y-strainer","7":"product_tag-150lb-cast-steel-y-strainer","8":"product_tag-3-inch-cast-steel-y-strainer","9":"product_tag-cast-steel-y-strainer","10":"product_tag-flange-end-cast-steel-y-strainer","12":"first","13":"instock","14":"featured","15":"shipping-taxable","16":"product-type-simple"},"jetpack_sharing_enabled":true,"_links":{"self":[{"href":"https:\/\/oudianvalve.com\/fr\/wp-json\/wp\/v2\/product\/18067","targetHints":{"allow":["GET"]}}],"collection":[{"href":"https:\/\/oudianvalve.com\/fr\/wp-json\/wp\/v2\/product"}],"about":[{"href":"https:\/\/oudianvalve.com\/fr\/wp-json\/wp\/v2\/types\/product"}],"wp:featuredmedia":[{"embeddable":true,"href":"https:\/\/oudianvalve.com\/fr\/wp-json\/wp\/v2\/media\/18068"}],"wp:attachment":[{"href":"https:\/\/oudianvalve.com\/fr\/wp-json\/wp\/v2\/media?parent=18067"}],"wp:term":[{"taxonomy":"product_brand","embeddable":true,"href":"https:\/\/oudianvalve.com\/fr\/wp-json\/wp\/v2\/product_brand?post=18067"},{"taxonomy":"product_cat","embeddable":true,"href":"https:\/\/oudianvalve.com\/fr\/wp-json\/wp\/v2\/product_cat?post=18067"},{"taxonomy":"product_tag","embeddable":true,"href":"https:\/\/oudianvalve.com\/fr\/wp-json\/wp\/v2\/product_tag?post=18067"}],"curies":[{"name":"wp","href":"https:\/\/api.w.org\/{rel}","templated":true}]}}