{"id":18064,"date":"2023-06-19T07:02:50","date_gmt":"2023-06-19T07:02:50","guid":{"rendered":"https:\/\/oudianvalve.com\/?post_type=product&#038;p=18064"},"modified":"2023-06-20T02:08:59","modified_gmt":"2023-06-20T02:08:59","slug":"bs-1868-900lb-dn80-cast-steel-swing-check-valve","status":"publish","type":"product","link":"https:\/\/oudianvalve.com\/fr\/products\/check-valves\/bs-1868-900lb-dn80-cast-steel-swing-check-valve\/","title":{"rendered":"Clapet anti-retour d&#039;oscillation d&#039;acier moul\u00e9 de 900LB DN80 des BS 1868"},"content":{"rendered":"<p>Norme de conception\u00a0: BS 1868 ou API 6D<br \/>\nIndices de pression-temp\u00e9rature\u00a0: ASME B16.34<br \/>\nGamme de tailles : 2&quot; \u00e0 48&quot;<br \/>\nPlage de pression\u00a0: Classe 150 \u00e0 2\u00a0500<br \/>\nConnexions d&#039;extr\u00e9mit\u00e9\u00a0: RF \u00e0 bride, RTJ, FF, soudure bout \u00e0 bout<br \/>\nChapeau\u00a0:\u00a0Couvercle boulonn\u00e9 ou scell\u00e9 sous pression<br \/>\nDimensions des extr\u00e9mit\u00e9s \u00e0 bride\u00a0: ASME B16.5 (\u226424\u00a0po), ASME B16.47 s\u00e9rie A ou B (&gt;24\u00a0po)<br \/>\nDimensions des extr\u00e9mit\u00e9s soud\u00e9es bout \u00e0 bout\u00a0: ASME B16.25 face \u00e0 face<br \/>\nDimensions face \u00e0 face\u00a0: ASME B16.10<br \/>\nInspection et tests\u00a0: API 598, API 6D<br \/>\nMat\u00e9riaux du corps\u00a0: WCB, CF8, CF3, CF3M, CF8M, CF8C, A995 4A, 5A, 6A, C95800, INCONEL 625, INCONEL 825, MONEL, WC6, WC9, LCB, LCC.<br \/>\nMat\u00e9riaux de garniture\u00a0: 1#, 5#,8#,10#,12#,16#<br \/>\nMat\u00e9riaux de boulonnage\u00a0: ASTM A193 B7, B7M, B8, B8M \/ ASTM A194 2H, 2HM, 8, 8M.<\/p>\n<p>Port \u00e0 ouverture compl\u00e8te API 6D<br \/>\nTests cryog\u00e9niques<br \/>\nBoulons et \u00e9crous recouverts de PTFE<br \/>\nBoulons et \u00e9crous zingu\u00e9s<\/p>\n<p>Le clapet anti-retour \u00e0 battant, \u00e9galement appel\u00e9 clapet anti-retour ou clapet anti-retour, est utilis\u00e9 pour emp\u00eacher le fluide pr\u00e9sent dans la canalisation de refluer. Une vanne qui s&#039;appuie sur le d\u00e9bit et la force du fluide pour s&#039;ouvrir ou se fermer, afin d&#039;emp\u00eacher le fluide de refluer, est appel\u00e9e clapet anti-retour. Les clapets anti-retour appartiennent \u00e0 la cat\u00e9gorie des vannes automatiques et sont principalement utilis\u00e9s dans les canalisations \u00e0 flux de fluide unidirectionnel. Ils permettent uniquement aux m\u00e9dias de circuler dans une seule direction pour \u00e9viter les accidents. Ce type de vanne doit g\u00e9n\u00e9ralement \u00eatre install\u00e9 horizontalement dans les canalisations.<\/p>","protected":false},"excerpt":{"rendered":"<p>Port \u00e0 ouverture compl\u00e8te API 6D<br \/>\nTests cryog\u00e9niques<br \/>\nBoulons et \u00e9crous recouverts de PTFE<br \/>\nBoulons et \u00e9crous zingu\u00e9s<\/p>\n<p>&nbsp;<\/p>","protected":false},"featured_media":18066,"template":"","meta":{"advanced_seo_description":"","jetpack_seo_html_title":"","jetpack_seo_noindex":false},"product_brand":[],"product_cat":[82],"product_tag":[123,89,91,122,121],"class_list":{"0":"post-18064","1":"product","2":"type-product","3":"status-publish","4":"has-post-thumbnail","6":"product_cat-check-valves","7":"product_tag-3-inch-swing-check-valve","8":"product_tag-900lb-swing-check-valve","9":"product_tag-bolt-bonnet-swing-check-valvee","10":"product_tag-bs-1868-cast-steel-swing-check-valve","11":"product_tag-dn80-cast-steel-swing-check-valve","13":"first","14":"instock","15":"featured","16":"shipping-taxable","17":"product-type-simple"},"jetpack_sharing_enabled":true,"_links":{"self":[{"href":"https:\/\/oudianvalve.com\/fr\/wp-json\/wp\/v2\/product\/18064","targetHints":{"allow":["GET"]}}],"collection":[{"href":"https:\/\/oudianvalve.com\/fr\/wp-json\/wp\/v2\/product"}],"about":[{"href":"https:\/\/oudianvalve.com\/fr\/wp-json\/wp\/v2\/types\/product"}],"wp:featuredmedia":[{"embeddable":true,"href":"https:\/\/oudianvalve.com\/fr\/wp-json\/wp\/v2\/media\/18066"}],"wp:attachment":[{"href":"https:\/\/oudianvalve.com\/fr\/wp-json\/wp\/v2\/media?parent=18064"}],"wp:term":[{"taxonomy":"product_brand","embeddable":true,"href":"https:\/\/oudianvalve.com\/fr\/wp-json\/wp\/v2\/product_brand?post=18064"},{"taxonomy":"product_cat","embeddable":true,"href":"https:\/\/oudianvalve.com\/fr\/wp-json\/wp\/v2\/product_cat?post=18064"},{"taxonomy":"product_tag","embeddable":true,"href":"https:\/\/oudianvalve.com\/fr\/wp-json\/wp\/v2\/product_tag?post=18064"}],"curies":[{"name":"wp","href":"https:\/\/api.w.org\/{rel}","templated":true}]}}