{"id":18061,"date":"2023-06-19T06:22:57","date_gmt":"2023-06-19T06:22:57","guid":{"rendered":"https:\/\/oudianvalve.com\/?post_type=product&#038;p=18061"},"modified":"2023-06-20T00:30:04","modified_gmt":"2023-06-20T00:30:04","slug":"din-dn200-pn25-cast-steel-swing-check-valve","status":"publish","type":"product","link":"https:\/\/oudianvalve.com\/fr\/products\/check-valves\/din-dn200-pn25-cast-steel-swing-check-valve\/","title":{"rendered":"Clapet anti-retour \u00e0 battant en acier moul\u00e9 DIN DN200 PN25"},"content":{"rendered":"<p>Norme de conception\u00a0: DIN3352, BS EN1868<br \/>\nGamme de tailles : DN50 \u00e0 DN 1200<br \/>\nPlage de pression\u00a0: PN 10 \u00e0 PN160<br \/>\nConnexions d&#039;extr\u00e9mit\u00e9\u00a0: RF \u00e0 bride, RTJ, soud\u00e9e bout \u00e0 bout<br \/>\nDimensions de l&#039;extr\u00e9mit\u00e9 \u00e0 bride\u00a0: DIN2543, BS EN 1092-1<br \/>\nDimensions des extr\u00e9mit\u00e9s \u00e0 souder bout \u00e0 bout\u00a0: EN 12627<br \/>\nDimensions face \u00e0 face\u00a0: DIN3202, BS EN 558-1<br \/>\nInspection et tests\u00a0: BS EN 12266-1, DIN 3230<br \/>\nMat\u00e9riaux : 1.4301, 1.4306, 1.4401, 1.4404, 1.0619, 1.7357, 1.4552, 1.4107.<\/p>\n<p>NACE MR 0175<br \/>\nTests cryog\u00e9niques<br \/>\nVannes de d\u00e9rivation<br \/>\nSi\u00e8ge renouvelable<br \/>\nBoulons et \u00e9crous recouverts de PTFE<br \/>\nBoulons et \u00e9crous zingu\u00e9s<br \/>\nPeinture sp\u00e9ciale selon vos besoins<\/p>\n<p>La norme de longueur de la structure du clapet anti-retour \u00e0 battant en acier moul\u00e9 DIN DN200 PN25 est DIN3202, et la norme de bride est con\u00e7ue et fabriqu\u00e9e selon DIN2543-DIN2546. La structure est raisonnable, les performances sont excellentes et l&#039;apparence est belle. La structure des clapets anti-retour \u00e0 bride standard en acier moul\u00e9 DIN DN200 PN25 est g\u00e9n\u00e9ralement similaire aux robinets \u00e0 soupape.<\/p>\n<p>Le disque de la vanne se d\u00e9place de haut en bas le long d&#039;une ligne dans le canal, avec une action fiable, mais avec une r\u00e9sistance \u00e9lev\u00e9e aux fluides, ce qui le rend adapt\u00e9 aux situations avec des diam\u00e8tres l\u00e9gers et petits.<br \/>\nPrincipe de fonctionnement du clapet anti-retour \u00e0 battant en acier moul\u00e9 DIN DN200 PN25\u00a0:<br \/>\nLorsque le fluide s&#039;\u00e9coule dans le corps de la vanne comme indiqu\u00e9 par la fl\u00e8che sur le corps de la vanne, la pression du fluide exerce une pouss\u00e9e vers le haut sur le disque de la vanne. Lorsque la pouss\u00e9e moyenne d\u00e9passe la gravit\u00e9 du disque de la vanne, la vanne s&#039;ouvre. Lorsque la force exerc\u00e9e par la pression du fluide derri\u00e8re la vanne sur le disque de vanne plus la gravit\u00e9 du disque de vanne lui-m\u00eame est sup\u00e9rieure \u00e0 la force exerc\u00e9e par la pression avant la vanne sur le disque de vanne, la vanne se ferme pour emp\u00eacher le fluide de refluer.<\/p>\n<p>&nbsp;<\/p>\n<p>&nbsp;<\/p>","protected":false},"excerpt":{"rendered":"<p>Chapeau : Chapeau boulonn\u00e9 ou chapeau \u00e0 joint de pression Int\u00e9gral<\/p>\n<p>si\u00e8ge de corps ou anneau de si\u00e8ge renouvelable Unidirectionnel<\/p>\n<p>Disque de type swing Disque de coul\u00e9e (au-dessus de 4&quot;) ou disque forg\u00e9 (2&quot; \u00e0 4&quot;)<\/p>\n<p>Disque \u00e0 ouverture non compl\u00e8te de BS168 et disque \u00e0 ouverture compl\u00e8te d&#039;API 6D<\/p>\n<p>Oeillet de levage pour 4&quot; et plus<\/p>","protected":false},"featured_media":18062,"template":"","meta":{"advanced_seo_description":"","jetpack_seo_html_title":"","jetpack_seo_noindex":false},"product_brand":[],"product_cat":[82],"product_tag":[118,120,119],"class_list":{"0":"post-18061","1":"product","2":"type-product","3":"status-publish","4":"has-post-thumbnail","6":"product_cat-check-valves","7":"product_tag-din3352-cast-steel-swing-check-valve","8":"product_tag-dn200-cast-steel-swing-check-valve","9":"product_tag-pn25-cast-steel-swing-check-valve","11":"first","12":"instock","13":"featured","14":"shipping-taxable","15":"product-type-simple"},"jetpack_sharing_enabled":true,"_links":{"self":[{"href":"https:\/\/oudianvalve.com\/fr\/wp-json\/wp\/v2\/product\/18061","targetHints":{"allow":["GET"]}}],"collection":[{"href":"https:\/\/oudianvalve.com\/fr\/wp-json\/wp\/v2\/product"}],"about":[{"href":"https:\/\/oudianvalve.com\/fr\/wp-json\/wp\/v2\/types\/product"}],"wp:featuredmedia":[{"embeddable":true,"href":"https:\/\/oudianvalve.com\/fr\/wp-json\/wp\/v2\/media\/18062"}],"wp:attachment":[{"href":"https:\/\/oudianvalve.com\/fr\/wp-json\/wp\/v2\/media?parent=18061"}],"wp:term":[{"taxonomy":"product_brand","embeddable":true,"href":"https:\/\/oudianvalve.com\/fr\/wp-json\/wp\/v2\/product_brand?post=18061"},{"taxonomy":"product_cat","embeddable":true,"href":"https:\/\/oudianvalve.com\/fr\/wp-json\/wp\/v2\/product_cat?post=18061"},{"taxonomy":"product_tag","embeddable":true,"href":"https:\/\/oudianvalve.com\/fr\/wp-json\/wp\/v2\/product_tag?post=18061"}],"curies":[{"name":"wp","href":"https:\/\/api.w.org\/{rel}","templated":true}]}}