{"id":18059,"date":"2023-06-19T06:09:41","date_gmt":"2023-06-19T06:09:41","guid":{"rendered":"https:\/\/oudianvalve.com\/?post_type=product&#038;p=18059"},"modified":"2023-06-21T06:36:06","modified_gmt":"2023-06-21T06:36:06","slug":"din3353-dn250-pn16-cast-steel-gate-valve","status":"publish","type":"product","link":"https:\/\/oudianvalve.com\/fr\/products\/gate-valves\/din3353-dn250-pn16-cast-steel-gate-valve\/","title":{"rendered":"Soupape \u00e0 vanne en acier moul\u00e9 DIN3352 DN250 PN16"},"content":{"rendered":"<p>Norme de conception\u00a0: EN 10434\/DIN3352<br \/>\nGamme de tailles\u00a0: DN \u00e0 DN1200<br \/>\nPlage de pression\u00a0: PN 10 \u00e0 PN160<br \/>\nConnexions d&#039;extr\u00e9mit\u00e9\u00a0: RF \u00e0 bride, RTJ, soud\u00e9e bout \u00e0 bout<br \/>\nDimensions des extr\u00e9mit\u00e9s \u00e0 bride\u00a0: EN 1092-1<br \/>\nDimensions face \u00e0 face : EN 558-1<br \/>\nInspection et tests\u00a0: EN 12266-1<br \/>\nMat\u00e9riaux du corps\u00a0: 1.4301, 1.4306, 1.4401, 1.4404, 1.0619, 1.7357, 1.4552, 1.4107.<br \/>\nMat\u00e9riaux de garniture\u00a0: 1#, 5#,8#,10#,12#,16#<br \/>\nMat\u00e9riaux d&#039;emballage\u00a0: graphite, fil graphite+inconel<\/p>\n<p>Principales caract\u00e9ristiques et applications du robinet-vanne DIN3352<br \/>\n1. Le robinet-vanne DIN a une structure compacte, une conception raisonnable, une bonne rigidit\u00e9 de la vanne, un canal lisse et un faible coefficient de r\u00e9sistance au d\u00e9bit<br \/>\n2. La surface d&#039;\u00e9tanch\u00e9it\u00e9 est en acier inoxydable et en alliage dur, avec une longue dur\u00e9e de vie.<br \/>\n3. Adoption d&#039;un remplisseur de graphite flexible, d&#039;une \u00e9tanch\u00e9it\u00e9 fiable et d&#039;un fonctionnement facile et flexible.<br \/>\n4. Les m\u00e9thodes d&#039;entra\u00eenement comprennent\u00a0: \u00e9lectrique, pneumatique, rotation des engrenages, forme structurelle\u00a0: porte simple \u00e0 coin \u00e9lastique, porte simple \u00e0 coin rigide porte double<br \/>\n5. Les vannes \u00e0 vanne \u00e9tanches \u00e0 l&#039;eau sont largement utilis\u00e9es dans les pipelines chimiques, thermiques, \u00e9lectriques et autres pipelines de p\u00e9trole et de vapeur comme dispositif d&#039;ouverture et de fermeture pour connecter ou couper le fluide dans le pipeline.<\/p>","protected":false},"excerpt":{"rendered":"<ul>\n<li>Chapeau : Chapeau boulonn\u00e9 ou chapeau de joint de pression<\/li>\n<li>Cale\u00a0: Cale flexible ou cale solide<\/li>\n<li>Tige montante<\/li>\n<li>Vis et joug ext\u00e9rieurs<\/li>\n<li>Si\u00e8ge de corps int\u00e9gr\u00e9 ou anneau de si\u00e8ge renouvelable<\/li>\n<\/ul>","protected":false},"featured_media":18060,"template":"","meta":{"advanced_seo_description":"","jetpack_seo_html_title":"","jetpack_seo_noindex":false},"product_brand":[],"product_cat":[81],"product_tag":[117,116,115],"class_list":{"0":"post-18059","1":"product","2":"type-product","3":"status-publish","4":"has-post-thumbnail","6":"product_cat-gate-valves","7":"product_tag-din-cast-steel-gate-valve","8":"product_tag-dn250-cast-steel-gate-valve","9":"product_tag-pn16-cast-steel-gate-valve","11":"first","12":"instock","13":"featured","14":"shipping-taxable","15":"product-type-simple"},"jetpack_sharing_enabled":true,"_links":{"self":[{"href":"https:\/\/oudianvalve.com\/fr\/wp-json\/wp\/v2\/product\/18059","targetHints":{"allow":["GET"]}}],"collection":[{"href":"https:\/\/oudianvalve.com\/fr\/wp-json\/wp\/v2\/product"}],"about":[{"href":"https:\/\/oudianvalve.com\/fr\/wp-json\/wp\/v2\/types\/product"}],"wp:featuredmedia":[{"embeddable":true,"href":"https:\/\/oudianvalve.com\/fr\/wp-json\/wp\/v2\/media\/18060"}],"wp:attachment":[{"href":"https:\/\/oudianvalve.com\/fr\/wp-json\/wp\/v2\/media?parent=18059"}],"wp:term":[{"taxonomy":"product_brand","embeddable":true,"href":"https:\/\/oudianvalve.com\/fr\/wp-json\/wp\/v2\/product_brand?post=18059"},{"taxonomy":"product_cat","embeddable":true,"href":"https:\/\/oudianvalve.com\/fr\/wp-json\/wp\/v2\/product_cat?post=18059"},{"taxonomy":"product_tag","embeddable":true,"href":"https:\/\/oudianvalve.com\/fr\/wp-json\/wp\/v2\/product_tag?post=18059"}],"curies":[{"name":"wp","href":"https:\/\/api.w.org\/{rel}","templated":true}]}}