{"id":17981,"date":"2023-06-12T08:09:21","date_gmt":"2023-06-12T08:09:21","guid":{"rendered":"https:\/\/oudianvalve.com\/?post_type=product&#038;p=17981"},"modified":"2023-06-20T02:09:44","modified_gmt":"2023-06-20T02:09:44","slug":"900lb-bolt-bonnet-swing-check-valve","status":"publish","type":"product","link":"https:\/\/oudianvalve.com\/fr\/products\/check-valves\/900lb-bolt-bonnet-swing-check-valve\/","title":{"rendered":"Clapet anti-retour d&#039;oscillation de capot de boulon de 900LB"},"content":{"rendered":"<div class=\"fl-row fl-row-full-width fl-row-bg-none fl-node-6392e84a0cf5a\" data-node=\"6392e84a0cf5a\">\n<div class=\"fl-row-content-wrap\">\n<div class=\"fl-row-content fl-row-full-width fl-node-content\">\n<div class=\"fl-col-group fl-node-6392e84a0d694\" data-node=\"6392e84a0d694\">\n<div class=\"fl-col fl-node-6392e84a0d913\" data-node=\"6392e84a0d913\">\n<div class=\"fl-col-content fl-node-content\">\n<div class=\"fl-module fl-module-rich-text fl-node-6392e84a0f68f\" data-node=\"6392e84a0f68f\" data-animation-delay=\"0.0\">\n<div class=\"fl-module-content fl-node-content\">\n<div class=\"fl-rich-text\">\n<p>Norme de conception\u00a0: BS 1868 ou API 6D<br \/>\nIndices de pression-temp\u00e9rature\u00a0: ASME B16.34<br \/>\nGamme de tailles : 2&quot; \u00e0 48&quot;<br \/>\nPlage de pression\u00a0: Classe 150 \u00e0 2\u00a0500<br \/>\nConnexions d&#039;extr\u00e9mit\u00e9\u00a0: RF \u00e0 bride, RTJ, FF, soudure bout \u00e0 bout<br \/>\nChapeau\u00a0:\u00a0Couvercle boulonn\u00e9 ou scell\u00e9 sous pression<br \/>\nDimensions des extr\u00e9mit\u00e9s \u00e0 bride\u00a0: ASME B16.5 (\u226424\u00a0po), ASME B16.47 s\u00e9rie A ou B (&gt;24\u00a0po)<br \/>\nDimensions des extr\u00e9mit\u00e9s soud\u00e9es bout \u00e0 bout\u00a0: ASME B16.25 face \u00e0 face<br \/>\nDimensions face \u00e0 face\u00a0: ASME B16.10<br \/>\nInspection et tests\u00a0: API 598, API 6D<br \/>\nMat\u00e9riaux du corps\u00a0: WCB, CF8, CF3, CF3M, CF8M, CF8C, A995 4A, 5A, 6A, C95800, INCONEL 625, INCONEL 825, MONEL, WC6, WC9, LCB, LCC.<br \/>\nMat\u00e9riaux de garniture\u00a0: 1#, 5#,8#,10#,12#,16#<br \/>\nMat\u00e9riaux de boulonnage\u00a0: ASTM A193 B7, B7M, B8, B8M \/ ASTM A194 2H, 2HM, 8, 8M.<br \/>\nNACE MR0175<\/p>\n<div class=\"content_box\">\n<h2>Facultatif<\/h2>\n<\/div>\n<p>Port \u00e0 ouverture compl\u00e8te API 6D<br \/>\nTests cryog\u00e9niques<br \/>\nBoulons et \u00e9crous recouverts de PTFE<br \/>\nBoulons et \u00e9crous zingu\u00e9s<\/p>\n<\/div>\n<\/div>\n<\/div>\n<\/div>\n<\/div>\n<\/div>\n<\/div>\n<\/div>\n<\/div>\n<div class=\"fl-row fl-row-full-width fl-row-bg-none fl-node-6392e8560476b\" data-node=\"6392e8560476b\">\n<div class=\"fl-row-content-wrap\">\n<div class=\"fl-row-content fl-row-full-width fl-node-content\">\n<div class=\"fl-col-group fl-node-6392e856054d0\" data-node=\"6392e856054d0\">\n<div class=\"fl-col fl-node-6392e85605696\" data-node=\"6392e85605696\">\n<div class=\"fl-col-content fl-node-content\">\n<div class=\"fl-module fl-module-rich-text fl-node-6392e856065da\" data-node=\"6392e856065da\" data-animation-delay=\"0.0\">\n<div class=\"fl-module-content fl-node-content\">\n<div class=\"fl-rich-text\">\n<div class=\"content_box\">\n<h2>Pr\u00e9sentation du produit<\/h2>\n<\/div>\n<p>Le clapet anti-retour est un clapet anti-retour permettant au fluide de s&#039;\u00e9couler par une ouverture et de sortir par l&#039;autre. L&#039;objectif g\u00e9n\u00e9ral de cette vanne est d&#039;emp\u00eacher le reflux (\u00e9coulement dans le sens oppos\u00e9). Les clapets anti-retour h\u00e9ritent du terme \u00ab pression de craquage \u00bb. Lorsque la pression de craquage est atteinte, la vanne s&#039;ouvre. Lorsque la pression chute en dessous de la pression de craquage et\/ou qu\u2019une contre-pression se produit, la vanne se ferme. La fa\u00e7on dont fonctionne un clapet anti-retour est id\u00e9ale pour emp\u00eacher la contamination du fluide s&#039;\u00e9coulant dans des services s\u00e9par\u00e9s connect\u00e9s \u00e0 un collecteur commun. Cette vanne fonctionne automatiquement et g\u00e9n\u00e9ralement sans contr\u00f4le humain ou externe, tel qu&#039;une poign\u00e9e ou une tige de vanne. Les clapets anti-retour ont diff\u00e9rentes configurations, les plus courantes \u00e9tant les clapets \u00e0 battant, \u00e0 disque inclinable, \u00e0 plaquette, \u00e0 levage et d&#039;arr\u00eat-retour.<\/p>\n<\/div>\n<\/div>\n<\/div>\n<\/div>\n<\/div>\n<\/div>\n<\/div>\n<\/div>\n<\/div>","protected":false},"excerpt":{"rendered":"<p>Clapet anti-retour \u00e0 battant, classe Ansi 900Lbs, Api 6d, Bs1868, boulonn\u00e9, chapeau d&#039;\u00e9tanch\u00e9it\u00e9 \u00e0 pression, \u00e0 brides, Rf, Rtj, extr\u00e9mit\u00e9s Bw, acier au carbone, acier inoxydable, clapets anti-retour \u00e0 battant en acier duplex, clapet anti-retour, battant \u00e0 haute pression en acier moul\u00e9 industriel Fournisseur de clapet anti-retour, exportateur.<\/p>\n<ul>\n<li>Chapeau : Chapeau boulonn\u00e9 ou chapeau de joint de pression<\/li>\n<li>Si\u00e8ge de corps int\u00e9gr\u00e9 ou anneau de si\u00e8ge renouvelable<\/li>\n<li>Unidirectionnel<\/li>\n<li>Disque de type pivotant<\/li>\n<li>Disque de coul\u00e9e (au-dessus de 4&quot;) ou disque forg\u00e9 (de 2&quot; \u00e0 4&quot;)<\/li>\n<li>Disque \u00e0 ouverture totale ou non<\/li>\n<li>Piggable pour type API 6D<\/li>\n<li>Oeillet de levage pour 4&quot; et plus<\/li>\n<li>Le\u00a0<strong>clapets anti-retour \u00e0 battant<\/strong>\u00a0sont utilis\u00e9s comme clapets anti-retour pour les applications p\u00e9troli\u00e8res et gazi\u00e8res, p\u00e9trochimiques, \u00e9lectriques, offshore et autres applications exigeantes. Ces vannes ne permettront pas l&#039;\u00e9coulement du fluide en sens inverse de celui indiqu\u00e9 par la fl\u00e8che. Un large choix de mat\u00e9riaux de coque et de garniture couvre toute la gamme d&#039;applications, du type de service quotidien non corrosif au service critique avec des fluides tr\u00e8s agressifs.<\/li>\n<\/ul>","protected":false},"featured_media":17982,"template":"","meta":{"advanced_seo_description":"","jetpack_seo_html_title":"","jetpack_seo_noindex":false},"product_brand":[],"product_cat":[82],"product_tag":[90,89,91,88],"class_list":{"0":"post-17981","1":"product","2":"type-product","3":"status-publish","4":"has-post-thumbnail","6":"product_cat-check-valves","7":"product_tag-8-inch-swing-check-valve","8":"product_tag-900lb-swing-check-valve","9":"product_tag-bolt-bonnet-swing-check-valvee","10":"product_tag-bs-1868-check-valves","12":"first","13":"instock","14":"featured","15":"shipping-taxable","16":"product-type-simple"},"jetpack_sharing_enabled":true,"_links":{"self":[{"href":"https:\/\/oudianvalve.com\/fr\/wp-json\/wp\/v2\/product\/17981","targetHints":{"allow":["GET"]}}],"collection":[{"href":"https:\/\/oudianvalve.com\/fr\/wp-json\/wp\/v2\/product"}],"about":[{"href":"https:\/\/oudianvalve.com\/fr\/wp-json\/wp\/v2\/types\/product"}],"wp:featuredmedia":[{"embeddable":true,"href":"https:\/\/oudianvalve.com\/fr\/wp-json\/wp\/v2\/media\/17982"}],"wp:attachment":[{"href":"https:\/\/oudianvalve.com\/fr\/wp-json\/wp\/v2\/media?parent=17981"}],"wp:term":[{"taxonomy":"product_brand","embeddable":true,"href":"https:\/\/oudianvalve.com\/fr\/wp-json\/wp\/v2\/product_brand?post=17981"},{"taxonomy":"product_cat","embeddable":true,"href":"https:\/\/oudianvalve.com\/fr\/wp-json\/wp\/v2\/product_cat?post=17981"},{"taxonomy":"product_tag","embeddable":true,"href":"https:\/\/oudianvalve.com\/fr\/wp-json\/wp\/v2\/product_tag?post=17981"}],"curies":[{"name":"wp","href":"https:\/\/api.w.org\/{rel}","templated":true}]}}