{"id":17879,"date":"2023-05-29T03:01:19","date_gmt":"2023-05-29T03:01:19","guid":{"rendered":"https:\/\/oudianvalve.com\/?post_type=product&#038;p=17879"},"modified":"2023-06-19T03:16:06","modified_gmt":"2023-06-19T03:16:06","slug":"600lb-cast-steel-globe-valve","status":"publish","type":"product","link":"https:\/\/oudianvalve.com\/fr\/products\/globe-valves\/600lb-cast-steel-globe-valve\/","title":{"rendered":"Robinet \u00e0 soupape en acier moul\u00e9 de 600 lb"},"content":{"rendered":"<p>Norme de conception\u00a0: BS 1873 ou API623<br \/>\nIndices de pression-temp\u00e9rature\u00a0: ASME B16.34<br \/>\nGamme de tailles : 2&quot; \u00e0 28&quot;<br \/>\nPlage de pression\u00a0: Classe 150 \u00e0 2\u00a0500<br \/>\nConnexions d&#039;extr\u00e9mit\u00e9\u00a0: RF \u00e0 bride, RTJ, soud\u00e9e bout \u00e0 bout<br \/>\nDimensions des extr\u00e9mit\u00e9s \u00e0 bride\u00a0: ASME B16.5 (\u226424\u00a0po), ASME B16.47 s\u00e9rie A ou B (&gt;24\u00a0po)<br \/>\nDimensions des extr\u00e9mit\u00e9s soud\u00e9es bout \u00e0 bout\u00a0: ASME B16.25 face \u00e0 face<br \/>\nDimensions face \u00e0 face\u00a0: ASME B16.10<br \/>\nInspection et tests\u00a0: API 598<br \/>\nMat\u00e9riaux du corps\u00a0: WCB, WCC, LCB, LCC, WC6, WC9, CF8, CF3, CF3M, CF8M, A995 4A, 5A, 6A, C95800, INCONEL 625, INCONEL 825, Hastelloy C, MONEL.<br \/>\nMat\u00e9riaux de garniture\u00a0: 1#, 5#,8#,10#,12#,16#<br \/>\nMat\u00e9riaux d&#039;emballage\u00a0: graphite, graphite avec fil d&#039;inconel, PTFE<\/p>\n<h2>Facultatif<\/h2>\n<div class=\"fl-row fl-row-full-width fl-row-bg-none fl-node-6392e5b9bcb7b\" data-node=\"6392e5b9bcb7b\">\n<div class=\"fl-row-content-wrap\">\n<div class=\"fl-row-content fl-row-full-width fl-node-content\">\n<div class=\"fl-col-group fl-node-6392e5b9bd376\" data-node=\"6392e5b9bd376\">\n<div class=\"fl-col fl-node-6392e5b9be5e2\" data-node=\"6392e5b9be5e2\">\n<div class=\"fl-col-content fl-node-content\">\n<div class=\"fl-module fl-module-rich-text fl-node-6392e5b9c4a63\" data-node=\"6392e5b9c4a63\" data-animation-delay=\"0.0\">\n<div class=\"fl-module-content fl-node-content\">\n<div class=\"fl-rich-text\">\n<p>Rallonge de capot<br \/>\nVannes de d\u00e9rivation<br \/>\nVannes de vidange<br \/>\nFaibles \u00e9missions fugitives selon API 624 ou ISO 15848<br \/>\nBoulons et \u00e9crous recouverts de PTFE<br \/>\nBoulons et \u00e9crous zingu\u00e9s<\/p>\n<\/div>\n<\/div>\n<\/div>\n<\/div>\n<\/div>\n<\/div>\n<\/div>\n<\/div>\n<\/div>\n<div class=\"fl-row fl-row-full-width fl-row-bg-none fl-node-6392e5c966481\" data-node=\"6392e5c966481\">\n<div class=\"fl-row-content-wrap\">\n<div class=\"fl-row-content fl-row-full-width fl-node-content\">\n<div class=\"fl-col-group fl-node-6392e5c9664ce\" data-node=\"6392e5c9664ce\">\n<div class=\"fl-col fl-node-6392e5c966513\" data-node=\"6392e5c966513\">\n<div class=\"fl-col-content fl-node-content\">\n<div class=\"fl-module fl-module-rich-text fl-node-6392e5c966555\" data-node=\"6392e5c966555\" data-animation-delay=\"0.0\">\n<div class=\"fl-module-content fl-node-content\">\n<div class=\"fl-rich-text\">\n<div class=\"content_box\">\n<h2>Avantages<\/h2>\n<\/div>\n<p>Notre robinet \u00e0 soupape est strictement con\u00e7u selon la norme BS 1873 et les normes associ\u00e9es, et peut \u00e9galement \u00eatre API 623 selon les exigences du client. \u00c9paisseur de paroi selon API 600, qui est plus grande que la norme ASME B16.34 et dont les performances seront plus stables. Pour les tailles sup\u00e9rieures \u00e0 8&quot;, ne peut pas \u00eatre con\u00e7u comme un type \u00e0 double disque, qui a une valeur de couple et de pouss\u00e9e inf\u00e9rieure par rapport au type \u00e0 disque unique.<\/p>\n<\/div>\n<\/div>\n<\/div>\n<\/div>\n<\/div>\n<\/div>\n<\/div>\n<\/div>\n<\/div>","protected":false},"excerpt":{"rendered":"<p>La vanne \u00e0 soupape est une vanne multitours et unidirectionnelle, la vanne doit \u00eatre install\u00e9e selon le sens d&#039;\u00e9coulement indiqu\u00e9 sur le corps de la vanne. Contrairement aux vannes \u00e0 bille et aux vannes, le mod\u00e8le d&#039;\u00e9coulement \u00e0 travers une vanne \u00e0 soupape implique des changements de direction, ce qui entra\u00eene une plus grande restriction du d\u00e9bit et une chute de pression importante, \u00e0 mesure que le fluide se d\u00e9place \u00e0 travers les composants internes de la vanne. Il est donc sugg\u00e9r\u00e9 de l&#039;utiliser pour les canalisations l\u00e0 o\u00f9 cela est souhait\u00e9. pour r\u00e9duire la pression du fluide lors du passage dans une vanne.<br \/>\nL&#039;arr\u00eat s&#039;effectue en d\u00e9pla\u00e7ant le disque contre le fluide plut\u00f4t qu&#039;en travers, ce qui r\u00e9duit l&#039;usure de la fermeture. Outre leur fonction marche-arr\u00eat, les vannes \u00e0 soupape peuvent \u00e9galement \u00eatre utilis\u00e9es pour contr\u00f4ler le d\u00e9bit, car le disque est en forme de bouchon pivotant.<br \/>\nLes vannes \u00e0 soupape sont largement utilis\u00e9es pour le p\u00e9trole, le gaz naturel, le GNL, la p\u00e9trole, le raffinage, la chimie, l&#039;exploitation mini\u00e8re, le traitement de l&#039;eau, les centrales \u00e9lectriques, etc.<\/p>","protected":false},"featured_media":18051,"template":"","meta":{"advanced_seo_description":"","jetpack_seo_html_title":"","jetpack_seo_noindex":false},"product_brand":[],"product_cat":[80],"product_tag":[101,100,87,86,85],"class_list":{"0":"post-17879","1":"product","2":"type-product","3":"status-publish","4":"has-post-thumbnail","6":"product_cat-globe-valves","7":"product_tag-6-inch-globe-valve","8":"product_tag-600lb-falnge-globe-valve","9":"product_tag-8-inch-globe-valve","10":"product_tag-900lb-flange-globe-valve","11":"product_tag-cast-steel-globe-valve","13":"first","14":"instock","15":"featured","16":"shipping-taxable","17":"product-type-simple"},"jetpack_sharing_enabled":true,"_links":{"self":[{"href":"https:\/\/oudianvalve.com\/fr\/wp-json\/wp\/v2\/product\/17879","targetHints":{"allow":["GET"]}}],"collection":[{"href":"https:\/\/oudianvalve.com\/fr\/wp-json\/wp\/v2\/product"}],"about":[{"href":"https:\/\/oudianvalve.com\/fr\/wp-json\/wp\/v2\/types\/product"}],"wp:featuredmedia":[{"embeddable":true,"href":"https:\/\/oudianvalve.com\/fr\/wp-json\/wp\/v2\/media\/18051"}],"wp:attachment":[{"href":"https:\/\/oudianvalve.com\/fr\/wp-json\/wp\/v2\/media?parent=17879"}],"wp:term":[{"taxonomy":"product_brand","embeddable":true,"href":"https:\/\/oudianvalve.com\/fr\/wp-json\/wp\/v2\/product_brand?post=17879"},{"taxonomy":"product_cat","embeddable":true,"href":"https:\/\/oudianvalve.com\/fr\/wp-json\/wp\/v2\/product_cat?post=17879"},{"taxonomy":"product_tag","embeddable":true,"href":"https:\/\/oudianvalve.com\/fr\/wp-json\/wp\/v2\/product_tag?post=17879"}],"curies":[{"name":"wp","href":"https:\/\/api.w.org\/{rel}","templated":true}]}}