{"id":18426,"date":"2025-06-14T07:44:54","date_gmt":"2025-06-14T07:44:54","guid":{"rendered":"https:\/\/oudianvalve.com\/?post_type=product&#038;p=18426"},"modified":"2025-06-14T07:48:25","modified_gmt":"2025-06-14T07:48:25","slug":"din3352-316l-gate-valve-pn25-dn50-rf-end","status":"publish","type":"product","link":"https:\/\/oudianvalve.com\/es\/products\/gate-valves\/din3352-316l-gate-valve-pn25-dn50-rf-end\/","title":{"rendered":"V\u00e1lvula de compuerta DIN3352 316L, PN25, DN50, extremo RF"},"content":{"rendered":"<p>Est\u00e1ndar de dise\u00f1o y fabricaci\u00f3n: DIN3352<\/p>\n<p>Est\u00e1ndar de presi\u00f3n y temperatura: ASME B16.34\/DIN3230<\/p>\n<p>Est\u00e1ndar de dimensi\u00f3n cara a cara: ASME B16.10\/DIN3202\/JIS B2002<\/p>\n<p>Est\u00e1ndar de brida: ASME B16.5, ASME B16.47\/DIN2543-2545-2501\/JIS B2220<\/p>\n<p>Est\u00e1ndar de prueba e inspecci\u00f3n: API 598, API 6D\/DIN2401\/JIS B2003.<\/p>\n<p>Tama\u00f1o: 1\/2\u201d-10\u201d(DN15~DN250)<\/p>\n<p>Clasificaci\u00f3n de presi\u00f3n: 150LB-600LB\/PN16~PN100\/10K~60K)<br \/>\nAplicaciones: petr\u00f3leo y gas, tratamiento de aguas residuales, suministro de agua, proyectos qu\u00edmicos.<\/p>\n<p>Material principal de la v\u00e1lvula de bola de acero inoxidable 317L:<br \/>\nCF8, CF3, CF8M, CF3M, CG8M, CG3M, CF8C, CK20304, 304, 316, 316L, 316Ti, 317, 317L, 310, 310S<br \/>\nF304, F304, F316, F316L, F316Ti, F317, F317L, F310, F310S.<\/p>\n<p>La aleaci\u00f3n 317L (00Cr19Ni13Mo3, UNS S31726) es un acero inoxidable austen\u00edtico a base de molibdeno. Tiene una mayor resistencia a la corrosi\u00f3n qu\u00edmica en comparaci\u00f3n con el acero inoxidable austen\u00edtico de cromo n\u00edquel convencional, como la aleaci\u00f3n 304. Adem\u00e1s, en comparaci\u00f3n con el acero inoxidable convencional, la aleaci\u00f3n 317L tiene mayor ductilidad, resistencia a la corrosi\u00f3n bajo tensi\u00f3n, resistencia a la compresi\u00f3n y resistencia a altas temperaturas. Es de grado bajo en carbono o grado L, que tiene un rendimiento antisensibilizaci\u00f3n durante la soldadura y el tratamiento t\u00e9rmico.<br \/>\nEl acero 317L tiene buena resistencia al agua de mar y al SCC en comparaci\u00f3n con el 316L, y se utiliza en barcos qu\u00edmicos, productos qu\u00edmicos, reactores y otros equipos qu\u00edmicos que requieren una alta resistencia a la corrosi\u00f3n.<br \/>\nSUS317L Composici\u00f3n qu\u00edmica: carbono (C) \u2264 0,030, manganeso (Mn) \u2264 2,00, n\u00edquel (Ni) 11,0-15,0, silicio (Si) \u2264 1,00, f\u00f3sforo (P) \u2264 0,045, azufre (S) \u2264 0,030, cromo (Cr ) 18,0-20,0, molibdeno (Mo) 3,0-4,0<\/p>\n<p>V\u00e1lvula de compuerta DIN3352 316L, v\u00e1lvula de compuerta PN25 316L, v\u00e1lvula de compuerta DN50 316L, v\u00e1lvula de compuerta de extremo RF 316L.<\/p>","protected":false},"excerpt":{"rendered":"<ul>\n<li>Bonete: Bonete atornillado o bonete sellado a presi\u00f3n<\/li>\n<li>Cu\u00f1a: Cu\u00f1a flexible o cu\u00f1a s\u00f3lida<\/li>\n<li>Tallo ascendente<\/li>\n<li>Tornillo exterior y yugo<\/li>\n<li>Asiento de cuerpo integral o anillo de asiento renovable<\/li>\n<\/ul>","protected":false},"featured_media":18427,"template":"","meta":{"advanced_seo_description":"","jetpack_seo_html_title":"","jetpack_seo_noindex":false},"product_brand":[],"product_cat":[81],"product_tag":[503,505,504,506],"class_list":{"0":"post-18426","1":"product","2":"type-product","3":"status-publish","4":"has-post-thumbnail","6":"product_cat-gate-valves","7":"product_tag-din3352-316l-gate-valve","8":"product_tag-dn50-316l-gate-valve","9":"product_tag-pn25-316l-gate-valve","10":"product_tag-rf-end-316l-gate-valve","12":"first","13":"instock","14":"shipping-taxable","15":"product-type-simple"},"jetpack_sharing_enabled":true,"_links":{"self":[{"href":"https:\/\/oudianvalve.com\/es\/wp-json\/wp\/v2\/product\/18426","targetHints":{"allow":["GET"]}}],"collection":[{"href":"https:\/\/oudianvalve.com\/es\/wp-json\/wp\/v2\/product"}],"about":[{"href":"https:\/\/oudianvalve.com\/es\/wp-json\/wp\/v2\/types\/product"}],"wp:featuredmedia":[{"embeddable":true,"href":"https:\/\/oudianvalve.com\/es\/wp-json\/wp\/v2\/media\/18427"}],"wp:attachment":[{"href":"https:\/\/oudianvalve.com\/es\/wp-json\/wp\/v2\/media?parent=18426"}],"wp:term":[{"taxonomy":"product_brand","embeddable":true,"href":"https:\/\/oudianvalve.com\/es\/wp-json\/wp\/v2\/product_brand?post=18426"},{"taxonomy":"product_cat","embeddable":true,"href":"https:\/\/oudianvalve.com\/es\/wp-json\/wp\/v2\/product_cat?post=18426"},{"taxonomy":"product_tag","embeddable":true,"href":"https:\/\/oudianvalve.com\/es\/wp-json\/wp\/v2\/product_tag?post=18426"}],"curies":[{"name":"wp","href":"https:\/\/api.w.org\/{rel}","templated":true}]}}