{"id":18421,"date":"2025-06-14T07:21:52","date_gmt":"2025-06-14T07:21:52","guid":{"rendered":"https:\/\/oudianvalve.com\/?post_type=product&#038;p=18421"},"modified":"2025-06-14T07:29:08","modified_gmt":"2025-06-14T07:29:08","slug":"jis10k-ball-valve-50a-304-ff-end","status":"publish","type":"product","link":"https:\/\/oudianvalve.com\/es\/products\/ball-valves\/jis10k-ball-valve-50a-304-ff-end\/","title":{"rendered":"V\u00e1lvula de bola JIS10K, 50A, 304, extremo FF"},"content":{"rendered":"<p>Descripci\u00f3n de la v\u00e1lvula:<br \/>\nTipo de v\u00e1lvula: v\u00e1lvula de bola flotante<br \/>\nMaterial del cuerpo: 304 .<br \/>\nDi\u00e1metro nominal: 2\u2033<br \/>\nClasificaci\u00f3n de presi\u00f3n: JIS10K<br \/>\nConexi\u00f3n final: Brida FF<br \/>\nTemperatura de trabajo: -29\u2103~+200\u2103.<br \/>\nFuncionamiento: Palanca.<\/p>\n<p>La v\u00e1lvula de bola de plataforma baja est\u00e1ndar japonesa puede proporcionar una plataforma de instalaci\u00f3n para las v\u00e1lvulas de bola est\u00e1ndar japonesas con actuadores como v\u00e1lvulas de bola el\u00e9ctricas est\u00e1ndar japonesas y v\u00e1lvulas de bola neum\u00e1ticas est\u00e1ndar japonesas.<\/p>\n<p>Las piezas de apertura y cierre de las v\u00e1lvulas de bola de plataforma baja, est\u00e1ndar japonesas, son accionadas por el v\u00e1stago de la v\u00e1lvula y giran alrededor de su eje. Se utilizan principalmente para cortar o conectar el fluido en la tuber\u00eda, y tambi\u00e9n para la regulaci\u00f3n y el control de fluidos. Presentan una estructura compacta, un sellado fiable, una estructura simple y un mantenimiento sencillo. La superficie de sellado y la superficie esf\u00e9rica suelen estar cerradas, lo que dificulta su erosi\u00f3n por el fluido, facilita su operaci\u00f3n y mantenimiento, y son aptas para fluidos generales como agua, disolventes, \u00e1cidos y gas natural, as\u00ed como para fluidos con condiciones de trabajo adversas, como ox\u00edgeno, per\u00f3xido de hidr\u00f3geno, metano, etc., siendo ampliamente utilizadas en diversas industrias. El cuerpo de la v\u00e1lvula de bola puede ser integral o combinado.<br \/>\nNormas de implementaci\u00f3n de la v\u00e1lvula de bola de plataforma baja est\u00e1ndar japonesa<br \/>\nDise\u00f1o y fabricaci\u00f3n seg\u00fan ANSI B16.34, JIS 2071<br \/>\nLongitud estructural seg\u00fan JIS B2002<br \/>\nDimensiones de conexi\u00f3n de brida seg\u00fan JIS B2212, 2214<br \/>\nInspecci\u00f3n seg\u00fan JIS B2003<\/p>\n<p>Materiales principales de la v\u00e1lvula de bola de plataforma baja est\u00e1ndar japonesa<\/p>\n<p>&nbsp;<\/p>\n<p>&nbsp;<\/p>\n<table style=\"height: 329px;\" border=\"1\" width=\"1054\" cellspacing=\"0\" cellpadding=\"0\">\n<tbody>\n<tr>\n<td colspan=\"2\">Nombre de las piezas<\/td>\n<td><strong>WCB<\/strong><\/td>\n<td><strong>CF8<\/strong><\/td>\n<td><strong>CF3<\/strong><\/td>\n<td><strong>CF8M<\/strong><\/td>\n<td><strong>CF3M<\/strong><\/td>\n<\/tr>\n<tr>\n<td colspan=\"2\"><strong>Carrocer\u00eda\/Cap\u00f3<\/strong><\/td>\n<td><strong>A216-WCB<\/strong><\/td>\n<td><strong>A315-CF8<\/strong><\/td>\n<td><strong>A35-CF3<\/strong><\/td>\n<td><strong>A351-CF8M<\/strong><\/td>\n<td><strong>A351-CF3M<\/strong><\/td>\n<\/tr>\n<tr>\n<td rowspan=\"2\"><strong>PELOTA<\/strong><\/td>\n<td><strong>B8<\/strong><\/td>\n<td><strong>A105-1025<\/strong><\/td>\n<td><strong>A182-F304L<\/strong><\/td>\n<td><strong>A182-F304L<\/strong><\/td>\n<td><strong>A132-F316<\/strong><\/td>\n<td><strong>A182-F316L<\/strong><\/td>\n<\/tr>\n<tr>\n<td><strong>B8<\/strong><\/td>\n<td><strong>A216-WCB<\/strong><\/td>\n<td><strong>A351-CF8M<\/strong><\/td>\n<td><strong>A351-CF3<\/strong><\/td>\n<td><strong>A351-CF8M<\/strong><\/td>\n<td><strong>A351-CF3M<\/strong><\/td>\n<\/tr>\n<tr>\n<td colspan=\"2\"><strong>PROVENIR<\/strong><\/td>\n<td><strong>A182-F6a<\/strong><\/td>\n<td><strong>A182-F304<\/strong><\/td>\n<td><strong>A182-F304L<\/strong><\/td>\n<td><strong>A182-F336<\/strong><\/td>\n<td><strong>A182-F316L<\/strong><\/td>\n<\/tr>\n<tr>\n<td colspan=\"2\"><strong>ASIENTO<\/strong><\/td>\n<td colspan=\"5\"><strong>PTFE\/RPTFE\/NYLIN PTFE\/PTFE reforzado\/nyion<\/strong><\/td>\n<\/tr>\n<tr>\n<td colspan=\"2\">Anillo de soporte del asiento de la v\u00e1lvula<\/td>\n<td><strong>A105-1025<\/strong><\/td>\n<td><strong>A182-F304<\/strong><\/td>\n<td><strong>A182-F304L<\/strong><\/td>\n<td><strong>A182-F316<\/strong><\/td>\n<td><strong>A182-F316L<\/strong><\/td>\n<\/tr>\n<tr>\n<td colspan=\"2\"><strong>PRIMAVERA<\/strong><\/td>\n<td><strong>\u00a0<\/strong><\/td>\n<td colspan=\"4\"><strong>3 a\u00f1os-7\/17-49H<\/strong><\/td>\n<\/tr>\n<tr>\n<td colspan=\"2\"><strong>ANILLO T\u00d3RICO<\/strong><\/td>\n<td><strong>NBR<\/strong><\/td>\n<td colspan=\"4\"><strong>VITON<\/strong><\/td>\n<\/tr>\n<tr>\n<td colspan=\"2\"><strong>TORNILLO<\/strong><\/td>\n<td><strong>A193-B7<\/strong><\/td>\n<td colspan=\"4\"><strong>A193-B8<\/strong><\/td>\n<\/tr>\n<tr>\n<td colspan=\"2\"><strong>TUERCA<\/strong><\/td>\n<td><strong>A194-2H<\/strong><\/td>\n<td colspan=\"4\"><strong>A194-8<\/strong><\/td>\n<\/tr>\n<\/tbody>\n<\/table>\n<table border=\"0\" cellspacing=\"0\" cellpadding=\"0\">\n<tbody>\n<tr>\n<td><strong>10KDimensiones y peso de la conexi\u00f3n principal 20K 5K 30K 45K<\/strong><\/td>\n<\/tr>\n<\/tbody>\n<\/table>\n<table style=\"height: 115px;\" border=\"1\" width=\"1067\" cellspacing=\"0\" cellpadding=\"0\">\n<tbody>\n<tr>\n<td rowspan=\"2\"><strong>Tama\u00f1o<\/strong><\/td>\n<td><strong>pulgada<\/strong><\/td>\n<td><strong>1\/2&#8243;<\/strong><\/td>\n<td><strong>3\/4&#8243;<\/strong><\/td>\n<td><strong>1&#8243;<\/strong><\/td>\n<td><strong>1-1\/2&#8243;<\/strong><\/td>\n<td><strong>2&#8243;<\/strong><\/td>\n<td><strong>2-1\/2&#8243;<\/strong><\/td>\n<td><strong>3&#8243;<\/strong><\/td>\n<td><strong>4&#8243;<\/strong><\/td>\n<td><strong>5&#8243;<\/strong><\/td>\n<td><strong>6&#8243;<\/strong><\/td>\n<td><strong>8&#8243;<\/strong><\/td>\n<td><strong>10&#8243;<\/strong><\/td>\n<\/tr>\n<tr>\n<td><strong>DN<\/strong><\/td>\n<td><strong>15<\/strong><\/td>\n<td><strong>20<\/strong><\/td>\n<td><strong>25<\/strong><\/td>\n<td><strong>40<\/strong><\/td>\n<td><strong>50<\/strong><\/td>\n<td><strong>65<\/strong><\/td>\n<td><strong>80<\/strong><\/td>\n<td><strong>100<\/strong><\/td>\n<td><strong>125<\/strong><\/td>\n<td><strong>150<\/strong><\/td>\n<td><strong>200<\/strong><\/td>\n<td><strong>250<\/strong><\/td>\n<\/tr>\n<tr>\n<td><strong>Yo<\/strong><\/td>\n<td><strong>mm<\/strong><\/td>\n<td><strong>108<\/strong><\/td>\n<td><strong>117<\/strong><\/td>\n<td><strong>127<\/strong><\/td>\n<td><strong>165<\/strong><\/td>\n<td><strong>178<\/strong><\/td>\n<td><strong>190<\/strong><\/td>\n<td><strong>203<\/strong><\/td>\n<td><strong>229<\/strong><\/td>\n<td><strong>356<\/strong><\/td>\n<td><strong>394<\/strong><\/td>\n<td><strong>457<\/strong><\/td>\n<td><strong>533<\/strong><\/td>\n<\/tr>\n<tr>\n<td><strong>H<\/strong><\/td>\n<td><strong>mm<\/strong><\/td>\n<td><strong>59<\/strong><\/td>\n<td><strong>63<\/strong><\/td>\n<td><strong>75<\/strong><\/td>\n<td><strong>97<\/strong><\/td>\n<td><strong>107<\/strong><\/td>\n<td><strong>142<\/strong><\/td>\n<td><strong>152<\/strong><\/td>\n<td><strong>178<\/strong><\/td>\n<td><strong>252<\/strong><\/td>\n<td><strong>272<\/strong><\/td>\n<td><strong>342<\/strong><\/td>\n<td><strong>345<\/strong><\/td>\n<\/tr>\n<tr>\n<td><strong>O<\/strong><\/td>\n<td><strong>mm<\/strong><\/td>\n<td><strong>130<\/strong><\/td>\n<td><strong>130<\/strong><\/td>\n<td><strong>160<\/strong><\/td>\n<td><strong>230<\/strong><\/td>\n<td><strong>230<\/strong><\/td>\n<td><strong>400<\/strong><\/td>\n<td><strong>400<\/strong><\/td>\n<td><strong>700<\/strong><\/td>\n<td><strong>1100<\/strong><\/td>\n<td><strong>1100<\/strong><\/td>\n<td><strong>1500<\/strong><\/td>\n<td><strong>1500<\/strong><\/td>\n<\/tr>\n<tr>\n<td><strong>Peso<\/strong><\/td>\n<td><strong>kilogramo<\/strong><\/td>\n<td><strong>2.3<\/strong><\/td>\n<td><strong>3.0<\/strong><\/td>\n<td><strong>4.5<\/strong><\/td>\n<td><strong>7.0<\/strong><\/td>\n<td><strong>9.5<\/strong><\/td>\n<td><strong>15.0<\/strong><\/td>\n<td><strong>19.0<\/strong><\/td>\n<td><strong>33.0<\/strong><\/td>\n<td><strong>58.0<\/strong><\/td>\n<td><strong>93.0<\/strong><\/td>\n<td><strong>160.0<\/strong><\/td>\n<td><strong>200.0<\/strong><\/td>\n<\/tr>\n<\/tbody>\n<\/table>\n<p>Fabricante de v\u00e1lvulas de bola JIS10K de China, OUdian suministra v\u00e1lvulas de bola JIS10K, v\u00e1lvulas de bola 304 JIS10K, v\u00e1lvulas de bola flotantes JIS10K, v\u00e1lvulas de bola 50A JIS10K, v\u00e1lvulas de bola de extremo FF JIS10K.<\/p>","protected":false},"excerpt":{"rendered":"<p>1. Dise\u00f1o y fabricaci\u00f3n: JIS 2071<br \/>\n2. Cara a cara: JIS B2002<br \/>\n3. Extremo de brida: JIS B2212, 2214<br \/>\n4. Tama\u00f1o nominal: DN15 \u2013 DN200<br \/>\n5. Presi\u00f3n m\u00e1xima: JIS10K,JIS20K;<br \/>\n6. Materiales del cuerpo: WCB, LCB, CF8, CF8M, CF3, CF3M, etc.<br \/>\n7. Moldura: 13CR, 304SS, 316SS, acero inoxidable d\u00faplex;<br \/>\n8. Tipo de orificio: orificio completo<br \/>\n9. Actuador: Palanca, engranaje helicoidal;<\/p>\n<p><strong>V\u00c1LVULA DE BOLA FLOTANTE DIN PARA PN16, PN25<\/strong><\/p>\n<p>Conexiones finales: RF con bridas, RTJ, soldadura a tope<br \/>\nTipo de bola: bola s\u00f3lida forjada<br \/>\nMateriales del asiento: PTFE, RPTFE, DEVLON, NYLON, PEEK, asiento met\u00e1lico con TCC\/STL\/Ni.<\/p>","protected":false},"featured_media":18422,"template":"","meta":{"advanced_seo_description":"","jetpack_seo_html_title":"","jetpack_seo_noindex":false},"product_brand":[],"product_cat":[83],"product_tag":[493,495,491,496,494,492],"class_list":{"0":"post-18421","1":"product","2":"type-product","3":"status-publish","4":"has-post-thumbnail","6":"product_cat-ball-valves","7":"product_tag-304-jis10k-ball-valve","8":"product_tag-50a-jis10k-ball-valve","9":"product_tag-china-jis10k-ball-valve-manufacturer","10":"product_tag-ff-end-jis10k-ball-valve","11":"product_tag-floating-jis10k-ball-valve","12":"product_tag-oudian-supplies-jis10k-ball-valve","14":"first","15":"instock","16":"shipping-taxable","17":"product-type-simple"},"jetpack_sharing_enabled":true,"_links":{"self":[{"href":"https:\/\/oudianvalve.com\/es\/wp-json\/wp\/v2\/product\/18421","targetHints":{"allow":["GET"]}}],"collection":[{"href":"https:\/\/oudianvalve.com\/es\/wp-json\/wp\/v2\/product"}],"about":[{"href":"https:\/\/oudianvalve.com\/es\/wp-json\/wp\/v2\/types\/product"}],"wp:featuredmedia":[{"embeddable":true,"href":"https:\/\/oudianvalve.com\/es\/wp-json\/wp\/v2\/media\/18422"}],"wp:attachment":[{"href":"https:\/\/oudianvalve.com\/es\/wp-json\/wp\/v2\/media?parent=18421"}],"wp:term":[{"taxonomy":"product_brand","embeddable":true,"href":"https:\/\/oudianvalve.com\/es\/wp-json\/wp\/v2\/product_brand?post=18421"},{"taxonomy":"product_cat","embeddable":true,"href":"https:\/\/oudianvalve.com\/es\/wp-json\/wp\/v2\/product_cat?post=18421"},{"taxonomy":"product_tag","embeddable":true,"href":"https:\/\/oudianvalve.com\/es\/wp-json\/wp\/v2\/product_tag?post=18421"}],"curies":[{"name":"wp","href":"https:\/\/api.w.org\/{rel}","templated":true}]}}