{"id":18417,"date":"2025-06-14T07:05:46","date_gmt":"2025-06-14T07:05:46","guid":{"rendered":"https:\/\/oudianvalve.com\/?post_type=product&#038;p=18417"},"modified":"2025-06-14T07:20:13","modified_gmt":"2025-06-14T07:20:13","slug":"dial-indicator-ball-valve-pn16-dn50-304-rf-end","status":"publish","type":"product","link":"https:\/\/oudianvalve.com\/es\/products\/ball-valves\/dial-indicator-ball-valve-pn16-dn50-304-rf-end\/","title":{"rendered":"V\u00e1lvula de bola con indicador de cuadrante, PN16, DN50, 304, extremo RF"},"content":{"rendered":"<p>Descripci\u00f3n de la v\u00e1lvula:<br \/>\nTipo de v\u00e1lvula: v\u00e1lvula de bola flotante<br \/>\nMaterial del cuerpo: 304 .<br \/>\nDi\u00e1metro nominal: 2\u2033<br \/>\nClasificaci\u00f3n de presi\u00f3n: PN16<br \/>\nConexi\u00f3n final: Brida RF<br \/>\nTemperatura de trabajo: -29\u2103~+200\u2103.<br \/>\nFuncionamiento: Palanca.<\/p>\n<p>Nombre de la v\u00e1lvula: V\u00e1lvula de bola de acero inoxidable con dial, v\u00e1lvula de bola con indicador, v\u00e1lvula de bola con escala<\/p>\n<p>La v\u00e1lvula de bola de acero inoxidable con dial es una v\u00e1lvula con dial y puntero. Al abrirse y cerrarse, la apertura se puede ver a simple vista.<br \/>\nVentajas de la v\u00e1lvula de bola de acero inoxidable con dial:<br \/>\n1 Asiento de v\u00e1lvula avanzado: El asiento de v\u00e1lvula dise\u00f1ado con muchos a\u00f1os de experiencia en la fabricaci\u00f3n de v\u00e1lvulas de bola garantiza el sellado de la v\u00e1lvula, un bajo coeficiente de fricci\u00f3n, un peque\u00f1o torque operativo, una variedad de materiales de asiento de v\u00e1lvula y una amplia gama de adaptabilidad.<br \/>\n2. Mango para una conmutaci\u00f3n correcta: se utiliza un v\u00e1stago de v\u00e1lvula de cabeza plana, y la conexi\u00f3n con el mango no se perder\u00e1, a fin de garantizar que el estado de conmutaci\u00f3n indicado por el mango sea consistente con la v\u00e1lvula de bola.<br \/>\n3. Dispositivo de bloqueo: para evitar que la v\u00e1lvula se encienda y apague por error, hay orificios de bloqueo en las posiciones completamente abiertas y completamente cerradas de la v\u00e1lvula para garantizar que la v\u00e1lvula est\u00e9 en la posici\u00f3n correcta.<br \/>\n4. Estructura antivuelco del v\u00e1stago de la v\u00e1lvula: El v\u00e1stago de la v\u00e1lvula est\u00e1 montado en la parte inferior para evitar que salga volando bajo presi\u00f3n. Adem\u00e1s, puede formar contacto met\u00e1lico con el cuerpo de la v\u00e1lvula despu\u00e9s de un incendio, asegurando as\u00ed el sellado del v\u00e1stago.<br \/>\nLa v\u00e1lvula de bola de acero inoxidable con dial es adecuada para medios: agua, gas, petr\u00f3leo, gas natural y medios corrosivos \u00e1cido-base.<br \/>\nTemperatura aplicable: -196 \uff5e 350 \u2103<br \/>\nModo de accionamiento: manual, neum\u00e1tico, el\u00e9ctrico, hidr\u00e1ulico, etc.<br \/>\nDi\u00e1metro nominal: DN 15-250 1\/2\u2033\uff5e10\u2033<br \/>\nModelo de v\u00e1lvula: DKDQ41F-10P\/DKDQ41F-16P\/DKDQ41F-25P\/DKDQ41F-40P\/DKDQ41F-64P<br \/>\nDKDQ41F-10C\/DKDQ41F16C\/DKDQ41F-25C\/DKDQ41F-40C\/DKDQ41F-64C<br \/>\nDKDQ41F-150LB\/DKDQ41F-300LB\/DKDQ41F-600LB<br \/>\nDKDQ41F-5K\/DKDQ41F-10K\/DKDQ41F-20K\/DKDQ41F-40K\/DKDQ41F-45K<br \/>\nActuadores opcionales: manual, engranaje c\u00f3nico, engranaje sin fin, neum\u00e1tico, el\u00e9ctrico, hidr\u00e1ulico<br \/>\nProductos relacionados: v\u00e1lvula de bola con dial | v\u00e1lvula de bola con indicador | v\u00e1lvula de bola con escala<br \/>\nConexi\u00f3n de v\u00e1lvula: brida \/ soldadura \/ oblea \/ soldadura a tope \/ soldadura de casquillo \/ rosca \/ rosca interna \/ rosca \/ rosca<br \/>\nMaterial de la v\u00e1lvula: acero inoxidable \/ acero inoxidable 304 \/ acero inoxidable 316 \/ acero inoxidable 304L \/ acero inoxidable 316L \/ acero inoxidable 321 \/ acero inoxidable 310S resistente \/ acero inoxidable de alta temperatura 2520 \/ acero inoxidable 904L \/ acero inoxidable 317L \/ acero inoxidable C4 \/ acero inoxidable CF8 \/ acero inoxidable CF8M \/ acero inoxidable CF3 \/ acero inoxidable CF3M \/ acero inoxidable CF8C \/ 20# \/ 25# \/ acero de baja temperatura \/ acero inoxidable austen\u00edtico, acero inoxidable d\u00faplex 2205, titanio puro, n\u00edquel puro, circonio puro, acero al cromo-molibdeno ZG20CrMo, acero al cromo-molibdeno WC6, acero fundido, acero al carbono, acero al carbono WCB, acero al carbono de baja temperatura LCB, aleaci\u00f3n Hastelloy, aleaci\u00f3n Monel, acero forjado, A105, F11, F304\/F304L\/F316L\/WC6\/N6, N201, N200, CZ-100, N02200, N02201, UB6,<br \/>\nProductos relacionados: v\u00e1lvula de bola de acero inoxidable con dial, v\u00e1lvula de bola con indicador, v\u00e1lvula de bola con escala<\/p>\n<p>&nbsp;<\/p>\n<p>Fabricante de v\u00e1lvulas de bola con indicador de cuadrante de China, OUdian SuppliesV\u00e1lvula de bola con indicador de cuadrante, V\u00e1lvula de bola con indicador de cuadrante 304, V\u00e1lvula de bola con indicador de cuadrante flotante, V\u00e1lvula de bola con indicador de cuadrante de 2 pulgadas, V\u00e1lvula de bola con indicador de cuadrante PN16, V\u00e1lvula de bola 304, V\u00e1lvula de bola con indicador de cuadrante de extremo RF.<\/p>","protected":false},"excerpt":{"rendered":"<p>1. Dise\u00f1o y fabricaci\u00f3n: DIN 3357<br \/>\n2. Cara a cara: DIN 3202<br \/>\n3. Extremo de brida: DIN2501<br \/>\n4. Tama\u00f1o nominal: DN15 \u2013 DN200<br \/>\n5. Presi\u00f3n m\u00e1xima: PN16, PN25;<br \/>\n6. Materiales del cuerpo: WCB, LCB, CF8, CF8M, CF3, CF3M, etc.<br \/>\n7. Moldura: 13CR, 304SS, 316SS, acero inoxidable d\u00faplex;<br \/>\n8. Tipo de orificio: orificio completo<br \/>\n9. Actuador: Palanca, engranaje helicoidal;<\/p>\n<p><strong>V\u00c1LVULA DE BOLA FLOTANTE DIN PARA PN16, PN25<\/strong><\/p>\n<p>Conexiones finales: RF con bridas, RTJ, soldadura a tope<br \/>\nTipo de bola: bola s\u00f3lida forjada<br \/>\nMateriales del asiento: PTFE, RPTFE, DEVLON, NYLON, PEEK, asiento met\u00e1lico con TCC\/STL\/Ni.<\/p>","protected":false},"featured_media":18420,"template":"","meta":{"advanced_seo_description":"","jetpack_seo_html_title":"","jetpack_seo_noindex":false},"product_brand":[],"product_cat":[83],"product_tag":[487,489,485,481,482,483,486,484,488,490,480],"class_list":{"0":"post-18417","1":"product","2":"type-product","3":"status-publish","4":"has-post-thumbnail","6":"product_cat-ball-valves","7":"product_tag-2-inch-dial-indicator-ball-valve","8":"product_tag-304-ball-valve","9":"product_tag-304-dial-indicator-ball-valve","10":"product_tag-ball-valve-with-indicator","11":"product_tag-ball-valve-with-scale","12":"product_tag-china-dial-indicator-ball-valve-manufacturer","13":"product_tag-floating-dial-indicator-ball-valve","14":"product_tag-oudian-suppliesdial-indicator-ball-valve","15":"product_tag-pn16-dial-indicator-ball-valve","16":"product_tag-rf-end-dial-indicator-ball-valve","17":"product_tag-stainless-steel-ball-valve-with-dial","19":"first","20":"instock","21":"shipping-taxable","22":"product-type-simple"},"jetpack_sharing_enabled":true,"_links":{"self":[{"href":"https:\/\/oudianvalve.com\/es\/wp-json\/wp\/v2\/product\/18417","targetHints":{"allow":["GET"]}}],"collection":[{"href":"https:\/\/oudianvalve.com\/es\/wp-json\/wp\/v2\/product"}],"about":[{"href":"https:\/\/oudianvalve.com\/es\/wp-json\/wp\/v2\/types\/product"}],"wp:featuredmedia":[{"embeddable":true,"href":"https:\/\/oudianvalve.com\/es\/wp-json\/wp\/v2\/media\/18420"}],"wp:attachment":[{"href":"https:\/\/oudianvalve.com\/es\/wp-json\/wp\/v2\/media?parent=18417"}],"wp:term":[{"taxonomy":"product_brand","embeddable":true,"href":"https:\/\/oudianvalve.com\/es\/wp-json\/wp\/v2\/product_brand?post=18417"},{"taxonomy":"product_cat","embeddable":true,"href":"https:\/\/oudianvalve.com\/es\/wp-json\/wp\/v2\/product_cat?post=18417"},{"taxonomy":"product_tag","embeddable":true,"href":"https:\/\/oudianvalve.com\/es\/wp-json\/wp\/v2\/product_tag?post=18417"}],"curies":[{"name":"wp","href":"https:\/\/api.w.org\/{rel}","templated":true}]}}