{"id":18415,"date":"2025-06-14T06:54:32","date_gmt":"2025-06-14T06:54:32","guid":{"rendered":"https:\/\/oudianvalve.com\/?post_type=product&#038;p=18415"},"modified":"2025-06-14T07:00:12","modified_gmt":"2025-06-14T07:00:12","slug":"316ti-ball-valve-pn16-dn50-rf-end","status":"publish","type":"product","link":"https:\/\/oudianvalve.com\/es\/products\/ball-valves\/316ti-ball-valve-pn16-dn50-rf-end\/","title":{"rendered":"V\u00e1lvula de bola 316TI, PN16, DN50, extremo RF"},"content":{"rendered":"<p>Descripci\u00f3n de la v\u00e1lvula:<br \/>\nTipo de v\u00e1lvula: v\u00e1lvula de bola flotante<br \/>\nMaterial del cuerpo: 316TI .<br \/>\nDi\u00e1metro nominal: 2\u2033<br \/>\nClasificaci\u00f3n de presi\u00f3n: PN16<br \/>\nConexi\u00f3n final: Brida RF<br \/>\nTemperatura de trabajo: -29\u2103~+200\u2103.<br \/>\nFuncionamiento: Palanca.<\/p>\n<p>Las v\u00e1lvulas de bola de acero inoxidable 316TI son un tipo espec\u00edfico de v\u00e1lvula que utiliza una bola esf\u00e9rica con un orificio central para controlar el flujo de l\u00edquidos o gases a trav\u00e9s de una tuber\u00eda. Estas v\u00e1lvulas de bola est\u00e1n fabricadas con acero inoxidable 316TI, una aleaci\u00f3n de alto rendimiento que es una versi\u00f3n mejorada del acero inoxidable 316 est\u00e1ndar. La inclusi\u00f3n de titanio (denotado por &quot;TI&quot;) en su composici\u00f3n proporciona una resistencia superior a entornos de alta temperatura, corrosi\u00f3n y desgaste. Las v\u00e1lvulas de bola de acero inoxidable 316TI se utilizan ampliamente en entornos de alta presi\u00f3n, alta temperatura y corrosivos debido a su durabilidad y resistencia. La combinaci\u00f3n del titanio con las propiedades propias del acero inoxidable 316 las hace ideales para aplicaciones en procesos qu\u00edmicos agresivos, entornos marinos e industrias donde la higiene es fundamental.<\/p>\n<p>&nbsp;<\/p>\n<p>Fabricante chino de v\u00e1lvulas de bola 316TI, OUdian suministra v\u00e1lvulas de bola 316TI, v\u00e1lvulas de bola 316TI, v\u00e1lvulas de bola flotantes 316TI, v\u00e1lvulas de bola 316TI de 2 pulgadas, v\u00e1lvulas de bola PN16 316TI, v\u00e1lvulas de bola flotantes 316TI, v\u00e1lvulas de bola 316TI de extremo RF.<\/p>","protected":false},"excerpt":{"rendered":"<p>1. Dise\u00f1o y fabricaci\u00f3n: DIN 3357<br \/>\n2. Cara a cara: DIN 3202<br \/>\n3. Extremo de brida: DIN2501<br \/>\n4. Tama\u00f1o nominal: DN15 \u2013 DN200<br \/>\n5. Presi\u00f3n m\u00e1xima: PN16, PN25;<br \/>\n6. Materiales del cuerpo: WCB, LCB, CF8, CF8M, CF3, CF3M, etc.<br \/>\n7. Moldura: 13CR, 304SS, 316SS, acero inoxidable d\u00faplex;<br \/>\n8. Tipo de orificio: orificio completo<br \/>\n9. Actuador: Palanca, engranaje helicoidal;<\/p>\n<p><strong>V\u00c1LVULA DE BOLA FLOTANTE DIN PARA PN16, PN25<\/strong><\/p>\n<p>Conexiones finales: RF con bridas, RTJ, soldadura a tope<br \/>\nTipo de bola: bola s\u00f3lida forjada<br \/>\nMateriales del asiento: PTFE, RPTFE, DEVLON, NYLON, PEEK, asiento met\u00e1lico con TCC\/STL\/Ni.<\/p>","protected":false},"featured_media":18416,"template":"","meta":{"advanced_seo_description":"","jetpack_seo_html_title":"","jetpack_seo_noindex":false},"product_brand":[],"product_cat":[83],"product_tag":[469,467,465,468,466,470,471],"class_list":{"0":"post-18415","1":"product","2":"type-product","3":"status-publish","4":"has-post-thumbnail","6":"product_cat-ball-valves","7":"product_tag-2-inch-316ti-ball-valve","8":"product_tag-316ti-ball-valve","9":"product_tag-china-316ti-ball-valve-manufacturer","10":"product_tag-floating-316ti-ball-valve","11":"product_tag-oudian-supplies-316ti-ball-valve","12":"product_tag-pn16-316ti-ball-valve","13":"product_tag-rf-end-316ti-ball-valve","15":"first","16":"instock","17":"shipping-taxable","18":"product-type-simple"},"jetpack_sharing_enabled":true,"_links":{"self":[{"href":"https:\/\/oudianvalve.com\/es\/wp-json\/wp\/v2\/product\/18415","targetHints":{"allow":["GET"]}}],"collection":[{"href":"https:\/\/oudianvalve.com\/es\/wp-json\/wp\/v2\/product"}],"about":[{"href":"https:\/\/oudianvalve.com\/es\/wp-json\/wp\/v2\/types\/product"}],"wp:featuredmedia":[{"embeddable":true,"href":"https:\/\/oudianvalve.com\/es\/wp-json\/wp\/v2\/media\/18416"}],"wp:attachment":[{"href":"https:\/\/oudianvalve.com\/es\/wp-json\/wp\/v2\/media?parent=18415"}],"wp:term":[{"taxonomy":"product_brand","embeddable":true,"href":"https:\/\/oudianvalve.com\/es\/wp-json\/wp\/v2\/product_brand?post=18415"},{"taxonomy":"product_cat","embeddable":true,"href":"https:\/\/oudianvalve.com\/es\/wp-json\/wp\/v2\/product_cat?post=18415"},{"taxonomy":"product_tag","embeddable":true,"href":"https:\/\/oudianvalve.com\/es\/wp-json\/wp\/v2\/product_tag?post=18415"}],"curies":[{"name":"wp","href":"https:\/\/api.w.org\/{rel}","templated":true}]}}