{"id":18410,"date":"2025-06-14T06:30:28","date_gmt":"2025-06-14T06:30:28","guid":{"rendered":"https:\/\/oudianvalve.com\/?post_type=product&#038;p=18410"},"modified":"2025-06-14T06:34:35","modified_gmt":"2025-06-14T06:34:35","slug":"wafer-pattern-ball-valves-pn16-dn125-wcb","status":"publish","type":"product","link":"https:\/\/oudianvalve.com\/es\/products\/ball-valves\/wafer-pattern-ball-valves-pn16-dn125-wcb\/","title":{"rendered":"V\u00e1lvulas de bola tipo wafer, PN16, DN125, WCB"},"content":{"rendered":"<p>Descripci\u00f3n de la v\u00e1lvula:<br \/>\nTipo de v\u00e1lvula: v\u00e1lvula de bola flotante<br \/>\nMaterial del cuerpo: ASTM 216 WCB<br \/>\nDi\u00e1metro nominal: 5\u2033<br \/>\nClasificaci\u00f3n de presi\u00f3n: PN16<br \/>\nConexi\u00f3n final: oblea<br \/>\nTemperatura de trabajo: -29\u2103~+200\u2103.<br \/>\nFuncionamiento: Palanca.<\/p>\n<p>&nbsp;<\/p>\n<p>Una v\u00e1lvula de bola tipo wafer controla el flujo de fluido mediante la rotaci\u00f3n de su n\u00facleo. Su cuerpo est\u00e1 dise\u00f1ado en estilo wafer, lo que significa que la v\u00e1lvula se fija mediante pernos entre dos segmentos de tuber\u00eda, eliminando as\u00ed la necesidad de espacio adicional que requieren las conexiones de brida tradicionales. Las v\u00e1lvulas de bola tipo wafer se utilizan generalmente para aplicaciones de cierre, distribuci\u00f3n y cambio de direcci\u00f3n del flujo.<\/p>\n<p><strong>Caracter\u00edsticas estructurales<\/strong><\/p>\n<p>1. Dise\u00f1o compacto:<\/p>\n<p>La v\u00e1lvula de bola tipo oblea presenta un dise\u00f1o estilo oblea, lo que hace que su estructura sea compacta y requiera un espacio de instalaci\u00f3n m\u00ednimo, ideal para sistemas de tuber\u00edas con espacio limitado.<\/p>\n<p>2. Ligero:<\/p>\n<p>Debido a la eliminaci\u00f3n de bridas y conexiones de pernos, la v\u00e1lvula de bola tipo wafer es relativamente liviana, lo que ayuda a reducir la carga en el sistema de tuber\u00edas.<\/p>\n<p>3. F\u00e1cil instalaci\u00f3n y mantenimiento:<\/p>\n<p>La instalaci\u00f3n y el desmontaje de las v\u00e1lvulas de bola tipo wafer son muy pr\u00e1cticos: simplemente se colocan entre las tuber\u00edas y se fijan con pernos. Este dise\u00f1o simplifica enormemente la instalaci\u00f3n y el mantenimiento de la v\u00e1lvula.<\/p>\n<p>4. Buen rendimiento de sellado:<\/p>\n<p>Las v\u00e1lvulas de bola tipo wafer generalmente utilizan estructuras de sellado blandas o duras, lo que garantiza un excelente rendimiento de sellado y previene eficazmente fugas de fluido.<\/p>\n<p><strong>Principio de funcionamiento<\/strong><\/p>\n<p>El principio de funcionamiento de la v\u00e1lvula de bola tipo wafer es relativamente sencillo; consiste principalmente en la rotaci\u00f3n del n\u00facleo de la v\u00e1lvula (bola) para controlar el flujo del fluido. El proceso espec\u00edfico es el siguiente:<\/p>\n<p>1. Apertura de la v\u00e1lvula: Cuando se gira la manija o el actuador, el n\u00facleo de la v\u00e1lvula (bola) gira 90 grados, alineando el paso de la v\u00e1lvula con el paso de la tuber\u00eda, permitiendo que el fluido pase libremente.<\/p>\n<p>2. Cierre de la v\u00e1lvula: Al girar la manija o actuador en sentido contrario, el n\u00facleo de la v\u00e1lvula (bola) gira otros 90 grados, haciendo que el paso de la v\u00e1lvula sea perpendicular al paso de la tuber\u00eda, bloqueando el flujo del fluido y logrando la funci\u00f3n de cierre.<\/p>\n<p><strong>Ventaja<\/strong><\/p>\n<p>1. Ahorro de espacio: el dise\u00f1o compacto de las v\u00e1lvulas de bola tipo wafer ocupa menos espacio, lo que las hace especialmente adecuadas para instalaciones con espacio limitado.<\/p>\n<p>2. Ligero: en comparaci\u00f3n con las v\u00e1lvulas de bola con brida tradicionales, las v\u00e1lvulas de bola tipo wafer son m\u00e1s livianas, lo que las hace m\u00e1s f\u00e1ciles de transportar e instalar.<\/p>\n<p>3. F\u00e1cil instalaci\u00f3n: La instalaci\u00f3n de las v\u00e1lvulas de bola tipo wafer es sencilla y r\u00e1pida. Solo es necesario sujetarlas entre las tuber\u00edas y fijarlas con pernos, eliminando as\u00ed las engorrosas conexiones con bridas.<\/p>\n<p>4. Excelente rendimiento de sellado: Las v\u00e1lvulas de bola Wafer utilizan materiales de sellado de alta calidad, lo que proporciona un rendimiento de sellado superior adecuado para aplicaciones que requieren altos est\u00e1ndares de sellado.<\/p>\n<p>5. Aplicaciones vers\u00e1tiles: Las v\u00e1lvulas de bola Wafer son adecuadas para diversos sistemas de tuber\u00edas industriales, como las industrias de tratamiento de agua, qu\u00edmica, de petr\u00f3leo y gas, farmac\u00e9utica y alimentaria.<\/p>\n<p><strong>Solicitud<\/strong><\/p>\n<p>1. Sistemas de tratamiento de agua: Se utilizan para controlar el flujo y la presi\u00f3n del agua en los sistemas de tratamiento de agua municipales e industriales, garantizando el funcionamiento eficiente del proceso de tratamiento de agua.<\/p>\n<p>2. Tuber\u00edas qu\u00edmicas: Se utilizan en la producci\u00f3n qu\u00edmica para transportar y controlar diversos medios qu\u00edmicos, garantizando la seguridad y la estabilidad en el proceso de producci\u00f3n.<\/p>\n<p>3. Petr\u00f3leo y gas: Se emplean en oleoductos y gasoductos para cerrar y distribuir el flujo de fluido, garantizando el funcionamiento normal del sistema de tuber\u00edas.<\/p>\n<p>4. Industrias farmac\u00e9utica y alimentaria: Se aplica en la producci\u00f3n farmac\u00e9utica y alimentaria para transportar y controlar medios puros, cumpliendo altos requisitos de limpieza e higiene.<\/p>\n<p>&nbsp;<\/p>\n<p>Fabricaci\u00f3n de v\u00e1lvulas de bola tipo wafer, v\u00e1lvulas de bola tipo wafer PN16, v\u00e1lvulas de bola tipo wafer DN125, v\u00e1lvulas de bola tipo wafer WCB<\/p>","protected":false},"excerpt":{"rendered":"<p><strong>Material<\/strong>:Acero al carbono, acero inoxidable<br \/>\n<strong>Conector<\/strong>: Conexi\u00f3n de brida, bridas seg\u00fan SAE, DIN, ANSI, ISO<\/p>\n<p><strong>Descripci\u00f3n:<\/strong><\/p>\n<ul>\n<li><strong>Dimensiones<\/strong>:DN15 a DN200<\/li>\n<li><strong>Cuerpo<\/strong>: FSt-PI, acero de f\u00e1cil corte, S355J2G3, bola + v\u00e1stago: acero de f\u00e1cil corte, acero inoxidable (1.4571\/316Ti)<br \/>\nSellado: pl\u00e1sticos<\/li>\n<li><strong>Rango de presi\u00f3n<\/strong>: hasta PN32\u00d8 (ver tabla de dimensiones)<\/li>\n<li><strong>Campo de aplicaci\u00f3n<\/strong>: Tecnolog\u00eda de extracci\u00f3n, plantas de proceso, ingenier\u00eda de gases, sistemas de extinci\u00f3n de incendios (\u00a1Sellados de revestimiento y materiales de carrocer\u00eda adaptados a la aplicaci\u00f3n!)<\/li>\n<li><strong>Rango de temperatura<\/strong>: est\u00e1ndar: -20 \u00b0C a +60 \u00b0C (-4 a +140 \u00b0F)<\/li>\n<li><strong>Superficie<\/strong>: sin recubrimiento, acabado de \u00f3xido negro, libre de cromo VI<\/li>\n<\/ul>","protected":false},"featured_media":18411,"template":"","meta":{"advanced_seo_description":"","jetpack_seo_html_title":"","jetpack_seo_noindex":false},"product_brand":[],"product_cat":[83],"product_tag":[456,455,454,457],"class_list":{"0":"post-18410","1":"product","2":"type-product","3":"status-publish","4":"has-post-thumbnail","6":"product_cat-ball-valves","7":"product_tag-dn125-wafer-pattern-ball-valves","8":"product_tag-pn16-wafer-pattern-ball-valves","9":"product_tag-wafer-pattern-ball-valves-manufacture","10":"product_tag-wcb-wafer-pattern-ball-valves","12":"first","13":"instock","14":"shipping-taxable","15":"product-type-simple"},"jetpack_sharing_enabled":true,"_links":{"self":[{"href":"https:\/\/oudianvalve.com\/es\/wp-json\/wp\/v2\/product\/18410","targetHints":{"allow":["GET"]}}],"collection":[{"href":"https:\/\/oudianvalve.com\/es\/wp-json\/wp\/v2\/product"}],"about":[{"href":"https:\/\/oudianvalve.com\/es\/wp-json\/wp\/v2\/types\/product"}],"wp:featuredmedia":[{"embeddable":true,"href":"https:\/\/oudianvalve.com\/es\/wp-json\/wp\/v2\/media\/18411"}],"wp:attachment":[{"href":"https:\/\/oudianvalve.com\/es\/wp-json\/wp\/v2\/media?parent=18410"}],"wp:term":[{"taxonomy":"product_brand","embeddable":true,"href":"https:\/\/oudianvalve.com\/es\/wp-json\/wp\/v2\/product_brand?post=18410"},{"taxonomy":"product_cat","embeddable":true,"href":"https:\/\/oudianvalve.com\/es\/wp-json\/wp\/v2\/product_cat?post=18410"},{"taxonomy":"product_tag","embeddable":true,"href":"https:\/\/oudianvalve.com\/es\/wp-json\/wp\/v2\/product_tag?post=18410"}],"curies":[{"name":"wp","href":"https:\/\/api.w.org\/{rel}","templated":true}]}}