{"id":18403,"date":"2025-06-14T05:55:39","date_gmt":"2025-06-14T05:55:39","guid":{"rendered":"https:\/\/oudianvalve.com\/?post_type=product&#038;p=18403"},"modified":"2025-06-14T06:20:51","modified_gmt":"2025-06-14T06:20:51","slug":"astm-a494-cw12mw-ball-valve-pn16-dn50-rf-end","status":"publish","type":"product","link":"https:\/\/oudianvalve.com\/es\/products\/ball-valves\/astm-a494-cw12mw-ball-valve-pn16-dn50-rf-end\/","title":{"rendered":"V\u00e1lvula de bola ASTM A494 CW12MW, PN16, DN50, extremo RF"},"content":{"rendered":"<p>Descripci\u00f3n de la v\u00e1lvula:<br \/>\nTipo de v\u00e1lvula: v\u00e1lvula de bola flotante<br \/>\nMaterial del cuerpo: ASTM A494 CW12MW.<br \/>\nDi\u00e1metro nominal: 2\u2033<br \/>\nClasificaci\u00f3n de presi\u00f3n: PN16<br \/>\nConexi\u00f3n final: Brida RF<br \/>\nTemperatura de trabajo: -29\u2103~+200\u2103.<br \/>\nFuncionamiento: Palanca.<\/p>\n<p><a href=\"https:\/\/www.stvvalves.com\/products\/a494-cw12mw-swing-check-valve-300lb-8-inch-flange-end\/\">CW12MW Hastelloy<\/a>\u00a0La v\u00e1lvula de bola es de grado Hastelloy, y se utiliza principalmente para v\u00e1lvulas resistentes a la corrosi\u00f3n como Hastelloy B (Hastelloy B) y Hastelloy C (Hastelloy C). Los grados de aleaci\u00f3n de fundici\u00f3n de Hastelloy B son N-12MV (N-12M-1) y N-7M seg\u00fan la norma ASTM A494 (algunos materiales lo denominan N-12M-2, tambi\u00e9n conocido como aleaci\u00f3n Chlorimet 2). Su grado de material de laminaci\u00f3n es UNS N10665 seg\u00fan la norma ASTM B335. Hastelloy B es resistente a diversas concentraciones de \u00e1cido clorh\u00eddrico, as\u00ed como a sales y \u00e1cidos no oxidantes. La v\u00e1lvula resistente a la corrosi\u00f3n de Hastelloy B es adecuada para la resistencia a la corrosi\u00f3n y a la corrosi\u00f3n intergranular.<\/p>\n<p>Utilice Hastelloy B (N-7M) de bajo contenido de carbono. El c\u00f3digo de material de Hastelloy no est\u00e1 estipulado en la industria de v\u00e1lvulas. El c\u00f3digo de material de la v\u00e1lvula Hastelloy B se puede representar directamente por su grado de aleaci\u00f3n de fundici\u00f3n. La temperatura de trabajo adecuada para Hastelloy B es de -29 \u00b0C a 425 \u00b0C. Los grados de aleaci\u00f3n de fundici\u00f3n de Hastelloy C (Hastelloy C) son CW-12MW (algunos materiales lo denominan CW-12M-1) y CW-7M (CW-12M-2, tambi\u00e9n llamada aleaci\u00f3n Chlorimet3) y Hastelloy C-276; su grado de aleaci\u00f3n de fundici\u00f3n es CW-6MC y Hastelloy C-4, y su grado de aleaci\u00f3n de fundici\u00f3n es CW-2M. Hastelloy CW-7M, CW-12MW, CW-6MC y CW-2M fundidos, cuyos grados de material de laminaci\u00f3n correspondientes son UNS N10001, UNS N10003, UNSN10276 y UNS N06455, respectivamente. Hastelloy C es resistente a disolventes oxidantes y a bajas concentraciones de \u00e1cido clorh\u00eddrico y \u00e1cido n\u00edtrico a temperatura ambiente. La primera generaci\u00f3n de Hastelloy C (0Cr\u207b\u207bNi\u207b\u207bMo\u207bW\u207b) se caracteriza por una excelente resistencia a la corrosi\u00f3n en medios \u00e1cidos oxidantes y reductores fuertemente corrosivos. Sin embargo, debido a su estructura austen\u00edtica, esta aleaci\u00f3n resistente a la corrosi\u00f3n con alto contenido de n\u00edquel reduce el C en la austenita, su solubilidad en s\u00f3lidos en el cuerpo, etc. Por lo tanto, tanto las aleaciones HastelloyB basadas en Ni-Mo como las HastelloyC basadas en Ni-Mo-Cr presentan una alta tendencia o susceptibilidad a la corrosi\u00f3n intergranular, lo que tambi\u00e9n puede provocar corrosi\u00f3n bajo tensi\u00f3n y corrosi\u00f3n por grietas a altas temperaturas. Para superar la corrosi\u00f3n intergranular, se introdujeron el Hastelloy C-276 de segunda generaci\u00f3n (C se redujo de 0,12% a 6%) y el Hastelloy C-HastelloyC-4 de tercera generaci\u00f3n, que se caracterizan por un bajo Si (Si\u22640108%) y un C ultramicro (C\u226401015%), y se reduce el contenido de Fe y W, y se agrega el elemento de aleaci\u00f3n estabilizado Ti.<\/p>\n<p>Para la v\u00e1lvula resistente a la corrosi\u00f3n de<a href=\"https:\/\/stvvalve.com\/\" target=\"_blank\" rel=\"noopener\">\u00a0V\u00e1lvula de bola Hastelloy CW12MW<\/a>Considerando la resistencia a la corrosi\u00f3n y la resistencia a la corrosi\u00f3n intergranular, se recomienda seleccionar Hastelloy C-276 (CW-6MC) y Hastelloy C-4 (CW-2M). La v\u00e1lvula Hastelloy C tiene diversos c\u00f3digos de material, y su rendimiento y temperatura de trabajo var\u00edan considerablemente, por lo que se recomiendan CW-12MW, CW-7M, CW-6MC y CW-2M.<br \/>\nRepresentados respectivamente por HC-12, HC-7, HC-276 y HC-4, o directamente por sus grados de aleaci\u00f3n fundida. La temperatura de trabajo adecuada para las aleaciones Hastelloy CW-7M y UNSN10001 es de -29 a 425 \u00b0C.<br \/>\nLa temperatura de trabajo adecuada de la aleaci\u00f3n Hastelloy CW-12MW y UNSN10003 es de -29\uff5e700\u2103, la temperatura de trabajo adecuada de la aleaci\u00f3n Hastelloy CW-6MC y UNSN10276 es de -29\uff5e676\u2103, Hastelloy CW- La temperatura de trabajo adecuada de la aleaci\u00f3n 2M y UNSN06455 es de -29\uff5e425\u2103.<br \/>\nEspecificaciones del producto de la v\u00e1lvula de bola Hastelloy CW12MW:<\/p>\n<ul class=\"list-paddingleft-2\">\n<li><strong>Norma aplicable<\/strong><\/li>\n<\/ul>\n<p>Norma de dise\u00f1o: API 6D, ASME B16.34<br \/>\nCara a cara: ASME B16.10, API 6D, EN 558, DIN 3202<br \/>\nBrida final: ASME B16.5, ASME B16.47, DIN2501, DIN2533<br \/>\nExtremos para soldadura a tope: ASME B16.25, DIN3239<br \/>\nInspecci\u00f3n y pruebas: API 598, DIN3230<\/p>\n<ul class=\"list-paddingleft-2\">\n<li><strong>Gama de productos<\/strong><br \/>\nTama\u00f1o: 2\u2033 ~ 18\u2033 (DN50 ~ DN450)<br \/>\nClasificaci\u00f3n: ANSI 150 lb ~ 300 lb<br \/>\nMateriales del cuerpo: Hastelloy C276 (A494 CW12MW)<br \/>\nAcabado: Hastelloy C276 (A494 CW12MW)<\/li>\n<\/ul>\n<p>&nbsp;<\/p>\n<p>Fabricaci\u00f3n de v\u00e1lvulas de bola ASTM A494 CW12MW, v\u00e1lvulas de bola PN16 ASTM A494 CW12MW, v\u00e1lvulas de bola DN50 ASTM A494 CW12MW, v\u00e1lvulas de bola con extremo RF ASTM A494 CW12MW<\/p>","protected":false},"excerpt":{"rendered":"<p>Est\u00e1ndar de dise\u00f1o: API 6D\/API 608<br \/>\nA prueba de fuego: API 607\/6FA<br \/>\nClasificaciones de temperatura de presi\u00f3n: ASME B16.34<br \/>\nRango de tama\u00f1os: 2\u201d a 48\u201d (DN50-DN1200)<br \/>\nPuerto: paso total o paso reducido<br \/>\nRango de presi\u00f3n: 150 lb a 2500 lb<br \/>\nConexiones finales: RF con bridas, RTJ, soldadura a tope<br \/>\nTipo de bola: bola s\u00f3lida forjada<br \/>\nDimensiones del extremo bridado: ASME B16.5 (24\u201d y menos), ASME B16.47 Serie A o B (m\u00e1s de 24\u201d)<br \/>\nDimensiones del extremo soldado a tope: ASME B16.25<br \/>\nDimensiones cara a cara: ASME B16.10<br \/>\nInspecci\u00f3n y Pruebas: API 6D<br \/>\nMateriales del cuerpo: M30-C, M35-1, Monel 400, Monel K500, Monel 600<br \/>\nMateriales del asiento: PTFE, RPTFE, DEVLON, NYLON, PEEK, asiento met\u00e1lico con TCC\/STL\/Ni.<\/p>","protected":false},"featured_media":18409,"template":"","meta":{"advanced_seo_description":"","jetpack_seo_html_title":"","jetpack_seo_noindex":false},"product_brand":[],"product_cat":[83],"product_tag":[450,452,451,453],"class_list":{"0":"post-18403","1":"product","2":"type-product","3":"status-publish","4":"has-post-thumbnail","6":"product_cat-ball-valves","7":"product_tag-astm-a494-cw12mw-ball-valve","8":"product_tag-dn50-astm-a494-cw12mw-ball-valve","9":"product_tag-pn16-astm-a494-cw12mw-ball-valve","10":"product_tag-rf-end-astm-a494-cw12mw-ball-valve","12":"first","13":"instock","14":"shipping-taxable","15":"product-type-simple"},"jetpack_sharing_enabled":true,"_links":{"self":[{"href":"https:\/\/oudianvalve.com\/es\/wp-json\/wp\/v2\/product\/18403","targetHints":{"allow":["GET"]}}],"collection":[{"href":"https:\/\/oudianvalve.com\/es\/wp-json\/wp\/v2\/product"}],"about":[{"href":"https:\/\/oudianvalve.com\/es\/wp-json\/wp\/v2\/types\/product"}],"wp:featuredmedia":[{"embeddable":true,"href":"https:\/\/oudianvalve.com\/es\/wp-json\/wp\/v2\/media\/18409"}],"wp:attachment":[{"href":"https:\/\/oudianvalve.com\/es\/wp-json\/wp\/v2\/media?parent=18403"}],"wp:term":[{"taxonomy":"product_brand","embeddable":true,"href":"https:\/\/oudianvalve.com\/es\/wp-json\/wp\/v2\/product_brand?post=18403"},{"taxonomy":"product_cat","embeddable":true,"href":"https:\/\/oudianvalve.com\/es\/wp-json\/wp\/v2\/product_cat?post=18403"},{"taxonomy":"product_tag","embeddable":true,"href":"https:\/\/oudianvalve.com\/es\/wp-json\/wp\/v2\/product_tag?post=18403"}],"curies":[{"name":"wp","href":"https:\/\/api.w.org\/{rel}","templated":true}]}}