{"id":18393,"date":"2025-06-14T05:15:10","date_gmt":"2025-06-14T05:15:10","guid":{"rendered":"https:\/\/oudianvalve.com\/?post_type=product&#038;p=18393"},"modified":"2025-06-14T06:45:26","modified_gmt":"2025-06-14T06:45:26","slug":"worm-gear-ball-valve-pn16-dn150-304-rf-end","status":"publish","type":"product","link":"https:\/\/oudianvalve.com\/es\/products\/ball-valves\/worm-gear-ball-valve-pn16-dn150-304-rf-end\/","title":{"rendered":"V\u00e1lvula de bola de tornillo sin fin, PN16, DN150, 304, extremo RF"},"content":{"rendered":"<p>Descripci\u00f3n de la v\u00e1lvula:<br \/>\nTipo de v\u00e1lvula: v\u00e1lvula de bola flotante<br \/>\nMaterial del cuerpo: 304 .<br \/>\nDi\u00e1metro nominal: 6\u2033<br \/>\nClasificaci\u00f3n de presi\u00f3n: PN16<br \/>\nConexi\u00f3n final: Brida RF<br \/>\nTemperatura de trabajo: -29\u2103~+200\u2103.<br \/>\nFuncionamiento: Palanca.<\/p>\n<p>La v\u00e1lvula de bola con brida de tornillo sin fin es ampliamente utilizada en sistemas de fluidos. Su principio de funcionamiento consiste en abrir y cerrar la v\u00e1lvula mediante el engranaje del tornillo sin fin de la turbina. La turbina se instala en el v\u00e1stago de la v\u00e1lvula de bola. Cuando la turbina gira, el tornillo sin fin gira en consecuencia, impulsando as\u00ed el v\u00e1stago y la bola de la v\u00e1lvula para lograr el control de la v\u00e1lvula. Se utiliza principalmente para cortar, distribuir y cambiar la direcci\u00f3n del flujo del medio en la tuber\u00eda. Sus numerosas caracter\u00edsticas y ventajas la hacen muy popular en sistemas de tuber\u00edas en diversas aplicaciones industriales, como la industria petrolera, qu\u00edmica, el\u00e9ctrica, t\u00e9rmica, metal\u00fargica, farmac\u00e9utica, de fertilizantes, salina, fibra qu\u00edmica, suministro de agua, protecci\u00f3n ambiental, construcci\u00f3n industrial y civil, industria nuclear, etc.<br \/>\nEl mecanismo de transmisi\u00f3n de la turbina es una parte importante de la v\u00e1lvula de bola de brida de transmisi\u00f3n de la turbina, que tiene las siguientes caracter\u00edsticas: alta eficiencia de transmisi\u00f3n: la eficiencia de transmisi\u00f3n de malla del gusano de la turbina es alta, lo que hace que la v\u00e1lvula se abra y se cierre m\u00e1s r\u00e1pidamente; peque\u00f1o par de operaci\u00f3n: debido al principio de malla del gusano de la turbina, el par de operaci\u00f3n es peque\u00f1o, lo que es conveniente para la operaci\u00f3n manual, o se puede agregar un actuador el\u00e9ctrico seg\u00fan sea necesario para usar la operaci\u00f3n el\u00e9ctrica; alta confiabilidad: la estructura de malla del gusano de la turbina es simple, la tasa de fallas es baja, el mantenimiento es f\u00e1cil y la confiabilidad es alta.<\/p>\n<p>Caracter\u00edsticas principales de la v\u00e1lvula de bola con brida de engranaje helicoidal<br \/>\n1. Baja resistencia al fluido: el dise\u00f1o de la v\u00e1lvula de bola la hace casi libre de resistencia al fluido cuando se abre, y su coeficiente de resistencia es igual al de una secci\u00f3n de tuber\u00eda de la misma longitud.<br \/>\n2. Estructura simple, tama\u00f1o peque\u00f1o y peso ligero: esto hace que la v\u00e1lvula de bola sea f\u00e1cil de instalar y mantener.<br \/>\n3. Herm\u00e9tico y confiable: la v\u00e1lvula de bola tiene un buen rendimiento de sellado, y el pl\u00e1stico y otros materiales se utilizan ampliamente como superficies de sellado, que son adecuadas para sistemas de vac\u00edo.<br \/>\n4. F\u00e1cil operaci\u00f3n: Se abre y se cierra r\u00e1pidamente, y solo necesita girar 90\u00b0 para lograr una apertura o cierre completo, lo cual es conveniente para el control remoto.<br \/>\n5. F\u00e1cil mantenimiento: La v\u00e1lvula de bola tiene una estructura simple y el anillo de sellado generalmente es m\u00f3vil, lo que es f\u00e1cil de desmontar y reemplazar.<br \/>\n6. Amplia gama de aplicaciones: El di\u00e1metro de la v\u00e1lvula de bola var\u00eda desde unos pocos mil\u00edmetros hasta unos pocos metros, y es adecuada para una amplia gama de medios, desde alto vac\u00edo hasta alta presi\u00f3n.<\/p>\n<table style=\"height: 295px;\" border=\"2\" width=\"1033\">\n<tbody>\n<tr>\n<td width=\"60\">NO<\/td>\n<td width=\"115\">NOMBRE DE LAS PIEZAS<\/td>\n<td colspan=\"6\" width=\"525\">MATERIAL DE LAS PIEZAS<\/td>\n<\/tr>\n<tr>\n<td width=\"60\">1<\/td>\n<td width=\"115\">CUERPO<\/td>\n<td width=\"87\">SAF 2205<\/td>\n<td width=\"87\">SAF 2507<\/td>\n<td width=\"87\">A995 Grupo 1B<\/td>\n<td width=\"87\">A995 Gr.4A<\/td>\n<td width=\"87\">A995 Gr.5A<\/td>\n<td width=\"88\">A995 Gr.6A<\/td>\n<\/tr>\n<tr>\n<td width=\"60\">2<\/td>\n<td width=\"115\">CAP\u00d3<\/td>\n<td width=\"87\">SAF 2205<\/td>\n<td width=\"87\">SAF 2507<\/td>\n<td width=\"87\">A995 Grupo 1B<\/td>\n<td width=\"87\">A995 Gr.4A<\/td>\n<td width=\"87\">A995 Gr.5A<\/td>\n<td width=\"88\">A995 Gr.6A<\/td>\n<\/tr>\n<tr>\n<td width=\"60\">3<\/td>\n<td width=\"115\">ASIENTO<\/td>\n<td colspan=\"6\" width=\"525\">RPTFE, PTFE, TEFLON, NYLON, PPL, PEEK, DEVLON, acero inoxidable d\u00faplex + tratamiento de endurecimiento<\/td>\n<\/tr>\n<tr>\n<td width=\"60\">4<\/td>\n<td width=\"115\">PELOTA<\/td>\n<td width=\"87\">2205<\/td>\n<td width=\"87\">2507<\/td>\n<td width=\"87\">S32550<\/td>\n<td width=\"87\">S31803<\/td>\n<td width=\"87\">S32750<\/td>\n<td width=\"88\">S32760<\/td>\n<\/tr>\n<tr>\n<td width=\"60\">5<\/td>\n<td width=\"115\">PROVENIR<\/td>\n<td width=\"87\">2205<\/td>\n<td width=\"87\">2507<\/td>\n<td width=\"87\">S32550<\/td>\n<td width=\"87\">S31803<\/td>\n<td width=\"87\">S32750<\/td>\n<td width=\"88\">S32760<\/td>\n<\/tr>\n<tr>\n<td width=\"60\">6<\/td>\n<td width=\"115\">EMBALAJE<\/td>\n<td colspan=\"6\" width=\"525\">GRAFITO, RPTFE, PTFE, TEFLON, PPL<\/td>\n<\/tr>\n<tr>\n<td width=\"60\">7<\/td>\n<td width=\"115\">TORNILLO<\/td>\n<td width=\"87\">A193 B8M<\/td>\n<td width=\"87\">A193 B8M<\/td>\n<td width=\"87\">A193 B8M<\/td>\n<td width=\"87\">A193 B8M<\/td>\n<td width=\"87\">A193 B8M<\/td>\n<td width=\"88\">A193 B8M<\/td>\n<\/tr>\n<tr>\n<td width=\"60\">8<\/td>\n<td width=\"115\">TUERCA<\/td>\n<td width=\"87\">A194 8M<\/td>\n<td width=\"87\">A194 8M<\/td>\n<td width=\"87\">A194 8M<\/td>\n<td width=\"87\">A194 8M<\/td>\n<td width=\"87\">A194 8M<\/td>\n<td width=\"88\">A194 8M<\/td>\n<\/tr>\n<\/tbody>\n<\/table>\n<p>Est\u00e1ndares de v\u00e1lvulas: Est\u00e1ndar japon\u00e9s\/JIS Est\u00e1ndar japon\u00e9s\/JPI Est\u00e1ndar antiguo Est\u00e1ndar estadounidense API Est\u00e1ndar estadounidense\/ANS Est\u00e1ndar estadounidense\/Est\u00e1ndar alem\u00e1n DIN Est\u00e1ndar alem\u00e1n\/Departamento mec\u00e1nico JB\/Est\u00e1ndar qu\u00edmico HG20592\/Est\u00e1ndar nacional\/GB Est\u00e1ndar nacional JB Est\u00e1ndar nacional<br \/>\nSello de v\u00e1lvula: sello blando, sello duro, STL.PPL.M, N, B, Cr13<br \/>\nEstructura de la v\u00e1lvula: directa, de dos v\u00edas, de tres v\u00edas, de cuatro v\u00edas, flotante, fija<\/p>\n<p>Fabricante de v\u00e1lvulas de bola con engranajes helicoidales de China, OUdian suministra v\u00e1lvulas de bola con engranajes helicoidales, v\u00e1lvulas de bola flotantes con engranajes helicoidales, v\u00e1lvulas de bola con engranajes helicoidales de 6 pulgadas, v\u00e1lvulas de bola con engranajes helicoidales de 150 lb, v\u00e1lvulas de bola con engranajes helicoidales flotantes, v\u00e1lvulas de bola con engranajes helicoidales de extremo RF.<\/p>","protected":false},"excerpt":{"rendered":"<p>1. Dise\u00f1o y fabricaci\u00f3n: DIN 3357<br \/>\n2. Cara a cara: DIN 3202<br \/>\n3. Extremo de brida: DIN2501<br \/>\n4. Tama\u00f1o nominal: DN15 \u2013 DN200<br \/>\n5. Presi\u00f3n m\u00e1xima: PN16, PN25;<br \/>\n6. Materiales del cuerpo: WCB, LCB, CF8, CF8M, CF3, CF3M, etc.<br \/>\n7. Moldura: 13CR, 304SS, 316SS, acero inoxidable d\u00faplex;<br \/>\n8. Tipo de orificio: orificio completo<br \/>\n9. Actuador: Palanca, engranaje helicoidal;<\/p>\n<p><strong>V\u00c1LVULA DE BOLA FLOTANTE DIN PARA PN16, PN25<\/strong><\/p>\n<p>Conexiones finales: RF con bridas, RTJ, soldadura a tope<br \/>\nTipo de bola: bola s\u00f3lida forjada<br \/>\nMateriales del asiento: PTFE, RPTFE, DEVLON, NYLON, PEEK, asiento met\u00e1lico con TCC\/STL\/Ni.<\/p>","protected":false},"featured_media":18414,"template":"","meta":{"advanced_seo_description":"","jetpack_seo_html_title":"","jetpack_seo_noindex":false},"product_brand":[],"product_cat":[83],"product_tag":[462,461,458,463,459,464,460],"class_list":{"0":"post-18393","1":"product","2":"type-product","3":"status-publish","4":"has-post-thumbnail","6":"product_cat-ball-valves","7":"product_tag-150lb-worm-gear-ball-valve","8":"product_tag-6-inch-worm-gear-ball-valve","9":"product_tag-china-worm-gear-ball-valve-manufacturer","10":"product_tag-floating-worm-gear-ball-valve","11":"product_tag-oudian-supplies-worm-gear-ball-valve","12":"product_tag-rf-end-worm-gear-ball-valve","13":"product_tag-worm-gear-floating-ball-valve","15":"first","16":"instock","17":"shipping-taxable","18":"product-type-simple"},"jetpack_sharing_enabled":true,"_links":{"self":[{"href":"https:\/\/oudianvalve.com\/es\/wp-json\/wp\/v2\/product\/18393","targetHints":{"allow":["GET"]}}],"collection":[{"href":"https:\/\/oudianvalve.com\/es\/wp-json\/wp\/v2\/product"}],"about":[{"href":"https:\/\/oudianvalve.com\/es\/wp-json\/wp\/v2\/types\/product"}],"wp:featuredmedia":[{"embeddable":true,"href":"https:\/\/oudianvalve.com\/es\/wp-json\/wp\/v2\/media\/18414"}],"wp:attachment":[{"href":"https:\/\/oudianvalve.com\/es\/wp-json\/wp\/v2\/media?parent=18393"}],"wp:term":[{"taxonomy":"product_brand","embeddable":true,"href":"https:\/\/oudianvalve.com\/es\/wp-json\/wp\/v2\/product_brand?post=18393"},{"taxonomy":"product_cat","embeddable":true,"href":"https:\/\/oudianvalve.com\/es\/wp-json\/wp\/v2\/product_cat?post=18393"},{"taxonomy":"product_tag","embeddable":true,"href":"https:\/\/oudianvalve.com\/es\/wp-json\/wp\/v2\/product_tag?post=18393"}],"curies":[{"name":"wp","href":"https:\/\/api.w.org\/{rel}","templated":true}]}}