{"id":18391,"date":"2025-06-14T02:54:18","date_gmt":"2025-06-14T02:54:18","guid":{"rendered":"https:\/\/oudianvalve.com\/?post_type=product&#038;p=18391"},"modified":"2025-06-14T03:02:24","modified_gmt":"2025-06-14T03:02:24","slug":"daikin-m111-seat-ball-valve-150lb-2-inch-rf-end","status":"publish","type":"product","link":"https:\/\/oudianvalve.com\/es\/products\/ball-valves\/daikin-m111-seat-ball-valve-150lb-2-inch-rf-end\/","title":{"rendered":"V\u00e1lvula de bola de asiento Daikin M111, 150 lb, 2 pulgadas, extremo RF"},"content":{"rendered":"<p>Descripci\u00f3n de la v\u00e1lvula:<br \/>\nTipo de v\u00e1lvula: v\u00e1lvula de bola flotante<br \/>\nMaterial del cuerpo: CF8 .<br \/>\nDi\u00e1metro nominal: 2\u2033<br \/>\nClasificaci\u00f3n de presi\u00f3n: 150LB<br \/>\nConexi\u00f3n final: Brida RF<br \/>\nTemperatura de trabajo: -29\u2103~+200\u2103.<br \/>\nFuncionamiento: Palanca.<\/p>\n<p>La v\u00e1lvula de bola de acero d\u00faplex Daikin M111 est\u00e1 fabricada en acero inoxidable d\u00faplex (la ferrita y la austenita representan aproximadamente 50% del metal, y el contenido de la fase menor debe ser al menos 30%). En la industria, los aceros d\u00faplex m\u00e1s comunes son el 2205, el 2507 y el 2520 (310S). Este tipo de v\u00e1lvula de bola ofrece un mejor rendimiento del material que el acero inoxidable 304, 8 n\u00edquel-18 cromo convencional, presenta suficiente plasticidad y tenacidad, buena resistencia a la corrosi\u00f3n local y a la corrosi\u00f3n, y se utiliza a menudo en entornos de trabajo con alto contenido de cloruro, como sistemas de evaporaci\u00f3n de agua de mar, buques y tuber\u00edas de ingenier\u00eda naval. El fluido en la tuber\u00eda es per\u00f3xido de hidr\u00f3geno, sosa c\u00e1ustica, \u00e1cido clorh\u00eddrico, etc. Su resistencia a la corrosi\u00f3n oxidativa convierte a la v\u00e1lvula de bola de acero d\u00faplex Daikin M111 en un excelente equipo de corte y corte en dispositivos de \u00e1cido n\u00edtrico y \u00e1cidos org\u00e1nicos fuertes.<\/p>\n<p>&nbsp;<\/p>\n<p>El sello de la v\u00e1lvula de bola de acero d\u00faplex Daikin M111 utiliza PTFE importado con n\u00famero de lote M111, fabricado en Daikin, Jap\u00f3n. Ofrece mayor resistencia al desgaste, a la corrosi\u00f3n, a la temperatura y al fr\u00edo que el PTFE dom\u00e9stico convencional. El rango de temperatura aplicable es de -180 \u00b0C a 200 \u00b0C. En aplicaciones con altos requisitos de resistencia a la corrosi\u00f3n, como en la industria qu\u00edmica fina, farmac\u00e9utica, electr\u00f3nica y otros sectores relacionados, se recomienda utilizar v\u00e1lvulas de bola de acero d\u00faplex con PTFE M111 como sellos. Adem\u00e1s, ofrece un excelente rendimiento en entornos de trabajo de alta y baja temperatura.<br \/>\nPiezas relacionadas con la v\u00e1lvula de bola de acero d\u00faplex Daikin M111<\/p>\n<p><a href=\"http:\/\/www.oudianfm.com\/prolist-2240365-1.html\" target=\"_blank\" rel=\"noopener\">Piezas relacionadas con la v\u00e1lvula de bola de acero d\u00faplex Daikin M111<\/a><\/p>\n<p>&nbsp;<\/p>\n<table style=\"height: 295px;\" border=\"2\" width=\"1033\">\n<tbody>\n<tr>\n<td width=\"60\">NO<\/td>\n<td width=\"115\">NOMBRE DE LAS PIEZAS<\/td>\n<td colspan=\"6\" width=\"525\">MATERIAL DE LAS PIEZAS<\/td>\n<\/tr>\n<tr>\n<td width=\"60\">1<\/td>\n<td width=\"115\">CUERPO<\/td>\n<td width=\"87\">SAF 2205<\/td>\n<td width=\"87\">SAF 2507<\/td>\n<td width=\"87\">A995 Grupo 1B<\/td>\n<td width=\"87\">A995 Gr.4A<\/td>\n<td width=\"87\">A995 Gr.5A<\/td>\n<td width=\"88\">A995 Gr.6A<\/td>\n<\/tr>\n<tr>\n<td width=\"60\">2<\/td>\n<td width=\"115\">CAP\u00d3<\/td>\n<td width=\"87\">SAF 2205<\/td>\n<td width=\"87\">SAF 2507<\/td>\n<td width=\"87\">A995 Grupo 1B<\/td>\n<td width=\"87\">A995 Gr.4A<\/td>\n<td width=\"87\">A995 Gr.5A<\/td>\n<td width=\"88\">A995 Gr.6A<\/td>\n<\/tr>\n<tr>\n<td width=\"60\">3<\/td>\n<td width=\"115\">ASIENTO<\/td>\n<td colspan=\"6\" width=\"525\">RPTFE, PTFE, TEFLON, NYLON, PPL, PEEK, DEVLON, acero inoxidable d\u00faplex + tratamiento de endurecimiento<\/td>\n<\/tr>\n<tr>\n<td width=\"60\">4<\/td>\n<td width=\"115\">PELOTA<\/td>\n<td width=\"87\">2205<\/td>\n<td width=\"87\">2507<\/td>\n<td width=\"87\">S32550<\/td>\n<td width=\"87\">S31803<\/td>\n<td width=\"87\">S32750<\/td>\n<td width=\"88\">S32760<\/td>\n<\/tr>\n<tr>\n<td width=\"60\">5<\/td>\n<td width=\"115\">PROVENIR<\/td>\n<td width=\"87\">2205<\/td>\n<td width=\"87\">2507<\/td>\n<td width=\"87\">S32550<\/td>\n<td width=\"87\">S31803<\/td>\n<td width=\"87\">S32750<\/td>\n<td width=\"88\">S32760<\/td>\n<\/tr>\n<tr>\n<td width=\"60\">6<\/td>\n<td width=\"115\">EMBALAJE<\/td>\n<td colspan=\"6\" width=\"525\">GRAFITO, RPTFE, PTFE, TEFLON, PPL<\/td>\n<\/tr>\n<tr>\n<td width=\"60\">7<\/td>\n<td width=\"115\">TORNILLO<\/td>\n<td width=\"87\">A193 B8M<\/td>\n<td width=\"87\">A193 B8M<\/td>\n<td width=\"87\">A193 B8M<\/td>\n<td width=\"87\">A193 B8M<\/td>\n<td width=\"87\">A193 B8M<\/td>\n<td width=\"88\">A193 B8M<\/td>\n<\/tr>\n<tr>\n<td width=\"60\">8<\/td>\n<td width=\"115\">TUERCA<\/td>\n<td width=\"87\">A194 8M<\/td>\n<td width=\"87\">A194 8M<\/td>\n<td width=\"87\">A194 8M<\/td>\n<td width=\"87\">A194 8M<\/td>\n<td width=\"87\">A194 8M<\/td>\n<td width=\"88\">A194 8M<\/td>\n<\/tr>\n<\/tbody>\n<\/table>\n<p>Est\u00e1ndares de v\u00e1lvulas: Est\u00e1ndar japon\u00e9s\/JIS Est\u00e1ndar japon\u00e9s\/JPI Est\u00e1ndar antiguo Est\u00e1ndar estadounidense API Est\u00e1ndar estadounidense\/ANS Est\u00e1ndar estadounidense\/Est\u00e1ndar alem\u00e1n DIN Est\u00e1ndar alem\u00e1n\/Departamento mec\u00e1nico JB\/Est\u00e1ndar qu\u00edmico HG20592\/Est\u00e1ndar nacional\/GB Est\u00e1ndar nacional JB Est\u00e1ndar nacional<br \/>\nSello de v\u00e1lvula: sello blando, sello duro, STL.PPL.M, N, B, Cr13<br \/>\nEstructura de la v\u00e1lvula: directa, de dos v\u00edas, de tres v\u00edas, de cuatro v\u00edas, flotante, fija<\/p>\n<p>Fabricante de v\u00e1lvula de bola de asiento Daikin M111 de China, OUdian suministra v\u00e1lvula de bola de asiento Daikin M111, v\u00e1lvula de bola flotante de asiento Daikin M111, v\u00e1lvula de bola de asiento Daikin M111 de 2 pulgadas, v\u00e1lvula de bola flotante de asiento Daikin M111 de 150 lb.<\/p>","protected":false},"excerpt":{"rendered":"<p>Est\u00e1ndar de dise\u00f1o: API 6D\/API 608<br \/>\nA prueba de fuego: API 607\/6FA<br \/>\nClasificaciones de temperatura de presi\u00f3n: ASME B16.34<br \/>\nRango de tama\u00f1os: 2\u201d a 48\u201d (DN50-DN1200)<br \/>\nPuerto: paso total o paso reducido<br \/>\nRango de presi\u00f3n: 150 lb a 2500 lb<br \/>\nConexiones finales: RF con bridas, RTJ, soldadura a tope<br \/>\nTipo de bola: bola s\u00f3lida forjada<br \/>\nDimensiones del extremo bridado: ASME B16.5 (24\u201d y menos), ASME B16.47 Serie A o B (m\u00e1s de 24\u201d)<br \/>\nDimensiones del extremo soldado a tope: ASME B16.25<br \/>\nDimensiones cara a cara: ASME B16.10<br \/>\nInspecci\u00f3n y Pruebas: API 6D<br \/>\nMateriales del cuerpo: A105\/A105N, F304, F316, F316L, F51, F53, F55, C95800, UNS N08825, UNS N06625.<br \/>\nMateriales del asiento: PTFE, RPTFE, DEVLON, NYLON, PEEK, asiento met\u00e1lico con TCC\/STL\/Ni.<\/p>","protected":false},"featured_media":18392,"template":"","meta":{"advanced_seo_description":"","jetpack_seo_html_title":"","jetpack_seo_noindex":false},"product_brand":[],"product_cat":[83],"product_tag":[412,411,408,410,409],"class_list":{"0":"post-18391","1":"product","2":"type-product","3":"status-publish","4":"has-post-thumbnail","6":"product_cat-ball-valves","7":"product_tag-150lb-daikin-m111-seat-floating-ball-valve","8":"product_tag-2-inch-daikin-m111-seat-ball-valve","9":"product_tag-china-daikin-m111-seat-ball-valve-manufacturer","10":"product_tag-daikin-m111-seat-floating-ball-valve","11":"product_tag-oudian-supplies-daikin-m111-seat-ball-valve","13":"first","14":"instock","15":"shipping-taxable","16":"product-type-simple"},"jetpack_sharing_enabled":true,"_links":{"self":[{"href":"https:\/\/oudianvalve.com\/es\/wp-json\/wp\/v2\/product\/18391","targetHints":{"allow":["GET"]}}],"collection":[{"href":"https:\/\/oudianvalve.com\/es\/wp-json\/wp\/v2\/product"}],"about":[{"href":"https:\/\/oudianvalve.com\/es\/wp-json\/wp\/v2\/types\/product"}],"wp:featuredmedia":[{"embeddable":true,"href":"https:\/\/oudianvalve.com\/es\/wp-json\/wp\/v2\/media\/18392"}],"wp:attachment":[{"href":"https:\/\/oudianvalve.com\/es\/wp-json\/wp\/v2\/media?parent=18391"}],"wp:term":[{"taxonomy":"product_brand","embeddable":true,"href":"https:\/\/oudianvalve.com\/es\/wp-json\/wp\/v2\/product_brand?post=18391"},{"taxonomy":"product_cat","embeddable":true,"href":"https:\/\/oudianvalve.com\/es\/wp-json\/wp\/v2\/product_cat?post=18391"},{"taxonomy":"product_tag","embeddable":true,"href":"https:\/\/oudianvalve.com\/es\/wp-json\/wp\/v2\/product_tag?post=18391"}],"curies":[{"name":"wp","href":"https:\/\/api.w.org\/{rel}","templated":true}]}}