{"id":18376,"date":"2025-06-14T00:57:58","date_gmt":"2025-06-14T00:57:58","guid":{"rendered":"https:\/\/oudianvalve.com\/?post_type=product&#038;p=18376"},"modified":"2025-06-14T01:01:23","modified_gmt":"2025-06-14T01:01:23","slug":"ta2-ball-valve-pn16-dn25-rf-end","status":"publish","type":"product","link":"https:\/\/oudianvalve.com\/es\/products\/ball-valves\/ta2-ball-valve-pn16-dn25-rf-end\/","title":{"rendered":"V\u00e1lvula de bola TA2, PN16, DN25, extremo RF"},"content":{"rendered":"<p>Descripci\u00f3n de la v\u00e1lvula:<br \/>\nTipo de v\u00e1lvula: v\u00e1lvula de bola flotante<br \/>\nMaterial del cuerpo: Titanio TA2.<br \/>\nDi\u00e1metro nominal: DN25<br \/>\nClasificaci\u00f3n de presi\u00f3n: PN16<br \/>\nConexi\u00f3n final: Brida RF<br \/>\nTemperatura de trabajo: -29\u2103~+200\u2103.<br \/>\nFuncionamiento: Palanca.<\/p>\n<p>Campos de aplicaci\u00f3n y caracter\u00edsticas del producto de la v\u00e1lvula de bola de titanio de prensado isost\u00e1tico en caliente<br \/>\nComo v\u00e1lvula de alto rendimiento, la v\u00e1lvula de bola de titanio de prensado isost\u00e1tico en caliente se ha utilizado ampliamente en diversos campos gracias a su material y dise\u00f1o estructural \u00fanicos. Sus principales \u00e1reas de aplicaci\u00f3n incluyen la industria petrolera, qu\u00edmica, producci\u00f3n de sal, cloro-\u00e1lcali, carbonato s\u00f3dico, urea y desalinizaci\u00f3n de agua de mar. Esta v\u00e1lvula de bola de titanio de prensado isost\u00e1tico en caliente adopta una estructura de carga superior, lo que reduce la cantidad de pernos de conexi\u00f3n del cuerpo de la v\u00e1lvula en condiciones de alta presi\u00f3n y gran di\u00e1metro, mejora la fiabilidad de la v\u00e1lvula y minimiza la influencia del peso muerto del sistema en su funcionamiento normal.<\/p>\n<p>Las v\u00e1lvulas de bola de titanio de prensado isost\u00e1tico en caliente se caracterizan por su excelente resistencia a la corrosi\u00f3n, alta resistencia mec\u00e1nica y baja densidad. El titanio es un metal altamente activo qu\u00edmicamente con buena afinidad por el ox\u00edgeno. Al entrar en contacto con la atm\u00f3sfera o cualquier medio oxigenado, forma inmediatamente una pel\u00edcula de \u00f3xido pasivo, fuerte y compacta, sobre su superficie. Esta pel\u00edcula de \u00f3xido es muy estable y dif\u00edcil de disolver. Incluso si sufre da\u00f1os mec\u00e1nicos, se regenera r\u00e1pidamente siempre que haya ox\u00edgeno. Por lo tanto, las v\u00e1lvulas de bola de titanio ofrecen un excelente rendimiento en diversos medios corrosivos, siendo especialmente adecuadas para equipos en las industrias cloroalcalina, carbonato s\u00f3dico, farmac\u00e9utica, urea y petroqu\u00edmica. Adem\u00e1s, las v\u00e1lvulas de bola de titanio est\u00e1n disponibles en dos versiones: sello blando y sello duro met\u00e1lico, lo que permite solucionar los problemas de corrosi\u00f3n que son dif\u00edciles de solucionar con v\u00e1lvulas de acero inoxidable, aleaci\u00f3n de cobre, aluminio o pl\u00e1stico en tuber\u00edas industriales.<\/p>\n<p>Introducci\u00f3n y aplicaci\u00f3n de la tecnolog\u00eda de prensado isost\u00e1tico en caliente<br \/>\nEl prensado isost\u00e1tico en caliente (HIP) es un proceso especial de tratamiento t\u00e9rmico para materiales met\u00e1licos o cer\u00e1micos, y constituye un m\u00e9todo importante para la preparaci\u00f3n de materiales de alto rendimiento. Este proceso densifica la estructura interna del material mediante la acci\u00f3n combinada de alta temperatura y alta presi\u00f3n, eliminando todos los poros y defectos para formar un conjunto uniforme y denso, mejorando considerablemente la resistencia al desgaste, la resistencia a la corrosi\u00f3n y las propiedades mec\u00e1nicas del material. La tecnolog\u00eda de prensado isost\u00e1tico en caliente se puede aplicar al conformado por pulvimetalurgia o a la densificaci\u00f3n de piezas fundidas conformadas (como piezas fundidas sueltas por contracci\u00f3n, como aleaciones de titanio, aleaciones de alta temperatura, aleaciones de aluminio, etc.).<\/p>\n<p>El dispositivo de prensado isost\u00e1tico en caliente se compone principalmente de un recipiente a presi\u00f3n refrigerado por agua, un horno de calentamiento e instalaciones adicionales como control, seguridad y manipulaci\u00f3n. El proceso de operaci\u00f3n incluye la introducci\u00f3n del polvo o compacto de polvo en el envase, el sellado al vac\u00edo tras la eliminaci\u00f3n del gas, la colocaci\u00f3n en un recipiente a presi\u00f3n, el bombeo de gas inerte a una presi\u00f3n determinada y el calentamiento a la temperatura requerida para completar el conformado y la sinterizaci\u00f3n. La tecnolog\u00eda de prensado isost\u00e1tico en caliente se utiliza ampliamente en los sectores naval, aeron\u00e1utico, aeroespacial, automotriz y otros, ya que combina las ventajas del prensado en caliente y el prensado isost\u00e1tico, ofrece una baja temperatura de conformado, productos densos y un excelente rendimiento.<\/p>\n<p>En el proceso de producci\u00f3n de v\u00e1lvulas de bola de titanio prensadas isost\u00e1ticamente en caliente, se utiliza esta tecnolog\u00eda para mejorar la densidad y las propiedades mec\u00e1nicas de los materiales de titanio, mejorando as\u00ed la calidad y la fiabilidad de la v\u00e1lvula. Mediante este tratamiento, se mejoran significativamente la resistencia al desgaste, la resistencia a la corrosi\u00f3n y la resistencia a la fatiga de las v\u00e1lvulas de bola de titanio, aumentando as\u00ed su durabilidad en diversas condiciones de trabajo rigurosas.<\/p>\n<p>Caracter\u00edsticas del material y contenido de elementos qu\u00edmicos de los materiales de titanio.<br \/>\nEl titanio es un metal con excelentes propiedades. Es ligero, duro, resistente a la corrosi\u00f3n y presenta buena biocompatibilidad. Su densidad es de aproximadamente 4,5 g\/cm\u00b3, lo que equivale a tan solo 571 TP3T de la del acero. Sin embargo, su resistencia espec\u00edfica (relaci\u00f3n resistencia-densidad) es muy alta, aproximadamente el doble de dureza que la del acero convencional y unas 6 veces la del aluminio. El titanio posee una excelente resistencia a la corrosi\u00f3n y puede permanecer libre de corrosi\u00f3n en agua de mar de 20 a 50 a\u00f1os, e incluso resistir la erosi\u00f3n del agua regia.<\/p>\n<p>Entre la composici\u00f3n qu\u00edmica de los materiales de titanio, el titanio industrial puro, como el TA1, presenta un contenido de titanio superior al 99,51 TP3T y un contenido de impurezas muy bajo, como oligoelementos como hierro, hidr\u00f3geno, nitr\u00f3geno y carbono. Estas impurezas tienen un efecto sutil en el rendimiento de los materiales de titanio. Por ejemplo, el titanio industrial puro, como el TA2 y el TA3, presenta mayor resistencia y dureza que el TA1. Las aleaciones de titanio como el TC4 (Ti-6Al-4V) presentan mayor resistencia y mejor resistencia a altas temperaturas, y se utilizan ampliamente en los sectores aeroespacial, m\u00e9dico y otros.<\/p>\n<p>En resumen, las v\u00e1lvulas de bola de titanio con tecnolog\u00eda de prensado isost\u00e1tico en caliente se han utilizado ampliamente en diversos campos gracias a su excelente resistencia a la corrosi\u00f3n, alta resistencia mec\u00e1nica y baja densidad. Como m\u00e9todo importante para la preparaci\u00f3n de materiales de alto rendimiento, la tecnolog\u00eda de prensado isost\u00e1tico en caliente mejora a\u00fan m\u00e1s la calidad y la fiabilidad de las v\u00e1lvulas de bola de titanio al mejorar la densidad y las propiedades mec\u00e1nicas de los materiales de titanio. Las caracter\u00edsticas y el contenido de elementos qu\u00edmicos del titanio proporcionan una base s\u00f3lida para su aplicaci\u00f3n en diversas condiciones de trabajo rigurosas.<\/p>\n<p>Tabla de aplicaci\u00f3n del calibre de presi\u00f3n de la v\u00e1lvula de bola de titanio con tecnolog\u00eda de prensado isost\u00e1tico en caliente<\/p>\n<p>Podemos producir v\u00e1lvulas de bola de aleaci\u00f3n de titanio TA2, v\u00e1lvulas de compuerta de titanio, v\u00e1lvulas de globo, v\u00e1lvulas de retenci\u00f3n, etc.<\/p>\n<table border=\"1\" width=\"100%\" cellspacing=\"0\" cellpadding=\"0\">\n<tbody>\n<tr>\n<td rowspan=\"3\" align=\"middle\" bgcolor=\"#8c9e9c\">Presi\u00f3n nominal o nivel de presi\u00f3n<\/td>\n<td colspan=\"13\" align=\"middle\" bgcolor=\"#8c9e9c\">DN\/NPS (mm\/pulgada)<\/td>\n<\/tr>\n<tr>\n<td align=\"middle\" bgcolor=\"#8c9e9c\">15<\/td>\n<td align=\"middle\" bgcolor=\"#8c9e9c\">20<\/td>\n<td align=\"middle\" bgcolor=\"#8c9e9c\">25<\/td>\n<td align=\"middle\" bgcolor=\"#8c9e9c\">32<\/td>\n<td align=\"middle\" bgcolor=\"#8c9e9c\">40<\/td>\n<td align=\"middle\" bgcolor=\"#8c9e9c\">50<\/td>\n<td align=\"middle\" bgcolor=\"#8c9e9c\">65<\/td>\n<td align=\"middle\" bgcolor=\"#8c9e9c\">80<\/td>\n<td align=\"middle\" bgcolor=\"#8c9e9c\">100<\/td>\n<td align=\"middle\" bgcolor=\"#8c9e9c\">125<\/td>\n<td align=\"middle\" bgcolor=\"#8c9e9c\">150<\/td>\n<td align=\"middle\" bgcolor=\"#8c9e9c\">200<\/td>\n<td align=\"middle\" bgcolor=\"#8c9e9c\">250<\/td>\n<\/tr>\n<tr>\n<td align=\"middle\" bgcolor=\"#8c9e9c\">1\/2<\/td>\n<td align=\"middle\" bgcolor=\"#8c9e9c\">3\/4<\/td>\n<td align=\"middle\" bgcolor=\"#8c9e9c\">1<\/td>\n<td align=\"middle\" bgcolor=\"#8c9e9c\">11\/4<\/td>\n<td align=\"middle\" bgcolor=\"#8c9e9c\">11\/2<\/td>\n<td align=\"middle\" bgcolor=\"#8c9e9c\">2<\/td>\n<td align=\"middle\" bgcolor=\"#8c9e9c\">21\/2<\/td>\n<td align=\"middle\" bgcolor=\"#8c9e9c\">3<\/td>\n<td align=\"middle\" bgcolor=\"#8c9e9c\">4<\/td>\n<td align=\"middle\" bgcolor=\"#8c9e9c\">5<\/td>\n<td align=\"middle\" bgcolor=\"#8c9e9c\">6<\/td>\n<td align=\"middle\" bgcolor=\"#8c9e9c\">8<\/td>\n<td align=\"middle\" bgcolor=\"#8c9e9c\">10<\/td>\n<\/tr>\n<tr>\n<td align=\"middle\" valign=\"top\">PN16<\/td>\n<td align=\"middle\">\u221a<\/td>\n<td align=\"middle\" valign=\"top\">\u221a<\/td>\n<td align=\"middle\">\u221a<\/td>\n<td align=\"middle\" valign=\"top\">\u221a<\/td>\n<td align=\"middle\">\u221a<\/td>\n<td align=\"middle\" valign=\"top\">\u221a<\/td>\n<td align=\"middle\">\u221a<\/td>\n<td align=\"middle\" valign=\"top\">\u221a<\/td>\n<td align=\"middle\">\u221a<\/td>\n<td align=\"middle\" valign=\"top\">\u221a<\/td>\n<td align=\"middle\">\u221a<\/td>\n<td align=\"middle\" valign=\"top\">\u221a<\/td>\n<td align=\"middle\" valign=\"top\"><\/td>\n<\/tr>\n<tr>\n<td align=\"middle\" valign=\"top\">PN25<\/td>\n<td align=\"middle\">\u221a<\/td>\n<td align=\"middle\">\u221a<\/td>\n<td align=\"middle\" valign=\"top\">\u221a<\/td>\n<td align=\"middle\">\u221a<\/td>\n<td align=\"middle\" valign=\"top\">\u221a<\/td>\n<td align=\"middle\">\u221a<\/td>\n<td align=\"middle\" valign=\"top\">\u221a<\/td>\n<td align=\"middle\">\u221a<\/td>\n<td align=\"middle\" valign=\"top\">\u221a<\/td>\n<td align=\"middle\">\u221a<\/td>\n<td align=\"middle\" valign=\"top\">\u221a<\/td>\n<td align=\"middle\">\u221a<\/td>\n<td align=\"middle\" valign=\"top\"><\/td>\n<\/tr>\n<tr>\n<td align=\"middle\" valign=\"top\">PN40<\/td>\n<td align=\"middle\">\u221a<\/td>\n<td align=\"middle\">\u221a<\/td>\n<td align=\"middle\" valign=\"top\">\u221a<\/td>\n<td align=\"middle\">\u221a<\/td>\n<td align=\"middle\" valign=\"top\">\u221a<\/td>\n<td align=\"middle\">\u221a<\/td>\n<td align=\"middle\" valign=\"top\">\u221a<\/td>\n<td align=\"middle\">\u221a<\/td>\n<td align=\"middle\" valign=\"top\">\u221a<\/td>\n<td align=\"middle\">\u221a<\/td>\n<td align=\"middle\" valign=\"top\">\u221a<\/td>\n<td align=\"middle\">\u221a<\/td>\n<td align=\"middle\" valign=\"top\"><\/td>\n<\/tr>\n<tr>\n<td align=\"middle\" valign=\"top\">PN63<\/td>\n<td align=\"middle\">\u221a<\/td>\n<td align=\"middle\">\u221a<\/td>\n<td align=\"middle\" valign=\"top\">\u221a<\/td>\n<td align=\"middle\">\u221a<\/td>\n<td align=\"middle\" valign=\"top\">\u221a<\/td>\n<td align=\"middle\">\u221a<\/td>\n<td align=\"middle\" valign=\"top\">\u221a<\/td>\n<td align=\"middle\">\u221a<\/td>\n<td align=\"middle\" valign=\"top\">\u221a<\/td>\n<td align=\"middle\"><\/td>\n<td align=\"middle\" valign=\"top\"><\/td>\n<td align=\"middle\"><\/td>\n<td align=\"middle\" valign=\"top\"><\/td>\n<\/tr>\n<tr>\n<td align=\"middle\" valign=\"top\">PN100<\/td>\n<td align=\"middle\">\u221a<\/td>\n<td align=\"middle\" valign=\"top\">\u221a<\/td>\n<td align=\"middle\">\u221a<\/td>\n<td align=\"middle\" valign=\"top\">\u221a<\/td>\n<td align=\"middle\">\u221a<\/td>\n<td align=\"middle\" valign=\"top\">\u221a<\/td>\n<td align=\"middle\">\u221a<\/td>\n<td align=\"middle\" valign=\"top\">\u221a<\/td>\n<td align=\"middle\">\u221a<\/td>\n<td align=\"middle\" valign=\"top\"><\/td>\n<td align=\"middle\"><\/td>\n<td align=\"middle\" valign=\"top\"><\/td>\n<td align=\"middle\" valign=\"top\"><\/td>\n<\/tr>\n<tr>\n<td align=\"middle\" valign=\"top\">PN160<\/td>\n<td align=\"middle\">\u221a<\/td>\n<td align=\"middle\" valign=\"top\">\u221a<\/td>\n<td align=\"middle\">\u221a<\/td>\n<td align=\"middle\" valign=\"top\">\u221a<\/td>\n<td align=\"middle\">\u221a<\/td>\n<td align=\"middle\" valign=\"top\">\u221a<\/td>\n<td align=\"middle\">\u221a<\/td>\n<td align=\"middle\" valign=\"top\">\u221a<\/td>\n<td align=\"middle\">\u221a<\/td>\n<td align=\"middle\"><\/td>\n<td align=\"middle\" valign=\"top\"><\/td>\n<td align=\"middle\"><\/td>\n<td align=\"middle\"><\/td>\n<\/tr>\n<tr>\n<td align=\"middle\" valign=\"top\">Clase 150 (PN20)<\/td>\n<td align=\"middle\">\u221a<\/td>\n<td align=\"middle\">\u221a<\/td>\n<td align=\"middle\">\u221a<\/td>\n<td align=\"middle\">\u221a<\/td>\n<td align=\"middle\">\u221a<\/td>\n<td align=\"middle\">\u221a<\/td>\n<td align=\"middle\">\u221a<\/td>\n<td align=\"middle\">\u221a<\/td>\n<td align=\"middle\">\u221a<\/td>\n<td align=\"middle\">\u221a<\/td>\n<td align=\"middle\">\u221a<\/td>\n<td align=\"middle\">\u221a<\/td>\n<td align=\"middle\">\u221a<\/td>\n<\/tr>\n<tr>\n<td align=\"middle\" valign=\"top\">Clase 300 (PN50)<\/td>\n<td align=\"middle\">\u221a<\/td>\n<td align=\"middle\">\u221a<\/td>\n<td align=\"middle\">\u221a<\/td>\n<td align=\"middle\">\u221a<\/td>\n<td align=\"middle\">\u221a<\/td>\n<td align=\"middle\">\u221a<\/td>\n<td align=\"middle\">\u221a<\/td>\n<td align=\"middle\">\u221a<\/td>\n<td align=\"middle\">\u221a<\/td>\n<td align=\"middle\">\u221a<\/td>\n<td align=\"middle\">\u221a<\/td>\n<td align=\"middle\">\u221a<\/td>\n<td align=\"middle\"><\/td>\n<\/tr>\n<tr>\n<td align=\"middle\" valign=\"top\">Clase 600 (PN110)<\/td>\n<td align=\"middle\">\u221a<\/td>\n<td align=\"middle\">\u221a<\/td>\n<td align=\"middle\">\u221a<\/td>\n<td align=\"middle\">\u221a<\/td>\n<td align=\"middle\">\u221a<\/td>\n<td align=\"middle\">\u221a<\/td>\n<td align=\"middle\">\u221a<\/td>\n<td align=\"middle\">\u221a<\/td>\n<td align=\"middle\">\u221a<\/td>\n<td align=\"middle\"><\/td>\n<td align=\"middle\"><\/td>\n<td align=\"middle\"><\/td>\n<td align=\"middle\"><\/td>\n<\/tr>\n<tr>\n<td align=\"middle\" valign=\"top\">Clase 900 (PN150)<\/td>\n<td align=\"middle\">\u221a<\/td>\n<td align=\"middle\">\u221a<\/td>\n<td align=\"middle\">\u221a<\/td>\n<td align=\"middle\">\u221a<\/td>\n<td align=\"middle\">\u221a<\/td>\n<td align=\"middle\">\u221a<\/td>\n<td align=\"middle\"><\/td>\n<td align=\"middle\"><\/td>\n<td align=\"middle\"><\/td>\n<td align=\"middle\"><\/td>\n<td align=\"middle\"><\/td>\n<td align=\"middle\"><\/td>\n<td align=\"middle\"><\/td>\n<\/tr>\n<tr>\n<td align=\"middle\" valign=\"top\">Clase 1500\/PN260<\/td>\n<td align=\"middle\">\u221a<\/td>\n<td align=\"middle\">\u221a<\/td>\n<td align=\"middle\">\u221a<\/td>\n<td align=\"middle\">\u221a<\/td>\n<td align=\"middle\">\u221a<\/td>\n<td align=\"middle\">\u221a<\/td>\n<td align=\"middle\"><\/td>\n<td align=\"middle\"><\/td>\n<td align=\"middle\"><\/td>\n<td align=\"middle\"><\/td>\n<td align=\"middle\"><\/td>\n<td align=\"middle\"><\/td>\n<td align=\"middle\"><\/td>\n<\/tr>\n<tr>\n<td align=\"middle\" valign=\"top\">JIS 10K<\/td>\n<td align=\"middle\">\u221a<\/td>\n<td align=\"middle\">\u221a<\/td>\n<td align=\"middle\">\u221a<\/td>\n<td align=\"middle\">\u221a<\/td>\n<td align=\"middle\">\u221a<\/td>\n<td align=\"middle\">\u221a<\/td>\n<td align=\"middle\">\u221a<\/td>\n<td align=\"middle\">\u221a<\/td>\n<td align=\"middle\">\u221a<\/td>\n<td align=\"middle\">\u221a<\/td>\n<td align=\"middle\">\u221a<\/td>\n<td align=\"middle\">\u221a<\/td>\n<td align=\"middle\">\u221a<\/td>\n<\/tr>\n<tr>\n<td align=\"middle\" valign=\"top\">JIS 20K<\/td>\n<td align=\"middle\">\u221a<\/td>\n<td align=\"middle\">\u221a<\/td>\n<td align=\"middle\">\u221a<\/td>\n<td align=\"middle\">\u221a<\/td>\n<td align=\"middle\">\u221a<\/td>\n<td align=\"middle\">\u221a<\/td>\n<td align=\"middle\">\u221a<\/td>\n<td align=\"middle\">\u221a<\/td>\n<td align=\"middle\">\u221a<\/td>\n<td align=\"middle\">\u221a<\/td>\n<td align=\"middle\">\u221a<\/td>\n<td align=\"middle\">\u221a<\/td>\n<td align=\"middle\"><\/td>\n<\/tr>\n<\/tbody>\n<\/table>\n<p>Fabricante chino de v\u00e1lvulas de bola de titanio, OUdian suministra v\u00e1lvulas de bola flotantes de titanio, v\u00e1lvulas de bola flotantes TA2, v\u00e1lvulas de bola de titanio DN25, v\u00e1lvulas de bola flotantes de titanio PN16.<\/p>","protected":false},"excerpt":{"rendered":"<p>Est\u00e1ndar de dise\u00f1o: API 6D<br \/>\nA prueba de fuego: API 607\/6FA<br \/>\nClasificaciones de presi\u00f3n y temperatura: ASME B16.34<br \/>\nRango de tama\u00f1os: 2\u201d a 48\u201d<br \/>\nRango de presi\u00f3n: Clase 150 a 2500<br \/>\nConexiones finales: RF con bridas, RTJ, soldadura a tope<br \/>\nTipo de bola: bola s\u00f3lida forjada, montada sobre mu\u00f1\u00f3n<br \/>\nDimensiones del extremo bridado: ASME B16.5 (\u226424\u201d), ASME B16.47 Serie A o B (&gt;24\u201d)<br \/>\nDimensiones del extremo de soldadura a tope: ASME B16.25 cara a cara<br \/>\nDimensiones cara a cara: ASME B16.10<br \/>\nInspecci\u00f3n y Pruebas: API 6D<br \/>\nMateriales del cuerpo: ZTA1, ZTA2, ZTA3, ZTA9, ZTA10, ZTC4 TA1, TA2, TA3, TA9, TA10, TC4 Titanio Gr2, Gr3, Gr5, Gr6, Gr7, Gr12 Titanio GrC2, GrC3, GrC5, GrC6, Ti-Pd7B, GrC12 Titanio GrF2, Gr3F, GrF5, GrF6, GrF7, GrF12<br \/>\nMateriales del asiento: PTFE, RPTFE, DEVLON, NYLON, PEEK, metal completo con revestimiento duro.<\/p>\n<p>&nbsp;<\/p>\n<p>Caracter\u00edsticas del producto<\/p>\n<p>.La resistencia al flujo es peque\u00f1a;<br \/>\n2.Asiento de pist\u00f3n, dise\u00f1o de estructura antiest\u00e1tica de protecci\u00f3n contra incendios;<br \/>\n3.Sin limitaci\u00f3n en la direcci\u00f3n del flujo del medio;<br \/>\n4.Cuando la v\u00e1lvula est\u00e1 en posici\u00f3n completamente abierta, las superficies del asiento est\u00e1n fuera del flujo de flujo que siempre est\u00e1 en pleno contacto con la compuerta que puede proteger las superficies del asiento y es adecuada para limpiar la tuber\u00eda;<br \/>\n5.Se puede elegir un embalaje con resorte;<br \/>\n6. El embalaje de bajas emisiones se puede elegir de acuerdo con el requisito ISO 15848;<br \/>\n7.Se puede elegir el dise\u00f1o extendido del v\u00e1stago;<br \/>\n8.Se puede elegir el dise\u00f1o del asiento de metal a metal;<br \/>\n9.Se puede elegir el dise\u00f1o DBB,DIB-1,DIB-2;<br \/>\n10.La bola se fija con una placa de soporte y un eje fijo;<\/p>","protected":false},"featured_media":18377,"template":"","meta":{"advanced_seo_description":"","jetpack_seo_html_title":"","jetpack_seo_noindex":false},"product_brand":[],"product_cat":[83],"product_tag":[378,384,379,382,383],"class_list":{"0":"post-18376","1":"product","2":"type-product","3":"status-publish","4":"has-post-thumbnail","6":"product_cat-ball-valves","7":"product_tag-china-titanium-ball-valve-manufacturer","8":"product_tag-dn25-titanium-ball-valve","9":"product_tag-oudian-supplies-titanium-floating-ball-valve","10":"product_tag-pn16-titanium-floating-ball-valve","11":"product_tag-ta2-floating-ball-valve","13":"first","14":"instock","15":"shipping-taxable","16":"product-type-simple"},"jetpack_sharing_enabled":true,"_links":{"self":[{"href":"https:\/\/oudianvalve.com\/es\/wp-json\/wp\/v2\/product\/18376","targetHints":{"allow":["GET"]}}],"collection":[{"href":"https:\/\/oudianvalve.com\/es\/wp-json\/wp\/v2\/product"}],"about":[{"href":"https:\/\/oudianvalve.com\/es\/wp-json\/wp\/v2\/types\/product"}],"wp:featuredmedia":[{"embeddable":true,"href":"https:\/\/oudianvalve.com\/es\/wp-json\/wp\/v2\/media\/18377"}],"wp:attachment":[{"href":"https:\/\/oudianvalve.com\/es\/wp-json\/wp\/v2\/media?parent=18376"}],"wp:term":[{"taxonomy":"product_brand","embeddable":true,"href":"https:\/\/oudianvalve.com\/es\/wp-json\/wp\/v2\/product_brand?post=18376"},{"taxonomy":"product_cat","embeddable":true,"href":"https:\/\/oudianvalve.com\/es\/wp-json\/wp\/v2\/product_cat?post=18376"},{"taxonomy":"product_tag","embeddable":true,"href":"https:\/\/oudianvalve.com\/es\/wp-json\/wp\/v2\/product_tag?post=18376"}],"curies":[{"name":"wp","href":"https:\/\/api.w.org\/{rel}","templated":true}]}}