{"id":18374,"date":"2025-06-14T00:42:54","date_gmt":"2025-06-14T00:42:54","guid":{"rendered":"https:\/\/oudianvalve.com\/?post_type=product&#038;p=18374"},"modified":"2025-06-14T00:54:46","modified_gmt":"2025-06-14T00:54:46","slug":"ta10-ball-valve-pn16-dn20-rf-end","status":"publish","type":"product","link":"https:\/\/oudianvalve.com\/es\/products\/ball-valves\/ta10-ball-valve-pn16-dn20-rf-end\/","title":{"rendered":"V\u00e1lvula de bola TA10, PN16, DN20, extremo RF"},"content":{"rendered":"<p>Descripci\u00f3n de la v\u00e1lvula:<br \/>\nTipo de v\u00e1lvula: v\u00e1lvula de bola flotante<br \/>\nMaterial del cuerpo: Titanio TA10.<br \/>\nDi\u00e1metro nominal: DN20<br \/>\nClasificaci\u00f3n de presi\u00f3n: PN16<br \/>\nConexi\u00f3n final: Brida RF<br \/>\nTemperatura de trabajo: -29\u2103~+200\u2103.<br \/>\nFuncionamiento: Palanca.<\/p>\n<p>La v\u00e1lvula de bola TA10 de acero forjado es de paso total. Se abre o cierra girando el v\u00e1stago en un \u00e1ngulo de 90 grados. Seg\u00fan las diferentes presiones de aplicaci\u00f3n, se divide en v\u00e1lvulas de bola de acero forjado de baja presi\u00f3n y v\u00e1lvulas de bola de acero forjado de alta presi\u00f3n. Este tipo de v\u00e1lvula de bola es compacta, ligera, de estructura simple y sellado fiable, y el fluido fluye en una sola direcci\u00f3n seg\u00fan la flecha marcada en el cuerpo de la v\u00e1lvula. Las piezas son intercambiables, lo que facilita su mantenimiento posterior y reduce su coste.<br \/>\nEn comparaci\u00f3n con la v\u00e1lvula de bola de fundici\u00f3n,<\/p>\n<p>La v\u00e1lvula de bola de acero forjado TA10 es relativamente m\u00e1s compacta y no presenta problemas como agujeros de arena, burbujas ni holgura. Debido al proceso de forjado, la v\u00e1lvula no suele formarse de una sola vez, sino que debe forjarse modularmente por separado y luego conectarse mediante pernos, tuercas o soldadura. Por lo tanto, el calibre de producci\u00f3n presenta ciertas limitaciones. El di\u00e1metro del asiento de la v\u00e1lvula forjada es relativamente fijo. En algunos tama\u00f1os de v\u00e1lvula, su di\u00e1metro es relativamente peque\u00f1o, lo que afecta el caudal. Si se requiere forjar una v\u00e1lvula grande, debido a las limitaciones del proceso de forjado, se suele adoptar la estructura de fundici\u00f3n central del cuerpo de la v\u00e1lvula y forjado en ambos extremos. Por lo tanto, tanto si se trata de fundici\u00f3n como de forjado, pueden existir deficiencias en el proceso de procesamiento que deben solucionarse t\u00e9cnicamente.<\/p>\n<p>La v\u00e1lvula de bola de acero forjado TA10 se fabrica forjando la aleaci\u00f3n de titanio TA10. El TA10 es una aleaci\u00f3n de titanio resistente a la corrosi\u00f3n. Se trata de una aleaci\u00f3n casi \u03b1 desarrollada para mejorar la resistencia a la corrosi\u00f3n por grietas del titanio puro. El n\u00edquel mejora la resistencia a la corrosi\u00f3n por grietas del titanio en soluci\u00f3n de \u00e1cido clorh\u00eddrico. La aleaci\u00f3n contiene 0,31 TP\u2083T Mo y 0,81 TP\u2083T Ni (Ti-0,3 Mo-0,8 Ni). En \u00e1cidos reductores, se puede a\u00f1adir molibdeno para mejorar su resistencia a la corrosi\u00f3n en medios reductores.<\/p>\n<p>Composici\u00f3n del material de la v\u00e1lvula de bola de acero forjado TA10<\/p>\n<p>&nbsp;<\/p>\n<table style=\"height: 317px;\" border=\"2\" width=\"850\" cellspacing=\"0\" cellpadding=\"0\">\n<tbody>\n<tr>\n<td colspan=\"3\" valign=\"top\" width=\"30\" height=\"40\">Composici\u00f3n principal<\/p>\n<p>&nbsp;<\/td>\n<td colspan=\"7\" valign=\"top\" width=\"70\" height=\"40\">Impurezas, no m\u00e1s de<\/td>\n<\/tr>\n<tr>\n<td rowspan=\"2\" valign=\"top\" width=\"10\" height=\"40\">Ti<\/td>\n<td rowspan=\"2\" valign=\"top\" width=\"10\" height=\"40\">Mes<\/td>\n<td rowspan=\"2\" valign=\"top\" width=\"10\" height=\"40\">Ni<\/td>\n<td rowspan=\"2\" valign=\"top\" width=\"10\" height=\"40\">F\u00e9<\/td>\n<td rowspan=\"2\" valign=\"top\" width=\"10\" height=\"40\">do<\/td>\n<td rowspan=\"2\" valign=\"top\" width=\"10\" height=\"40\">norte<\/td>\n<td rowspan=\"2\" valign=\"top\" width=\"10\" height=\"40\">H<\/td>\n<td rowspan=\"2\" valign=\"top\" width=\"10\" height=\"40\">Oh<\/td>\n<td colspan=\"2\" valign=\"top\" width=\"140\" height=\"40\">Otros elementos<\/td>\n<\/tr>\n<tr>\n<td valign=\"top\" width=\"10\" height=\"40\">Unidad<\/td>\n<td valign=\"top\" width=\"10\" height=\"40\">Total<\/td>\n<\/tr>\n<tr>\n<td valign=\"top\" width=\"10\" height=\"40\">margen<\/td>\n<td valign=\"top\" width=\"10\" height=\"40\">0,2\uff5e0,4<\/td>\n<td valign=\"top\" width=\"10\" height=\"40\">0,6\uff5e0,9<\/td>\n<td valign=\"top\" width=\"10\" height=\"40\">0.30<\/td>\n<td valign=\"top\" width=\"10\" height=\"40\">0.08<\/td>\n<td valign=\"top\" width=\"10\" height=\"40\">0.03<\/td>\n<td valign=\"top\" width=\"10\" height=\"40\">0.015<\/td>\n<td valign=\"top\" width=\"10\" height=\"40\">0.25<\/td>\n<td valign=\"top\" width=\"10\" height=\"40\">0.10<\/td>\n<td valign=\"top\" width=\"10\" height=\"40\">0.40<\/td>\n<\/tr>\n<\/tbody>\n<\/table>\n<p>Podemos producir v\u00e1lvulas de bola de aleaci\u00f3n de titanio TA10, v\u00e1lvulas de compuerta de titanio, v\u00e1lvulas de globo, v\u00e1lvulas de retenci\u00f3n, etc.<br \/>\nFabricante chino de v\u00e1lvulas de bola de titanio, OUdian suministra v\u00e1lvulas de bola flotantes de titanio, v\u00e1lvulas de bola flotantes TA10, v\u00e1lvulas de bola de titanio DN20, v\u00e1lvulas de bola flotantes de titanio PN16.<\/p>","protected":false},"excerpt":{"rendered":"<p>Est\u00e1ndar de dise\u00f1o: API 6D<br \/>\nA prueba de fuego: API 607\/6FA<br \/>\nClasificaciones de presi\u00f3n y temperatura: ASME B16.34<br \/>\nRango de tama\u00f1os: 2\u201d a 48\u201d<br \/>\nRango de presi\u00f3n: Clase 150 a 2500<br \/>\nConexiones finales: RF con bridas, RTJ, soldadura a tope<br \/>\nTipo de bola: bola s\u00f3lida forjada, montada sobre mu\u00f1\u00f3n<br \/>\nDimensiones del extremo bridado: ASME B16.5 (\u226424\u201d), ASME B16.47 Serie A o B (&gt;24\u201d)<br \/>\nDimensiones del extremo de soldadura a tope: ASME B16.25 cara a cara<br \/>\nDimensiones cara a cara: ASME B16.10<br \/>\nInspecci\u00f3n y Pruebas: API 6D<br \/>\nMateriales del cuerpo: ZTA1, ZTA2, ZTA3, ZTA9, ZTA10, ZTC4 TA1, TA2, TA3, TA9, TA10, TC4 Titanio Gr2, Gr3, Gr5, Gr6, Gr7, Gr12 Titanio GrC2, GrC3, GrC5, GrC6, Ti-Pd7B, GrC12 Titanio GrF2, Gr3F, GrF5, GrF6, GrF7, GrF12<br \/>\nMateriales del asiento: PTFE, RPTFE, DEVLON, NYLON, PEEK, metal completo con revestimiento duro.<\/p>\n<p>&nbsp;<\/p>\n<p>Caracter\u00edsticas del producto<\/p>\n<p>.La resistencia al flujo es peque\u00f1a;<br \/>\n2.Asiento de pist\u00f3n, dise\u00f1o de estructura antiest\u00e1tica de protecci\u00f3n contra incendios;<br \/>\n3.Sin limitaci\u00f3n en la direcci\u00f3n del flujo del medio;<br \/>\n4.Cuando la v\u00e1lvula est\u00e1 en posici\u00f3n completamente abierta, las superficies del asiento est\u00e1n fuera del flujo de flujo que siempre est\u00e1 en pleno contacto con la compuerta que puede proteger las superficies del asiento y es adecuada para limpiar la tuber\u00eda;<br \/>\n5.Se puede elegir un embalaje con resorte;<br \/>\n6. El embalaje de bajas emisiones se puede elegir de acuerdo con el requisito ISO 15848;<br \/>\n7.Se puede elegir el dise\u00f1o extendido del v\u00e1stago;<br \/>\n8.Se puede elegir el dise\u00f1o del asiento de metal a metal;<br \/>\n9.Se puede elegir el dise\u00f1o DBB,DIB-1,DIB-2;<br \/>\n10.La bola se fija con una placa de soporte y un eje fijo;<\/p>","protected":false},"featured_media":18375,"template":"","meta":{"advanced_seo_description":"","jetpack_seo_html_title":"","jetpack_seo_noindex":false},"product_brand":[],"product_cat":[83],"product_tag":[378,381,379,382,380,377,376],"class_list":{"0":"post-18374","1":"product","2":"type-product","3":"status-publish","4":"has-post-thumbnail","6":"product_cat-ball-valves","7":"product_tag-china-titanium-ball-valve-manufacturer","8":"product_tag-dn20-titanium-ball-valve","9":"product_tag-oudian-supplies-titanium-floating-ball-valve","10":"product_tag-pn16-titanium-floating-ball-valve","11":"product_tag-ta10-floating-ball-valve","12":"product_tag-ta10-titanium-floating-ball-valve","13":"product_tag-titanium-floating-ball-valve","15":"first","16":"instock","17":"shipping-taxable","18":"product-type-simple"},"jetpack_sharing_enabled":true,"_links":{"self":[{"href":"https:\/\/oudianvalve.com\/es\/wp-json\/wp\/v2\/product\/18374","targetHints":{"allow":["GET"]}}],"collection":[{"href":"https:\/\/oudianvalve.com\/es\/wp-json\/wp\/v2\/product"}],"about":[{"href":"https:\/\/oudianvalve.com\/es\/wp-json\/wp\/v2\/types\/product"}],"wp:featuredmedia":[{"embeddable":true,"href":"https:\/\/oudianvalve.com\/es\/wp-json\/wp\/v2\/media\/18375"}],"wp:attachment":[{"href":"https:\/\/oudianvalve.com\/es\/wp-json\/wp\/v2\/media?parent=18374"}],"wp:term":[{"taxonomy":"product_brand","embeddable":true,"href":"https:\/\/oudianvalve.com\/es\/wp-json\/wp\/v2\/product_brand?post=18374"},{"taxonomy":"product_cat","embeddable":true,"href":"https:\/\/oudianvalve.com\/es\/wp-json\/wp\/v2\/product_cat?post=18374"},{"taxonomy":"product_tag","embeddable":true,"href":"https:\/\/oudianvalve.com\/es\/wp-json\/wp\/v2\/product_tag?post=18374"}],"curies":[{"name":"wp","href":"https:\/\/api.w.org\/{rel}","templated":true}]}}