{"id":18371,"date":"2025-06-01T14:39:06","date_gmt":"2025-06-01T14:39:06","guid":{"rendered":"https:\/\/oudianvalve.com\/?post_type=product&#038;p=18371"},"modified":"2025-06-01T14:39:07","modified_gmt":"2025-06-01T14:39:07","slug":"perfluoroether-o-ring-ball-valve-300lb-3-inch-cf8-rf-end","status":"publish","type":"product","link":"https:\/\/oudianvalve.com\/es\/products\/ball-valves\/perfluoroether-o-ring-ball-valve-300lb-3-inch-cf8-rf-end\/","title":{"rendered":"V\u00e1lvula de bola con junta t\u00f3rica de perfluoro\u00e9ter, 300 lb, 3 pulgadas, CF8, extremo RF"},"content":{"rendered":"<p>1. Introducci\u00f3n a la v\u00e1lvula de bola con junta t\u00f3rica de perfluoro\u00e9ter<br \/>\nEn el campo del control de fluidos industriales, las v\u00e1lvulas son componentes clave, y su rendimiento est\u00e1 directamente relacionado con la seguridad, la fiabilidad y la eficiencia del sistema. Con el continuo avance de la tecnolog\u00eda industrial, se imponen mayores exigencias a la adaptabilidad de las v\u00e1lvulas en condiciones de trabajo extremas. Como producto innovador que combina materiales de sellado de alto rendimiento con estructuras de v\u00e1lvula de bola avanzadas, las v\u00e1lvulas de bola de perfluoro\u00e9ter con junta t\u00f3rica se est\u00e1n convirtiendo gradualmente en la mejor soluci\u00f3n para el control de fluidos en sectores de alta gama como el qu\u00edmico, el petrolero y el aeroespacial. Este art\u00edculo analizar\u00e1 exhaustivamente las principales ventajas de las v\u00e1lvulas de bola de perfluoro\u00e9ter con junta t\u00f3rica desde el punto de vista de sus caracter\u00edsticas estructurales, propiedades del material y campos de aplicaci\u00f3n.<\/p>\n<p>2. Caracter\u00edsticas estructurales y dise\u00f1o funcional de v\u00e1lvulas de bola con junta t\u00f3rica de perfluoro\u00e9ter<br \/>\n(I) La diferencia fundamental entre bolas flotantes y bolas fijas<br \/>\nLas v\u00e1lvulas de bola con junta t\u00f3rica de perfluoro\u00e9ter se dividen en dos tipos: flotantes y fijas, seg\u00fan el m\u00e9todo de fijaci\u00f3n. Las diferencias estructurales determinan directamente los escenarios de aplicaci\u00f3n:<\/p>\n<p>v\u00e1lvula de bola flotante<br \/>\nLa bola est\u00e1 conectada al cuerpo de la v\u00e1lvula solo a trav\u00e9s del v\u00e1stago de la v\u00e1lvula inferior, y el v\u00e1stago de la v\u00e1lvula superior solo transmite torque sin restricciones fijas.<br \/>\nDurante el funcionamiento, la presi\u00f3n media empuja la bola hacia el extremo de salida para formar un sello din\u00e1mico con el asiento de la v\u00e1lvula.<br \/>\nVentajas: estructura simple, bajo costo, adecuado para condiciones de trabajo con baja presi\u00f3n y medios limpios.<br \/>\nLimitaciones: bajo alta presi\u00f3n, la fricci\u00f3n entre la bola y el asiento de la v\u00e1lvula se intensifica, lo que puede provocar f\u00e1cilmente el desgaste de la superficie de sellado y una estabilidad insuficiente a largo plazo.<br \/>\nv\u00e1lvula de bola fija<br \/>\nLa bola est\u00e1 conectada r\u00edgidamente al cuerpo de la v\u00e1lvula a trav\u00e9s de los v\u00e1stagos de la v\u00e1lvula superior e inferior, y solo se mueve alrededor del eje cuando gira.<br \/>\nEl asiento de la v\u00e1lvula adopta una estructura el\u00e1stica de preajuste, que compensa autom\u00e1ticamente el desgaste a trav\u00e9s de la presi\u00f3n media para garantizar un sellado a largo plazo.<br \/>\nVentajas: fuerte capacidad de soporte de presi\u00f3n, rendimiento de sellado estable, adecuado para condiciones de trabajo en medios corrosivos, de alta presi\u00f3n y alta temperatura.<br \/>\nAplicaciones t\u00edpicas: oleoductos, reactores qu\u00edmicos, sistemas hidr\u00e1ulicos aeroespaciales, etc.<br \/>\n(II) Dise\u00f1o ign\u00edfugo, antiest\u00e1tico y antivuelo del v\u00e1stago de la v\u00e1lvula.<br \/>\nPara condiciones de trabajo de alto riesgo, la v\u00e1lvula de bola con junta t\u00f3rica de perfluoro\u00e9ter adopta m\u00faltiples dise\u00f1os de seguridad:<\/p>\n<p>Funci\u00f3n ign\u00edfuga y antiest\u00e1tica.<br \/>\nEl cuerpo de la v\u00e1lvula y la bola adoptan un dise\u00f1o de contacto de metal-metal, y la electricidad est\u00e1tica se puede liberar a la conexi\u00f3n a tierra del sistema a trav\u00e9s de una ruta conductora.<br \/>\nEl material de sellado es caucho de perfluoro\u00e9ter (FFKM), cuya resistencia a altas temperaturas puede prevenir fallas del sello durante un incendio y evitar desastres secundarios causados por fugas del medio.<br \/>\nEstructura antivuelo del v\u00e1stago de la v\u00e1lvula<br \/>\nSe dise\u00f1a un escal\u00f3n l\u00edmite en la parte inferior del v\u00e1stago de la v\u00e1lvula y se configura una tuerca antideslizante en la parte superior para garantizar que el v\u00e1stago de la v\u00e1lvula permanezca conectado a la bola en condiciones de alta presi\u00f3n.<br \/>\nLa superficie del v\u00e1stago de la v\u00e1lvula est\u00e1 cromada dura para mejorar la resistencia al desgaste y a la corrosi\u00f3n y prolongar la vida \u00fatil.<br \/>\n(III) El papel fundamental de las juntas t\u00f3ricas de perfluoro\u00e9ter<br \/>\nComo componente de sellado clave de la v\u00e1lvula de bola, el rendimiento de las juntas t\u00f3ricas de perfluoro\u00e9ter determina directamente la confiabilidad de la v\u00e1lvula:<\/p>\n<p>Compensaci\u00f3n din\u00e1mica de sellado<br \/>\nEn las v\u00e1lvulas de bola flotantes, las juntas t\u00f3ricas compensan el espacio entre la bola y el asiento de la v\u00e1lvula mediante una deformaci\u00f3n el\u00e1stica para garantizar el sellado en condiciones de baja presi\u00f3n.<br \/>\nEn las v\u00e1lvulas de bola fijas, las juntas t\u00f3ricas sirven como portadores el\u00e1sticos de la fuerza de precarga del asiento de la v\u00e1lvula y soportan el impacto de medios de alta presi\u00f3n sin fallar.<br \/>\nGarant\u00eda de compatibilidad de medios<br \/>\nLa inercia qu\u00edmica del caucho de perfluoro\u00e9ter puede resistir la corrosi\u00f3n de m\u00e1s de 1.600 medios, como \u00e1cidos fuertes, \u00e1lcalis fuertes y solventes org\u00e1nicos, y evitar la hinchaz\u00f3n o disoluci\u00f3n de los materiales de sellado.<br \/>\nLa resistencia a altas temperaturas (uso a largo plazo a 300 \u00b0C, uso intermitente a 327 \u00b0C) garantiza la estabilidad del sellado en condiciones de alta temperatura.<br \/>\nAntienvejecimiento y larga vida.<br \/>\nNo existe ning\u00fan enlace CH en la estructura de la cadena molecular del caucho de perfluoro\u00e9ter, lo que puede resistir eficazmente factores de envejecimiento ambiental como el ozono y los rayos ultravioleta.<br \/>\nLa baja tasa de compresi\u00f3n (\u226450% a 300 \u00b0C) garantiza que el rendimiento del sellado se pueda mantener despu\u00e9s de un uso a largo plazo.<br \/>\nIII. An\u00e1lisis de materiales de caucho de perfluoro\u00e9ter (FFKM)<br \/>\n(I) Composici\u00f3n qu\u00edmica y estructura molecular<br \/>\nEl caucho de perfluoro\u00e9ter (FFKM) es un terpol\u00edmero con politetrafluoroetileno (PTFE) como cadena principal y perfluorometil vinil \u00e9ter (PMVE) como cadena lateral. Sus caracter\u00edsticas de estructura molecular incluyen:<\/p>\n<p>Segmento de cadena completamente fluorado<br \/>\nLa cadena principal y la cadena lateral se reemplazan por \u00e1tomos de fl\u00faor para formar una densa capa protectora de fluorocarbono, que le da al material una excelente inercia qu\u00edmica.<br \/>\nEstructura de red reticulada<br \/>\nLa red reticulada tridimensional se forma mediante el sistema de vulcanizaci\u00f3n con per\u00f3xido o bisfenol para mejorar la resistencia mec\u00e1nica y la estabilidad t\u00e9rmica del material.<br \/>\n(II) Propiedades f\u00edsicas y qu\u00edmicas<br \/>\nResistencia a altas temperaturas<br \/>\nTemperatura de uso continuo: 260-290 \u2103<br \/>\nResistencia a temperaturas a corto plazo: 316 \u2103 (temperatura constante), 343 \u2103 (intermitente)<br \/>\nRendimiento a baja temperatura: -19 \u2103 (temperatura de transici\u00f3n v\u00edtrea)<br \/>\nResistencia qu\u00edmica<br \/>\nFuerte resistencia a los \u00e1cidos: \u00e1cido sulf\u00farico, \u00e1cido clorh\u00eddrico, \u00e1cido n\u00edtrico (concentraci\u00f3n \u226498%)<br \/>\nFuerte resistencia a los \u00e1lcalis: hidr\u00f3xido de sodio, hidr\u00f3xido de potasio (concentraci\u00f3n \u226450%)<br \/>\nResistencia a disolventes org\u00e1nicos: cetonas, \u00e9steres, \u00e9teres, hidrocarburos arom\u00e1ticos<br \/>\nResistencia a la oxidaci\u00f3n: puede estar expuesto a entornos oxidantes fuertes como el ozono y el per\u00f3xido de hidr\u00f3geno durante mucho tiempo.<br \/>\nPropiedades mec\u00e1nicas<br \/>\nDureza (Shore A): 60-90<br \/>\nResistencia a la tracci\u00f3n: 10-20 MPa<br \/>\nAlargamiento de rotura: 150-300%<br \/>\nTasa de deformaci\u00f3n por compresi\u00f3n (300 \u00b0C \u00d7 70 h): \u226450%<br \/>\n(III) Comparaci\u00f3n de la resistencia a la corrosi\u00f3n<br \/>\nLa resistencia a la corrosi\u00f3n del caucho de perfluoro\u00e9ter es significativamente mejor que la del caucho fluorado tradicional (FKM) y el caucho de nitrilo (NBR):<br \/>\nTipo medio Caucho de perfluoro\u00e9ter (FFKM) Caucho de fl\u00faor (FKM) Caucho de nitrilo (NBR)<br \/>\n\u00c1cido sulf\u00farico concentrado (98%) Grado A (sin hinchamiento) Grado C (hinchamiento parcial) Grado D (completamente disuelto)<br \/>\nHidr\u00f3xido de sodio (50%) Grado A Grado B (ligera hinchaz\u00f3n) Grado D<br \/>\nTolueno Grado A Grado B Grado D<br \/>\nPer\u00f3xido de hidr\u00f3geno (30%) Grado A Grado C Grado D<br \/>\nIV. Aplicaci\u00f3n industrial de la v\u00e1lvula de bola con junta t\u00f3rica de perfluoro\u00e9ter<br \/>\n(I) Industria qu\u00edmica y petrolera<br \/>\nSello del reactor y del agitador<br \/>\nEn condiciones de \u00e1cido fuerte, \u00e1lcali fuerte y solvente org\u00e1nico de alta temperatura, las v\u00e1lvulas de bola de junta t\u00f3rica de perfluoro\u00e9ter pueden garantizar el funcionamiento sin fugas del reactor y evitar la contaminaci\u00f3n cruzada del medio.<br \/>\nTuber\u00edas y v\u00e1lvulas de petr\u00f3leo<br \/>\nEn pozos de petr\u00f3leo altamente corrosivos que contienen sulfuro de hidr\u00f3geno y di\u00f3xido de carbono, las v\u00e1lvulas de bola fijas con juntas t\u00f3ricas de perfluoro\u00e9ter pueden soportar una presi\u00f3n de 20 MPa y prolongar la vida \u00fatil de la tuber\u00eda.<br \/>\n(II) Campo aeroespacial<br \/>\nSistema hidr\u00e1ulico del motor aeroespacial<br \/>\nBajo diferencias extremas de temperatura de -55 \u2103 a 300 \u2103, las v\u00e1lvulas de bola de junta t\u00f3rica de perfluoro\u00e9ter pueden mantener el sellado del sistema de combustible y evitar que las fugas de aceite hidr\u00e1ulico provoquen incendios.<br \/>\nSistema de propulsi\u00f3n de naves espaciales<br \/>\nEn entornos de vac\u00edo y oxidantes (como el propulsor de ox\u00edgeno l\u00edquido), la baja temperatura y la resistencia a la oxidaci\u00f3n del caucho de perfluoro\u00e9ter garantizan un funcionamiento confiable a largo plazo de la v\u00e1lvula.<br \/>\n(III) Industria de fabricaci\u00f3n de semiconductores<br \/>\nTransporte de medios de alta pureza<br \/>\nEn procesos como el grabado de chips y la deposici\u00f3n qu\u00edmica de vapor (CVD), las v\u00e1lvulas de bola con junta t\u00f3rica de perfluoro\u00e9ter pueden evitar que los iones met\u00e1licos se precipiten y contaminen la superficie de la oblea.<br \/>\nSellado del sistema de vac\u00edo<br \/>\nCon la superficie de sellado de metal, la v\u00e1lvula puede lograr un vac\u00edo ultra alto de 1,33\u00d710\u207b\u2077 Pa, cumpliendo con los estrictos requisitos de limpieza de los equipos semiconductores.<br \/>\n(IV) Biomedicina y procesamiento de alimentos<br \/>\nEquipos de llenado as\u00e9ptico<br \/>\nLas caracter\u00edsticas no t\u00f3xicas y de no precipitaci\u00f3n de las juntas t\u00f3ricas de perfluoro\u00e9ter cumplen con los est\u00e1ndares de la FDA, lo que garantiza la seguridad y el cumplimiento de la producci\u00f3n de medicamentos y alimentos.<br \/>\nSistema de esterilizaci\u00f3n de alta temperatura<br \/>\nEn condiciones de esterilizaci\u00f3n con vapor de 121 \u2103, la v\u00e1lvula de bola puede soportar 500 ciclos de esterilizaci\u00f3n sin fallas, lo que extiende el ciclo de mantenimiento del equipo.<\/p>","protected":false},"excerpt":{"rendered":"<p>Est\u00e1ndar de dise\u00f1o: API 6D<br \/>\nA prueba de fuego: API 607\/6FA<br \/>\nClasificaciones de presi\u00f3n y temperatura: ASME B16.34<br \/>\nRango de tama\u00f1os: 2\u201d a 48\u201d<br \/>\nRango de presi\u00f3n: Clase 150 a 2500<br \/>\nConexiones finales: RF con bridas, RTJ, soldadura a tope<br \/>\nTipo de bola: bola s\u00f3lida forjada, montada sobre mu\u00f1\u00f3n<br \/>\nDimensiones del extremo bridado: ASME B16.5 (\u226424\u201d), ASME B16.47 Serie A o B (&gt;24\u201d)<br \/>\nDimensiones del extremo de soldadura a tope: ASME B16.25 cara a cara<br \/>\nDimensiones cara a cara: ASME B16.10<br \/>\nInspecci\u00f3n y Pruebas: API 6D<br \/>\nMateriales del cuerpo: WCB, CF8, CF8M CF3M, 4A,5A,6A, C95800.<br \/>\nMateriales del asiento: PTFE, RPTFE, DEVLON, NYLON, PEEK, metal completo con revestimiento duro.<\/p>\n<p>&nbsp;<\/p>\n<p>Caracter\u00edsticas del producto<\/p>\n<p>.La resistencia al flujo es peque\u00f1a;<br \/>\n2.Asiento de pist\u00f3n, dise\u00f1o de estructura antiest\u00e1tica de protecci\u00f3n contra incendios;<br \/>\n3.Sin limitaci\u00f3n en la direcci\u00f3n del flujo del medio;<br \/>\n4.Cuando la v\u00e1lvula est\u00e1 en posici\u00f3n completamente abierta, las superficies del asiento est\u00e1n fuera del flujo de flujo que siempre est\u00e1 en pleno contacto con la compuerta que puede proteger las superficies del asiento y es adecuada para limpiar la tuber\u00eda;<br \/>\n5.Se puede elegir un embalaje con resorte;<br \/>\n6. El embalaje de bajas emisiones se puede elegir de acuerdo con el requisito ISO 15848;<br \/>\n7.Se puede elegir el dise\u00f1o extendido del v\u00e1stago;<br \/>\n8.Se puede elegir el dise\u00f1o del asiento de metal a metal;<br \/>\n9.Se puede elegir el dise\u00f1o DBB,DIB-1,DIB-2;<br \/>\n10.La bola se fija con una placa de soporte y un eje fijo;<\/p>","protected":false},"featured_media":18372,"template":"","meta":{"advanced_seo_description":"","jetpack_seo_html_title":"","jetpack_seo_noindex":false},"product_brand":[],"product_cat":[83],"product_tag":[373,372,374,371,375],"class_list":{"0":"post-18371","1":"product","2":"type-product","3":"status-publish","4":"has-post-thumbnail","6":"product_cat-ball-valves","7":"product_tag-3-inch-perfluoroether-o-ring-ball-valve","8":"product_tag-300lb-perfluoroether-o-ring-ball-valve","9":"product_tag-cf8-perfluoroether-o-ring-ball-valve","10":"product_tag-perfluoroether-o-ring-ball-valve","11":"product_tag-rf-end-perfluoroether-o-ring-ball-valve","13":"first","14":"instock","15":"shipping-taxable","16":"product-type-simple"},"jetpack_sharing_enabled":true,"_links":{"self":[{"href":"https:\/\/oudianvalve.com\/es\/wp-json\/wp\/v2\/product\/18371","targetHints":{"allow":["GET"]}}],"collection":[{"href":"https:\/\/oudianvalve.com\/es\/wp-json\/wp\/v2\/product"}],"about":[{"href":"https:\/\/oudianvalve.com\/es\/wp-json\/wp\/v2\/types\/product"}],"wp:featuredmedia":[{"embeddable":true,"href":"https:\/\/oudianvalve.com\/es\/wp-json\/wp\/v2\/media\/18372"}],"wp:attachment":[{"href":"https:\/\/oudianvalve.com\/es\/wp-json\/wp\/v2\/media?parent=18371"}],"wp:term":[{"taxonomy":"product_brand","embeddable":true,"href":"https:\/\/oudianvalve.com\/es\/wp-json\/wp\/v2\/product_brand?post=18371"},{"taxonomy":"product_cat","embeddable":true,"href":"https:\/\/oudianvalve.com\/es\/wp-json\/wp\/v2\/product_cat?post=18371"},{"taxonomy":"product_tag","embeddable":true,"href":"https:\/\/oudianvalve.com\/es\/wp-json\/wp\/v2\/product_tag?post=18371"}],"curies":[{"name":"wp","href":"https:\/\/api.w.org\/{rel}","templated":true}]}}