{"id":18366,"date":"2025-06-01T14:04:05","date_gmt":"2025-06-01T14:04:05","guid":{"rendered":"https:\/\/oudianvalve.com\/?post_type=product&#038;p=18366"},"modified":"2025-06-01T14:09:14","modified_gmt":"2025-06-01T14:09:14","slug":"dn250-wedge-gate-valve-pn63-gs-c25-din-3352-en-1984","status":"publish","type":"product","link":"https:\/\/oudianvalve.com\/es\/products\/gate-valves\/dn250-wedge-gate-valve-pn63-gs-c25-din-3352-en-1984\/","title":{"rendered":"V\u00e1lvula de compuerta de cu\u00f1a DN250, PN63, GS-C25, DIN 3352, EN 1984"},"content":{"rendered":"<p>Descripci\u00f3n de la v\u00e1lvula:<br \/>\nNombre del producto: V\u00e1lvula de compuerta de cu\u00f1a DN250<br \/>\nDise\u00f1o: EN 1984, DIN 3352<br \/>\nMaterial: GS-C25.<br \/>\nTama\u00f1o nominal: DN250<br \/>\nPresi\u00f3n nominal: PN63.<br \/>\nExtremos de conexi\u00f3n: RF X RF, seg\u00fan EN 1092-1\/B1.<br \/>\nCara a cara: EN 558-1\/l\u00ednea 15<br \/>\nModelo de funcionamiento: Volante, caja de engranajes, v\u00e1stago desnudo<br \/>\nPrueba e inspecci\u00f3n: EN 12266-1.<\/p>\n<p>Par\u00e1metros t\u00e9cnicos y caracter\u00edsticas<br \/>\nTipo de producto: V\u00e1lvula de compuerta.<br \/>\nRango de tama\u00f1o: NPS 2 \u2013 60 pulgadas, DN50 \u2013 DN1500.<br \/>\nPresi\u00f3n de dise\u00f1o: clase 150 \u2013 2500 LB, PN10 \u2013 PN420.<br \/>\nEst\u00e1ndar de dise\u00f1o: API 600, ASME B16.34, EN 1984, DIN 3352.<br \/>\nTemperatura de dise\u00f1o: -196\u2103 \u2013 573\u2103.<br \/>\nMateriales: ASTM A216 WCB, ASTM A216 WCC, ASTM A217 WC6, ASTM A217 WC9,<br \/>\nASTM A217 C5, ASTM A217 C12A, ASTM A352 LCB, ASTM A352 LCC<br \/>\nASTM A351 CF8, ASTM A351 CF8M, ASTM A351 CF3M, ASTM A351 CF8C<br \/>\nCN3MN, CK3MCUN, CN7M, ASTM A890 4A (CD3MN), ASTM A890 5A (CE3MN),<br \/>\nASTM A890 6A (CD3MWCuN)<br \/>\nASTM B148 C95800, ASTM B148 C95500<br \/>\nExtremo de conexi\u00f3n: serie ASME B16.5, ASME B16.25, EN 1092.<br \/>\nOperaci\u00f3n: Volante, reductor, el\u00e9ctrico<br \/>\nAplicaci\u00f3n: energ\u00eda el\u00e9ctrica, refinaci\u00f3n de petr\u00f3leo, ingenier\u00eda petroqu\u00edmica, petr\u00f3leo en alta mar, ingenier\u00eda qu\u00edmica<br \/>\nFabricaci\u00f3n de v\u00e1lvulas de compuerta de cu\u00f1a DN250 de China, Proveedor de v\u00e1lvulas de compuerta de cu\u00f1a DN250 de China, F\u00e1brica de v\u00e1lvulas de compuerta de cu\u00f1a DN250 de China.<\/p>","protected":false},"excerpt":{"rendered":"<p>Oudian Valve es proveedor de v\u00e1lvulas de compuerta DN250 PN63 de alta calidad, de 24 pulgadas, aptas para aplicaciones PN63 y Clase 300 LB. Fabricada en acero WCB, esta v\u00e1lvula cumple con las normas EN 1984 y DIN 3352. Cuenta con pies de apoyo robustos para mayor estabilidad y un extremo RF EN 1092-1\/B1, que garantiza una conexi\u00f3n fiable. El dise\u00f1o de cu\u00f1a flexible mejora el rendimiento y la durabilidad. Conf\u00ede en esta v\u00e1lvula para sus necesidades industriales.<\/p>","protected":false},"featured_media":18367,"template":"","meta":{"advanced_seo_description":"","jetpack_seo_html_title":"","jetpack_seo_noindex":false},"product_brand":[],"product_cat":[81],"product_tag":[364,362,363,361,368,365],"class_list":{"0":"post-18366","1":"product","2":"type-product","3":"status-publish","4":"has-post-thumbnail","6":"product_cat-gate-valves","7":"product_tag-din-gate-valves","8":"product_tag-din3202-f5-gate-valve","9":"product_tag-din3202-f7-gate-valves","10":"product_tag-din3352-gate-valve","11":"product_tag-dn250-gate-valves","12":"product_tag-pn63-gate-valve","14":"first","15":"instock","16":"shipping-taxable","17":"product-type-simple"},"jetpack_sharing_enabled":true,"_links":{"self":[{"href":"https:\/\/oudianvalve.com\/es\/wp-json\/wp\/v2\/product\/18366","targetHints":{"allow":["GET"]}}],"collection":[{"href":"https:\/\/oudianvalve.com\/es\/wp-json\/wp\/v2\/product"}],"about":[{"href":"https:\/\/oudianvalve.com\/es\/wp-json\/wp\/v2\/types\/product"}],"wp:featuredmedia":[{"embeddable":true,"href":"https:\/\/oudianvalve.com\/es\/wp-json\/wp\/v2\/media\/18367"}],"wp:attachment":[{"href":"https:\/\/oudianvalve.com\/es\/wp-json\/wp\/v2\/media?parent=18366"}],"wp:term":[{"taxonomy":"product_brand","embeddable":true,"href":"https:\/\/oudianvalve.com\/es\/wp-json\/wp\/v2\/product_brand?post=18366"},{"taxonomy":"product_cat","embeddable":true,"href":"https:\/\/oudianvalve.com\/es\/wp-json\/wp\/v2\/product_cat?post=18366"},{"taxonomy":"product_tag","embeddable":true,"href":"https:\/\/oudianvalve.com\/es\/wp-json\/wp\/v2\/product_tag?post=18366"}],"curies":[{"name":"wp","href":"https:\/\/api.w.org\/{rel}","templated":true}]}}