{"id":18346,"date":"2024-05-13T04:20:45","date_gmt":"2024-05-13T04:20:45","guid":{"rendered":"https:\/\/oudianvalve.com\/?post_type=product&#038;p=18346"},"modified":"2024-05-13T04:20:45","modified_gmt":"2024-05-13T04:20:45","slug":"hastelloy-c276-globe-valve-150lb-2-inch-rf-end","status":"publish","type":"product","link":"https:\/\/oudianvalve.com\/es\/products\/globe-valves\/hastelloy-c276-globe-valve-150lb-2-inch-rf-end\/","title":{"rendered":"V\u00e1lvula de globo Hastelloy C276, 150 lb, 2 pulgadas, extremo RF"},"content":{"rendered":"<p>Est\u00e1ndar de dise\u00f1o: ASME B16.34<br \/>\nClasificaciones de presi\u00f3n y temperatura: ASME B16.34<br \/>\nRango de tama\u00f1os: 2\u201d a 48\u201d<br \/>\nRango de presi\u00f3n: Clase 150 a 2500<br \/>\nConexiones finales: RF con bridas, RTJ, soldadura a tope<br \/>\nDimensiones del extremo bridado: ASME B16.5 (\u226424\u201d), ASME B16.47 Serie A o B (&gt;24\u201d)<br \/>\nDimensiones del extremo de soldadura a tope: ASME B16.25 cara a cara<br \/>\nDimensiones cara a cara: ASME B16.10<br \/>\nInspecci\u00f3n y pruebas: API 598<br \/>\nMateriales del cuerpo: ASTM A351 CF8, ASTM A351 CF8M, ASTM A351 CF3M, ASTM A351 CF8C<br \/>\nCN3MN, CK3MCUN, CN7M, ASTM A890 4A(CD3MN), ASTM A890 5A(CE3MN),<br \/>\nASTM A890 6A(CD3MWCuN)<br \/>\nASTM B148 C95800, ASTM B148 C95500.<br \/>\nMateriales de embalaje: Ptfe, PPL, grafito, grafito con alambre de inconel<\/p>\n<p>&nbsp;<\/p>\n<p>Actualmente, las v\u00e1lvulas de globo de aleaci\u00f3n Hastelloy se dividen principalmente en tres series: B, C y G. Se utilizan principalmente en medios corrosivos fuertes como acero inoxidable Cr Ni o Cr Ni Mo a base de hierro, materiales no met\u00e1licos, etc. ser usado. Para mejorar la resistencia a la corrosi\u00f3n y el rendimiento de trabajo en fr\u00edo y en caliente de la aleaci\u00f3n Hastelloy, la aleaci\u00f3n Hastelloy ha experimentado tres mejoras importantes y su proceso de desarrollo es el siguiente: Serie B: B \u2192 B-2 (00Ni70Mo28) \u2192 B-3<br \/>\nSerie C: C \u2192 C-276 (00Cr16M016W4) \u2192 C-4 (00Cr16M016) \u2192 C-22 (00Cr22M013W3) \u2013 C-2000 (00Cr20M016) Serie G: GG-3 (00Cr22Ni48Mo7Cu) G-30 (00Cr30Ni48Mo7Cu) Usado anteriormente * Se utilizan ampliamente los materiales de segunda generaci\u00f3n N10665 (B-2), N10276 (C-276), N06022 (C-22), N06455 (C-4) y N06985 (G-3). Hastelloy tiene una excelente resistencia a la corrosi\u00f3n para v\u00e1lvulas de globo. Una aleaci\u00f3n de N-MO con contenido extremadamente bajo de carbono y ladrillo, que reduce la precipitaci\u00f3n de carburos y otras fases en la zona de soldadura y afectada por el calor, asegurando una buena resistencia a la corrosi\u00f3n incluso en estado soldado. Como es bien sabido, las aleaciones de Hastelloy tienen una excelente resistencia a la corrosi\u00f3n en diversos medios reductores y pueden resistir la corrosi\u00f3n por \u00e1cido clorh\u00eddrico a cualquier temperatura y concentraci\u00f3n bajo presi\u00f3n normal. Tiene una excelente resistencia a la corrosi\u00f3n en \u00e1cido sulf\u00farico no oxidante de concentraci\u00f3n media no inflable, varias concentraciones de \u00e1cido fosf\u00f3rico, \u00e1cido ac\u00e9tico de alta temperatura, \u00e1cido f\u00f3rmico y otros \u00e1cidos org\u00e1nicos, \u00e1cido br\u00f3mico y gas cloruro de hidr\u00f3geno. Al mismo tiempo, tambi\u00e9n es resistente a la corrosi\u00f3n de catalizadores halogenados. Por lo tanto, la aleaci\u00f3n Hastelloy B-2 se usa com\u00fanmente en diversos procesos qu\u00edmicos y petroleros agresivos, como la destilaci\u00f3n y concentraci\u00f3n de \u00e1cido clorh\u00eddrico; En el proceso de producci\u00f3n de alquilaci\u00f3n de etilbenceno y s\u00edntesis de carbonilaci\u00f3n a baja presi\u00f3n de \u00e1cido ac\u00e9tico.<\/p>","protected":false},"excerpt":{"rendered":"<p>La v\u00e1lvula de globo de aleaci\u00f3n Hastelloy es un tipo de aleaci\u00f3n a base de n\u00edquel, actualmente dividida principalmente en tres series: B, C y G. Se utiliza principalmente en medios corrosivos fuertes como el acero inoxidable Cr-NI o Cr-Ni-Mo a base de hierro. , materiales no met\u00e1licos, etc. Ha sido ampliamente utilizado en muchos campos, como el petr\u00f3leo, la qu\u00edmica y la protecci\u00f3n del medio ambiente en el extranjero.<\/p>","protected":false},"featured_media":18347,"template":"","meta":{"advanced_seo_description":"","jetpack_seo_html_title":"","jetpack_seo_noindex":false},"product_brand":[],"product_cat":[80],"product_tag":[353,354,352,351],"class_list":{"0":"post-18346","1":"product","2":"type-product","3":"status-publish","4":"has-post-thumbnail","6":"product_cat-globe-valves","7":"product_tag-150lb-hastelloy-c276-globe-valve","8":"product_tag-2-inch-hastelloy-c276-globe-valve","9":"product_tag-china-hastelloy-c276-globe-valve","10":"product_tag-hastelloy-c276-globe-valve","12":"first","13":"instock","14":"shipping-taxable","15":"product-type-simple"},"jetpack_sharing_enabled":true,"_links":{"self":[{"href":"https:\/\/oudianvalve.com\/es\/wp-json\/wp\/v2\/product\/18346","targetHints":{"allow":["GET"]}}],"collection":[{"href":"https:\/\/oudianvalve.com\/es\/wp-json\/wp\/v2\/product"}],"about":[{"href":"https:\/\/oudianvalve.com\/es\/wp-json\/wp\/v2\/types\/product"}],"wp:featuredmedia":[{"embeddable":true,"href":"https:\/\/oudianvalve.com\/es\/wp-json\/wp\/v2\/media\/18347"}],"wp:attachment":[{"href":"https:\/\/oudianvalve.com\/es\/wp-json\/wp\/v2\/media?parent=18346"}],"wp:term":[{"taxonomy":"product_brand","embeddable":true,"href":"https:\/\/oudianvalve.com\/es\/wp-json\/wp\/v2\/product_brand?post=18346"},{"taxonomy":"product_cat","embeddable":true,"href":"https:\/\/oudianvalve.com\/es\/wp-json\/wp\/v2\/product_cat?post=18346"},{"taxonomy":"product_tag","embeddable":true,"href":"https:\/\/oudianvalve.com\/es\/wp-json\/wp\/v2\/product_tag?post=18346"}],"curies":[{"name":"wp","href":"https:\/\/api.w.org\/{rel}","templated":true}]}}