{"id":18344,"date":"2024-05-13T03:48:48","date_gmt":"2024-05-13T03:48:48","guid":{"rendered":"https:\/\/oudianvalve.com\/?post_type=product&#038;p=18344"},"modified":"2025-06-02T00:55:56","modified_gmt":"2025-06-02T00:55:56","slug":"ta10-globe-valve-2-inch-class-900-lb-rf-end","status":"publish","type":"product","link":"https:\/\/oudianvalve.com\/es\/products\/globe-valves\/ta10-globe-valve-2-inch-class-900-lb-rf-end\/","title":{"rendered":"V\u00e1lvula de globo TA10, 2 pulgadas, clase 900 LB, extremo RF"},"content":{"rendered":"<p>Tama\u00f1o: 2\u2033-20\u2033<br \/>\nMaterial del cuerpo\\bola\\v\u00e1stago:<br \/>\nTitanio: TA1, TA2, TA9, TA10, TC4<br \/>\nTitanio ASTM A182 316Ti: Gr2, Gr3, Gr5, Gr6, Gr7, Gr12<br \/>\nEst\u00e1ndar: GB, estruendo, ANSI<br \/>\nPresi\u00f3n nominal: Clase 150 lb, 300 lb, PN16, PN25, PN40<br \/>\nM\u00e9todo de conexi\u00f3n: Brida, rosca<br \/>\nActuador: v\u00e1lvula de control neum\u00e1tica. v\u00e1lvula de control el\u00e9ctrica<br \/>\n<strong>Otros materiales especiales de v\u00e1lvulas:<\/strong><br \/>\nV\u00e1lvulas Monel: M-30C, M35-1, M35C, M35-2, Monel 400, Monel K500, Monel 600<br \/>\nV\u00e1lvulas Hastelloy: Hastelloy C276, Hastelloy G30, Hastelloy C4, Hastelloy C22, Hastelloy B<br \/>\nV\u00e1lvulas de n\u00edquel: N6, N\u00edquel 201, N\u00edquel 200, CZ-100, N02200, N02201<br \/>\nV\u00e1lvulas Inconel: Inconel 600, Inconel625, Inconel690, Incoloy800, Incoloy825<br \/>\nV\u00e1lvulas de acero d\u00faplex: 2205, 2507, 1.4529, F51, F53, F55<br \/>\nV\u00e1lvulas de circonio: circonio 702, circonio 705<\/p>\n<p>Las v\u00e1lvulas de globo de aleaci\u00f3n de titanio TA10 tienen buena resistencia a la corrosi\u00f3n por grietas a altas temperaturas y cloruros de alta concentraci\u00f3n, y se utilizan en la industria aeroespacial, aviaci\u00f3n, navegaci\u00f3n, barcos, desalinizaci\u00f3n de agua de mar, petr\u00f3leo, industria qu\u00edmica, equipos mec\u00e1nicos, equipos de energ\u00eda nuclear, equipos el\u00e9ctricos y automoci\u00f3n. y componentes de motocicletas, deportes y ocio, componentes m\u00e9dicos, acero y metalurgia, y campos de alta tecnolog\u00eda. La v\u00e1lvula de globo de aleaci\u00f3n de titanio TA10 se denomina aleaci\u00f3n de titanio, molibdeno y n\u00edquel con una composici\u00f3n nominal de T1-0.3M0-0.8Ni. Es una aleaci\u00f3n T-12 desarrollada por los Estados Unidos a mediados de la d\u00e9cada de 1970 y es una aleaci\u00f3n de titanio resistente a la corrosi\u00f3n por grietas. La varilla de titanio, molibdeno y n\u00edquel TA10 tiene una mayor resistencia a la tracci\u00f3n que el titanio puro TA2 y menor resistencia que el TC4, y su tecnolog\u00eda de procesamiento es b\u00e1sicamente la misma que la del titanio puro. La resistencia a la tracci\u00f3n de la aleaci\u00f3n TA10 es el doble que la del titanio puro a 300 grados y su resistencia a la corrosi\u00f3n en medios reductores mejora significativamente. No sufre corrosi\u00f3n por grietas en cloruros a 150-200 grados. Los grados est\u00e1ndar nacionales com\u00fanmente utilizados para el titanio son TA1, TA2, TA3, TA7, TA9, TA10, TA15, TA18, TC4TC4ELI, TC6, TC9, TC10, TC11, y los grados est\u00e1ndar americanos son GR1, GR2, GR3, GR5, GR7. y GR12.<\/p>\n<p>Est\u00e1ndares comunes para v\u00e1lvulas de globo de aleaci\u00f3n de titanio TA10, est\u00e1ndares nacionales: GB\/2965-2007, GBT13810 Est\u00e1ndares americanos: ASTM B348, ASTM F136, ASTM F67, AMS4928<br \/>\nEst\u00e1ndar de referencia de v\u00e1lvula de globo de aleaci\u00f3n de titanio TA10<br \/>\n1. M\u00e9todos de prueba de tracci\u00f3n de metales GB 228<br \/>\n2. GBIT 3620.1 Titanio y aleaci\u00f3n de titanio * * * N\u00famero y composici\u00f3n qu\u00edmica<br \/>\n3.GB\/T3620.2 Composici\u00f3n qu\u00edmica y desviaci\u00f3n permitida de productos procesados de titanio y aleaciones de titanio<br \/>\n4.GB 4698 M\u00e9todos de an\u00e1lisis qu\u00edmico para titanio esponjoso, titanio y aleaciones de titanio 4<\/p>","protected":false},"excerpt":{"rendered":"<p>Baja fricci\u00f3n y larga vida \u00fatil:<br \/>\n1. La estructura es simple y la fabricaci\u00f3n y el mantenimiento son relativamente convenientes.<br \/>\n2. Carrera de trabajo peque\u00f1a y tiempo de apertura y cierre corto.<br \/>\n3. Buen rendimiento de sellado, baja fricci\u00f3n entre las superficies de sellado y larga vida \u00fatil.<br \/>\n4. Durante el proceso de apertura y cierre, la fuerza de fricci\u00f3n de la superficie de sellado es menor que la de la v\u00e1lvula de compuerta y es resistente al desgaste.<br \/>\n5. Por lo general, solo hay una superficie de sellado, con buena tecnolog\u00eda de fabricaci\u00f3n y f\u00e1cil mantenimiento.<br \/>\n6. Las formas estructurales del cuerpo de la v\u00e1lvula de globo incluyen paso recto, flujo directo y \u00e1ngulo recto.<\/p>","protected":false},"featured_media":18345,"template":"","meta":{"advanced_seo_description":"","jetpack_seo_html_title":"","jetpack_seo_noindex":false},"product_brand":[],"product_cat":[80],"product_tag":[348,347,350,349],"class_list":{"0":"post-18344","1":"product","2":"type-product","3":"status-publish","4":"has-post-thumbnail","6":"product_cat-globe-valves","7":"product_tag-2-inch-ta10-globe-valve","8":"product_tag-900lb-ta10-globe-valve","9":"product_tag-china-ta10-globe-valve","10":"product_tag-rf-end-ta10-globe-valve","12":"first","13":"instock","14":"shipping-taxable","15":"product-type-simple"},"jetpack_sharing_enabled":true,"_links":{"self":[{"href":"https:\/\/oudianvalve.com\/es\/wp-json\/wp\/v2\/product\/18344","targetHints":{"allow":["GET"]}}],"collection":[{"href":"https:\/\/oudianvalve.com\/es\/wp-json\/wp\/v2\/product"}],"about":[{"href":"https:\/\/oudianvalve.com\/es\/wp-json\/wp\/v2\/types\/product"}],"wp:featuredmedia":[{"embeddable":true,"href":"https:\/\/oudianvalve.com\/es\/wp-json\/wp\/v2\/media\/18345"}],"wp:attachment":[{"href":"https:\/\/oudianvalve.com\/es\/wp-json\/wp\/v2\/media?parent=18344"}],"wp:term":[{"taxonomy":"product_brand","embeddable":true,"href":"https:\/\/oudianvalve.com\/es\/wp-json\/wp\/v2\/product_brand?post=18344"},{"taxonomy":"product_cat","embeddable":true,"href":"https:\/\/oudianvalve.com\/es\/wp-json\/wp\/v2\/product_cat?post=18344"},{"taxonomy":"product_tag","embeddable":true,"href":"https:\/\/oudianvalve.com\/es\/wp-json\/wp\/v2\/product_tag?post=18344"}],"curies":[{"name":"wp","href":"https:\/\/api.w.org\/{rel}","templated":true}]}}