{"id":18266,"date":"2023-07-12T07:00:32","date_gmt":"2023-07-12T07:00:32","guid":{"rendered":"https:\/\/oudianvalve.com\/?post_type=product&#038;p=18266"},"modified":"2023-07-12T07:00:32","modified_gmt":"2023-07-12T07:00:32","slug":"astm-a105n-metal-seated-ball-valve24-inch300lbrf-end","status":"publish","type":"product","link":"https:\/\/oudianvalve.com\/es\/products\/ball-valves\/astm-a105n-metal-seated-ball-valve24-inch300lbrf-end\/","title":{"rendered":"V\u00e1lvula de bola con asiento de metal ASTM A105N, 24 pulgadas, 300 lb, extremo RF"},"content":{"rendered":"<p>Est\u00e1ndar de dise\u00f1o: API 6D ISO 17292<\/p>\n<p>Definici\u00f3n del producto :<br \/>\n1. Alcance de presi\u00f3n: CLASE 150Lb~2500Lb<br \/>\n2. Di\u00e1metro nominal: NPS 2~48\u2033<br \/>\n3. Material del cuerpo: WCB\uff64LCB\uff64WCC\uff64CF8\uff64CF8M\uff64CF3\uff64C3M\uff64A890 4A\uff64A105\uff64LF2\uff64F304\uff64F316\uff64F304L\uff64F316L, etc.<\/p>\n<p>4. Conexi\u00f3n final: RF RTJ BW<\/p>\n<p>5. Prueba de resistencia al fuego: API 607\/API 6FA<br \/>\n6. Dispositivo de accionamiento: palanca, caja de cambios, dispositivo el\u00e9ctrico, neum\u00e1tico, hidr\u00e1ulico, etc.;<\/p>\n<h4>Caracter\u00edsticas del producto<\/h4>\n<p>1.La resistencia al flujo es peque\u00f1a;<br \/>\n2.Asiento de pist\u00f3n, dise\u00f1o de estructura antiest\u00e1tica de protecci\u00f3n contra incendios;<br \/>\n3.Sin limitaci\u00f3n en la direcci\u00f3n del flujo del medio;<br \/>\n4.Cuando la v\u00e1lvula est\u00e1 en posici\u00f3n completamente abierta, las superficies del asiento est\u00e1n fuera del flujo de flujo que siempre est\u00e1 en pleno contacto con la compuerta que puede proteger las superficies del asiento y es adecuada para limpiar la tuber\u00eda;<br \/>\n5.Se puede elegir un embalaje con resorte;<br \/>\n6. El embalaje de bajas emisiones se puede elegir de acuerdo con el requisito ISO 15848;<br \/>\n7.Se puede elegir el dise\u00f1o extendido del v\u00e1stago;<br \/>\n8.Se puede elegir el dise\u00f1o del asiento de metal a metal;<br \/>\n9.Se puede elegir el dise\u00f1o DBB,DIB-1,DIB-2;<br \/>\n10.La bola se fija con una placa de soporte y un eje fijo;<\/p>","protected":false},"excerpt":{"rendered":"<p>Fabricaci\u00f3n de v\u00e1lvulas de bola con asiento de metal ASTM A105N en China: Oudian ofrece v\u00e1lvula de bola con asiento de metal ASTM A105N, 25 pulgadas (DN600), clase 300 (300 LB), extremos con bridas RF.<\/p>","protected":false},"featured_media":18267,"template":"","meta":{"advanced_seo_description":"","jetpack_seo_html_title":"","jetpack_seo_noindex":false},"product_brand":[],"product_cat":[83],"product_tag":[340,339,337,338,336],"class_list":{"0":"post-18266","1":"product","2":"type-product","3":"status-publish","4":"has-post-thumbnail","6":"product_cat-ball-valves","7":"product_tag-24-inch-metal-ball-valve","8":"product_tag-300lb-metal-ball-valve","9":"product_tag-a105-ball-valve","10":"product_tag-api-6d-ball-valve","11":"product_tag-astm-a105n-metal-seated-ball-valve","13":"first","14":"instock","15":"shipping-taxable","16":"product-type-simple"},"jetpack_sharing_enabled":true,"_links":{"self":[{"href":"https:\/\/oudianvalve.com\/es\/wp-json\/wp\/v2\/product\/18266","targetHints":{"allow":["GET"]}}],"collection":[{"href":"https:\/\/oudianvalve.com\/es\/wp-json\/wp\/v2\/product"}],"about":[{"href":"https:\/\/oudianvalve.com\/es\/wp-json\/wp\/v2\/types\/product"}],"wp:featuredmedia":[{"embeddable":true,"href":"https:\/\/oudianvalve.com\/es\/wp-json\/wp\/v2\/media\/18267"}],"wp:attachment":[{"href":"https:\/\/oudianvalve.com\/es\/wp-json\/wp\/v2\/media?parent=18266"}],"wp:term":[{"taxonomy":"product_brand","embeddable":true,"href":"https:\/\/oudianvalve.com\/es\/wp-json\/wp\/v2\/product_brand?post=18266"},{"taxonomy":"product_cat","embeddable":true,"href":"https:\/\/oudianvalve.com\/es\/wp-json\/wp\/v2\/product_cat?post=18266"},{"taxonomy":"product_tag","embeddable":true,"href":"https:\/\/oudianvalve.com\/es\/wp-json\/wp\/v2\/product_tag?post=18266"}],"curies":[{"name":"wp","href":"https:\/\/api.w.org\/{rel}","templated":true}]}}