{"id":18264,"date":"2023-07-12T06:50:35","date_gmt":"2023-07-12T06:50:35","guid":{"rendered":"https:\/\/oudianvalve.com\/?post_type=product&#038;p=18264"},"modified":"2023-07-12T06:50:35","modified_gmt":"2023-07-12T06:50:35","slug":"api599-lubricated-plug-valve-hc276-body-150lb-dn40-rf-end","status":"publish","type":"product","link":"https:\/\/oudianvalve.com\/es\/products\/plug-valves\/api599-lubricated-plug-valve-hc276-body-150lb-dn40-rf-end\/","title":{"rendered":"V\u00e1lvula de tap\u00f3n lubricada API599, cuerpo HC276, 150 lb, DN40, extremo RF"},"content":{"rendered":"<p>V\u00e1lvula de tap\u00f3n no lubricada API acc. Seg\u00fan API599 StandardI es aplicable al corte y conexi\u00f3n de tuber\u00edas que se utilizan en diversas industrias, como la petrolera, la industria qu\u00edmica, la farmacia, los fertilizantes qu\u00edmicos, la industria energ\u00e9tica, etc., bajo una presi\u00f3n nominal de 150 LB ~ 2500 LB y una temperatura de trabajo de-29-180. \u00b0C.<\/p>\n<p>Est\u00e1ndar de dise\u00f1o: API 599 API 6D<\/p>\n<p>Cara a cara: ASME B16.5<\/p>\n<p>Inspecci\u00f3n de prueba: API598<\/p>\n<p>Definici\u00f3n del producto:<\/p>\n<p>Est\u00e1ndar de dise\u00f1o: API 599 API6D<\/p>\n<p>Definici\u00f3n del producto:<\/p>\n<p>1. Alcance de presi\u00f3n: CLASE 150Lb ~ 2500Lb<br \/>\n2.Di\u00e1metro nominal: NPS 1\/2-40\u2033<\/p>\n<p>3.Material del cuerpo: A105\uff64LF2\uff64F304\uff64F316\uff64F304L\uff64F316L\uff64F51,WCB\uff64LCB\uff64WCC\uff64CF8\uff64CF8M\uff64CF3\uff64CF3M\uff64A890 4A, etc.<\/p>\n<p>4. Conexi\u00f3n final: RF RTJ BW<br \/>\n5.Dispositivo de accionamiento: palanca, caja de cambios, dispositivo el\u00e9ctrico, neum\u00e1tico, hidr\u00e1ulico, etc.;<\/p>","protected":false},"excerpt":{"rendered":"<p>V\u00e1lvula de tap\u00f3n lubricada API599 Fabricante: Oudian Oferta V\u00e1lvula de tap\u00f3n lubricada API599, cuerpo HC276, 150 lb, DN40, extremo RF<\/p>","protected":false},"featured_media":18265,"template":"","meta":{"advanced_seo_description":"","jetpack_seo_html_title":"","jetpack_seo_noindex":false},"product_brand":[],"product_cat":[156],"product_tag":[333,317,334,332,335],"class_list":{"0":"post-18264","1":"product","2":"type-product","3":"status-publish","4":"has-post-thumbnail","6":"product_cat-plug-valves","7":"product_tag-150lb-api599-lubricated-plug-valve","8":"product_tag-api599-lubricated-plug-valve","9":"product_tag-dn40-api599-lubricated-plug-valve","10":"product_tag-hc276-api599-lubricated-plug-valve","11":"product_tag-rf-end-api599-lubricated-plug-valve","13":"first","14":"instock","15":"shipping-taxable","16":"product-type-simple"},"jetpack_sharing_enabled":true,"_links":{"self":[{"href":"https:\/\/oudianvalve.com\/es\/wp-json\/wp\/v2\/product\/18264","targetHints":{"allow":["GET"]}}],"collection":[{"href":"https:\/\/oudianvalve.com\/es\/wp-json\/wp\/v2\/product"}],"about":[{"href":"https:\/\/oudianvalve.com\/es\/wp-json\/wp\/v2\/types\/product"}],"wp:featuredmedia":[{"embeddable":true,"href":"https:\/\/oudianvalve.com\/es\/wp-json\/wp\/v2\/media\/18265"}],"wp:attachment":[{"href":"https:\/\/oudianvalve.com\/es\/wp-json\/wp\/v2\/media?parent=18264"}],"wp:term":[{"taxonomy":"product_brand","embeddable":true,"href":"https:\/\/oudianvalve.com\/es\/wp-json\/wp\/v2\/product_brand?post=18264"},{"taxonomy":"product_cat","embeddable":true,"href":"https:\/\/oudianvalve.com\/es\/wp-json\/wp\/v2\/product_cat?post=18264"},{"taxonomy":"product_tag","embeddable":true,"href":"https:\/\/oudianvalve.com\/es\/wp-json\/wp\/v2\/product_tag?post=18264"}],"curies":[{"name":"wp","href":"https:\/\/api.w.org\/{rel}","templated":true}]}}