{"id":18262,"date":"2023-07-12T06:31:09","date_gmt":"2023-07-12T06:31:09","guid":{"rendered":"https:\/\/oudianvalve.com\/?post_type=product&#038;p=18262"},"modified":"2023-07-12T06:32:15","modified_gmt":"2023-07-12T06:32:15","slug":"2-pc-side-entry-floating-ball-valve-f304-dn15-pn64-api-6d-rf","status":"publish","type":"product","link":"https:\/\/oudianvalve.com\/es\/products\/ball-valves\/2-pc-side-entry-floating-ball-valve-f304-dn15-pn64-api-6d-rf\/","title":{"rendered":"V\u00e1lvula de bola flotante de entrada lateral de 2 piezas, F304, DN15, PN64, API 6D, RF"},"content":{"rendered":"<p>Est\u00e1ndar de dise\u00f1o: API 6D\/API 608<br \/>\nA prueba de fuego: API 607\/6FA<br \/>\nClasificaciones de temperatura de presi\u00f3n: ASME B16.34<br \/>\nRango de tama\u00f1os: 2\u201d a 48\u201d (DN50-DN1200)<br \/>\nPuerto: paso total o paso reducido<br \/>\nRango de presi\u00f3n: 150 lb a 2500 lb<br \/>\nConexiones finales: RF con bridas, RTJ, soldadura a tope<br \/>\nTipo de bola: bola s\u00f3lida forjada<br \/>\nDimensiones del extremo bridado: ASME B16.5 (24\u201d y menos), ASME B16.47 Serie A o B (m\u00e1s de 24\u201d)<br \/>\nDimensiones del extremo soldado a tope: ASME B16.25<br \/>\nDimensiones cara a cara: ASME B16.10<br \/>\nInspecci\u00f3n y Pruebas: API 6D<br \/>\nMateriales del cuerpo: A105\/A105N, F304, F316, F316L, F51, F53, F55, C95800, UNS N08825, UNS N06625.<br \/>\nMateriales del asiento: PTFE, RPTFE, DEVLON, NYLON, PEEK, asiento met\u00e1lico con TCC\/STL\/Ni.<\/p>","protected":false},"excerpt":{"rendered":"<p>El fabricante chino de v\u00e1lvulas de bola flotante de entrada lateral de 2 piezas, Oudian, ofrece v\u00e1lvulas de bola flotante de 2 piezas, entrada lateral, API 6D, DN15, PN64, RF, FF EN558-1\/l\u00ednea 2.<\/p>","protected":false},"featured_media":18263,"template":"","meta":{"advanced_seo_description":"","jetpack_seo_html_title":"","jetpack_seo_noindex":false},"product_brand":[],"product_cat":[83],"product_tag":[328,327,331,330,329],"class_list":{"0":"post-18262","1":"product","2":"type-product","3":"status-publish","4":"has-post-thumbnail","6":"product_cat-ball-valves","7":"product_tag-2-pc-floating-ball-valve","8":"product_tag-2-pc-side-entry-floating-ball-valve","9":"product_tag-f304-2-pc-floating-ball-valve","10":"product_tag-flange-end-2-pc-floating-ball-valve","11":"product_tag-pn64-2-pc-floating-ball-valve","13":"first","14":"instock","15":"shipping-taxable","16":"product-type-simple"},"jetpack_sharing_enabled":true,"_links":{"self":[{"href":"https:\/\/oudianvalve.com\/es\/wp-json\/wp\/v2\/product\/18262","targetHints":{"allow":["GET"]}}],"collection":[{"href":"https:\/\/oudianvalve.com\/es\/wp-json\/wp\/v2\/product"}],"about":[{"href":"https:\/\/oudianvalve.com\/es\/wp-json\/wp\/v2\/types\/product"}],"wp:featuredmedia":[{"embeddable":true,"href":"https:\/\/oudianvalve.com\/es\/wp-json\/wp\/v2\/media\/18263"}],"wp:attachment":[{"href":"https:\/\/oudianvalve.com\/es\/wp-json\/wp\/v2\/media?parent=18262"}],"wp:term":[{"taxonomy":"product_brand","embeddable":true,"href":"https:\/\/oudianvalve.com\/es\/wp-json\/wp\/v2\/product_brand?post=18262"},{"taxonomy":"product_cat","embeddable":true,"href":"https:\/\/oudianvalve.com\/es\/wp-json\/wp\/v2\/product_cat?post=18262"},{"taxonomy":"product_tag","embeddable":true,"href":"https:\/\/oudianvalve.com\/es\/wp-json\/wp\/v2\/product_tag?post=18262"}],"curies":[{"name":"wp","href":"https:\/\/api.w.org\/{rel}","templated":true}]}}