{"id":18257,"date":"2023-07-10T06:43:47","date_gmt":"2023-07-10T06:43:47","guid":{"rendered":"https:\/\/oudianvalve.com\/?post_type=product&#038;p=18257"},"modified":"2023-07-10T07:33:37","modified_gmt":"2023-07-10T07:33:37","slug":"api599-lubricated-plug-valve-wcb-body-600lb-26-inch-flange-end","status":"publish","type":"product","link":"https:\/\/oudianvalve.com\/es\/products\/plug-valves\/api599-lubricated-plug-valve-wcb-body-600lb-26-inch-flange-end\/","title":{"rendered":"V\u00e1lvula de tap\u00f3n lubricada API599, cuerpo WCB, 600 lb, 26 pulgadas, extremo con brida"},"content":{"rendered":"<p>Est\u00e1ndar de dise\u00f1o: API 599 API6D<\/p>\n<p>Definici\u00f3n del producto :<br \/>\n1. Alcance de presi\u00f3n: CLASE 150Lb ~ 2500Lb<br \/>\n2.Di\u00e1metro nominal: NPS 1\/2-40\u2033<br \/>\n3.Material del cuerpo: A105\uff64LF2\uff64F304\uff64F316\uff64F304L\uff64F316L\uff64F51,WCB\uff64LCB\uff64WCC\uff64CF8\uff64CF8M\uff64CF3\uff64CF3M\uff64A890 4A, etc.<\/p>\n<p>4. Conexi\u00f3n final: RF RTJ BW<br \/>\n5.Dispositivo de accionamiento: palanca, caja de cambios, dispositivo el\u00e9ctrico, neum\u00e1tico, hidr\u00e1ulico, etc.;<\/p>\n<h4>CARACTER\u00cdSTICAS ESTRUCTURALES DEL PRODUCTO<\/h4>\n<p>V\u00e1lvula de obturador lubricada con equilibrio de presi\u00f3n invertida seg\u00fan. Seg\u00fan ANSI es aplicable al corte y conexi\u00f3n de tuber\u00edas que se utilizan en diversas industrias, como la petrolera, qu\u00edmica, farmac\u00e9utica, de fertilizantes qu\u00edmicos, de energ\u00eda el\u00e9ctrica, etc., bajo una presi\u00f3n nominal de CLASS150-900LBS y una temperatura de trabajo de-29-180\u00b0. C<\/p>\n<p>&nbsp;<\/p>\n<h4>PRINCIPALES CARACTER\u00cdSTICAS ESTRUCTURALES<\/h4>\n<p>Tiene estructura l\u00f3gica, sello confiable, excelente rendimiento y bonito dise\u00f1o.<\/p>\n<p>Tiene la estructura de presi\u00f3n balanceable de chip invertido y operaci\u00f3n de encendido\/apagado ligero.<\/p>\n<p>Se coloca una ranura de aceite entre el cuerpo de la v\u00e1lvula y la superficie del sello, que puede infundir grasa del sello para aumentar la capacidad del sello.<\/p>\n<p>Los materiales de las piezas y las dimensiones de las bridas se pueden seleccionar seg\u00fan las condiciones operativas actuales y los requisitos de los usuarios, de modo que cumplan con los requisitos de diversas ingenier\u00edas.<\/p>","protected":false},"excerpt":{"rendered":"<p>El proveedor de v\u00e1lvula de tap\u00f3n lubricada API599 de China, Oudian, ofrece v\u00e1lvula de tap\u00f3n lubricada con equilibrio de presi\u00f3n API 599: ASTM A216 WCb, 26IN, CL600, extremo de brida.<\/p>","protected":false},"featured_media":18258,"template":"","meta":{"advanced_seo_description":"","jetpack_seo_html_title":"","jetpack_seo_noindex":false},"product_brand":[],"product_cat":[156],"product_tag":[319,318,322,317,320,321],"class_list":{"0":"post-18257","1":"product","2":"type-product","3":"status-publish","4":"has-post-thumbnail","6":"product_cat-plug-valves","7":"product_tag-26-inch-api599-lubricated-plug-valve","8":"product_tag-300lb-api599-lubricated-plug-valve","9":"product_tag-600lb-api599-lubricated-plug-valve","10":"product_tag-api599-lubricated-plug-valve","11":"product_tag-flange-end-api599-lubricated-plug-valve","12":"product_tag-wcb-api599-lubricated-plug-valve","14":"first","15":"instock","16":"shipping-taxable","17":"product-type-simple"},"jetpack_sharing_enabled":true,"_links":{"self":[{"href":"https:\/\/oudianvalve.com\/es\/wp-json\/wp\/v2\/product\/18257","targetHints":{"allow":["GET"]}}],"collection":[{"href":"https:\/\/oudianvalve.com\/es\/wp-json\/wp\/v2\/product"}],"about":[{"href":"https:\/\/oudianvalve.com\/es\/wp-json\/wp\/v2\/types\/product"}],"wp:featuredmedia":[{"embeddable":true,"href":"https:\/\/oudianvalve.com\/es\/wp-json\/wp\/v2\/media\/18258"}],"wp:attachment":[{"href":"https:\/\/oudianvalve.com\/es\/wp-json\/wp\/v2\/media?parent=18257"}],"wp:term":[{"taxonomy":"product_brand","embeddable":true,"href":"https:\/\/oudianvalve.com\/es\/wp-json\/wp\/v2\/product_brand?post=18257"},{"taxonomy":"product_cat","embeddable":true,"href":"https:\/\/oudianvalve.com\/es\/wp-json\/wp\/v2\/product_cat?post=18257"},{"taxonomy":"product_tag","embeddable":true,"href":"https:\/\/oudianvalve.com\/es\/wp-json\/wp\/v2\/product_tag?post=18257"}],"curies":[{"name":"wp","href":"https:\/\/api.w.org\/{rel}","templated":true}]}}