{"id":18255,"date":"2023-07-10T06:28:37","date_gmt":"2023-07-10T06:28:37","guid":{"rendered":"https:\/\/oudianvalve.com\/?post_type=product&#038;p=18255"},"modified":"2023-07-10T06:29:19","modified_gmt":"2023-07-10T06:29:19","slug":"din-non-lubricated-plug-valve904ldn100pn25flange-end","status":"publish","type":"product","link":"https:\/\/oudianvalve.com\/es\/products\/plug-valves\/din-non-lubricated-plug-valve904ldn100pn25flange-end\/","title":{"rendered":"V\u00e1lvula de enchufe DIN no lubricada, 904L, DN100, PN25, extremo con brida"},"content":{"rendered":"<p>V\u00e1lvula de tap\u00f3n DIN no lubricada acc. Seg\u00fan DIN StandardI es aplicable al corte y conexi\u00f3n de tuber\u00edas que se utilizan en diversas industrias, como la petrolera, la industria qu\u00edmica, la farmacia, los fertilizantes qu\u00edmicos, la industria energ\u00e9tica, etc., bajo una presi\u00f3n nominal de PN16 ~ PN150 y una temperatura de trabajo de-29-180. \u00b0C.<\/p>\n<p>Est\u00e1ndar de dise\u00f1o: API 599 API 6D<\/p>\n<p>Cara a cara: EN558 F1\/F4\/F5<\/p>\n<p>Inspecci\u00f3n de prueba: DIN3230<\/p>\n<p>Definici\u00f3n del producto:<br \/>\n1. Rango de presi\u00f3n: PN16~PN150<br \/>\n2. Di\u00e1metro nominal: NPS 1\/2-40\u2033<br \/>\n3. Material del cuerpo: A105\uff64LF2\uff64F304\uff64F316\uff64F304L\uff64F316L\uff64F51,WCB\uff64LCB\uff64WCC\uff64CF8\uff64CF8M\uff64CF3\uff64CF3M\uff64A890 4A, etc.<\/p>\n<p>4. Conexi\u00f3n final: RF RTJ BW<br \/>\n5. Dispositivo de accionamiento: palanca, caja de cambios, dispositivo el\u00e9ctrico, neum\u00e1tico, hidr\u00e1ulico, dispositivo neum\u00e1tico-hidr\u00e1ulico;<\/p>","protected":false},"excerpt":{"rendered":"<p>Est\u00e1ndar de dise\u00f1o: API 599 API 6D<br \/>\nCara a cara: EN558 F1\/F4\/F5<br \/>\nInspecci\u00f3n de prueba: DIN3230<\/p>\n<p>Fabricante de v\u00e1lvulas de tap\u00f3n no lubricadas DIN: V\u00e1lvula de tap\u00f3n no lubricadas 904L, DN100, PN25, extremo de brida, API 599.<\/p>","protected":false},"featured_media":18256,"template":"","meta":{"advanced_seo_description":"","jetpack_seo_html_title":"","jetpack_seo_noindex":false},"product_brand":[],"product_cat":[156],"product_tag":[313,312,314,316,315],"class_list":{"0":"post-18255","1":"product","2":"type-product","3":"status-publish","4":"has-post-thumbnail","6":"product_cat-plug-valves","7":"product_tag-904l-din-non-lubricated-plug-valve","8":"product_tag-din-non-lubricated-plug-valve","9":"product_tag-dn100-din-non-lubricated-plug-valve","10":"product_tag-flange-end-din-non-lubricated-plug-valve","11":"product_tag-pn25-din-non-lubricated-plug-valve","13":"first","14":"instock","15":"shipping-taxable","16":"product-type-simple"},"jetpack_sharing_enabled":true,"_links":{"self":[{"href":"https:\/\/oudianvalve.com\/es\/wp-json\/wp\/v2\/product\/18255","targetHints":{"allow":["GET"]}}],"collection":[{"href":"https:\/\/oudianvalve.com\/es\/wp-json\/wp\/v2\/product"}],"about":[{"href":"https:\/\/oudianvalve.com\/es\/wp-json\/wp\/v2\/types\/product"}],"wp:featuredmedia":[{"embeddable":true,"href":"https:\/\/oudianvalve.com\/es\/wp-json\/wp\/v2\/media\/18256"}],"wp:attachment":[{"href":"https:\/\/oudianvalve.com\/es\/wp-json\/wp\/v2\/media?parent=18255"}],"wp:term":[{"taxonomy":"product_brand","embeddable":true,"href":"https:\/\/oudianvalve.com\/es\/wp-json\/wp\/v2\/product_brand?post=18255"},{"taxonomy":"product_cat","embeddable":true,"href":"https:\/\/oudianvalve.com\/es\/wp-json\/wp\/v2\/product_cat?post=18255"},{"taxonomy":"product_tag","embeddable":true,"href":"https:\/\/oudianvalve.com\/es\/wp-json\/wp\/v2\/product_tag?post=18255"}],"curies":[{"name":"wp","href":"https:\/\/api.w.org\/{rel}","templated":true}]}}