{"id":18251,"date":"2023-07-10T03:07:04","date_gmt":"2023-07-10T03:07:04","guid":{"rendered":"https:\/\/oudianvalve.com\/?post_type=product&#038;p=18251"},"modified":"2023-07-10T03:07:05","modified_gmt":"2023-07-10T03:07:05","slug":"din-y-type-bellow-globe-valve-dn65-pn40-rf-end","status":"publish","type":"product","link":"https:\/\/oudianvalve.com\/es\/products\/globe-valves\/din-y-type-bellow-globe-valve-dn65-pn40-rf-end\/","title":{"rendered":"V\u00e1lvula de globo de fuelle tipo DIN Y, DN65, PN40, extremo RF"},"content":{"rendered":"<p>V\u00e1lvula de globo de tubo corrugado en forma de Y est\u00e1ndar alem\u00e1n<br \/>\nModelo de producto: WJ45H<br \/>\nNorma de dise\u00f1o: EN 12516<br \/>\nLongitud de la estructura: EN 558<br \/>\nBrida de conexi\u00f3n: EN 1092-1<br \/>\nPruebas e Inspecci\u00f3n: EN 12266<br \/>\nMaterial del cuerpo de la v\u00e1lvula: GS-C25\/CF8\/CF8M\/CF3\/CF3M\/WC6\/WC9<br \/>\nDi\u00e1metro nominal: DN15-DN600<br \/>\nPresi\u00f3n nominal: PN1.6MPa-10.0 MPa<br \/>\nM\u00e9todo de conexi\u00f3n: brida, soldadura.<br \/>\nMedios aplicables: vapor, aceite de transferencia de calor, sal fundida, otros medios qu\u00edmicos, etc.<br \/>\nIndustrias de aplicaci\u00f3n: petr\u00f3leo, qu\u00edmica, energ\u00eda, farmac\u00e9utica, metalurgia, nuevas energ\u00edas y otras industrias.<\/p>\n<p>Descripci\u00f3n del producto<\/p>\n<p>La v\u00e1lvula de globo de tubo corrugado tipo DIN Y tipo GlobeE es un nuevo tipo de v\u00e1lvula de globo. Debido a su dise\u00f1o de sellado dual, el rendimiento de sellado de esta v\u00e1lvula es m\u00e1s confiable y superior que el de las v\u00e1lvulas superiores ordinarias. Ampliamente utilizado en sistemas de aceite caliente, sistemas de vapor, sistemas de agua fr\u00eda y caliente, etc. Rendimiento seguro y confiable, utilizando tubos corrugados para sellar, reduciendo el mantenimiento y las reparaciones frecuentes, y proporcionando un ambiente de trabajo limpio y seguro. El dise\u00f1o del sello elimina la desventaja del r\u00e1pido envejecimiento y la f\u00e1cil fuga de los v\u00e1stagos de v\u00e1lvulas comunes, lo que no solo mejora la eficiencia energ\u00e9tica sino que tambi\u00e9n aumenta el equipo de producci\u00f3n.<\/p>\n<p>Caracter\u00edsticas del producto:<br \/>\n1. El canal de flujo del cuerpo de la v\u00e1lvula de la v\u00e1lvula de cierre de fuelle en forma de Y es una estructura de flujo directo. La resistencia a los fluidos de esta estructura es menor que la de la estructura directa, lo que puede acelerar la tensi\u00f3n media, reducir la p\u00e9rdida de presi\u00f3n y reducir el consumo de energ\u00eda, especialmente para los materiales con viscosidad y f\u00e1cil apelmazamiento. 2. El cuerpo de la v\u00e1lvula adopta la tecnolog\u00eda alemana de fundici\u00f3n en arena cubierta con pel\u00edcula, que mejora en gran medida el acabado de la superficie y las propiedades mec\u00e1nicas del cuerpo de la v\u00e1lvula, reduce la aparici\u00f3n de poros, agujeros de arena y grietas, y mejora la resistencia a la tracci\u00f3n de la fundici\u00f3n.<br \/>\nCuando la v\u00e1lvula est\u00e1 cerrada, la superficie de sellado c\u00f3nica con un &quot;efecto de raspado&quot; puede eliminar autom\u00e1ticamente las impurezas de la superficie, lo que garantiza un sellado confiable y una vida \u00fatil m\u00e1s larga del disco de la v\u00e1lvula.<br \/>\nDise\u00f1o de doble sellado (tubo corrugado+empaquetadura), de acuerdo con est\u00e1ndares internacionales de sellado. 4<br \/>\n5. Todas las tuber\u00edas corrugadas han pasado las pruebas de amon\u00edaco y todas las v\u00e1lvulas han pasado las pruebas est\u00e1ndar para garantizar cero fugas.<br \/>\n6. Los productos superiores a DN150 est\u00e1n equipados con dispositivos especiales para prevenir eficazmente la vibraci\u00f3n, el ruido y los da\u00f1os internos de la v\u00e1lvula durante el uso, aumentando efectivamente la vida \u00fatil en m\u00e1s de 150%.<br \/>\n7. Se pueden proporcionar varios dise\u00f1os de discos de v\u00e1lvulas seg\u00fan las condiciones de trabajo, como discos de v\u00e1lvulas de estrangulaci\u00f3n, discos de v\u00e1lvulas de retenci\u00f3n, etc.<\/p>","protected":false},"excerpt":{"rendered":"<p>F\u00e1brica de v\u00e1lvulas de globo de fuelle tipo DIN Y de China Oudian ofrece v\u00e1lvula de globo de fuelle tipo Y: GS-C25, 21\/2 pulgadas, PN40, EN 12266, EN 1092-1.<\/p>","protected":false},"featured_media":18252,"template":"","meta":{"advanced_seo_description":"","jetpack_seo_html_title":"","jetpack_seo_noindex":false},"product_brand":[],"product_cat":[80],"product_tag":[304,306,305,307],"class_list":{"0":"post-18251","1":"product","2":"type-product","3":"status-publish","4":"has-post-thumbnail","6":"product_cat-globe-valves","7":"product_tag-din-y-type-bellow-globe-valve","8":"product_tag-dn65-din-y-type-bellow-globe-valve","9":"product_tag-pn40-din-y-type-bellow-globe-valve","10":"product_tag-rf-end-din-y-type-bellow-globe-valve","12":"first","13":"instock","14":"shipping-taxable","15":"product-type-simple"},"jetpack_sharing_enabled":true,"_links":{"self":[{"href":"https:\/\/oudianvalve.com\/es\/wp-json\/wp\/v2\/product\/18251","targetHints":{"allow":["GET"]}}],"collection":[{"href":"https:\/\/oudianvalve.com\/es\/wp-json\/wp\/v2\/product"}],"about":[{"href":"https:\/\/oudianvalve.com\/es\/wp-json\/wp\/v2\/types\/product"}],"wp:featuredmedia":[{"embeddable":true,"href":"https:\/\/oudianvalve.com\/es\/wp-json\/wp\/v2\/media\/18252"}],"wp:attachment":[{"href":"https:\/\/oudianvalve.com\/es\/wp-json\/wp\/v2\/media?parent=18251"}],"wp:term":[{"taxonomy":"product_brand","embeddable":true,"href":"https:\/\/oudianvalve.com\/es\/wp-json\/wp\/v2\/product_brand?post=18251"},{"taxonomy":"product_cat","embeddable":true,"href":"https:\/\/oudianvalve.com\/es\/wp-json\/wp\/v2\/product_cat?post=18251"},{"taxonomy":"product_tag","embeddable":true,"href":"https:\/\/oudianvalve.com\/es\/wp-json\/wp\/v2\/product_tag?post=18251"}],"curies":[{"name":"wp","href":"https:\/\/api.w.org\/{rel}","templated":true}]}}