{"id":18202,"date":"2023-07-06T03:21:05","date_gmt":"2023-07-06T03:21:05","guid":{"rendered":"https:\/\/oudianvalve.com\/?post_type=product&#038;p=18202"},"modified":"2023-07-06T03:21:06","modified_gmt":"2023-07-06T03:21:06","slug":"api-6d-lubricated-plug-valve-a216-wcb-8-inch-600lb-flange-end","status":"publish","type":"product","link":"https:\/\/oudianvalve.com\/es\/products\/plug-valves\/api-6d-lubricated-plug-valve-a216-wcb-8-inch-600lb-flange-end\/","title":{"rendered":"V\u00e1lvula de tap\u00f3n lubricada API 6D, A216 WCB, 8 pulgadas, 600 lb, extremo con brida"},"content":{"rendered":"<p>Las v\u00e1lvulas de tap\u00f3n lubricadas API 6D est\u00e1n disponibles en patr\u00f3n corto, regular y Venturi. Los diferentes patrones var\u00edan en cuanto a la dimensi\u00f3n de extremo a extremo y el \u00e1rea del puerto para un tama\u00f1o determinado de v\u00e1lvula. Las v\u00e1lvulas de patr\u00f3n regular tienen el \u00e1rea de puerto m\u00e1s grande. Las v\u00e1lvulas de patr\u00f3n corto tienen un \u00e1rea de puerto reducida como consecuencia de sus dimensiones compactas cara a cara que son id\u00e9nticas a las de las v\u00e1lvulas de compuerta de cu\u00f1a. Las v\u00e1lvulas con patr\u00f3n Venturi tienen un \u00e1rea de puerto reducida y una ruta de flujo que se aproxima a la forma de Venturi para ayudar a la recuperaci\u00f3n de presi\u00f3n. Los dise\u00f1os de v\u00e1lvulas cumplen con API 599, API 6D y B16.34. Las dimensiones cara a cara y de extremo a extremo cumplen con ANSI B16.10.<\/p>\n<p>Est\u00e1ndar de dise\u00f1o: API 599 API6D<\/p>\n<p>Definici\u00f3n del producto:<\/p>\n<p>1. Alcance de presi\u00f3n: CLASE 150Lb ~ 2500Lb<br \/>\n2.Di\u00e1metro nominal: NPS 1\/2-40\u2033<br \/>\n3.Material del cuerpo: A216 WCB, WCC, A217 WC6, WC9, C5, A352 LCB, LCC,<br \/>\nA351 CF8, CF8M, CF3M, CF8C, CN3MN, CN7M,<br \/>\nA890 4A(CD3MN), 5A(CE3MN), 6A(CD3MWCuN),<br \/>\nASTM B 148 C95800, C95500, etc.<br \/>\n4. Conexi\u00f3n final: RF RTJ BW<br \/>\n5.Dispositivo de accionamiento: palanca, caja de cambios, dispositivo el\u00e9ctrico, neum\u00e1tico, hidr\u00e1ulico, etc.;<\/p>\n<h4>CARACTER\u00cdSTICAS ESTRUCTURALES DEL PRODUCTO<\/h4>\n<p>V\u00e1lvula de obturador lubricada con equilibrio de presi\u00f3n invertida seg\u00fan. Seg\u00fan ANSI es aplicable al corte y conexi\u00f3n de tuber\u00edas que se utilizan en diversas industrias, como la petrolera, qu\u00edmica, farmac\u00e9utica, de fertilizantes qu\u00edmicos, de energ\u00eda el\u00e9ctrica, etc., bajo una presi\u00f3n nominal de CLASS150-900LBS y una temperatura de trabajo de-29-180\u00b0. C.<\/p>","protected":false},"excerpt":{"rendered":"<p>El proveedor de v\u00e1lvulas de tap\u00f3n lubricadas API 6D de China, Oudian, ofrece v\u00e1lvulas de tap\u00f3n lubricadas con equilibrio de presi\u00f3n API 599: ASTM A216 WCb, 8IN, CL600, extremo con brida.<\/p>","protected":false},"featured_media":18203,"template":"","meta":{"advanced_seo_description":"","jetpack_seo_html_title":"","jetpack_seo_noindex":false},"product_brand":[],"product_cat":[156],"product_tag":[291,292,290,289,293],"class_list":{"0":"post-18202","1":"product","2":"type-product","3":"status-publish","4":"has-post-thumbnail","6":"product_cat-plug-valves","7":"product_tag-600lb-lubricated-plug-valve","8":"product_tag-8-inch-lubricated-plug-valve","9":"product_tag-a216-lubricated-plug-valve","10":"product_tag-api-6d-lubricated-plug-valve","11":"product_tag-flange-end-lubricated-plug-valve","13":"first","14":"instock","15":"shipping-taxable","16":"product-type-simple"},"jetpack_sharing_enabled":true,"_links":{"self":[{"href":"https:\/\/oudianvalve.com\/es\/wp-json\/wp\/v2\/product\/18202","targetHints":{"allow":["GET"]}}],"collection":[{"href":"https:\/\/oudianvalve.com\/es\/wp-json\/wp\/v2\/product"}],"about":[{"href":"https:\/\/oudianvalve.com\/es\/wp-json\/wp\/v2\/types\/product"}],"wp:featuredmedia":[{"embeddable":true,"href":"https:\/\/oudianvalve.com\/es\/wp-json\/wp\/v2\/media\/18203"}],"wp:attachment":[{"href":"https:\/\/oudianvalve.com\/es\/wp-json\/wp\/v2\/media?parent=18202"}],"wp:term":[{"taxonomy":"product_brand","embeddable":true,"href":"https:\/\/oudianvalve.com\/es\/wp-json\/wp\/v2\/product_brand?post=18202"},{"taxonomy":"product_cat","embeddable":true,"href":"https:\/\/oudianvalve.com\/es\/wp-json\/wp\/v2\/product_cat?post=18202"},{"taxonomy":"product_tag","embeddable":true,"href":"https:\/\/oudianvalve.com\/es\/wp-json\/wp\/v2\/product_tag?post=18202"}],"curies":[{"name":"wp","href":"https:\/\/api.w.org\/{rel}","templated":true}]}}