{"id":18196,"date":"2023-07-05T02:43:17","date_gmt":"2023-07-05T02:43:17","guid":{"rendered":"https:\/\/oudianvalve.com\/?post_type=product&#038;p=18196"},"modified":"2023-07-05T03:02:39","modified_gmt":"2023-07-05T03:02:39","slug":"flange-segment-ball-valve-a216-wcb-dn200-pn16","status":"publish","type":"product","link":"https:\/\/oudianvalve.com\/es\/products\/ball-valves\/flange-segment-ball-valve-a216-wcb-dn200-pn16\/","title":{"rendered":"V\u00e1lvula de bola de segmento de brida, A216 WCB, DN200, PN16"},"content":{"rendered":"<p>La v\u00e1lvula de bola de segmento tipo brida combina la ventaja de la v\u00e1lvula de control de globo con la eficiencia de una v\u00e1lvula de bola giratoria que satisface las necesidades de aceleraci\u00f3n y cierre del flujo dentro de la industria de procesos autom\u00e1ticos. La bola de segmento con dise\u00f1o de muesca en V tiene una fuerte fuerza de corte y auto -Funci\u00f3n de limpieza. Con el cuarto de bola del segmento girando el \u00e1rea de paso cambia en forma ectorial. Lo que lleva al control preciso del flujo, es la v\u00e1lvula ideal para la mayor\u00eda de las aplicaciones de procesos de papel y pulpa. El control preciso de valor CV bajo est\u00e1 disponible mediante V- Muesca en la bola del segmento DN25.<\/p>\n<p>&nbsp;<\/p>\n<p>Datos t\u00e9cnicos<\/p>\n<p>Tama\u00f1os:<\/p>\n<p>DN 25~500mm NPS 1\u201d-20\u201d (tipo brida)<\/p>\n<p>Material del asiento:<\/p>\n<p>Resistente: PTFE\/RPTFE\/PEEK\/DEVLON\/NYLON<\/p>\n<p>Metal: Carburo de tungsteno\/Sat\u00e9lite\/Ni60<\/p>\n<p>La calificaci\u00f3n de presi\u00f3n:<\/p>\n<p>PN 10\/16<\/p>\n<p>ANSI 150\/300<\/p>\n<p>Actuador :<\/p>\n<p>Engranaje helicoidal\/neum\u00e1tico\/el\u00e9ctrico<\/p>\n<p>Est\u00e1ndar:<\/p>\n<p>Conexi\u00f3n de brida:ISA S75.04, IEC\/DIN 534-3-2<\/p>\n<p>Est\u00e1ndar de conexi\u00f3n: ASME B16.5 \/ EN 1092-1<\/p>\n<p>Est\u00e1ndar de prueba e inspecci\u00f3n: DIN3230, ISO5208, ANSI \/FCI 70-2,<\/p>\n<p>Clasificaci\u00f3n de presi\u00f3n y temperatura Est\u00e1ndar: ASME B16.34<\/p>\n<p>&nbsp;<\/p>\n<p>CARACTER\u00cdSTICAS<\/p>\n<p>1. Excelente capacidad de sellado: est\u00e1ndar Clase V<\/p>\n<p>2. El contorno preciso de la muesca en V proporciona excelentes caracter\u00edsticas de control para una amplia variedad de aplicaciones de flujo.<\/p>\n<p>3. La opci\u00f3n de asiento met\u00e1lico resistente y autoajustable es ideal para aplicaciones o lodos de alta temperatura.<\/p>\n<p>4. La acci\u00f3n de corte entre la bola y el sello promueve un funcionamiento suave y sin obstrucciones, perfecto para aplicaciones de fibra o lodos.<\/p>\n<p>5. Los asientos son f\u00e1ciles de cambiar, lo que significa un bajo costo para las reparaciones de v\u00e1lvulas.<\/p>\n<p>6. La construcci\u00f3n resistente con un recorrido de flujo sin restricciones proporciona una alta capacidad.<\/p>\n<p>7. El asiento accionado por resorte mantiene un contacto constante con la bola, lo que brinda un rendimiento de sellado mejorado.<\/p>\n<p>8. La tecnolog\u00eda superior de cojinetes de mu\u00f1\u00f3n est\u00e1 dise\u00f1ada para brindar una excelente resistencia a la abrasi\u00f3n.<\/p>\n<p>9. La conexi\u00f3n estriada entre el eje y la bola garantiza un control preciso y una hist\u00e9resis baja.<\/p>\n<p>Solicitud:<br \/>\nPulpa y Papel\/Tratamiento de Aguas Residuales\/ Alimentos y<br \/>\nBebidas\/plantas qu\u00edmicas\/centrales el\u00e9ctricas\/industria sider\u00fargica\/et<\/p>","protected":false},"excerpt":{"rendered":"<p>La v\u00e1lvula de bola de segmento de brida est\u00e1 dise\u00f1ada principalmente para el control de flujo y tambi\u00e9n se puede utilizar para la operaci\u00f3n de cierre. El puerto con muescas en la bola del segmento contribuye a una fuerte tensi\u00f3n de corte para cortar medios con fibras y part\u00edculas. En consecuencia, esta v\u00e1lvula de segmento de puerto en V es una buena v\u00e1lvula de control general para la mayor\u00eda de las aplicaciones de procesos de pulpa y papel, o flujos similares que contienen fibras y part\u00edculas.<\/p>","protected":false},"featured_media":18197,"template":"","meta":{"advanced_seo_description":"","jetpack_seo_html_title":"","jetpack_seo_noindex":false},"product_brand":[],"product_cat":[83],"product_tag":[282,284,277,283,280],"class_list":{"0":"post-18196","1":"product","2":"type-product","3":"status-publish","4":"has-post-thumbnail","6":"product_cat-ball-valves","7":"product_tag-a216-wcb-flange-segment-ball-valve","8":"product_tag-dn200-flange-segment-ball-valve","9":"product_tag-flange-segment-ball-valve","10":"product_tag-pn16-flange-segment-ball-valve","11":"product_tag-rf-end-flange-segment-ball-valve","13":"first","14":"instock","15":"shipping-taxable","16":"product-type-simple"},"jetpack_sharing_enabled":true,"_links":{"self":[{"href":"https:\/\/oudianvalve.com\/es\/wp-json\/wp\/v2\/product\/18196","targetHints":{"allow":["GET"]}}],"collection":[{"href":"https:\/\/oudianvalve.com\/es\/wp-json\/wp\/v2\/product"}],"about":[{"href":"https:\/\/oudianvalve.com\/es\/wp-json\/wp\/v2\/types\/product"}],"wp:featuredmedia":[{"embeddable":true,"href":"https:\/\/oudianvalve.com\/es\/wp-json\/wp\/v2\/media\/18197"}],"wp:attachment":[{"href":"https:\/\/oudianvalve.com\/es\/wp-json\/wp\/v2\/media?parent=18196"}],"wp:term":[{"taxonomy":"product_brand","embeddable":true,"href":"https:\/\/oudianvalve.com\/es\/wp-json\/wp\/v2\/product_brand?post=18196"},{"taxonomy":"product_cat","embeddable":true,"href":"https:\/\/oudianvalve.com\/es\/wp-json\/wp\/v2\/product_cat?post=18196"},{"taxonomy":"product_tag","embeddable":true,"href":"https:\/\/oudianvalve.com\/es\/wp-json\/wp\/v2\/product_tag?post=18196"}],"curies":[{"name":"wp","href":"https:\/\/api.w.org\/{rel}","templated":true}]}}