{"id":18194,"date":"2023-07-05T02:28:20","date_gmt":"2023-07-05T02:28:20","guid":{"rendered":"https:\/\/oudianvalve.com\/?post_type=product&#038;p=18194"},"modified":"2023-07-05T02:28:21","modified_gmt":"2023-07-05T02:28:21","slug":"flange-segment-ball-valvecf8150lb6-inchrf-end","status":"publish","type":"product","link":"https:\/\/oudianvalve.com\/es\/products\/ball-valves\/flange-segment-ball-valvecf8150lb6-inchrf-end\/","title":{"rendered":"V\u00e1lvula de bola de segmento de brida, CF8,150LB, 6 pulgadas, extremo RF"},"content":{"rendered":"<p>La v\u00e1lvula de bola con segmento de brida est\u00e1 dise\u00f1ada principalmente para el control de flujo y tambi\u00e9n se puede utilizar para operaciones de cierre. El puerto con muescas en la bola de segmento contribuye a generar una fuerte tensi\u00f3n de corte para atravesar medios con fibras y part\u00edculas. En consecuencia, esta v\u00e1lvula de bola de segmento es una buena v\u00e1lvula de control general (car\u00e1cter de flujo de porcentaje equivalente) para la mayor\u00eda de las aplicaciones de procesamiento de pulpa y papel, o flujos similares que contienen fibras y part\u00edculas.<\/p>\n<p>Clasificaciones de presi\u00f3n y temperatura: ASME B16.34<br \/>\nRango de tama\u00f1o: DN 25~500 mm NPS 1\u201d-20\u201d (brida)<br \/>\nRango de presi\u00f3n: PN 10\/16\/25\/40\/63 ANSI 150\/300\/600<br \/>\nConexiones finales: ISA S75.04, IEC\/DIN 534-3-2 (brida)<br \/>\nTipo de bola: bola s\u00f3lida forjada, bola hueca, bola flotante<br \/>\nInspecci\u00f3n y pruebas: DIN3230, API598<br \/>\nEstanqueidad del sello: Asiento de metal Clase IV Asiento el\u00e1stico Clase VI<br \/>\nMateriales del cuerpo: WCB, CF8, CF8M CF3M, 4A,5A,6A, C95800.<br \/>\nMateriales del asiento: Acero inoxidable+STL, PCTFE,PEEK (brida), acero inoxidable+STL (oblea)<br \/>\nTemperatura. Rango: Asiento de metal -29\u2026+450 \u2103 Asiento resistente -29\u2026+150 \u2103<br \/>\nOperaci\u00f3n, manual, tornillo sin fin, neum\u00e1tica, el\u00e9ctrica.<\/p>\n<p>Caracter\u00edsticas:<\/p>\n<p>1. Cuerpo:<\/p>\n<p>a) El dise\u00f1o del cuerpo integral ofrece una mayor rigidez frente a las cargas fluctuantes de las tuber\u00edas.<\/p>\n<p>b) Elimina la trayectoria de fuga asociada con los dise\u00f1os de carrocer\u00eda de dos piezas.<\/p>\n<p>c) Est\u00e1n disponibles conexiones tanto tipo wafer como tipo brida.<\/p>\n<p>2. N\u00facleo:<\/p>\n<p>a) La bola con muesca en V especialmente dise\u00f1ada proporciona una fuerte tensi\u00f3n de corte y un sellado herm\u00e9tico.<\/p>\n<p>b) Los tratamientos con cromo duro, nitruraci\u00f3n y HCOF est\u00e1n disponibles para el tratamiento de la superficie de la bola, mejorando la dureza.<\/p>\n<p>Resistencia a la abrasi\u00f3n, resistencia a la fatiga, resistencia a la corrosi\u00f3n y rendimiento a altas temperaturas.<\/p>\n<p>c) La superficie dentada de la bola bien rectificada garantiza un par de operaci\u00f3n peque\u00f1o y un sellado herm\u00e9tico, especialmente para asientos de metal.<\/p>\n<p>v\u00e1lvula de segmento.<\/p>\n<p>3. Asiento:<\/p>\n<p>a) Para las v\u00e1lvulas clasificadas bajo la clase 150, el retenedor est\u00e1 fundido en el cuerpo de la v\u00e1lvula para eliminar cualquier espacio posible entre el asiento<\/p>\n<p>Anillo y cuerpo para la acumulaci\u00f3n de residuos. Esto garantiza un sellado perfecto.<\/p>\n<p>b) El dise\u00f1o de resorte especializado disminuye el torque de la v\u00e1lvula al tiempo que proporciona fuerza para un sellado herm\u00e9tico.<\/p>\n<p>c) El dise\u00f1o del asiento energizado por presi\u00f3n ofrece un sellado excelente incluso a presiones diferenciales muy bajas.<\/p>\n<p>4. Tallo:<\/p>\n<p>a) El v\u00e1stago est\u00e1 finamente rectificado para adaptarse perfectamente al actuador, lo que evita el movimiento de balanceo y posibles fallas.<\/p>\n<p>de la v\u00e1lvula segmentada.<\/p>\n<p>Solicitud:<br \/>\nPulpa y Papel\/Tratamiento de Aguas Residuales\/ Alimentos y<br \/>\nPlantas de bebidas\/qu\u00edmicas\/centrales el\u00e9ctricas\/industria sider\u00fargica\/etc.<\/p>","protected":false},"excerpt":{"rendered":"<p>CARACTER\u00cdSTICAS<\/p>\n<p>1. F\u00e1cil cambio de asientos, lo que significa un bajo costo para reparaciones de v\u00e1lvulas.<\/p>\n<p>2. El contorno preciso de la muesca en V proporciona excelentes caracter\u00edsticas de control para una amplia variedad de aplicaciones de flujo.<\/p>\n<p>3. La conexi\u00f3n estriada entre el eje y la bola garantiza un control preciso y una baja hist\u00e9resis.<\/p>\n<p>4. La acci\u00f3n de corte entre la bola y el sello promueve un funcionamiento suave y sin obstrucciones, perfecto para aplicaciones de fibra o lodos.<\/p>\n<p>5. El asiento con resorte mantiene un contacto constante con la bola, lo que proporciona un rendimiento de sellado mejorado.<\/p>\n<p>6. La construcci\u00f3n resistente con un recorrido de flujo sin restricciones proporciona una alta capacidad.<\/p>\n<p>7. La tecnolog\u00eda superior de cojinetes de mu\u00f1\u00f3n est\u00e1 dise\u00f1ada para una excelente resistencia a la abrasi\u00f3n.<\/p>\n<p>8. La opci\u00f3n de asiento met\u00e1lico autoajustable y resistente es ideal para aplicaciones o lodos de alta temperatura.<\/p>\n<p>9. Excelente capacidad de sellado - Est\u00e1ndar Clase V<\/p>","protected":false},"featured_media":18195,"template":"","meta":{"advanced_seo_description":"","jetpack_seo_html_title":"","jetpack_seo_noindex":false},"product_brand":[],"product_cat":[83],"product_tag":[281,279,278,277,280],"class_list":{"0":"post-18194","1":"product","2":"type-product","3":"status-publish","4":"has-post-thumbnail","6":"product_cat-ball-valves","7":"product_tag-150lb-flange-segment-ball-valve","8":"product_tag-6-inch-flange-segment-ball-valve","9":"product_tag-cf8-flange-segment-ball-valve","10":"product_tag-flange-segment-ball-valve","11":"product_tag-rf-end-flange-segment-ball-valve","13":"first","14":"instock","15":"shipping-taxable","16":"product-type-simple"},"jetpack_sharing_enabled":true,"_links":{"self":[{"href":"https:\/\/oudianvalve.com\/es\/wp-json\/wp\/v2\/product\/18194","targetHints":{"allow":["GET"]}}],"collection":[{"href":"https:\/\/oudianvalve.com\/es\/wp-json\/wp\/v2\/product"}],"about":[{"href":"https:\/\/oudianvalve.com\/es\/wp-json\/wp\/v2\/types\/product"}],"wp:featuredmedia":[{"embeddable":true,"href":"https:\/\/oudianvalve.com\/es\/wp-json\/wp\/v2\/media\/18195"}],"wp:attachment":[{"href":"https:\/\/oudianvalve.com\/es\/wp-json\/wp\/v2\/media?parent=18194"}],"wp:term":[{"taxonomy":"product_brand","embeddable":true,"href":"https:\/\/oudianvalve.com\/es\/wp-json\/wp\/v2\/product_brand?post=18194"},{"taxonomy":"product_cat","embeddable":true,"href":"https:\/\/oudianvalve.com\/es\/wp-json\/wp\/v2\/product_cat?post=18194"},{"taxonomy":"product_tag","embeddable":true,"href":"https:\/\/oudianvalve.com\/es\/wp-json\/wp\/v2\/product_tag?post=18194"}],"curies":[{"name":"wp","href":"https:\/\/api.w.org\/{rel}","templated":true}]}}