{"id":18193,"date":"2023-07-05T02:57:48","date_gmt":"2023-07-05T02:57:48","guid":{"rendered":"https:\/\/oudianvalve.com\/?post_type=product&#038;p=18193"},"modified":"2023-07-05T02:57:49","modified_gmt":"2023-07-05T02:57:49","slug":"wafer-segment-ball-valve-a351-cf8-pn16-dn150","status":"publish","type":"product","link":"https:\/\/oudianvalve.com\/es\/products\/ball-valves\/wafer-segment-ball-valve-a351-cf8-pn16-dn150\/","title":{"rendered":"V\u00e1lvula de bola de segmento de oblea, A351 CF8, PN16, DN150"},"content":{"rendered":"<p>La v\u00e1lvula de bola de segmento Wafer est\u00e1 dise\u00f1ada principalmente para el control de flujo y tambi\u00e9n se puede utilizar para la operaci\u00f3n de cierre. El puerto con muescas en la bola del segmento contribuye a una fuerte tensi\u00f3n de corte para cortar medios con fibras y part\u00edculas. En consecuencia, esta v\u00e1lvula de segmento de puerto en V es una buena v\u00e1lvula de control general para la mayor\u00eda de las aplicaciones de procesos de pulpa y papel, o flujos similares que contienen fibras y part\u00edculas.<\/p>\n<p>Clasificaciones de presi\u00f3n y temperatura: ASME B16.34<br \/>\nRango de tama\u00f1os: DN 25~250 mm NPS 1\u201d-10\u201d (oblea)<br \/>\nRango de presi\u00f3n: PN 10\/16\/25\/40\/63 ANSI 150\/300\/600<br \/>\nConexiones finales: est\u00e1ndar de f\u00e1brica (oblea)<br \/>\nTipo de bola: bola s\u00f3lida forjada, bola hueca, bola flotante<br \/>\nInspecci\u00f3n y pruebas: DIN3230, API598<br \/>\nEstanqueidad del sello: Asiento de metal Clase IV Asiento el\u00e1stico Clase VI<br \/>\nMateriales del cuerpo: WCB, CF8, CF8M CF3M, 4A,5A,6A, C95800.<br \/>\nMateriales del asiento: Acero inoxidable+STL, PCTFE,PEEK (brida), acero inoxidable+STL (oblea)<br \/>\nTemperatura. Rango: Asiento de metal -29\u2026+450 \u2103 Asiento resistente -29\u2026+150 \u2103<br \/>\nOperaci\u00f3n, manual, tornillo sin fin, neum\u00e1tica, el\u00e9ctrica.<\/p>\n<p>Cuerpo<br \/>\n\u2022 El cuerpo de una sola pieza evita fugas causadas por bridas separadas o anillos de bloqueo.<br \/>\nBola de segmento de puerto V:<br \/>\n\u2022 La bola con muesca en V especialmente dise\u00f1ada proporciona una fuerte tensi\u00f3n de corte y un sellado herm\u00e9tico.<br \/>\nLa superficie de la bola con muescas bien rectificada garantiza un par de funcionamiento peque\u00f1o y un sello herm\u00e9tico.<br \/>\nEspecialmente para v\u00e1lvulas de segmento con asiento met\u00e1lico.<br \/>\nAsiento<br \/>\n\u2022 El dise\u00f1o especial del asiento elimina la cavidad entre el asiento y el cuerpo de la v\u00e1lvula. Este,<br \/>\nen consecuencia, evita que los medios se atasquen entre el asiento y el cuerpo, garantiza una confiabilidad<br \/>\nsellando.<br \/>\nSuperficie del sello<br \/>\n\u2022 El revestimiento de nitruraci\u00f3n\/carburo de tungsteno\/aleaci\u00f3n sat\u00e9lite\/aleaci\u00f3n con base de n\u00edquel est\u00e1 disponible para<br \/>\nmedios abrasivos.<br \/>\nProvenir<br \/>\n\u2022 El v\u00e1stago est\u00e1 finamente rectificado para adaptarse perfectamente al actuador, lo que evita el movimiento oscilante<br \/>\ny posible falla de la v\u00e1lvula segmentada de puerto en V.<br \/>\n\u2022 Hay disponibles ranuras de ajuste perfecto o chavetas para la conexi\u00f3n de bola del segmento del v\u00e1stago para proporcionar<br \/>\nTransmisi\u00f3n confiable sin p\u00e9rdida de movimiento o banda muerta.<\/p>\n<p>Solicitud:<br \/>\nPulpa y papel\/Tratamiento de aguas residuales\/Alimentos y bebidas\/Plantas qu\u00edmicas\/Plantas el\u00e9ctricas\/Industria sider\u00fargica\/Etc.<\/p>","protected":false},"excerpt":{"rendered":"<p>Las v\u00e1lvulas de bola de segmento Wafer pertenecen a v\u00e1lvulas de bola fijas y tambi\u00e9n son v\u00e1lvulas de bola selladas de asiento \u00fanico. Su rendimiento de regulaci\u00f3n es el mejor entre las v\u00e1lvulas de bola y sus caracter\u00edsticas de flujo son iguales en porcentaje, con una relaci\u00f3n ajustable de 100:1. Su muesca en forma de V tiene un efecto de corte entre el asiento met\u00e1lico de la v\u00e1lvula, lo que la hace particularmente adecuada para medios que contienen fibras, peque\u00f1as part\u00edculas s\u00f3lidas, lodos y otros materiales.<\/p>","protected":false},"featured_media":18198,"template":"","meta":{"advanced_seo_description":"","jetpack_seo_html_title":"","jetpack_seo_noindex":false},"product_brand":[],"product_cat":[83],"product_tag":[286,288,287,285],"class_list":{"0":"post-18193","1":"product","2":"type-product","3":"status-publish","4":"has-post-thumbnail","6":"product_cat-ball-valves","7":"product_tag-cf8-wafer-segment-ball-valve","8":"product_tag-dn150-wafer-segment-ball-valve","9":"product_tag-pn16-wafer-segment-ball-valve","10":"product_tag-wafer-segment-ball-valve","12":"first","13":"instock","14":"shipping-taxable","15":"product-type-simple"},"jetpack_sharing_enabled":true,"_links":{"self":[{"href":"https:\/\/oudianvalve.com\/es\/wp-json\/wp\/v2\/product\/18193","targetHints":{"allow":["GET"]}}],"collection":[{"href":"https:\/\/oudianvalve.com\/es\/wp-json\/wp\/v2\/product"}],"about":[{"href":"https:\/\/oudianvalve.com\/es\/wp-json\/wp\/v2\/types\/product"}],"wp:featuredmedia":[{"embeddable":true,"href":"https:\/\/oudianvalve.com\/es\/wp-json\/wp\/v2\/media\/18198"}],"wp:attachment":[{"href":"https:\/\/oudianvalve.com\/es\/wp-json\/wp\/v2\/media?parent=18193"}],"wp:term":[{"taxonomy":"product_brand","embeddable":true,"href":"https:\/\/oudianvalve.com\/es\/wp-json\/wp\/v2\/product_brand?post=18193"},{"taxonomy":"product_cat","embeddable":true,"href":"https:\/\/oudianvalve.com\/es\/wp-json\/wp\/v2\/product_cat?post=18193"},{"taxonomy":"product_tag","embeddable":true,"href":"https:\/\/oudianvalve.com\/es\/wp-json\/wp\/v2\/product_tag?post=18193"}],"curies":[{"name":"wp","href":"https:\/\/api.w.org\/{rel}","templated":true}]}}