{"id":18189,"date":"2023-07-03T08:18:53","date_gmt":"2023-07-03T08:18:53","guid":{"rendered":"https:\/\/oudianvalve.com\/?post_type=product&#038;p=18189"},"modified":"2023-07-03T08:19:23","modified_gmt":"2023-07-03T08:19:23","slug":"wafer-type-dual-plate-check-valve-150lb-cf8m-6-inch","status":"publish","type":"product","link":"https:\/\/oudianvalve.com\/es\/products\/check-valves\/wafer-type-dual-plate-check-valve-150lb-cf8m-6-inch\/","title":{"rendered":"V\u00e1lvula de retenci\u00f3n de placa doble tipo oblea, 150 lb, CF8M, 6 pulgadas"},"content":{"rendered":"<p>Longitud estructural corta, solo 1\/4 ~ 1\/8 de la de la v\u00e1lvula de retenci\u00f3n con brida tradicional;<\/p>\n<p>Bajo volumen, peso ligero, s\u00f3lo 1\/4~1\/20 de los de la v\u00e1lvula de retenci\u00f3n con brida tradicional;<\/p>\n<p>Cierre r\u00e1pido del disco de la v\u00e1lvula, baja presi\u00f3n de golpe de ariete;<\/p>\n<p>Aplicable y de f\u00e1cil instalaci\u00f3n para tuber\u00edas verticales u horizontales;<\/p>\n<p>Paso de flujo suave y peque\u00f1a resistencia a los fluidos;<\/p>\n<p>Acci\u00f3n flexible y buen rendimiento de sellado;<\/p>\n<p>Recorrido de v\u00e1lvula estrecho y peque\u00f1o impacto de cierre;<\/p>\n<p>Estructura integrada, simple y compacta, en hermosa forma;<\/p>\n<p>Larga vida \u00fatil y buena fiabilidad.<\/p>\n<p>Especificaci\u00f3n del par\u00e1metro principal<\/p>\n<p>Dise\u00f1o y fabricaci\u00f3n: API594, API 6D<br \/>\nCara a cara y de extremo a extremo: API594,API6D,DIN3202<br \/>\nClasificaci\u00f3n de presi\u00f3n-temperatura: ASME B16.34, DIN2410,<br \/>\nInspecci\u00f3n y prueba: API598<br \/>\nBrida de tuber\u00eda: ASME B16.5, DIN2543~2548, GB\/T13402, API605, ASME B16.47.<\/p>\n<p>Gama de productos<\/p>\n<p>Material del cuerpo: acero al carbono, acero inoxidable, acero aleado, bronce<\/p>\n<p>Di\u00e1metro nominal: 1,5\u2033~60\u2033(DN40~DN1500)<\/p>\n<p>Conexi\u00f3n final: RF, RTJ, BW<\/p>\n<p>Rango de presi\u00f3n: Clase 150~2500(PN16~PN420)<\/p>\n<p>Temperatura de trabajo: -196 \u2103 ~ + 560 \u2103<\/p>\n<p>&nbsp;<\/p>\n<p>Las v\u00e1lvulas de retenci\u00f3n de placa doble tienen extremos de oblea, orejetas o bridas y cumplen con API 6D o API 594. Las v\u00e1lvulas de retenci\u00f3n de placa doble tienen dise\u00f1os sin retenedor para evitar rutas de fuga a trav\u00e9s del cuerpo de la v\u00e1lvula.<\/p>\n<p>La v\u00e1lvula de retenci\u00f3n de doble placa emplea dos placas accionadas por resorte articuladas en un pasador de bisagra central. La v\u00e1lvula de retenci\u00f3n de doble placa es un tipo de v\u00e1lvula de retenci\u00f3n oscilante, con caracter\u00edsticas mucho m\u00e1s cortas y menos pesadas en comparaci\u00f3n con una v\u00e1lvula de retenci\u00f3n oscilante convencional.<\/p>\n<p>Ventajas:<\/p>\n<p>\u2013 Las v\u00e1lvulas de retenci\u00f3n de placa doble realizan el trabajo de casi cualquier v\u00e1lvula de retenci\u00f3n de oscilaci\u00f3n. Sin embargo, sus dimensiones m\u00e1s peque\u00f1as lo hacen m\u00e1s liviano y, por lo tanto, m\u00e1s rentable de comprar, instalar y mantener.<\/p>\n<p>\u2013 La v\u00e1lvula de retenci\u00f3n de doble placa es una v\u00e1lvula de retenci\u00f3n silenciosa; por su dise\u00f1o innovador no se cierra de golpe al cerrar.<\/p>\n<p>\u2013 La v\u00e1lvula de retenci\u00f3n de placa doble tiene una caracter\u00edstica importante: no depende de la presi\u00f3n ni del flujo para centrar las placas en relaci\u00f3n con la superficie de sellado a fin de realizar el sello.<\/p>","protected":false},"excerpt":{"rendered":"<p>La v\u00e1lvula de retenci\u00f3n de doble placa es un tipo de v\u00e1lvula de retenci\u00f3n oscilante, con caracter\u00edsticas mucho m\u00e1s cortas y menos pesadas en comparaci\u00f3n con una v\u00e1lvula de retenci\u00f3n oscilante convencional.<\/p>","protected":false},"featured_media":18190,"template":"","meta":{"advanced_seo_description":"","jetpack_seo_html_title":"","jetpack_seo_noindex":false},"product_brand":[],"product_cat":[82],"product_tag":[269,270,271,268],"class_list":{"0":"post-18189","1":"product","2":"type-product","3":"status-publish","4":"has-post-thumbnail","6":"product_cat-check-valves","7":"product_tag-150lb-wafer-type-dual-plate-check-valve","8":"product_tag-6-inch-dual-plate-check-valve","9":"product_tag-cf8m-dual-plate-check-valve","10":"product_tag-wafer-type-dual-plate-check-valve","12":"first","13":"instock","14":"shipping-taxable","15":"product-type-simple"},"jetpack_sharing_enabled":true,"_links":{"self":[{"href":"https:\/\/oudianvalve.com\/es\/wp-json\/wp\/v2\/product\/18189","targetHints":{"allow":["GET"]}}],"collection":[{"href":"https:\/\/oudianvalve.com\/es\/wp-json\/wp\/v2\/product"}],"about":[{"href":"https:\/\/oudianvalve.com\/es\/wp-json\/wp\/v2\/types\/product"}],"wp:featuredmedia":[{"embeddable":true,"href":"https:\/\/oudianvalve.com\/es\/wp-json\/wp\/v2\/media\/18190"}],"wp:attachment":[{"href":"https:\/\/oudianvalve.com\/es\/wp-json\/wp\/v2\/media?parent=18189"}],"wp:term":[{"taxonomy":"product_brand","embeddable":true,"href":"https:\/\/oudianvalve.com\/es\/wp-json\/wp\/v2\/product_brand?post=18189"},{"taxonomy":"product_cat","embeddable":true,"href":"https:\/\/oudianvalve.com\/es\/wp-json\/wp\/v2\/product_cat?post=18189"},{"taxonomy":"product_tag","embeddable":true,"href":"https:\/\/oudianvalve.com\/es\/wp-json\/wp\/v2\/product_tag?post=18189"}],"curies":[{"name":"wp","href":"https:\/\/api.w.org\/{rel}","templated":true}]}}