{"id":18180,"date":"2023-07-03T07:14:51","date_gmt":"2023-07-03T07:14:51","guid":{"rendered":"https:\/\/oudianvalve.com\/?post_type=product&#038;p=18180"},"modified":"2023-07-03T08:02:40","modified_gmt":"2023-07-03T08:02:40","slug":"tilting-disc-check-valve-300lb-wcb-12-inch-rf-end","status":"publish","type":"product","link":"https:\/\/oudianvalve.com\/es\/products\/check-valves\/tilting-disc-check-valve-300lb-wcb-12-inch-rf-end\/","title":{"rendered":"V\u00e1lvula de retenci\u00f3n de disco basculante, 300 lb, WCB, 12 pulgadas, extremo RF"},"content":{"rendered":"<p>Est\u00e1ndar de dise\u00f1o: API 6D<br \/>\nClasificaciones de presi\u00f3n y temperatura: ASME B16.34<br \/>\nRango de tama\u00f1os: 2\u201d a 48\u201d<br \/>\nRango de presi\u00f3n: Clase 150 a 2500<br \/>\nConexiones finales: RF con bridas, RTJ, soldadura a tope<br \/>\nDimensiones del extremo bridado: ASME B16.5 (\u226424\u201d), ASME B16.47 Serie A o B (&gt;24\u201d)<br \/>\nDimensiones del extremo de soldadura a tope: ASME B16.25 cara a cara<br \/>\nDimensiones cara a cara: ASME B16.10<br \/>\nInspecci\u00f3n y pruebas: API 598<br \/>\nMateriales del cuerpo: WCB, CF8, CF3, CF3M, CF8M, A995 4A, 5A, 6A, C95800, INCONEL 625, INCONEL 825, MONEL, WC6, WC9.<br \/>\nMateriales de acabado: 1#, 5#,8#,10#,12#,16#<br \/>\nMateriales de embalaje: grafito, grafito con alambre de inconel.<\/p>\n<p>Las v\u00e1lvulas de retenci\u00f3n de disco basculante logran una apertura total del flujo al hacer que el disco gire o se incline en el medio de flujo. El rango de carrera de apertura es mucho menor que el de las v\u00e1lvulas de retenci\u00f3n oscilantes convencionales, lo que reduce el tiempo de apertura y cierre. Es fundamental para controlar la inversi\u00f3n del flujo y reducir el golpe de ariete. El dise\u00f1o de la v\u00e1lvula de retenci\u00f3n de disco basculante ofrece la soluci\u00f3n al permitir un cierre r\u00e1pido, incluso en el caso de poca p\u00e9rdida de flujo.<\/p>\n<p>Las v\u00e1lvulas de retenci\u00f3n de disco basculante est\u00e1n dise\u00f1adas para abrirse y cerrarse m\u00e1s r\u00e1pido que las v\u00e1lvulas de retenci\u00f3n est\u00e1ndar. Se requiere una operaci\u00f3n r\u00e1pida siempre que los componentes cr\u00edticos deban protegerse contra el reflujo de inmediato. Sin embargo, muchos otros tipos de v\u00e1lvulas de retenci\u00f3n s\u00f3lo pueden cerrarse cuando el flujo aguas arriba se pierde por completo.<\/p>\n<p>En sistemas donde el reflujo puede ocurrir r\u00e1pidamente, como los sistemas de bombeo en un sistema de alta presi\u00f3n, esto puede provocar problemas importantes. En casos extremos, el golpe de ariete resultante puede alterar sistemas completos de tuber\u00edas y bombas.<\/p>\n<p>\u2022 Estabilidad del flujo bajo y pulsante<\/p>\n<p>\u2022 Una ca\u00edda moderada de la presi\u00f3n<\/p>\n<p>\u2022 Sellado herm\u00e9tico del asiento met\u00e1lico<\/p>\n<p>\u2022 Los contactos del asiento ocurren s\u00f3lo despu\u00e9s de que el disco est\u00e1 asentado y cerrado.<\/p>\n<p>Solicitud:<\/p>\n<p>Debido a que el disco de una v\u00e1lvula de retenci\u00f3n de disco basculante est\u00e1 montado en un \u00e1ngulo de 15 grados, se abre a una velocidad media, comenzando a 0,6 m\/s con un tiempo de respuesta corto. Esto evita que el disco &quot;martillee&quot; a bajas velocidades y previene el desgaste del v\u00e1stago, los resortes y los cojinetes. El sello autocentrante proporciona un sellado excelente tanto en diferenciales de presi\u00f3n altos como bajos. Adem\u00e1s, las v\u00e1lvulas pueden incluirse con resortes adicionales para aumentar la velocidad de respuesta si existe un alto riesgo de reflujo r\u00e1pido.<\/p>\n<p>El resultado es una v\u00e1lvula de retenci\u00f3n estable con un tiempo de respuesta r\u00e1pido que requiere un mantenimiento m\u00ednimo. Esto hace que esta v\u00e1lvula sea adecuada para cualquier aplicaci\u00f3n que requiera una respuesta r\u00e1pida.<\/p>","protected":false},"excerpt":{"rendered":"<p>Una v\u00e1lvula de retenci\u00f3n de disco basculante ofrece una soluci\u00f3n de cierre r\u00e1pido. Las v\u00e1lvulas de retenci\u00f3n de disco basculante ofrecen una opci\u00f3n de cuerpo dividido, sello de presi\u00f3n o wafer con un dise\u00f1o que no se golpea.<\/p>\n<p>Las v\u00e1lvulas de retenci\u00f3n de disco basculante est\u00e1n dise\u00f1adas para agua potable y otros l\u00edquidos neutros y generalmente se instalan en aplicaciones de bombeo para evitar el reflujo en el sistema. El disco basculante s\u00f3lo requiere una presi\u00f3n muy baja para abrirse.<\/p>\n<p>La caracter\u00edstica de esta v\u00e1lvula es &quot;no cerrar de golpe&quot;. El disco, con su forma, se mantiene en posici\u00f3n abierta por el flujo de fluido, y su retorno a la posici\u00f3n cerrada no provoca un golpe repentino y violento contra el asiento. El dise\u00f1o puede ser seg\u00fan ASME B16.34 pero, tambi\u00e9n, seg\u00fan EN 12516.<\/p>","protected":false},"featured_media":18181,"template":"","meta":{"advanced_seo_description":"","jetpack_seo_html_title":"","jetpack_seo_noindex":false},"product_brand":[],"product_cat":[82],"product_tag":[261,260,262,259],"class_list":{"0":"post-18180","1":"product","2":"type-product","3":"status-publish","4":"has-post-thumbnail","6":"product_cat-check-valves","7":"product_tag-12-inch-tilting-disc-check-valve","8":"product_tag-300lb-tilting-disc-check-valve","9":"product_tag-rf-end-tilting-disc-check-valve","10":"product_tag-tilting-disc-check-valve","12":"first","13":"instock","14":"shipping-taxable","15":"product-type-simple"},"jetpack_sharing_enabled":true,"_links":{"self":[{"href":"https:\/\/oudianvalve.com\/es\/wp-json\/wp\/v2\/product\/18180","targetHints":{"allow":["GET"]}}],"collection":[{"href":"https:\/\/oudianvalve.com\/es\/wp-json\/wp\/v2\/product"}],"about":[{"href":"https:\/\/oudianvalve.com\/es\/wp-json\/wp\/v2\/types\/product"}],"wp:featuredmedia":[{"embeddable":true,"href":"https:\/\/oudianvalve.com\/es\/wp-json\/wp\/v2\/media\/18181"}],"wp:attachment":[{"href":"https:\/\/oudianvalve.com\/es\/wp-json\/wp\/v2\/media?parent=18180"}],"wp:term":[{"taxonomy":"product_brand","embeddable":true,"href":"https:\/\/oudianvalve.com\/es\/wp-json\/wp\/v2\/product_brand?post=18180"},{"taxonomy":"product_cat","embeddable":true,"href":"https:\/\/oudianvalve.com\/es\/wp-json\/wp\/v2\/product_cat?post=18180"},{"taxonomy":"product_tag","embeddable":true,"href":"https:\/\/oudianvalve.com\/es\/wp-json\/wp\/v2\/product_tag?post=18180"}],"curies":[{"name":"wp","href":"https:\/\/api.w.org\/{rel}","templated":true}]}}