{"id":18167,"date":"2023-06-30T04:28:52","date_gmt":"2023-06-30T04:28:52","guid":{"rendered":"https:\/\/oudianvalve.com\/?post_type=product&#038;p=18167"},"modified":"2023-06-30T04:36:12","modified_gmt":"2023-06-30T04:36:12","slug":"2pc-forged-steel-floating-ball-valvea105-316-trim-2-inch-600lb-rf-end","status":"publish","type":"product","link":"https:\/\/oudianvalve.com\/es\/products\/ball-valves\/2pc-forged-steel-floating-ball-valvea105-316-trim-2-inch-600lb-rf-end\/","title":{"rendered":"V\u00e1lvula de bola flotante de acero forjado de 2 piezas, ajuste A105,316, 2 pulgadas, 600 lb, extremo RF"},"content":{"rendered":"<p>Est\u00e1ndar de dise\u00f1o: API 6D\/API 608<br \/>\nA prueba de fuego: API 607\/6FA<br \/>\nClasificaciones de temperatura de presi\u00f3n: ASME B16.34<br \/>\nRango de tama\u00f1os: 2\u201d a 48\u201d (DN50-DN1200)<br \/>\nPuerto: paso total o paso reducido<br \/>\nRango de presi\u00f3n: 150 lb a 2500 lb<br \/>\nConexiones finales: RF con bridas, RTJ, soldadura a tope<br \/>\nTipo de bola: bola s\u00f3lida forjada<br \/>\nDimensiones del extremo bridado: ASME B16.5 (24\u201d y menos), ASME B16.47 Serie A o B (m\u00e1s de 24\u201d)<br \/>\nDimensiones del extremo soldado a tope: ASME B16.25<br \/>\nDimensiones cara a cara: ASME B16.10<br \/>\nInspecci\u00f3n y Pruebas: API 6D<br \/>\nMateriales del cuerpo: A105\/A105N, F304, F316, F316L, F51, F53, F55, C95800, UNS N08825, UNS N06625.<br \/>\nMateriales del asiento: PTFE, RPTFE, DEVLON, NYLON, PEEK, asiento met\u00e1lico con TCC\/STL\/Ni.<\/p>\n<p>Caracter\u00edsticas del producto:<\/p>\n<p>1.La resistencia al flujo es peque\u00f1a;<br \/>\n2.Asiento de pist\u00f3n, dise\u00f1o de estructura antiest\u00e1tica de protecci\u00f3n contra incendios;<br \/>\n3.Sin limitaci\u00f3n en la direcci\u00f3n del flujo del medio;<br \/>\n4.Cuando la v\u00e1lvula est\u00e1 en posici\u00f3n completamente abierta, las superficies del asiento est\u00e1n fuera del flujo de flujo que siempre est\u00e1 en pleno contacto con la compuerta que puede proteger las superficies del asiento y es adecuada para limpiar la tuber\u00eda;<br \/>\n5.Se puede elegir un embalaje con resorte;<br \/>\n6. El embalaje de bajas emisiones se puede elegir de acuerdo con el requisito ISO 15848;<br \/>\n7.Se puede elegir el dise\u00f1o extendido del v\u00e1stago;<br \/>\n8.Se puede elegir el dise\u00f1o del asiento de metal a metal;<br \/>\n9.Se puede elegir el dise\u00f1o DBB,DIB-1,DIB-2;<br \/>\n10.La bola se fija con una placa de soporte y un eje fijo;<\/p>\n<p>Ventaja:<\/p>\n<p>Material del cuerpo forjado, rendimiento mucho m\u00e1s estable que el cuerpo fundido que puede tener defectos internos, ya que el cuerpo est\u00e1 hecho de material forjado, no requiere ninguna reparaci\u00f3n y la superficie se ve bien. S\u00f3lo se utiliza una bola s\u00f3lida para garantizar un rendimiento excelente. En comparaci\u00f3n con las v\u00e1lvulas de bola flotante, la bola est\u00e1 fijada tanto por el v\u00e1stago como por el mu\u00f1\u00f3n inferior, por lo que tiene un valor de torsi\u00f3n m\u00e1s bajo. Cuando la presi\u00f3n en la cavidad es alta, empujar\u00e1 el movimiento del asiento del resorte y har\u00e1 que la presi\u00f3n se libere autom\u00e1ticamente. Nuestras v\u00e1lvulas de bola montadas en mu\u00f1\u00f3n est\u00e1n estrictamente dise\u00f1adas y producidas seg\u00fan API6D y el est\u00e1ndar relacionado, 100% probado seg\u00fan API6D. La pintura se puede personalizar seg\u00fan las solicitudes del cliente, como JOTUN, HEMPEL. Se acepta TPI para inspecci\u00f3n de proceso o inspecci\u00f3n de prueba y dimensiones finales.<\/p>\n<p>Principio de la v\u00e1lvula de bola flotante de acero forjado: este tipo de v\u00e1lvula de bola tiene una bola flotante sostenida por dos asientos de v\u00e1lvula. Bajo el efecto de media presi\u00f3n, la propia bola puede generar un cierto desplazamiento para presionarse sobre el anillo de sellado del asiento en la salida, garantizando la estanqueidad en la salida.<\/p>","protected":false},"excerpt":{"rendered":"<h3><\/h3>\n<div>\n<p>\u00a0 \u00a0 \u00a0 \u00a0 Breve descripci\u00f3n:<\/p>\n<ul>\n<li>Doble bloqueo y purga (DBB)<\/li>\n<li>Cuerpo derramado o entrada lateral, cuerpo de 2 o 3 piezas<\/li>\n<li>Cap\u00f3 atornillado<\/li>\n<li>Resorte antiest\u00e1tico<\/li>\n<li>V\u00e1stago antiexplosi\u00f3n<\/li>\n<li>A prueba de fuego<\/li>\n<li>Alivio de la autocavidad<\/li>\n<\/ul>\n<\/div>","protected":false},"featured_media":18168,"template":"","meta":{"advanced_seo_description":"","jetpack_seo_html_title":"","jetpack_seo_noindex":false},"product_brand":[],"product_cat":[83],"product_tag":[252,250,253,251,254],"class_list":{"0":"post-18167","1":"product","2":"type-product","3":"status-publish","4":"has-post-thumbnail","6":"product_cat-ball-valves","7":"product_tag-2-inch-forged-steel-floating-ball-valve","8":"product_tag-2pc-forged-steel-floating-ball-valve","9":"product_tag-600lb-forged-steel-floating-ball-valve","10":"product_tag-a105-forged-steel-floating-ball-valve","11":"product_tag-rf-end-forged-steel-floating-ball-valve","13":"first","14":"instock","15":"shipping-taxable","16":"product-type-simple"},"jetpack_sharing_enabled":true,"_links":{"self":[{"href":"https:\/\/oudianvalve.com\/es\/wp-json\/wp\/v2\/product\/18167","targetHints":{"allow":["GET"]}}],"collection":[{"href":"https:\/\/oudianvalve.com\/es\/wp-json\/wp\/v2\/product"}],"about":[{"href":"https:\/\/oudianvalve.com\/es\/wp-json\/wp\/v2\/types\/product"}],"wp:featuredmedia":[{"embeddable":true,"href":"https:\/\/oudianvalve.com\/es\/wp-json\/wp\/v2\/media\/18168"}],"wp:attachment":[{"href":"https:\/\/oudianvalve.com\/es\/wp-json\/wp\/v2\/media?parent=18167"}],"wp:term":[{"taxonomy":"product_brand","embeddable":true,"href":"https:\/\/oudianvalve.com\/es\/wp-json\/wp\/v2\/product_brand?post=18167"},{"taxonomy":"product_cat","embeddable":true,"href":"https:\/\/oudianvalve.com\/es\/wp-json\/wp\/v2\/product_cat?post=18167"},{"taxonomy":"product_tag","embeddable":true,"href":"https:\/\/oudianvalve.com\/es\/wp-json\/wp\/v2\/product_tag?post=18167"}],"curies":[{"name":"wp","href":"https:\/\/api.w.org\/{rel}","templated":true}]}}