{"id":18165,"date":"2023-06-30T03:26:42","date_gmt":"2023-06-30T03:26:42","guid":{"rendered":"https:\/\/oudianvalve.com\/?post_type=product&#038;p=18165"},"modified":"2023-06-30T03:26:43","modified_gmt":"2023-06-30T03:26:43","slug":"din-wafer-ball-valve-pn16-dn80-cf8m-rf-end","status":"publish","type":"product","link":"https:\/\/oudianvalve.com\/es\/products\/ball-valves\/din-wafer-ball-valve-pn16-dn80-cf8m-rf-end\/","title":{"rendered":"V\u00e1lvula de bola DIN Wafer, PN16, DN80, CF8M, extremo RF"},"content":{"rendered":"<p>Est\u00e1ndar de dise\u00f1o y fabricaci\u00f3n: API 6D, API 608, BS 5351\/DIN3357\/JIS B2071<\/p>\n<p>Est\u00e1ndar de presi\u00f3n y temperatura: ASME B16.34\/DIN3230<\/p>\n<p>Est\u00e1ndar de dimensi\u00f3n cara a cara: ASME B16.10\/DIN3202\/JIS B2002<\/p>\n<p>Est\u00e1ndar de brida: ASME B16.5, ASME B16.47\/DIN2543-2545-2501\/JIS B2220<\/p>\n<p>Est\u00e1ndar de prueba e inspecci\u00f3n: API 598, API 6D\/DIN2401\/JIS B2003.<\/p>\n<p>Tama\u00f1o: 1\/2\u201d-8\u201d(DN15~DN200)<\/p>\n<p>Clasificaci\u00f3n de presi\u00f3n: 150LB-300LB\/PN16~PN40\/10K~20K)<\/p>\n<p>Material: WCB\uff64LCB\uff64WCC\uff64CF8\uff64CF8M\uff64CF3\uff64C3M\uff64A890 4A\uff64A105\uff64LF2\uff64F304\uff64F316\uff64F304L\uff64F316L y<\/p>\n<p>Temperatura adecuada: -196\u00baC~450\u00baC (Diferentes temperaturas eligen diferentes materiales).<\/p>\n<p>Medio adecuado: agua, vapor, petr\u00f3leo y gas natural, etc.<\/p>\n<h4>Caracter\u00edsticas del producto<\/h4>\n<p>1. El producto es liviano;<br \/>\n2. La resistencia al flujo es peque\u00f1a;<br \/>\n3. Asiento de v\u00e1lvula tipo labio, f\u00e1cil de abrir y cerrar;<br \/>\n4. Sin limitaci\u00f3n de la direcci\u00f3n del flujo;<br \/>\n5. Dise\u00f1o antiest\u00e1tico y seguro contra incendios, v\u00e1stago antiexplosi\u00f3n;<br \/>\n6. Se puede elegir una empaquetadura con resorte;<br \/>\n7. Se puede elegir una empaquetadura de bajas emisiones de acuerdo con los requisitos de ISO 15848;<br \/>\n8. Se puede elegir el dise\u00f1o extendido del v\u00e1stago<br \/>\n9. Se puede elegir asiento blando y asiento de metal con metal;<br \/>\n10. Se puede elegir el dise\u00f1o con camisa.\uff1b<\/p>\n<p>Industria de aplicaciones de productos<\/p>\n<p>El producto es adecuado para industrias como la petrolera, qu\u00edmica, de gas natural, bioqu\u00edmica, farmac\u00e9utica, de protecci\u00f3n ambiental y de nuevas energ\u00edas.<\/p>","protected":false},"excerpt":{"rendered":"<p>Caracter\u00edsticas<\/p>\n<p>\uff0eCasting de inversi\u00f3n<\/p>\n<p>\uff0eManija del dispositivo de bloqueo<\/p>\n<p>\uff0eDispositivo antiest\u00e1tico<\/p>\n<p>\uff0eV\u00e1stago a prueba de explosiones<\/p>\n<p>\uff0eAccesorios de automatizaci\u00f3n<\/p>\n<p>\uff0eISO5211 Almohadilla de montaje directo<\/p>\n<p>\uff0eDise\u00f1o de carga din\u00e1mica<\/p>","protected":false},"featured_media":18166,"template":"","meta":{"advanced_seo_description":"","jetpack_seo_html_title":"","jetpack_seo_noindex":false},"product_brand":[],"product_cat":[83],"product_tag":[248,245,247,246,249],"class_list":{"0":"post-18165","1":"product","2":"type-product","3":"status-publish","4":"has-post-thumbnail","6":"product_cat-ball-valves","7":"product_tag-cf8m-din-wafer-ball-valve","8":"product_tag-din-wafer-ball-valve","9":"product_tag-dn80-din-wafer-ball-valve","10":"product_tag-pn16-din-wafer-ball-valve","11":"product_tag-rf-end-din-wafer-ball-valve","13":"first","14":"instock","15":"shipping-taxable","16":"product-type-simple"},"jetpack_sharing_enabled":true,"_links":{"self":[{"href":"https:\/\/oudianvalve.com\/es\/wp-json\/wp\/v2\/product\/18165","targetHints":{"allow":["GET"]}}],"collection":[{"href":"https:\/\/oudianvalve.com\/es\/wp-json\/wp\/v2\/product"}],"about":[{"href":"https:\/\/oudianvalve.com\/es\/wp-json\/wp\/v2\/types\/product"}],"wp:featuredmedia":[{"embeddable":true,"href":"https:\/\/oudianvalve.com\/es\/wp-json\/wp\/v2\/media\/18166"}],"wp:attachment":[{"href":"https:\/\/oudianvalve.com\/es\/wp-json\/wp\/v2\/media?parent=18165"}],"wp:term":[{"taxonomy":"product_brand","embeddable":true,"href":"https:\/\/oudianvalve.com\/es\/wp-json\/wp\/v2\/product_brand?post=18165"},{"taxonomy":"product_cat","embeddable":true,"href":"https:\/\/oudianvalve.com\/es\/wp-json\/wp\/v2\/product_cat?post=18165"},{"taxonomy":"product_tag","embeddable":true,"href":"https:\/\/oudianvalve.com\/es\/wp-json\/wp\/v2\/product_tag?post=18165"}],"curies":[{"name":"wp","href":"https:\/\/api.w.org\/{rel}","templated":true}]}}