{"id":18163,"date":"2023-06-30T03:14:35","date_gmt":"2023-06-30T03:14:35","guid":{"rendered":"https:\/\/oudianvalve.com\/?post_type=product&#038;p=18163"},"modified":"2025-06-14T05:54:21","modified_gmt":"2025-06-14T05:54:21","slug":"duplex-2507-ball-valve-600lb-3-inch-flange-end","status":"publish","type":"product","link":"https:\/\/oudianvalve.com\/es\/products\/ball-valves\/duplex-2507-ball-valve-600lb-3-inch-flange-end\/","title":{"rendered":"V\u00e1lvula de bola Duplex 2507, 600 lb, 3 pulgadas, extremo de brida"},"content":{"rendered":"<p>Est\u00e1ndar de dise\u00f1o y fabricaci\u00f3n: API 6D, API 608, BS 5351\/DIN3357\/JIS B2071<\/p>\n<p>Est\u00e1ndar de presi\u00f3n y temperatura: ASME B16.34\/DIN3230<\/p>\n<p>Est\u00e1ndar de dimensi\u00f3n cara a cara: ASME B16.10\/DIN3202\/JIS B2002<\/p>\n<p>Est\u00e1ndar de brida: ASME B16.5, ASME B16.47\/DIN2543-2545-2501\/JIS B2220<\/p>\n<p>Est\u00e1ndar de prueba e inspecci\u00f3n: API 598, API 6D\/DIN2401\/JIS B2003.<\/p>\n<p>Tama\u00f1o: 1\/2\u201d-10\u201d(DN15~DN250)<\/p>\n<p>Clasificaci\u00f3n de presi\u00f3n: 150LB-600LB\/PN16~PN100\/10K~60K)<\/p>\n<p>Material: D\u00faplex S31803, S\u00faper D\u00faplex S32750, S\u00faper D\u00faplex S327601A, \u3001 2A, 3A, 4A, 5A, 6A, 1B, 1C, CD4MCu, CD4MCuN, CD3MCuN, CE8MN, CD6MN, CD3MN, CE3MN, CD3MWCuNF51, F53, F55, F60.<\/p>\n<p>Temperatura adecuada: -196\u00baC~450\u00baC (Diferentes temperaturas eligen diferentes materiales).<\/p>\n<p>Medio adecuado: agua, vapor, petr\u00f3leo y gas natural, etc.<\/p>\n<h4>Caracter\u00edsticas del producto<\/h4>\n<p>1. El producto es liviano;<br \/>\n2. La resistencia al flujo es peque\u00f1a;<br \/>\n3. Asiento de v\u00e1lvula tipo labio, f\u00e1cil de abrir y cerrar;<br \/>\n4. Sin limitaci\u00f3n de la direcci\u00f3n del flujo;<br \/>\n5. Dise\u00f1o antiest\u00e1tico y seguro contra incendios, v\u00e1stago antiexplosi\u00f3n;<br \/>\n6. Se puede elegir una empaquetadura con resorte;<br \/>\n7. Se puede elegir una empaquetadura de bajas emisiones de acuerdo con los requisitos de ISO 15848;<br \/>\n8. Se puede elegir el dise\u00f1o extendido del v\u00e1stago<br \/>\n9. Se puede elegir asiento blando y asiento de metal con metal;<br \/>\n10. Se puede elegir el dise\u00f1o con camisa.\uff1b<\/p>\n<p>Proveedor de v\u00e1lvulas de bola Duplex 2507, f\u00e1brica de v\u00e1lvulas de bola 2507 de 600 lb, v\u00e1lvula de bola 2507 de 3 pulgadas, v\u00e1lvula de bola 2507 con extremo de brida<\/p>","protected":false},"excerpt":{"rendered":"<p>Bola flotante, paso total o paso reducido.<br \/>\nAlmohadilla de montaje ISO5211 para opci\u00f3n.<br \/>\nDise\u00f1o de v\u00e1stago a prueba de explosiones.<br \/>\nSello del asiento de PTFE\/RPTFE (el material del sello del asiento puede decidirse a pedido del cliente o seg\u00fan la condici\u00f3n del medio y la temperatura de la v\u00e1lvula).<br \/>\nDise\u00f1o antiest\u00e1tico y API 607 Fire Safe<br \/>\nDise\u00f1o disponible Operaci\u00f3n: Volante, rueda helicoidal, actuador neum\u00e1tico y actuador el\u00e9ctrico<\/p>","protected":false},"featured_media":18164,"template":"","meta":{"advanced_seo_description":"","jetpack_seo_html_title":"","jetpack_seo_noindex":false},"product_brand":[],"product_cat":[83],"product_tag":[437,436,435,181],"class_list":{"0":"post-18163","1":"product","2":"type-product","3":"status-publish","4":"has-post-thumbnail","6":"product_cat-ball-valves","7":"product_tag-3-inch-2507-ball-valve","8":"product_tag-600lb-2507-ball-valve-factory","9":"product_tag-duplex-2507-ball-valve-supplier","10":"product_tag-flange-end-2507-ball-valve","12":"first","13":"instock","14":"shipping-taxable","15":"product-type-simple"},"jetpack_sharing_enabled":true,"_links":{"self":[{"href":"https:\/\/oudianvalve.com\/es\/wp-json\/wp\/v2\/product\/18163","targetHints":{"allow":["GET"]}}],"collection":[{"href":"https:\/\/oudianvalve.com\/es\/wp-json\/wp\/v2\/product"}],"about":[{"href":"https:\/\/oudianvalve.com\/es\/wp-json\/wp\/v2\/types\/product"}],"wp:featuredmedia":[{"embeddable":true,"href":"https:\/\/oudianvalve.com\/es\/wp-json\/wp\/v2\/media\/18164"}],"wp:attachment":[{"href":"https:\/\/oudianvalve.com\/es\/wp-json\/wp\/v2\/media?parent=18163"}],"wp:term":[{"taxonomy":"product_brand","embeddable":true,"href":"https:\/\/oudianvalve.com\/es\/wp-json\/wp\/v2\/product_brand?post=18163"},{"taxonomy":"product_cat","embeddable":true,"href":"https:\/\/oudianvalve.com\/es\/wp-json\/wp\/v2\/product_cat?post=18163"},{"taxonomy":"product_tag","embeddable":true,"href":"https:\/\/oudianvalve.com\/es\/wp-json\/wp\/v2\/product_tag?post=18163"}],"curies":[{"name":"wp","href":"https:\/\/api.w.org\/{rel}","templated":true}]}}