{"id":18159,"date":"2023-06-30T02:44:01","date_gmt":"2023-06-30T02:44:01","guid":{"rendered":"https:\/\/oudianvalve.com\/?post_type=product&#038;p=18159"},"modified":"2023-06-30T02:44:02","modified_gmt":"2023-06-30T02:44:02","slug":"300lb-trunnion-mounted-ball-valve6-inch-cf8-rf-end","status":"publish","type":"product","link":"https:\/\/oudianvalve.com\/es\/products\/ball-valves\/300lb-trunnion-mounted-ball-valve6-inch-cf8-rf-end\/","title":{"rendered":"V\u00e1lvula de bola montada en mu\u00f1\u00f3n de 300 lb, 6 pulgadas, CF8, extremo RF"},"content":{"rendered":"<p>Est\u00e1ndar de dise\u00f1o: API 6D<br \/>\nA prueba de fuego: API 607\/6FA<br \/>\nClasificaciones de presi\u00f3n y temperatura: ASME B16.34<br \/>\nRango de tama\u00f1os: 2\u201d a 48\u201d<br \/>\nRango de presi\u00f3n: Clase 150 a 2500<br \/>\nConexiones finales: RF con bridas, RTJ, soldadura a tope<br \/>\nTipo de bola: bola s\u00f3lida forjada, montada sobre mu\u00f1\u00f3n<br \/>\nDimensiones del extremo bridado: ASME B16.5 (\u226424\u201d), ASME B16.47 Serie A o B (&gt;24\u201d)<br \/>\nDimensiones del extremo de soldadura a tope: ASME B16.25 cara a cara<br \/>\nDimensiones cara a cara: ASME B16.10<br \/>\nInspecci\u00f3n y Pruebas: API 6D<br \/>\nMateriales del cuerpo: WCB, CF8, CF8M CF3M, 4A,5A,6A, C95800.<br \/>\nMateriales del asiento: PTFE, RPTFE, DEVLON, NYLON, PEEK, metal completo con revestimiento duro.<\/p>\n<p>&nbsp;<\/p>\n<p>Caracter\u00edsticas del producto<\/p>\n<p>.La resistencia al flujo es peque\u00f1a;<br \/>\n2.Asiento de pist\u00f3n, dise\u00f1o de estructura antiest\u00e1tica de protecci\u00f3n contra incendios;<br \/>\n3.Sin limitaci\u00f3n en la direcci\u00f3n del flujo del medio;<br \/>\n4.Cuando la v\u00e1lvula est\u00e1 en posici\u00f3n completamente abierta, las superficies del asiento est\u00e1n fuera del flujo de flujo que siempre est\u00e1 en pleno contacto con la compuerta que puede proteger las superficies del asiento y es adecuada para limpiar la tuber\u00eda;<br \/>\n5.Se puede elegir un embalaje con resorte;<br \/>\n6. El embalaje de bajas emisiones se puede elegir de acuerdo con el requisito ISO 15848;<br \/>\n7.Se puede elegir el dise\u00f1o extendido del v\u00e1stago;<br \/>\n8.Se puede elegir el dise\u00f1o del asiento de metal a metal;<br \/>\n9.Se puede elegir el dise\u00f1o DBB,DIB-1,DIB-2;<br \/>\n10.La bola se fija con una placa de soporte y un eje fijo;<\/p>\n<p>Las v\u00e1lvulas de bola son v\u00e1lvulas de un cuarto de vuelta, el elemento de cierre es una bola que puede girar 90 \u00b0. Cuando la v\u00e1lvula se coloca donde el orificio est\u00e1 alineado en la misma direcci\u00f3n que la tuber\u00eda, la v\u00e1lvula se abre y, al girar la bola 90 \u00b0, la v\u00e1lvula se cierra. Hay un v\u00e1stago y un mu\u00f1\u00f3n para fijar la bola, y la bola no puede moverse como una v\u00e1lvula de bola flotante, llamada v\u00e1lvula de bola montada en mu\u00f1\u00f3n. En comparaci\u00f3n con las v\u00e1lvulas multivueltas, las v\u00e1lvulas de bola con tiempos de apertura y cierre m\u00e1s cortos, mayor vida \u00fatil y menos espacio para instalaci\u00f3n, y el estado abierto o cerrado de la v\u00e1lvula se pueden detectar f\u00e1cilmente mediante la posici\u00f3n de la manija. La v\u00e1lvula de bola se usa ampliamente en las industrias de petr\u00f3leo y gas, petroqu\u00edmica, energ\u00eda y, generalmente, para aplicaciones de encendido y apagado, no es adecuada para fines de control de capacidad.<\/p>","protected":false},"excerpt":{"rendered":"<ul>\n<li>Doble bloqueo y purga<\/li>\n<li>Cuerpo derramado o entrada lateral, cuerpo de 2 o 3 piezas<\/li>\n<li>Pist\u00f3n efectivo simple o pist\u00f3n efectivo doble (DIB-1, DIB-2)<\/li>\n<li>Cap\u00f3 atornillado<\/li>\n<li>Dispositivo antiest\u00e1tico<\/li>\n<li>V\u00e1stago antiexplosi\u00f3n<\/li>\n<li>A prueba de fuego<\/li>\n<li>Relife de la autocavidad<\/li>\n<li>inyecci\u00f3n de sellador<\/li>\n<\/ul>","protected":false},"featured_media":18160,"template":"","meta":{"advanced_seo_description":"","jetpack_seo_html_title":"","jetpack_seo_noindex":false},"product_brand":[],"product_cat":[83],"product_tag":[232,233,234,235],"class_list":{"0":"post-18159","1":"product","2":"type-product","3":"status-publish","4":"has-post-thumbnail","6":"product_cat-ball-valves","7":"product_tag-300lb-trunnion-mounted-ball-valve","8":"product_tag-6-inch-300lb-trunnion-mounted-ball-valve","9":"product_tag-cf8-300lb-trunnion-mounted-ball-valve","10":"product_tag-rf-end-300lb-trunnion-mounted-ball-valve","12":"first","13":"instock","14":"shipping-taxable","15":"product-type-simple"},"jetpack_sharing_enabled":true,"_links":{"self":[{"href":"https:\/\/oudianvalve.com\/es\/wp-json\/wp\/v2\/product\/18159","targetHints":{"allow":["GET"]}}],"collection":[{"href":"https:\/\/oudianvalve.com\/es\/wp-json\/wp\/v2\/product"}],"about":[{"href":"https:\/\/oudianvalve.com\/es\/wp-json\/wp\/v2\/types\/product"}],"wp:featuredmedia":[{"embeddable":true,"href":"https:\/\/oudianvalve.com\/es\/wp-json\/wp\/v2\/media\/18160"}],"wp:attachment":[{"href":"https:\/\/oudianvalve.com\/es\/wp-json\/wp\/v2\/media?parent=18159"}],"wp:term":[{"taxonomy":"product_brand","embeddable":true,"href":"https:\/\/oudianvalve.com\/es\/wp-json\/wp\/v2\/product_brand?post=18159"},{"taxonomy":"product_cat","embeddable":true,"href":"https:\/\/oudianvalve.com\/es\/wp-json\/wp\/v2\/product_cat?post=18159"},{"taxonomy":"product_tag","embeddable":true,"href":"https:\/\/oudianvalve.com\/es\/wp-json\/wp\/v2\/product_tag?post=18159"}],"curies":[{"name":"wp","href":"https:\/\/api.w.org\/{rel}","templated":true}]}}