{"id":18156,"date":"2023-06-21T07:01:40","date_gmt":"2023-06-21T07:01:40","guid":{"rendered":"https:\/\/oudianvalve.com\/?post_type=product&#038;p=18156"},"modified":"2023-06-21T07:01:41","modified_gmt":"2023-06-21T07:01:41","slug":"duplex-2205-y-filter-600lb-2-inch-rtj-end","status":"publish","type":"product","link":"https:\/\/oudianvalve.com\/es\/products\/y-strainer\/duplex-2205-y-filter-600lb-2-inch-rtj-end\/","title":{"rendered":"Filtro Duplex 2205 Y, 600 lb, 2 pulgadas, extremo RTJ"},"content":{"rendered":"<p>Est\u00e1ndares de filtro tipo Y<br \/>\nDise\u00f1o y Fabricaci\u00f3n: ASME B16.34<br \/>\nRango de tama\u00f1os: DN15 a DN1200<br \/>\nRango de presi\u00f3n: PN 10 a PN160<br \/>\nInspecci\u00f3n y prueba: API 598<br \/>\nDimensi\u00f3n de la brida final: ASME B16.5,ASME B16.47 A<br \/>\nDimensi\u00f3n final BW: ASME B16.25<br \/>\nCara a cara y de extremo a extremo: ASME B16.10<br \/>\nClasificaciones de presi\u00f3n y temperatura: ASME B16.34<br \/>\nMaterial: ASTM A351 CF8, ASTM A351 CF8M, ASTM A351 CF3M, ASTM A351 CF8C<br \/>\nCN3MN, CK3MCUN, CN7M, ASTM A890 4A(CD3MN), ASTM A890 5A(CE3MN)<\/p>\n<p>Los filtros tipo Y generalmente se instalan en la entrada de v\u00e1lvulas reductoras de presi\u00f3n, v\u00e1lvulas de alivio, v\u00e1lvulas de nivel constante de agua u otros equipos para eliminar impurezas del medio y proteger el uso normal de v\u00e1lvulas y equipos.<br \/>\nEl filtro tipo Y tiene las caracter\u00edsticas de estructura avanzada, baja resistencia y descarga conveniente.<br \/>\nEl medio adecuado para los filtros tipo Y puede ser agua o gas\u00f3leo.<br \/>\nEl filtro 2205 producido por Oudian Valve generalmente tiene una red de agua de malla 18-30, una red de ventilaci\u00f3n de malla 10-100 y una red de aceite de malla 100-480.<br \/>\nEl filtro tipo 2205 Y debe estar compuesto por un cuerpo de v\u00e1lvula, una rejilla de filtro, una cubierta de brida y sujetadores. Despu\u00e9s de que el l\u00edquido ingresa a la rejilla del filtro a trav\u00e9s de la tuber\u00eda, las impurezas y part\u00edculas s\u00f3lidas se bloquean dentro de la rejilla del filtro, mientras que el fluido limpio pasa a trav\u00e9s de la rejilla del filtro y se descarga por la salida del filtro.<\/p>\n<p>Caracter\u00edsticas del filtro 2205 Y:<br \/>\n1. En comparaci\u00f3n con el acero inoxidable austen\u00edtico 316L y 317L, la aleaci\u00f3n 2205 de acero inoxidable d\u00faplex tiene un rendimiento superior en resistencia a la corrosi\u00f3n puntual y a la corrosi\u00f3n por grietas. Tiene alta resistencia a la corrosi\u00f3n, menor coeficiente de expansi\u00f3n t\u00e9rmica y mayor conductividad t\u00e9rmica en comparaci\u00f3n con la austenita.<br \/>\n2. En comparaci\u00f3n con el acero inoxidable austen\u00edtico, la aleaci\u00f3n de acero inoxidable d\u00faplex 2205 tiene el doble de resistencia a la compresi\u00f3n. En comparaci\u00f3n con el 316L y el 317L, los dise\u00f1adores pueden reducir su peso. La v\u00e1lvula de compuerta 22052205 es particularmente adecuada para el rango de temperatura de -50 \u00b0 F\/+600 \u00b0 F y tambi\u00e9n se puede usar a temperaturas m\u00e1s bajas bajo restricciones estrictas (especialmente para estructuras soldadas). Composici\u00f3n qu\u00edmica: C0.030 Mns2.00 Si1.00 p0.030 S0.020 Cr 22.0~23.0 Ni 4.5-6.5 M3.0 3.5 N0.140.20 (tipo ferrita austenita)<\/p>","protected":false},"excerpt":{"rendered":"<p>Filtro tipo Y s\u00faper d\u00faplex de acero inoxidable Acero fundido 5A\/2205 con bridas seg\u00fan Ansi CL600LB<\/p>\n<p>La aleaci\u00f3n de filtro tipo 2205 Y es un acero inoxidable d\u00faplex compuesto por aleaciones compuestas de cromo 21%, zinc 2.5% y n\u00edquel 4.5%. Tiene alta resistencia, buena tenacidad al impacto y buena resistencia a la corrosi\u00f3n por tensi\u00f3n general y local.<\/p>\n<p>El filtro 2205 Y es un dispositivo de filtrado indispensable en el sistema de tuber\u00edas para el transporte de medios,<\/p>","protected":false},"featured_media":18157,"template":"","meta":{"advanced_seo_description":"","jetpack_seo_html_title":"","jetpack_seo_noindex":false},"product_brand":[],"product_cat":[84],"product_tag":[226,225,224,227],"class_list":{"0":"post-18156","1":"product","2":"type-product","3":"status-publish","4":"has-post-thumbnail","6":"product_cat-y-strainer","7":"product_tag-2-inch-duplex-2205-y-filter","8":"product_tag-600lb-duplex-2205-y-filter","9":"product_tag-duplex-2205-y-filter","10":"product_tag-rtj-duplex-2205-y-filter","12":"first","13":"instock","14":"shipping-taxable","15":"product-type-simple"},"jetpack_sharing_enabled":true,"_links":{"self":[{"href":"https:\/\/oudianvalve.com\/es\/wp-json\/wp\/v2\/product\/18156","targetHints":{"allow":["GET"]}}],"collection":[{"href":"https:\/\/oudianvalve.com\/es\/wp-json\/wp\/v2\/product"}],"about":[{"href":"https:\/\/oudianvalve.com\/es\/wp-json\/wp\/v2\/types\/product"}],"wp:featuredmedia":[{"embeddable":true,"href":"https:\/\/oudianvalve.com\/es\/wp-json\/wp\/v2\/media\/18157"}],"wp:attachment":[{"href":"https:\/\/oudianvalve.com\/es\/wp-json\/wp\/v2\/media?parent=18156"}],"wp:term":[{"taxonomy":"product_brand","embeddable":true,"href":"https:\/\/oudianvalve.com\/es\/wp-json\/wp\/v2\/product_brand?post=18156"},{"taxonomy":"product_cat","embeddable":true,"href":"https:\/\/oudianvalve.com\/es\/wp-json\/wp\/v2\/product_cat?post=18156"},{"taxonomy":"product_tag","embeddable":true,"href":"https:\/\/oudianvalve.com\/es\/wp-json\/wp\/v2\/product_tag?post=18156"}],"curies":[{"name":"wp","href":"https:\/\/api.w.org\/{rel}","templated":true}]}}