{"id":18146,"date":"2023-06-21T05:24:32","date_gmt":"2023-06-21T05:24:32","guid":{"rendered":"https:\/\/oudianvalve.com\/?post_type=product&#038;p=18146"},"modified":"2023-06-21T05:27:30","modified_gmt":"2023-06-21T05:27:30","slug":"a351-cn7m-alloy-20-swing-check-valve-150lb-2-inch","status":"publish","type":"product","link":"https:\/\/oudianvalve.com\/es\/products\/check-valves\/a351-cn7m-alloy-20-swing-check-valve-150lb-2-inch\/","title":{"rendered":"A351 CN7M V\u00e1lvula de retenci\u00f3n oscilante de aleaci\u00f3n 20, 150 lb, 2 pulgadas"},"content":{"rendered":"<p>Est\u00e1ndar de dise\u00f1o: API623\/ASME B16.34<br \/>\nClasificaciones de presi\u00f3n y temperatura: ASME B16.34<br \/>\nRango de tama\u00f1os: 2\u201d a 28\u201d<br \/>\nRango de presi\u00f3n: Clase 150 a 2500<br \/>\nConexiones finales: RF con bridas, RTJ, soldadura a tope<br \/>\nDimensiones del extremo bridado: ASME B16.5 (\u226424\u201d), ASME B16.47 Serie A o B (&gt;24\u201d)<br \/>\nDimensiones del extremo de soldadura a tope: ASME B16.25 cara a cara<br \/>\nDimensiones cara a cara: ASME B16.10<br \/>\nInspecci\u00f3n y pruebas: API 598<br \/>\nMaterial: ASTM A351 CF8, ASTM A351 CF8M, ASTM A351 CF3M, ASTM A351 CF8C<br \/>\nCN3MN, CK3MCUN, CN7M, ASTM A890 4A(CD3MN), ASTM A890 5A(CE3MN),<br \/>\nASTM A890 6A(CD3MWCuN)<br \/>\nASTM B148 C95800, ASTM B148 C95500.<\/p>\n<p>La v\u00e1lvula de retenci\u00f3n oscilante A351 CN7M Alloy 20, tambi\u00e9n conocida como v\u00e1lvula de retenci\u00f3n, v\u00e1lvula unidireccional o v\u00e1lvula de flujo inverso, se refiere a un tipo de v\u00e1lvula autom\u00e1tica que abre y cierra autom\u00e1ticamente la v\u00e1lvula dependiendo del flujo del medio mismo. Suele utilizarse en tuber\u00edas para evitar el reflujo del medio. Adecuado para flujo pulsante, su rendimiento de sellado no es tan bueno como el del tipo de elevaci\u00f3n. Las v\u00e1lvulas de retenci\u00f3n oscilantes se dividen en tres tipos seg\u00fan el di\u00e1metro de la puerta: disco simple, doble y m\u00faltiple, para reducir el impacto hidr\u00e1ulico y evitar que el medio se detenga o regrese. Las v\u00e1lvulas de retenci\u00f3n tambi\u00e9n se pueden utilizar para suministrar tuber\u00edas a sistemas auxiliares donde la presi\u00f3n puede aumentar por encima de la presi\u00f3n del sistema. La v\u00e1lvula de retenci\u00f3n se puede dividir principalmente en una v\u00e1lvula de retenci\u00f3n abatible que gira seg\u00fan el centro de gravedad y una v\u00e1lvula de retenci\u00f3n abatible que se mueve a lo largo de la l\u00ednea de succi\u00f3n.<\/p>\n<p>CN7M es un acero inoxidable austen\u00edtico utilizado para fundici\u00f3n, con propiedades similares a las de la aleaci\u00f3n 20. Tambi\u00e9n se utiliza como aleaci\u00f3n 20 en puertas de fundici\u00f3n y tiene excelente resistencia a la corrosi\u00f3n, resistencia a las manchas y resistencia a las grietas.<br \/>\nCN7M tiene menos precipitaci\u00f3n de carburo durante el proceso de soldadura, lo que puede prevenir de manera estable la corrosi\u00f3n intergranular y prevenir la sensibilizaci\u00f3n. A menudo se utiliza en medios como \u00e1cido sulf\u00farico concentrado, \u00e1cido sulf\u00farico diluido y mezclas de \u00e1cido sulf\u00farico.<\/p>","protected":false},"excerpt":{"rendered":"<ul>\n<li>Cap\u00f3: cap\u00f3 atornillado<\/li>\n<li>Asiento de cuerpo integral o anillo de asiento renovable<\/li>\n<li>Unidireccional<\/li>\n<li>Disco tipo columpio<\/li>\n<li>Disco de fundici\u00f3n (m\u00e1s de 4\u201d) o disco forjado (2\u201d a 4\u201d)<\/li>\n<li>Disco de apertura total o no total<\/li>\n<\/ul>","protected":false},"featured_media":18148,"template":"","meta":{"advanced_seo_description":"","jetpack_seo_html_title":"","jetpack_seo_noindex":false},"product_brand":[],"product_cat":[82],"product_tag":[213,214,212,215],"class_list":{"0":"post-18146","1":"product","2":"type-product","3":"status-publish","4":"has-post-thumbnail","6":"product_cat-check-valves","7":"product_tag-150lb-a351-cn7m-swing-check-valve","8":"product_tag-2-inch-a351-cn7m-swing-check-valve","9":"product_tag-a351-cn7m-alloy-20-swing-check-valve","10":"product_tag-alloy-20-swing-check-valve","12":"first","13":"instock","14":"shipping-taxable","15":"product-type-simple"},"jetpack_sharing_enabled":true,"_links":{"self":[{"href":"https:\/\/oudianvalve.com\/es\/wp-json\/wp\/v2\/product\/18146","targetHints":{"allow":["GET"]}}],"collection":[{"href":"https:\/\/oudianvalve.com\/es\/wp-json\/wp\/v2\/product"}],"about":[{"href":"https:\/\/oudianvalve.com\/es\/wp-json\/wp\/v2\/types\/product"}],"wp:featuredmedia":[{"embeddable":true,"href":"https:\/\/oudianvalve.com\/es\/wp-json\/wp\/v2\/media\/18148"}],"wp:attachment":[{"href":"https:\/\/oudianvalve.com\/es\/wp-json\/wp\/v2\/media?parent=18146"}],"wp:term":[{"taxonomy":"product_brand","embeddable":true,"href":"https:\/\/oudianvalve.com\/es\/wp-json\/wp\/v2\/product_brand?post=18146"},{"taxonomy":"product_cat","embeddable":true,"href":"https:\/\/oudianvalve.com\/es\/wp-json\/wp\/v2\/product_cat?post=18146"},{"taxonomy":"product_tag","embeddable":true,"href":"https:\/\/oudianvalve.com\/es\/wp-json\/wp\/v2\/product_tag?post=18146"}],"curies":[{"name":"wp","href":"https:\/\/api.w.org\/{rel}","templated":true}]}}