{"id":18139,"date":"2023-06-21T02:54:42","date_gmt":"2023-06-21T02:54:42","guid":{"rendered":"https:\/\/oudianvalve.com\/?post_type=product&#038;p=18139"},"modified":"2023-06-21T02:54:43","modified_gmt":"2023-06-21T02:54:43","slug":"904l-ball-valve-dn50-pn16-flange-end","status":"publish","type":"product","link":"https:\/\/oudianvalve.com\/es\/products\/ball-valves\/904l-ball-valve-dn50-pn16-flange-end\/","title":{"rendered":"V\u00e1lvula de bola 904L, DN50, PN16, extremo con brida"},"content":{"rendered":"<p>Est\u00e1ndar de dise\u00f1o y fabricaci\u00f3n: API 6D, API 608, BS 5351\/DIN3357\/JIS B2071<\/p>\n<p>Est\u00e1ndar de presi\u00f3n y temperatura: ASME B16.34\/DIN3230<\/p>\n<p>Est\u00e1ndar de dimensi\u00f3n cara a cara: ASME B16.10\/DIN3202\/JIS B2002<\/p>\n<p>Est\u00e1ndar de brida: ASME B16.5, ASME B16.47\/DIN2543-2545-2501\/JIS B2220<\/p>\n<p>Est\u00e1ndar de prueba e inspecci\u00f3n: API 598, API 6D\/DIN2401\/JIS B2003.<\/p>\n<p>Tama\u00f1o: 1\/2\u201d-10\u201d(DN15~DN250)<\/p>\n<p>Clasificaci\u00f3n de presi\u00f3n: 150LB-600LB\/PN16~PN100\/10K~60K)<\/p>\n<p>Material principal de la v\u00e1lvula de bola de acero inoxidable 310S:<br \/>\nCF8, CF3, CF8M, CF3M, CG8M, CG3M, CF8C, CK20304, 304, 316, 316L, 316Ti, 317, 317L, 310, 310S<br \/>\nF304, F304, F316, F316L, F316Ti, F317, F317L, F310, F310S<\/p>\n<p>Medios aplicables para v\u00e1lvulas: agua, vapor, aceite, \u00e1cido n\u00edtrico, \u00e1cido ac\u00e9tico, medios oxidantes fuertes, urea, etc.<br \/>\n\u00c1mbito de aplicaci\u00f3n: agua del grifo, aguas residuales, construcci\u00f3n, petr\u00f3leo, industria qu\u00edmica, alimentos, medicinas, textiles, energ\u00eda, barcos, metalurgia, calefacci\u00f3n, suministro y drenaje de agua, tratamiento de agua, sistemas de energ\u00eda y otras tuber\u00edas.<\/p>\n<p>Marca y est\u00e1ndar:<br \/>\nUNS N08904 (una norma dise\u00f1ada conjuntamente por la Sociedad Estadounidense de Ingenieros Automotrices y la Sociedad Estadounidense de Pruebas y Materiales en 1967), DIN1.4539 (una norma alemana), ASTM A240 (una norma de la Sociedad Estadounidense de Pruebas y Materiales; la nueva norma lo clasifica como una serie de acero inoxidable, mientras que la norma original ASME SB-625 lo clasifica como una serie de aleaci\u00f3n a base de n\u00edquel), y SUS890L.<\/p>\n<p>La aplicaci\u00f3n de 904L en el campo de los equipos de tratamiento de agua, como filtros, membranas de \u00f3smosis inversa y otros componentes, puede mejorar la calidad del agua y la eficiencia del tratamiento. La composici\u00f3n qu\u00edmica espec\u00edfica de 904L es: C: \u2264 0,02, Si: \u2264 1,00, Mn: \u2264 2,00, P: \u2264 0,045, S: \u2264 0,035, Cr: 19,00-23,00, Ni: 23,00-28,00, Mo: 4,00-5,00 . 904L exhibe una excelente resistencia a la corrosi\u00f3n en ciertos ambientes extremos, como medios de alta salinidad, \u00e1cidos o alcalinos.<br \/>\n904L tiene buena resistencia a la corrosi\u00f3n salina a alta temperatura y puede mantener una buena estabilidad y resistencia a la corrosi\u00f3n en ambientes salinos a alta temperatura. Propiedades mec\u00e1nicas de 904L: resistencia a la tracci\u00f3n 490 MPa, l\u00edmite el\u00e1stico 215 MPa, alargamiento 35%. 904L puede cambiar sus propiedades mediante tratamiento t\u00e9rmico, como recocido, tratamiento de soluci\u00f3n, etc., para mejorar su resistencia, tenacidad o resistencia a la corrosi\u00f3n.<\/p>\n<p>La v\u00e1lvula de bola 904L es una estructura de cuerpo de v\u00e1lvula dividida de dos piezas, con la brida intermedia conectada mediante pernos y la superficie de sellado hecha de politetrafluoroetileno. La junta de sellado de politetrafluoroetileno est\u00e1 incrustada en el anillo de acero inoxidable para garantizar que el cuerpo de la v\u00e1lvula est\u00e9 firmemente sujeto a la bola y mantenga el sellado. Se instala un resorte entre la bola, el v\u00e1stago de la v\u00e1lvula y el cuerpo de la v\u00e1lvula. El v\u00e1stago de la v\u00e1lvula est\u00e1 perforado y conectado a una peque\u00f1a bola de acero y un resorte, formando una estructura antiest\u00e1tica para liberar la electricidad est\u00e1tica generada al abrir y cerrar la v\u00e1lvula. No hay cojinete de PTFE, lo que reduce la fricci\u00f3n y ahorra mano de obra. El asiento de la v\u00e1lvula est\u00e1 equipado con una estructura ign\u00edfuga. En caso de que el sello de PTFE se da\u00f1e debido a un incendio, a\u00fan se puede formar un sello de metal con metal entre la ranura ign\u00edfuga y la bola para evitar fugas de medio. La v\u00e1lvula de bola es una estructura de paso total y el caudal a trav\u00e9s de la apertura de la v\u00e1lvula es consistente con el caudal del di\u00e1metro interno de la tuber\u00eda, lo cual es conveniente para la limpieza y el mantenimiento posteriores.<\/p>","protected":false},"excerpt":{"rendered":"<p>La v\u00e1lvula de bola 904L es adecuada para diversas concentraciones de \u00e1cido sulf\u00farico por debajo de 70 \u00b0C y tiene una excelente resistencia a la corrosi\u00f3n bajo presi\u00f3n atmosf\u00e9rica a cualquier concentraci\u00f3n y temperatura de \u00e1cido ac\u00e9tico y una mezcla de \u00e1cido f\u00f3rmico y \u00e1cido ac\u00e9tico.<\/p>\n<p>Bola flotante, paso total o paso reducido.<br \/>\nAlmohadilla de montaje ISO5211 para opci\u00f3n.<br \/>\nDise\u00f1o de v\u00e1stago a prueba de explosiones.<br \/>\nSello del asiento de PTFE\/RPTFE (el material del sello del asiento puede decidirse a pedido del cliente o seg\u00fan la condici\u00f3n del medio y la temperatura de la v\u00e1lvula).<br \/>\nDise\u00f1o antiest\u00e1tico y API 607 Fire Safe<br \/>\nDise\u00f1o disponible Operaci\u00f3n: volante, rueda helicoidal, actuador neum\u00e1tico y actuador el\u00e9ctrico.<\/p>","protected":false},"featured_media":18140,"template":"","meta":{"advanced_seo_description":"","jetpack_seo_html_title":"","jetpack_seo_noindex":false},"product_brand":[],"product_cat":[83],"product_tag":[199,200,202,201],"class_list":{"0":"post-18139","1":"product","2":"type-product","3":"status-publish","4":"has-post-thumbnail","6":"product_cat-ball-valves","7":"product_tag-904l-ball-valve","8":"product_tag-dn50-904l-ball-valve","9":"product_tag-flange-end-904l-ball-valve","10":"product_tag-pn16-904l-ball-valve","12":"first","13":"instock","14":"shipping-taxable","15":"product-type-simple"},"jetpack_sharing_enabled":true,"_links":{"self":[{"href":"https:\/\/oudianvalve.com\/es\/wp-json\/wp\/v2\/product\/18139","targetHints":{"allow":["GET"]}}],"collection":[{"href":"https:\/\/oudianvalve.com\/es\/wp-json\/wp\/v2\/product"}],"about":[{"href":"https:\/\/oudianvalve.com\/es\/wp-json\/wp\/v2\/types\/product"}],"wp:featuredmedia":[{"embeddable":true,"href":"https:\/\/oudianvalve.com\/es\/wp-json\/wp\/v2\/media\/18140"}],"wp:attachment":[{"href":"https:\/\/oudianvalve.com\/es\/wp-json\/wp\/v2\/media?parent=18139"}],"wp:term":[{"taxonomy":"product_brand","embeddable":true,"href":"https:\/\/oudianvalve.com\/es\/wp-json\/wp\/v2\/product_brand?post=18139"},{"taxonomy":"product_cat","embeddable":true,"href":"https:\/\/oudianvalve.com\/es\/wp-json\/wp\/v2\/product_cat?post=18139"},{"taxonomy":"product_tag","embeddable":true,"href":"https:\/\/oudianvalve.com\/es\/wp-json\/wp\/v2\/product_tag?post=18139"}],"curies":[{"name":"wp","href":"https:\/\/api.w.org\/{rel}","templated":true}]}}