{"id":18137,"date":"2023-06-21T02:31:07","date_gmt":"2023-06-21T02:31:07","guid":{"rendered":"https:\/\/oudianvalve.com\/?post_type=product&#038;p=18137"},"modified":"2023-06-21T02:31:07","modified_gmt":"2023-06-21T02:31:07","slug":"317l-ball-valve-150lb-2-inch-flange-end","status":"publish","type":"product","link":"https:\/\/oudianvalve.com\/es\/products\/ball-valves\/317l-ball-valve-150lb-2-inch-flange-end\/","title":{"rendered":"V\u00e1lvula de bola 317L, 150 lb, 2 pulgadas, extremo con brida"},"content":{"rendered":"<p>Est\u00e1ndar de dise\u00f1o y fabricaci\u00f3n: API 6D, API 608, BS 5351\/DIN3357\/JIS B2071<\/p>\n<p>Est\u00e1ndar de presi\u00f3n y temperatura: ASME B16.34\/DIN3230<\/p>\n<p>Est\u00e1ndar de dimensi\u00f3n cara a cara: ASME B16.10\/DIN3202\/JIS B2002<\/p>\n<p>Est\u00e1ndar de brida: ASME B16.5, ASME B16.47\/DIN2543-2545-2501\/JIS B2220<\/p>\n<p>Est\u00e1ndar de prueba e inspecci\u00f3n: API 598, API 6D\/DIN2401\/JIS B2003.<\/p>\n<p>Tama\u00f1o: 1\/2\u201d-10\u201d(DN15~DN250)<\/p>\n<p>Clasificaci\u00f3n de presi\u00f3n: 150LB-600LB\/PN16~PN100\/10K~60K)<\/p>\n<p>Material principal de la v\u00e1lvula de bola de acero inoxidable 317L:<br \/>\nCF8, CF3, CF8M, CF3M, CG8M, CG3M, CF8C, CK20304, 304, 316, 316L, 316Ti, 317, 317L, 310, 310S<br \/>\nF304, F304, F316, F316L, F316Ti, F317, F317L, F310, F310S.<\/p>\n<p>La aleaci\u00f3n 317L (00Cr19Ni13Mo3, UNS S31726) es un acero inoxidable austen\u00edtico a base de molibdeno. Tiene una mayor resistencia a la corrosi\u00f3n qu\u00edmica en comparaci\u00f3n con el acero inoxidable austen\u00edtico de cromo n\u00edquel convencional, como la aleaci\u00f3n 304. Adem\u00e1s, en comparaci\u00f3n con el acero inoxidable convencional, la aleaci\u00f3n 317L tiene mayor ductilidad, resistencia a la corrosi\u00f3n bajo tensi\u00f3n, resistencia a la compresi\u00f3n y resistencia a altas temperaturas. Es de grado bajo en carbono o grado L, que tiene un rendimiento antisensibilizaci\u00f3n durante la soldadura y el tratamiento t\u00e9rmico.<br \/>\nEl acero 317L tiene buena resistencia al agua de mar y al SCC en comparaci\u00f3n con el 316L, y se utiliza en barcos qu\u00edmicos, productos qu\u00edmicos, reactores y otros equipos qu\u00edmicos que requieren una alta resistencia a la corrosi\u00f3n.<br \/>\nSUS317L Composici\u00f3n qu\u00edmica: carbono (C) \u2264 0,030, manganeso (Mn) \u2264 2,00, n\u00edquel (Ni) 11,0-15,0, silicio (Si) \u2264 1,00, f\u00f3sforo (P) \u2264 0,045, azufre (S) \u2264 0,030, cromo (Cr ) 18,0-20,0, molibdeno (Mo) 3,0-4,0<\/p>\n<p>V\u00e1lvula de bola de acero inoxidable 317L:<br \/>\nLa v\u00e1lvula de bola de acero inoxidable 3171 producida por nuestra empresa se puede dividir principalmente en dos tipos seg\u00fan la diferente apertura del n\u00facleo de bola: tipo 0 y tipo V. El tipo 0 adopta un dise\u00f1o de principio flotante y los componentes principales de la v\u00e1lvula son moldeado a trav\u00e9s de colada compuesta. La tapa de inspecci\u00f3n del asiento de la v\u00e1lvula est\u00e1 hecha de politetrafluoroetileno. La cavidad general del cuerpo de la v\u00e1lvula no tiene contracci\u00f3n, cero fugas, baja fuerza positiva, gran caudal, peque\u00f1o torque, interruptor que ahorra mano de obra, estructura simple y mantenimiento y desmontaje convenientes en la etapa posterior. Las v\u00e1lvulas de bola de acero inoxidable utilizan principalmente v\u00e1lvulas fijas, con un puerto en forma de V en el n\u00facleo de la bola, que desempe\u00f1a un papel en las caracter\u00edsticas de flujo de corte de los materiales individuales, lo que hace que esta v\u00e1lvula se use ampliamente en condiciones de trabajo de alta viscosidad, part\u00edculas peque\u00f1as o ricas en fibra. con buena adaptabilidad. Por lo tanto, seg\u00fan las diferentes condiciones de trabajo, podemos elegir diferentes v\u00e1lvulas de bola para usted. Para aquellos que quieran tener la funci\u00f3n de regular la tuber\u00eda, pueden elegir v\u00e1lvulas de bola tipo V. Para aquellos que solo tienen funci\u00f3n de corte, pueden elegir v\u00e1lvulas de bola tipo 0.<\/p>\n<p>Introducci\u00f3n al acero inoxidable 317L: los grados relevantes de acero inoxidable 317L incluyen 22r19Ni13M03 y SUS37L. Tiene buen rendimiento de soldadura, resistencia a la corrosi\u00f3n y rendimiento de soldadura. La adici\u00f3n de platino aporta resistencia a altas temperaturas, con granos peque\u00f1os y l\u00edmites de grano grandes, y la deformaci\u00f3n se produce principalmente en los l\u00edmites de grano. Por lo tanto, tiene buena resistencia al crecimiento del grano y puede mantener un tama\u00f1o y estructura de grano relativamente estable durante el uso a largo plazo, evitando la aparici\u00f3n de grietas y mejorando la estabilidad y la vida \u00fatil de los materiales.<\/p>","protected":false},"excerpt":{"rendered":"<p>V\u00e1lvulas de bola SS 317L, v\u00e1lvulas de bola ASTM A961 SS 317L, v\u00e1lvulas de acero inoxidable forjado 317 Proveedores en China.<\/p>\n<p>Bola flotante, paso total o paso reducido.<br \/>\nAlmohadilla de montaje ISO5211 para opci\u00f3n.<br \/>\nDise\u00f1o de v\u00e1stago a prueba de explosiones.<br \/>\nSello del asiento de PTFE\/RPTFE (el material del sello del asiento puede decidirse a pedido del cliente o seg\u00fan la condici\u00f3n del medio y la temperatura de la v\u00e1lvula).<br \/>\nDise\u00f1o antiest\u00e1tico y API 607 Fire Safe<br \/>\nDise\u00f1o disponible Operaci\u00f3n: volante, rueda helicoidal, actuador neum\u00e1tico y actuador el\u00e9ctrico.<\/p>","protected":false},"featured_media":18138,"template":"","meta":{"advanced_seo_description":"","jetpack_seo_html_title":"","jetpack_seo_noindex":false},"product_brand":[],"product_cat":[83],"product_tag":[196,197,195,198],"class_list":{"0":"post-18137","1":"product","2":"type-product","3":"status-publish","4":"has-post-thumbnail","6":"product_cat-ball-valves","7":"product_tag-150lb-317l-ball-valve","8":"product_tag-2-inch-317l-ball-valve","9":"product_tag-317l-ball-valve","10":"product_tag-flange-end-317l-ball-valve","12":"first","13":"instock","14":"shipping-taxable","15":"product-type-simple"},"jetpack_sharing_enabled":true,"_links":{"self":[{"href":"https:\/\/oudianvalve.com\/es\/wp-json\/wp\/v2\/product\/18137","targetHints":{"allow":["GET"]}}],"collection":[{"href":"https:\/\/oudianvalve.com\/es\/wp-json\/wp\/v2\/product"}],"about":[{"href":"https:\/\/oudianvalve.com\/es\/wp-json\/wp\/v2\/types\/product"}],"wp:featuredmedia":[{"embeddable":true,"href":"https:\/\/oudianvalve.com\/es\/wp-json\/wp\/v2\/media\/18138"}],"wp:attachment":[{"href":"https:\/\/oudianvalve.com\/es\/wp-json\/wp\/v2\/media?parent=18137"}],"wp:term":[{"taxonomy":"product_brand","embeddable":true,"href":"https:\/\/oudianvalve.com\/es\/wp-json\/wp\/v2\/product_brand?post=18137"},{"taxonomy":"product_cat","embeddable":true,"href":"https:\/\/oudianvalve.com\/es\/wp-json\/wp\/v2\/product_cat?post=18137"},{"taxonomy":"product_tag","embeddable":true,"href":"https:\/\/oudianvalve.com\/es\/wp-json\/wp\/v2\/product_tag?post=18137"}],"curies":[{"name":"wp","href":"https:\/\/api.w.org\/{rel}","templated":true}]}}