{"id":18130,"date":"2023-06-21T01:23:56","date_gmt":"2023-06-21T01:23:56","guid":{"rendered":"https:\/\/oudianvalve.com\/?post_type=product&#038;p=18130"},"modified":"2023-06-21T01:28:42","modified_gmt":"2023-06-21T01:28:42","slug":"duplex-2205-ball-valve150lb6-inchflange-end","status":"publish","type":"product","link":"https:\/\/oudianvalve.com\/es\/products\/ball-valves\/duplex-2205-ball-valve150lb6-inchflange-end\/","title":{"rendered":"V\u00e1lvula de bola d\u00faplex 2205, 150 lb, 6 pulgadas, extremo con brida"},"content":{"rendered":"<p>Est\u00e1ndar de dise\u00f1o y fabricaci\u00f3n: API 6D, API 608, BS 5351\/DIN3357\/JIS B2071<\/p>\n<p>Est\u00e1ndar de presi\u00f3n y temperatura: ASME B16.34\/DIN3230<\/p>\n<p>Est\u00e1ndar de dimensi\u00f3n cara a cara: ASME B16.10\/DIN3202\/JIS B2002<\/p>\n<p>Est\u00e1ndar de brida: ASME B16.5, ASME B16.47\/DIN2543-2545-2501\/JIS B2220<\/p>\n<p>Est\u00e1ndar de prueba e inspecci\u00f3n: API 598, API 6D\/DIN2401\/JIS B2003.<\/p>\n<p>Tama\u00f1o: 1\/2\u201d-10\u201d(DN15~DN250)<\/p>\n<p>Clasificaci\u00f3n de presi\u00f3n: 150LB-600LB\/PN16~PN100\/10K~60K)<\/p>\n<p>Material: D\u00faplex S31803, S\u00faper D\u00faplex S32750, S\u00faper D\u00faplex S327601A, \u3001 2A, 3A, 4A, 5A, 6A, 1B, 1C, CD4MCu, CD4MCuN, CD3MCuN, CE8MN, CD6MN, CD3MN, CE3MN, CD3MWCuNF51, F53, F55, F60.<\/p>\n<p>Temperatura adecuada: -196\u00baC~450\u00baC (Diferentes temperaturas eligen diferentes materiales).<\/p>\n<p>Medio adecuado: agua, vapor, petr\u00f3leo y gas natural, etc.<\/p>\n<p>La v\u00e1lvula de bola sellada dura 2205 adopta una estructura exc\u00e9ntrica. Durante el proceso de cierre, la relaci\u00f3n de presi\u00f3n de sellado entre el asiento de la v\u00e1lvula y la bola aumenta r\u00e1pidamente, asegurando un sellado confiable del par de sellado. Cuando se abre la v\u00e1lvula, el asiento y la bola de la v\u00e1lvula se pueden desprender r\u00e1pidamente, lo que reduce efectivamente el par de operaci\u00f3n y minimiza la posibilidad de control de da\u00f1os entre la superficie del asiento de la v\u00e1lvula y la superficie esf\u00e9rica. La v\u00e1lvula de bola de sellado duro 2205 adopta una estructura de carga el\u00e1stica, lo que garantiza el contacto entre la superficie de sellado de la superficie esf\u00e9rica y el sello del asiento ancho en condiciones normales de cierre. En condiciones de alta temperatura, puede compensar eficazmente la expansi\u00f3n t\u00e9rmica de los componentes internos, evitar atascos causados por la alta temperatura y es adecuado para aplicaciones de alta temperatura de puertos peque\u00f1os y medianos.<br \/>\nLa superficie esf\u00e9rica de la v\u00e1lvula de bola sellada dura 2205 adopta un tratamiento de endurecimiento especial y el asiento de la v\u00e1lvula est\u00e1 hecho de materiales duros especiales o materiales duros apilados localmente para garantizar una diferencia de dureza adecuada entre los pares de sellado. Adem\u00e1s del tratamiento superficial especial en la superficie de la bola y el asiento de la v\u00e1lvula, la v\u00e1lvula de bola de sellado duro 2205 utiliza grafito flexible, juntas met\u00e1licas, etc. en otros materiales de sellado, lo que la hace adecuada para condiciones de alta temperatura y alta presi\u00f3n y tiene un Funci\u00f3n de combusti\u00f3n resistente al fuego.<br \/>\nLa v\u00e1lvula de bola de sellado duro 2205 tiene buena resistencia a medios que contienen elementos CL como agua de mar, cloruro, etc. Es un acero inoxidable d\u00faplex compuesto de aleaciones de cromo 22%, 2.5% y nitr\u00f3geno 4.5%. Tiene alta resistencia, buena tenacidad al impacto y buena resistencia a la corrosi\u00f3n por tensi\u00f3n general y local.<\/p>\n<p>V\u00e1lvula de Bola Duplex 2205 Componentes principales: 22C-5 3N-3 2M0-0 16N: Normas nacionales: NAS 329J3L UNS S32205S31803 DINEN 1 4462 ASTM A240 ASME SA-240; Propiedades mec\u00e1nicas: resistencia a la tracci\u00f3n: b2640Mpa; Tasa de alargamiento: 225%; Condiciones de funcionamiento t\u00edpicas: \u00e1cido diluido 20%, por debajo de 60, tasa de corrosi\u00f3n anual &lt;0,1 mm; Alambre de soldadura de soporte: ER2209. Cs0.030 Mn&lt;2.00 Si1.00 ps0.030 SS0.020 r 22.0 23.0 Ni 4.5 6.5 M3.0~3.5 N0.140.20 (tipo ferrita austenita)<\/p>\n<p>V\u00e1lvula de bola d\u00faplex 2205<br \/>\nIntroducci\u00f3n de datos:<br \/>\nTambi\u00e9n conocida como v\u00e1lvula de bola de material 4A, tiene una excelente resistencia a la corrosi\u00f3n. Es una v\u00e1lvula de bola de brida flotante con interruptor manual, sellada con PTFE y fabricada en acero bif\u00e1sico 2205. Se puede utilizar en medios solventes \u00e1cidos, con una presi\u00f3n de PN16-25, Clase 150LB~300LB y un di\u00e1metro de DN15-DN100. Se utiliza principalmente en las industrias de energ\u00eda, petr\u00f3leo, qu\u00edmica, gas y otras.<br \/>\nDesempe\u00f1a un papel en el corte y conexi\u00f3n de tuber\u00edas, y el caudal de las v\u00e1lvulas de bola es alto.<\/p>\n<p>3. Caracter\u00edsticas de la v\u00e1lvula de bola d\u00faplex 2205<br \/>\n1. Estructura simple, peso ligero y baja resistencia al flujo.<br \/>\n2. Adoptar materiales de sellado de pl\u00e1stico industrial o materiales de sellado duros, con buen rendimiento de sellado.<br \/>\n3. Operaci\u00f3n simple, apertura y cierre r\u00e1pidos y larga vida \u00fatil<br \/>\n4. Cuando la estructura de la v\u00e1lvula de bola est\u00e1 completamente abierta o completamente cerrada, el asiento de la v\u00e1lvula est\u00e1 sellado y aislado del medio, lo que lo hace menos susceptible a la corrosi\u00f3n del medio o da\u00f1os por fricci\u00f3n.<br \/>\n5. Estructura de retorno por resorte, dise\u00f1o razonable y gran practicidad.<\/p>\n<p>&nbsp;<\/p>","protected":false},"excerpt":{"rendered":"<p>La v\u00e1lvula de bola de acero inoxidable d\u00faplex de aleaci\u00f3n 2205 tiene una excelente resistencia al agrietamiento por corrosi\u00f3n bajo tensi\u00f3n y una resistencia \u00fatil a las picaduras. Tiene un alto l\u00edmite el\u00e1stico que normalmente puede ser 25% \u2013 50% mayor que el acero inoxidable austen\u00edtico convencional.<\/p>\n<p>Bola flotante, paso total o paso reducido.<br \/>\nAlmohadilla de montaje ISO5211 para opci\u00f3n.<br \/>\nDise\u00f1o de v\u00e1stago a prueba de explosiones.<br \/>\nSello del asiento de PTFE\/RPTFE (el material del sello del asiento puede decidirse a pedido del cliente o seg\u00fan la condici\u00f3n del medio y la temperatura de la v\u00e1lvula).<br \/>\nDise\u00f1o antiest\u00e1tico y API 607 Fire Safe<br \/>\nDise\u00f1o disponible Operaci\u00f3n: volante, rueda helicoidal, actuador neum\u00e1tico y actuador el\u00e9ctrico.<\/p>","protected":false},"featured_media":18131,"template":"","meta":{"advanced_seo_description":"","jetpack_seo_html_title":"","jetpack_seo_noindex":false},"product_brand":[],"product_cat":[83],"product_tag":[188,189,187,190],"class_list":{"0":"post-18130","1":"product","2":"type-product","3":"status-publish","4":"has-post-thumbnail","6":"product_cat-ball-valves","7":"product_tag-150lb-duplex-2205-ball-valve","8":"product_tag-6-inch-duplex-2205-ball-valve","9":"product_tag-duplex-2205-ball-valve","10":"product_tag-flange-end-duplex-2205-ball-valve","12":"first","13":"instock","14":"shipping-taxable","15":"product-type-simple"},"jetpack_sharing_enabled":true,"_links":{"self":[{"href":"https:\/\/oudianvalve.com\/es\/wp-json\/wp\/v2\/product\/18130","targetHints":{"allow":["GET"]}}],"collection":[{"href":"https:\/\/oudianvalve.com\/es\/wp-json\/wp\/v2\/product"}],"about":[{"href":"https:\/\/oudianvalve.com\/es\/wp-json\/wp\/v2\/types\/product"}],"wp:featuredmedia":[{"embeddable":true,"href":"https:\/\/oudianvalve.com\/es\/wp-json\/wp\/v2\/media\/18131"}],"wp:attachment":[{"href":"https:\/\/oudianvalve.com\/es\/wp-json\/wp\/v2\/media?parent=18130"}],"wp:term":[{"taxonomy":"product_brand","embeddable":true,"href":"https:\/\/oudianvalve.com\/es\/wp-json\/wp\/v2\/product_brand?post=18130"},{"taxonomy":"product_cat","embeddable":true,"href":"https:\/\/oudianvalve.com\/es\/wp-json\/wp\/v2\/product_cat?post=18130"},{"taxonomy":"product_tag","embeddable":true,"href":"https:\/\/oudianvalve.com\/es\/wp-json\/wp\/v2\/product_tag?post=18130"}],"curies":[{"name":"wp","href":"https:\/\/api.w.org\/{rel}","templated":true}]}}