{"id":18128,"date":"2023-06-21T01:01:55","date_gmt":"2023-06-21T01:01:55","guid":{"rendered":"https:\/\/oudianvalve.com\/?post_type=product&#038;p=18128"},"modified":"2023-06-21T01:01:55","modified_gmt":"2023-06-21T01:01:55","slug":"astm-a890-gr-ce3mn-ball-valve-50lb-1-inch-flange-end","status":"publish","type":"product","link":"https:\/\/oudianvalve.com\/es\/products\/ball-valves\/astm-a890-gr-ce3mn-ball-valve-50lb-1-inch-flange-end\/","title":{"rendered":"V\u00e1lvula de bola ASTM A890 GR.CE3MN, 150 lb, 1 pulgada, extremo con brida"},"content":{"rendered":"<p>Est\u00e1ndar de dise\u00f1o y fabricaci\u00f3n: API 6D, API 608, BS 5351\/DIN3357\/JIS B2071<\/p>\n<p>Est\u00e1ndar de presi\u00f3n y temperatura: ASME B16.34\/DIN3230<\/p>\n<p>Est\u00e1ndar de dimensi\u00f3n cara a cara: ASME B16.10\/DIN3202\/JIS B2002<\/p>\n<p>Est\u00e1ndar de brida: ASME B16.5, ASME B16.47\/DIN2543-2545-2501\/JIS B2220<\/p>\n<p>Est\u00e1ndar de prueba e inspecci\u00f3n: API 598, API 6D\/DIN2401\/JIS B2003.<\/p>\n<p>Tama\u00f1o: 1\/2\u201d-10\u201d(DN15~DN250)<\/p>\n<p>Clasificaci\u00f3n de presi\u00f3n: 150LB-600LB\/PN16~PN100\/10K~60K)<\/p>\n<p>Material: D\u00faplex S31803, S\u00faper D\u00faplex S32750, S\u00faper D\u00faplex S327601A, \u3001 2A, 3A, 4A, 5A, 6A, 1B, 1C, CD4MCu, CD4MCuN, CD3MCuN, CE8MN, CD6MN, CD3MN, CE3MN, CD3MWCuNF51, F53, F55, F60.<\/p>\n<p>Temperatura adecuada: -196\u00baC~450\u00baC (Diferentes temperaturas eligen diferentes materiales).<\/p>\n<p>Medio adecuado: agua, vapor, petr\u00f3leo y gas natural, etc.<\/p>\n<p>&nbsp;<\/p>\n<p>La v\u00e1lvula de bola CE3MN, la v\u00e1lvula de bola est\u00e1ndar estadounidense y los componentes del cuerpo de la v\u00e1lvula de bola de acero inoxidable d\u00faplex est\u00e1n moldeados integralmente utilizando piezas fundidas como acero d\u00faplex SAF2507 o ASTMA995 GRADO 5ACE3MN, o est\u00e1n forjados integralmente utilizando materiales forjados como F50, F51, F53, F55, F60. y F61 de ASTMA182 (Sociedad Estadounidense de Pruebas y Materiales). La v\u00e1lvula de bola est\u00e1ndar estadounidense de acero d\u00faplex 5A es particularmente adecuada para entornos medios como agua de mar, con alto contenido de iones de cloruro y sulfuro, y se utiliza en condiciones relativamente duras. El acero s\u00faper bif\u00e1sico 5A combina las ventajas de la ferrita y el acero inoxidable austen\u00edtico, poseyendo alta resistencia mec\u00e1nica y excelente resistencia a la corrosi\u00f3n, as\u00ed como superplasticidad, alta tenacidad y alta resistencia. No solo es adecuado para su uso en entornos peligrosos donde se produce corrosi\u00f3n intergranular, corrosi\u00f3n por grietas, corrosi\u00f3n por picaduras y grietas por corrosi\u00f3n bajo tensi\u00f3n, sino que tambi\u00e9n se aplica en \u00e1reas como sistemas de enfriamiento de agua de mar el\u00e9ctricos contra incendios, petr\u00f3leo y gas, petroqu\u00edmica, qu\u00edmica, fabricaci\u00f3n de papel, y sistemas de agua de mar en los campos del tratamiento de aguas residuales, barcos de transporte de productos qu\u00edmicos, oleoductos y gasoductos, y campos relacionados.<\/p>\n<p>Relacionado con el material de acero de doble fase de la v\u00e1lvula de bola CE3MN:<br \/>\nN\u00famero de material: A890 5A (25Cr-7Ni Mo-N), est\u00e1ndar: ASTM A890, alias: CE3MN\/J93404CE3MN, composici\u00f3n qu\u00edmica: carbono C: 0,03; Silicio Si: 1,00; Mn: 1,50: f\u00f3sforo P:. 040 S: 0,040: Cr: 24,00-26,00: plata Mo: 4,00-5,00: n\u00edquel Ni: 6,00-8,00; Cobre Cu: \u2013; Nitr\u00f3geno N: 0,10-0,30;<\/p>","protected":false},"excerpt":{"rendered":"<p>Bola flotante, paso total o paso reducido.<br \/>\nAlmohadilla de montaje ISO5211 para opci\u00f3n.<br \/>\nDise\u00f1o de v\u00e1stago a prueba de explosiones.<br \/>\nSello del asiento de PTFE\/RPTFE (el material del sello del asiento puede decidirse a pedido del cliente o seg\u00fan la condici\u00f3n del medio y la temperatura de la v\u00e1lvula).<br \/>\nDise\u00f1o antiest\u00e1tico y API 607 Fire Safe<br \/>\nDise\u00f1o disponible Operaci\u00f3n: volante, rueda helicoidal, actuador neum\u00e1tico y actuador el\u00e9ctrico.<\/p>","protected":false},"featured_media":18129,"template":"","meta":{"advanced_seo_description":"","jetpack_seo_html_title":"","jetpack_seo_noindex":false},"product_brand":[],"product_cat":[83],"product_tag":[186,184,183,182,185],"class_list":{"0":"post-18128","1":"product","2":"type-product","3":"status-publish","4":"has-post-thumbnail","6":"product_cat-ball-valves","7":"product_tag-1-inch-a890-gr-ce3mn-ball-valve","8":"product_tag-150lb-5a-ball-valve","9":"product_tag-150lb-a890-gr-ce3mn-ball-valve","10":"product_tag-a890-gr-ce3mn-ball-valve","11":"product_tag-flange-end-a890-gr-ce3mn-ball-valve","13":"first","14":"instock","15":"shipping-taxable","16":"product-type-simple"},"jetpack_sharing_enabled":true,"_links":{"self":[{"href":"https:\/\/oudianvalve.com\/es\/wp-json\/wp\/v2\/product\/18128","targetHints":{"allow":["GET"]}}],"collection":[{"href":"https:\/\/oudianvalve.com\/es\/wp-json\/wp\/v2\/product"}],"about":[{"href":"https:\/\/oudianvalve.com\/es\/wp-json\/wp\/v2\/types\/product"}],"wp:featuredmedia":[{"embeddable":true,"href":"https:\/\/oudianvalve.com\/es\/wp-json\/wp\/v2\/media\/18129"}],"wp:attachment":[{"href":"https:\/\/oudianvalve.com\/es\/wp-json\/wp\/v2\/media?parent=18128"}],"wp:term":[{"taxonomy":"product_brand","embeddable":true,"href":"https:\/\/oudianvalve.com\/es\/wp-json\/wp\/v2\/product_brand?post=18128"},{"taxonomy":"product_cat","embeddable":true,"href":"https:\/\/oudianvalve.com\/es\/wp-json\/wp\/v2\/product_cat?post=18128"},{"taxonomy":"product_tag","embeddable":true,"href":"https:\/\/oudianvalve.com\/es\/wp-json\/wp\/v2\/product_tag?post=18128"}],"curies":[{"name":"wp","href":"https:\/\/api.w.org\/{rel}","templated":true}]}}