{"id":18093,"date":"2023-06-20T04:43:49","date_gmt":"2023-06-20T04:43:49","guid":{"rendered":"https:\/\/oudianvalve.com\/?post_type=product&#038;p=18093"},"modified":"2023-06-20T04:43:50","modified_gmt":"2023-06-20T04:43:50","slug":"cast-steel-globe-valves-din-3356-dn100-pn25","status":"publish","type":"product","link":"https:\/\/oudianvalve.com\/es\/products\/globe-valves\/cast-steel-globe-valves-din-3356-dn100-pn25\/","title":{"rendered":"V\u00e1lvulas de globo de acero fundido, DIN 3356, DN100, PN25"},"content":{"rendered":"<p>Est\u00e1ndar de dise\u00f1o: DIN3356,EN13709<br \/>\nRango de tama\u00f1os: DN50 \u2013 DN400.<br \/>\nPresi\u00f3n de dise\u00f1o: PN10 \u2013 PN420.<br \/>\nTemperatura de dise\u00f1o: -196 \u2103 \u2013 573 \u2103.<br \/>\nMaterial: ASTM A216 WCB, ASTM A216 WCC, ASTM A217 WC6, ASTM A217 WC9, ASTM A217 C5, ASTM A217 C12A, ASTM A352 LCB, ASTM A352 LCC, ASTM A351 CF8, ASTM A351 CF8M, ASTM A351 CF3M, ASTM A351 CF8C, CN3MN, CK3MCUN, CN7M, ASTM A890 4A (CD3MN), ASTM A890 5A (CE3MN), ASTM A890 6A (CD3MWCuN), ASTM B148 C95800, ASTM B148 C95500.<br \/>\nExtremo de conexi\u00f3n: DIN2543-2548, EN1092<br \/>\nEst\u00e1ndar de prueba: DIN3230, EN12266<br \/>\nCara a cara: DIN3202-F32, EN558<\/p>\n<p>La v\u00e1lvula de globo DIN3356 sirve para cortar y conectar tuber\u00edas que se utilizan ampliamente en diversas industrias como la petrolera, qu\u00edmica, farmac\u00e9utica, de fertilizantes qu\u00edmicos, energ\u00e9tica, etc. La presi\u00f3n nominal es PN1. 6~16MPa y temperatura de trabajo dentro de \u2013 110~600\u00b0C.<\/p>","protected":false},"excerpt":{"rendered":"<p>La v\u00e1lvula de globo de acero fundido DIN 3356 se ofrece en dise\u00f1o de patr\u00f3n recto, patr\u00f3n en Y, casquete atornillado y casquete soldado en una amplia gama de carbono, acero inoxidable, acero inoxidable d\u00faplex, aleaciones y otros materiales especiales.<\/p>","protected":false},"featured_media":18094,"template":"","meta":{"advanced_seo_description":"","jetpack_seo_html_title":"","jetpack_seo_noindex":false},"product_brand":[],"product_cat":[80],"product_tag":[170,173,171,172,174],"class_list":{"0":"post-18093","1":"product","2":"type-product","3":"status-publish","4":"has-post-thumbnail","6":"product_cat-globe-valves","7":"product_tag-din-globe-valves-manufacturer","8":"product_tag-dn-100-cast-steel-globe-valves","9":"product_tag-en13709-din3356-globe-valves-supplier","10":"product_tag-gs-c25-1-0619-1-4408-1-4403","11":"product_tag-pn25-cast-steel-globe-valves","13":"first","14":"instock","15":"shipping-taxable","16":"product-type-simple"},"jetpack_sharing_enabled":true,"_links":{"self":[{"href":"https:\/\/oudianvalve.com\/es\/wp-json\/wp\/v2\/product\/18093","targetHints":{"allow":["GET"]}}],"collection":[{"href":"https:\/\/oudianvalve.com\/es\/wp-json\/wp\/v2\/product"}],"about":[{"href":"https:\/\/oudianvalve.com\/es\/wp-json\/wp\/v2\/types\/product"}],"wp:featuredmedia":[{"embeddable":true,"href":"https:\/\/oudianvalve.com\/es\/wp-json\/wp\/v2\/media\/18094"}],"wp:attachment":[{"href":"https:\/\/oudianvalve.com\/es\/wp-json\/wp\/v2\/media?parent=18093"}],"wp:term":[{"taxonomy":"product_brand","embeddable":true,"href":"https:\/\/oudianvalve.com\/es\/wp-json\/wp\/v2\/product_brand?post=18093"},{"taxonomy":"product_cat","embeddable":true,"href":"https:\/\/oudianvalve.com\/es\/wp-json\/wp\/v2\/product_cat?post=18093"},{"taxonomy":"product_tag","embeddable":true,"href":"https:\/\/oudianvalve.com\/es\/wp-json\/wp\/v2\/product_tag?post=18093"}],"curies":[{"name":"wp","href":"https:\/\/api.w.org\/{rel}","templated":true}]}}