{"id":18090,"date":"2023-06-20T04:31:48","date_gmt":"2023-06-20T04:31:48","guid":{"rendered":"https:\/\/oudianvalve.com\/?post_type=product&#038;p=18090"},"modified":"2023-06-20T04:31:49","modified_gmt":"2023-06-20T04:31:49","slug":"din3352-swing-check-valve-dn500-pn100","status":"publish","type":"product","link":"https:\/\/oudianvalve.com\/es\/products\/check-valves\/din3352-swing-check-valve-dn500-pn100\/","title":{"rendered":"V\u00e1lvula de retenci\u00f3n oscilante DIN3352, DN500, PN100"},"content":{"rendered":"<p>Est\u00e1ndar de dise\u00f1o: DIN3352, BS EN1868<br \/>\nRango de tama\u00f1os: DN50 a DN 1200<br \/>\nRango de presi\u00f3n: PN 10 a PN160<br \/>\nConexiones finales: RF con bridas, RTJ, soldadura a tope<br \/>\nDimensiones del extremo bridado: DIN2543, BS EN 1092-1<br \/>\nDimensiones del extremo soldado a tope: EN 12627<br \/>\nDimensiones cara a cara: DIN3202, BS EN 558-1<br \/>\nInspecci\u00f3n y pruebas: BS EN 12266-1, DIN 3230<br \/>\nMateriales: 1.4301, 1.4306, 1.4401, 1.4404, 1.0619, 1.7357, 1.4552, 1.4107.<\/p>\n<p>Medio: la v\u00e1lvula es adecuada para varios medios incluyendo agua, vapor, petr\u00f3leo, gas, productos derivados del petr\u00f3leo, \u00e1cido n\u00edtrico, \u00e1cido ac\u00e9tico, etc. Temperatura de trabajo: desde -46\u00baC o -50\u00baC (construcciones de acero inoxidable) y -29\u00baC o -46\u00baC ( construcciones de acero al carbono) hasta 600 \u2103<\/p>","protected":false},"excerpt":{"rendered":"<p>Dise\u00f1o DIN 3352, Cara a cara EN 558-1, Bridas finales EN 1092-1, Extremos para soldadura a tope EN 12627, Inspecci\u00f3n y prueba EN 12266-1 1. Paso total (FB) 2. Bonete atornillado 3. Adaptable a horizontal y vertical instalaciones<\/p>","protected":false},"featured_media":18091,"template":"","meta":{"advanced_seo_description":"","jetpack_seo_html_title":"","jetpack_seo_noindex":false},"product_brand":[],"product_cat":[82],"product_tag":[163,164,165,166,167,168,169],"class_list":{"0":"post-18090","1":"product","2":"type-product","3":"status-publish","4":"has-post-thumbnail","6":"product_cat-check-valves","7":"product_tag-din-check-valve","8":"product_tag-din-swing-check-valves","9":"product_tag-din3202-f1","10":"product_tag-din3202-f6-check-valves","11":"product_tag-din3352-swing-check-valve","12":"product_tag-dn500-swing-check-valve","13":"product_tag-pn100-swing-check-valve","15":"first","16":"instock","17":"shipping-taxable","18":"product-type-simple"},"jetpack_sharing_enabled":true,"_links":{"self":[{"href":"https:\/\/oudianvalve.com\/es\/wp-json\/wp\/v2\/product\/18090","targetHints":{"allow":["GET"]}}],"collection":[{"href":"https:\/\/oudianvalve.com\/es\/wp-json\/wp\/v2\/product"}],"about":[{"href":"https:\/\/oudianvalve.com\/es\/wp-json\/wp\/v2\/types\/product"}],"wp:featuredmedia":[{"embeddable":true,"href":"https:\/\/oudianvalve.com\/es\/wp-json\/wp\/v2\/media\/18091"}],"wp:attachment":[{"href":"https:\/\/oudianvalve.com\/es\/wp-json\/wp\/v2\/media?parent=18090"}],"wp:term":[{"taxonomy":"product_brand","embeddable":true,"href":"https:\/\/oudianvalve.com\/es\/wp-json\/wp\/v2\/product_brand?post=18090"},{"taxonomy":"product_cat","embeddable":true,"href":"https:\/\/oudianvalve.com\/es\/wp-json\/wp\/v2\/product_cat?post=18090"},{"taxonomy":"product_tag","embeddable":true,"href":"https:\/\/oudianvalve.com\/es\/wp-json\/wp\/v2\/product_tag?post=18090"}],"curies":[{"name":"wp","href":"https:\/\/api.w.org\/{rel}","templated":true}]}}