{"id":18086,"date":"2023-06-20T02:52:15","date_gmt":"2023-06-20T02:52:15","guid":{"rendered":"https:\/\/oudianvalve.com\/?post_type=product&#038;p=18086"},"modified":"2023-06-20T02:55:41","modified_gmt":"2023-06-20T02:55:41","slug":"swing-check-valve-astm-a217-gr-c5-8-inch-300-lb","status":"publish","type":"product","link":"https:\/\/oudianvalve.com\/es\/products\/check-valves\/swing-check-valve-astm-a217-gr-c5-8-inch-300-lb\/","title":{"rendered":"V\u00e1lvula de retenci\u00f3n oscilante, ASTM A217 Gr. C5,8 pulgadas, 300 libras"},"content":{"rendered":"<p>Est\u00e1ndar de dise\u00f1o: BS 1868 o API 6D<br \/>\nClasificaciones de presi\u00f3n y temperatura: ASME B16.34<br \/>\nRango de tama\u00f1os: 2\u201d a 48\u201d<br \/>\nRango de presi\u00f3n: Clase 150 a 2500<br \/>\nConexiones finales: RF con bridas, RTJ, FF, soldadura a tope<br \/>\nBonete: Bonete atornillado o sellado a presi\u00f3n<br \/>\nDimensiones del extremo bridado: ASME B16.5 (\u226424\u201d), ASME B16.47 Serie A o B (&gt;24\u201d)<br \/>\nDimensiones del extremo de soldadura a tope: ASME B16.25 cara a cara<br \/>\nDimensiones cara a cara: ASME B16.10<br \/>\nInspecci\u00f3n y pruebas: API 598, API 6D<br \/>\nMateriales del cuerpo: ASTM A216 WCB, ASTM A216 WCC, ASTM A217 WC6, ASTM A217 WC9,<br \/>\nASTM A217 C5, ASTM A217 C12A, ASTM A352 LCB, ASTM A352 LCC<br \/>\nASTM A351 CF8, ASTM A351 CF8M, ASTM A351 CF3M, ASTM A351 CF8C<br \/>\nCN3MN, CK3MCUN, CN7M, ASTM A890 4A(CD3MN), ASTM A890 5A(CE3MN),<br \/>\nASTM A890 6A(CD3MWCuN)<br \/>\nASTM B148 C95800, ASTM B148 C95500.<br \/>\nMateriales de acabado: 1#, 5#,8#,10#,12#,16#<br \/>\nMateriales de empernado: ASTM A193 B7, B7M, B8, B8M \/ ASTM A194 2H, 2HM, 8, 8M.<br \/>\nNACE MR0175<br \/>\nTemperatura de dise\u00f1o: -196 \u2103 \u2013 593 \u2103.<\/p>","protected":false},"excerpt":{"rendered":"<p>Cap\u00f3 atornillado<br \/>\nAPI 6D de paso total, di\u00e1metro est\u00e1ndar BS 1868<br \/>\nEje interior o eje exterior<br \/>\nPalanca montada + eje exterior de contrapeso<br \/>\nV\u00e1lvulas antirretorno de grandes dimensiones montadas con cilindro amortiguador hidr\u00e1ulico.<\/p>","protected":false},"featured_media":18087,"template":"","meta":{"advanced_seo_description":"","jetpack_seo_html_title":"","jetpack_seo_noindex":false},"product_brand":[],"product_cat":[82],"product_tag":[159,90,158],"class_list":{"0":"post-18086","1":"product","2":"type-product","3":"status-publish","4":"has-post-thumbnail","6":"product_cat-check-valves","7":"product_tag-300lb-swing-check-valve","8":"product_tag-8-inch-swing-check-valve","9":"product_tag-astm-a217-gr-c5-swing-check-valve","11":"first","12":"instock","13":"shipping-taxable","14":"product-type-simple"},"jetpack_sharing_enabled":true,"_links":{"self":[{"href":"https:\/\/oudianvalve.com\/es\/wp-json\/wp\/v2\/product\/18086","targetHints":{"allow":["GET"]}}],"collection":[{"href":"https:\/\/oudianvalve.com\/es\/wp-json\/wp\/v2\/product"}],"about":[{"href":"https:\/\/oudianvalve.com\/es\/wp-json\/wp\/v2\/types\/product"}],"wp:featuredmedia":[{"embeddable":true,"href":"https:\/\/oudianvalve.com\/es\/wp-json\/wp\/v2\/media\/18087"}],"wp:attachment":[{"href":"https:\/\/oudianvalve.com\/es\/wp-json\/wp\/v2\/media?parent=18086"}],"wp:term":[{"taxonomy":"product_brand","embeddable":true,"href":"https:\/\/oudianvalve.com\/es\/wp-json\/wp\/v2\/product_brand?post=18086"},{"taxonomy":"product_cat","embeddable":true,"href":"https:\/\/oudianvalve.com\/es\/wp-json\/wp\/v2\/product_cat?post=18086"},{"taxonomy":"product_tag","embeddable":true,"href":"https:\/\/oudianvalve.com\/es\/wp-json\/wp\/v2\/product_tag?post=18086"}],"curies":[{"name":"wp","href":"https:\/\/api.w.org\/{rel}","templated":true}]}}