{"id":18084,"date":"2023-06-20T02:23:39","date_gmt":"2023-06-20T02:23:39","guid":{"rendered":"https:\/\/oudianvalve.com\/?post_type=product&#038;p=18084"},"modified":"2023-06-20T02:23:40","modified_gmt":"2023-06-20T02:23:40","slug":"600lb-y-type-globe-valve-wcb-4-inch-gear-box","status":"publish","type":"product","link":"https:\/\/oudianvalve.com\/es\/products\/globe-valves\/600lb-y-type-globe-valve-wcb-4-inch-gear-box\/","title":{"rendered":"V\u00e1lvula de globo tipo Y de 600 LB, WCB, 4 pulgadas, caja de cambios"},"content":{"rendered":"<p>Est\u00e1ndar de dise\u00f1o: API 623-2013<br \/>\nClasificaciones de presi\u00f3n y temperatura: ASME B16.34<br \/>\nRango de tama\u00f1os: 2\u201d a 28\u201d<br \/>\nRango de presi\u00f3n: Clase 150 a 2500<br \/>\nConexiones finales: RF con bridas, RTJ, soldadura a tope<br \/>\nDimensiones del extremo bridado: ASME B16.5 (\u226424\u201d), ASME B16.47 Serie A o B (&gt;24\u201d)<br \/>\nDimensiones del extremo de soldadura a tope: ASME B16.25 cara a cara<br \/>\nDimensiones cara a cara: ASME B16.10<br \/>\nInspecci\u00f3n y pruebas: API 598<br \/>\nMateriales del cuerpo: WCB, WCC, LCB, LCC, WC6, WC9, CF8, CF3, CF3M, CF8M, A995 4A, 5A, 6A, C95800, INCONEL 625, INCONEL 825, Hastelloy C, MONEL.<br \/>\nMateriales de acabado: 1#, 5#,8#,10#,12#,16#<br \/>\nMateriales de embalaje: grafito, grafito con alambre de inconel, PTFE<\/p>\n<p>&nbsp;<\/p>\n<p>La v\u00e1lvula de globo tipo Y es adecuada para cortar o conectar medios en tuber\u00edas con una presi\u00f3n nominal de 150LB-2500LB y una temperatura de trabajo de -29~550 \u2103 en diversas condiciones de trabajo, como las industrias petrolera, qu\u00edmica, farmac\u00e9utica, de fertilizantes y energ\u00e9tica. Los medios aplicables incluyen agua, aceite, vapor, medios \u00e1cidos, etc. Los m\u00e9todos de operaci\u00f3n incluyen manual, neum\u00e1tico y el\u00e9ctrico.<\/p>","protected":false},"excerpt":{"rendered":"<p>La v\u00e1lvula de globo tipo Y tiene una estructura razonable, sellado confiable, excelente rendimiento, apariencia hermosa y fabricaci\u00f3n y mantenimiento convenientes;<br \/>\nCarrera de trabajo peque\u00f1a y tiempo de apertura y cierre cortos.<br \/>\nLa superficie de sellado est\u00e1 soldada con una aleaci\u00f3n dura de estelita, que es resistente al desgaste, a la corrosi\u00f3n, tiene buena resistencia a la fricci\u00f3n y una larga vida \u00fatil.<\/p>","protected":false},"featured_media":18085,"template":"","meta":{"advanced_seo_description":"","jetpack_seo_html_title":"","jetpack_seo_noindex":false},"product_brand":[],"product_cat":[80],"product_tag":[154,152,155,153],"class_list":{"0":"post-18084","1":"product","2":"type-product","3":"status-publish","4":"has-post-thumbnail","6":"product_cat-globe-valves","7":"product_tag-4-inch-600lb-y-type-globe-valve","8":"product_tag-600lb-y-type-globe-valve","9":"product_tag-gear-box-600lb-y-type-globe-valve","10":"product_tag-wcb-y-type-globe-valve","12":"first","13":"instock","14":"shipping-taxable","15":"product-type-simple"},"jetpack_sharing_enabled":true,"_links":{"self":[{"href":"https:\/\/oudianvalve.com\/es\/wp-json\/wp\/v2\/product\/18084","targetHints":{"allow":["GET"]}}],"collection":[{"href":"https:\/\/oudianvalve.com\/es\/wp-json\/wp\/v2\/product"}],"about":[{"href":"https:\/\/oudianvalve.com\/es\/wp-json\/wp\/v2\/types\/product"}],"wp:featuredmedia":[{"embeddable":true,"href":"https:\/\/oudianvalve.com\/es\/wp-json\/wp\/v2\/media\/18085"}],"wp:attachment":[{"href":"https:\/\/oudianvalve.com\/es\/wp-json\/wp\/v2\/media?parent=18084"}],"wp:term":[{"taxonomy":"product_brand","embeddable":true,"href":"https:\/\/oudianvalve.com\/es\/wp-json\/wp\/v2\/product_brand?post=18084"},{"taxonomy":"product_cat","embeddable":true,"href":"https:\/\/oudianvalve.com\/es\/wp-json\/wp\/v2\/product_cat?post=18084"},{"taxonomy":"product_tag","embeddable":true,"href":"https:\/\/oudianvalve.com\/es\/wp-json\/wp\/v2\/product_tag?post=18084"}],"curies":[{"name":"wp","href":"https:\/\/api.w.org\/{rel}","templated":true}]}}