{"id":18073,"date":"2023-06-20T00:56:05","date_gmt":"2023-06-20T00:56:05","guid":{"rendered":"https:\/\/oudianvalve.com\/?post_type=product&#038;p=18073"},"modified":"2023-06-20T02:08:48","modified_gmt":"2023-06-20T02:08:48","slug":"api600-8inch-150lb-cast-steel-globe-valve","status":"publish","type":"product","link":"https:\/\/oudianvalve.com\/es\/products\/globe-valves\/api600-8inch-150lb-cast-steel-globe-valve\/","title":{"rendered":"V\u00e1lvula de globo de acero fundido API600 de 8 pulgadas y 150 libras"},"content":{"rendered":"<p>Est\u00e1ndar de dise\u00f1o: BS 1873 o API623\/API600<br \/>\nClasificaciones de presi\u00f3n y temperatura: ASME B16.34<br \/>\nRango de tama\u00f1os: 2\u201d a 28\u201d<br \/>\nRango de presi\u00f3n: Clase 150 a 2500<br \/>\nConexiones finales: RF con bridas, RTJ, soldadura a tope<br \/>\nDimensiones del extremo bridado: ASME B16.5 (\u226424\u201d), ASME B16.47 Serie A o B (&gt;24\u201d)<br \/>\nDimensiones del extremo de soldadura a tope: ASME B16.25 cara a cara<br \/>\nDimensiones cara a cara: ASME B16.10<br \/>\nInspecci\u00f3n y pruebas: API 598<br \/>\nMateriales del cuerpo: WCB, WCC, LCB, LCC, WC6, WC9, CF8, CF3, CF3M, CF8M, A995 4A, 5A, 6A, C95800, INCONEL 625, INCONEL 825, Hastelloy C, MONEL.<br \/>\nMateriales de acabado: 1#, 5#,8#,10#,12#,16#<br \/>\nMateriales de embalaje: grafito, grafito con alambre de inconel, PTFE<\/p>\n<div class=\"fl-row fl-row-full-width fl-row-bg-none fl-node-6392e5b9bcb7b\" data-node=\"6392e5b9bcb7b\">\n<div class=\"fl-row-content-wrap\">\n<div class=\"fl-row-content fl-row-full-width fl-node-content\">\n<div class=\"fl-col-group fl-node-6392e5b9bd376\" data-node=\"6392e5b9bd376\">\n<div class=\"fl-col fl-node-6392e5b9be5e2\" data-node=\"6392e5b9be5e2\">\n<div class=\"fl-col-content fl-node-content\">\n<div class=\"fl-module fl-module-rich-text fl-node-6392e5b9c4a63\" data-node=\"6392e5b9c4a63\" data-animation-delay=\"0.0\">\n<div class=\"fl-module-content fl-node-content\">\n<div class=\"fl-rich-text\">\n<p>Extensi\u00f3n del cap\u00f3<br \/>\nV\u00e1lvulas de paso<br \/>\nV\u00e1lvulas de drenaje<br \/>\nBajas emisiones fugitivas seg\u00fan API 624 o ISO 15848<br \/>\nPernos y tuercas recubiertos de PTFE<br \/>\nPernos y tuercas recubiertos de zinc<\/p>\n<\/div>\n<\/div>\n<\/div>\n<\/div>\n<\/div>\n<\/div>\n<\/div>\n<\/div>\n<\/div>\n<div class=\"fl-row fl-row-full-width fl-row-bg-none fl-node-6392e5c966481\" data-node=\"6392e5c966481\">\n<div class=\"fl-row-content-wrap\">\n<div class=\"fl-row-content fl-row-full-width fl-node-content\">\n<div class=\"fl-col-group fl-node-6392e5c9664ce\" data-node=\"6392e5c9664ce\">\n<div class=\"fl-col fl-node-6392e5c966513\" data-node=\"6392e5c966513\">\n<div class=\"fl-col-content fl-node-content\">\n<div class=\"fl-module fl-module-rich-text fl-node-6392e5c966555\" data-node=\"6392e5c966555\" data-animation-delay=\"0.0\">\n<div class=\"fl-module-content fl-node-content\">\n<div class=\"fl-rich-text\">\n<div class=\"content_box\"><\/div>\n<p>Nuestra v\u00e1lvula de globo est\u00e1 estrictamente dise\u00f1ada seg\u00fan BS 1873 y est\u00e1ndares relacionados, y tambi\u00e9n puede ser API 623 seg\u00fan los requisitos del cliente. Espesor de pared seg\u00fan API 600, que es mayor que el est\u00e1ndar ASME B16.34 y tendr\u00e1 un rendimiento m\u00e1s estable. Para tama\u00f1os superiores a 8\u201d, no se puede dise\u00f1ar como tipo de disco doble, que tiene un valor de torque y empuje m\u00e1s bajo en comparaci\u00f3n con el tipo de disco \u00fanico.<\/p>\n<\/div>\n<p>La funci\u00f3n de la v\u00e1lvula de globo.<\/p>\n<p>Una v\u00e1lvula de globo, tambi\u00e9n conocida como v\u00e1lvula de cierre, pertenece a una v\u00e1lvula de sellado forzado. Aplica torsi\u00f3n a trav\u00e9s del v\u00e1stago de la v\u00e1lvula, es decir, el v\u00e1stago de la v\u00e1lvula ejerce presi\u00f3n sobre el disco de la v\u00e1lvula por encima de la direcci\u00f3n axial para lograr un ajuste de sellado entre el disco de la v\u00e1lvula y el asiento de la v\u00e1lvula, evitando la fuga de medio del espacio y desempe\u00f1ando un papel en corte, estrangulamiento y regulaci\u00f3n en la tuber\u00eda.<\/p>\n<\/div>\n<\/div>\n<\/div>\n<\/div>\n<\/div>\n<\/div>\n<\/div>\n<\/div>","protected":false},"excerpt":{"rendered":"<p>Patr\u00f3n recto o patr\u00f3n Y<br \/>\nBonete atornillado o bonete sellado a presi\u00f3n<br \/>\nTallo ascendente<br \/>\nTornillo exterior y yugo<br \/>\nAsiento de cuerpo integral o anillo de asiento renovable<br \/>\nNACE SE\u00d1OR 0175<\/p>","protected":false},"featured_media":18074,"template":"","meta":{"advanced_seo_description":"","jetpack_seo_html_title":"","jetpack_seo_noindex":false},"product_brand":[],"product_cat":[80],"product_tag":[134,135,133,85],"class_list":{"0":"post-18073","1":"product","2":"type-product","3":"status-publish","4":"has-post-thumbnail","6":"product_cat-globe-valves","7":"product_tag-150lb-cast-steel-globe-valve","8":"product_tag-8-inch-cast-steel-globe-valve","9":"product_tag-api600-cast-steel-globe-valve","10":"product_tag-cast-steel-globe-valve","12":"first","13":"instock","14":"featured","15":"shipping-taxable","16":"product-type-simple"},"jetpack_sharing_enabled":true,"_links":{"self":[{"href":"https:\/\/oudianvalve.com\/es\/wp-json\/wp\/v2\/product\/18073","targetHints":{"allow":["GET"]}}],"collection":[{"href":"https:\/\/oudianvalve.com\/es\/wp-json\/wp\/v2\/product"}],"about":[{"href":"https:\/\/oudianvalve.com\/es\/wp-json\/wp\/v2\/types\/product"}],"wp:featuredmedia":[{"embeddable":true,"href":"https:\/\/oudianvalve.com\/es\/wp-json\/wp\/v2\/media\/18074"}],"wp:attachment":[{"href":"https:\/\/oudianvalve.com\/es\/wp-json\/wp\/v2\/media?parent=18073"}],"wp:term":[{"taxonomy":"product_brand","embeddable":true,"href":"https:\/\/oudianvalve.com\/es\/wp-json\/wp\/v2\/product_brand?post=18073"},{"taxonomy":"product_cat","embeddable":true,"href":"https:\/\/oudianvalve.com\/es\/wp-json\/wp\/v2\/product_cat?post=18073"},{"taxonomy":"product_tag","embeddable":true,"href":"https:\/\/oudianvalve.com\/es\/wp-json\/wp\/v2\/product_tag?post=18073"}],"curies":[{"name":"wp","href":"https:\/\/api.w.org\/{rel}","templated":true}]}}