{"id":18069,"date":"2023-06-19T07:49:18","date_gmt":"2023-06-19T07:49:18","guid":{"rendered":"https:\/\/oudianvalve.com\/?post_type=product&#038;p=18069"},"modified":"2023-06-20T00:30:02","modified_gmt":"2023-06-20T00:30:02","slug":"dn80-pn16-cast-steel-t-type-strainer","status":"publish","type":"product","link":"https:\/\/oudianvalve.com\/es\/products\/y-strainer\/dn80-pn16-cast-steel-t-type-strainer\/","title":{"rendered":"Filtro tipo T de acero fundido DN80 PN16"},"content":{"rendered":"<p>Filtro tipo T de acero fundido DN80 PN16<br \/>\nTama\u00f1o: 1\/2\u2033-24\u2033(DN15~DN600)<br \/>\nClasificaci\u00f3n de presi\u00f3n: 150LB-2500LB\/PN16~PN160\/10K~60K)<br \/>\nMaterial: A351CF8M\/CF8\/CF3\/CF3M,A216WCB,A217 WC6 A352 LCB\/LCC,A105,F304,F316,F51\/F53,F11.F2.C3.C95800<br \/>\nTemperatura adecuada: 425 \u00b0C (diferentes temperaturas eligen diferentes materiales). Medio adecuado: agua, vapor, petr\u00f3leo y gas natural, etc.<\/p>\n<p>Descripci\u00f3n:<br \/>\nEst\u00e1ndares de dise\u00f1o:ASME B16.34<br \/>\nLongitud de la estructura: ASME B16.10<br \/>\nEst\u00e1ndar de tama\u00f1o de conexi\u00f3n: ANSI B16.5<br \/>\nEst\u00e1ndares de prueba e inspecci\u00f3n: API598<\/p>\n<p>Principio de funcionamiento y caracter\u00edsticas:<\/p>\n<p>Cuando el fluido ingresa al cartucho filtrante con una determinada especificaci\u00f3n de malla filtrante, sus impurezas se bloquean y el filtrado limpio se descarga por la salida del filtro. Cuando sea necesario realizar una limpieza, simplemente retire el cartucho de filtro desmontable, proc\u00e9selo y vuelva a instalarlo. Por lo tanto, el mantenimiento y el uso son extremadamente convenientes.<\/p>\n<p>Los materiales de fabricaci\u00f3n del filtro tipo T var\u00edan seg\u00fan las necesidades diarias y generalmente se eligen materiales de hierro fundido, acero al carbono o acero inoxidable. Cuando se utilizan filtros, se deben seleccionar diferentes modelos de filtro en funci\u00f3n de los diferentes fluidos. Para la filtraci\u00f3n de l\u00edquidos como agua, amoniaco, aceite, hidrocarburos, etc.<br \/>\nCuando el l\u00edquido ingresa a la pantalla del filtro con una determinada especificaci\u00f3n, la pantalla del filtro bloquea las impurezas y el l\u00edquido limpio se descarga a trav\u00e9s de la salida. Cuando es necesario realizar una limpieza, solo es necesario retirar la pantalla del filtro desmontable para el tratamiento de aguas residuales y volver a instalarla para su uso. Por tanto, el uso y mantenimiento de los filtros es sumamente conveniente.<\/p>\n<p>Construcci\u00f3n de filtro tipo T<\/p>\n<p>El filtro tipo T est\u00e1 fabricado especialmente con tubos y placas o con bridas y T est\u00e1ndar id\u00e9nticas. Los componentes del filtro est\u00e1n hechos de chapa perforada de acero inoxidable o de malla met\u00e1lica sostenida por chapa perforada. Los filtros tipo T son una alternativa de bajo costo para demandas de filtrado de gran di\u00e1metro nominal. Este colador se puede montar r\u00e1pidamente y requiere menos mantenimiento. Los coladores T vienen con una tapa atornillada o con tapas de apertura r\u00e1pida para adecuaci\u00f3n de la aplicaci\u00f3n.<\/p>\n<p>Los filtros tipo T se pueden montar en tuber\u00edas verticales u horizontales; en la posici\u00f3n vertical la descarga fluir\u00eda hacia la canasta. En la posici\u00f3n horizontal, el enlace de derivaci\u00f3n se encuentra en el lateral para acceso lateral o, respectivamente, en la parte superior para acceso superior. Los filtros T est\u00e1n restringidos a la filtraci\u00f3n en curso debido a que la forma en que se coloca la canasta dentro de la T estimular\u00e1 el flujo de l\u00edquido a trav\u00e9s del sistema de barra corredor.<\/p>\n<p>Caracter\u00edsticas y beneficios del colador tipo T<\/p>\n<p>Los filtros tipo T tienen muchos beneficios para aplicaciones de tuber\u00edas, tales como:<\/p>\n<ul>\n<li>Viene con cubiertas de apertura r\u00e1pida para una f\u00e1cil operaci\u00f3n de limpieza.<\/li>\n<li>Est\u00e1 provisto de un puerto de f\u00e1cil ventilaci\u00f3n y dispone de grifos de presi\u00f3n diferencial.<\/li>\n<li>Tiene una trayectoria de flujo m\u00e1s recta que permite una mayor capacidad de flujo.<\/li>\n<li>El filtro tipo T es adecuado para transferir fluidos a mayor velocidad.<\/li>\n<li>Son ideales para usos en tuber\u00edas grandes que necesitan un acceso r\u00e1pido al filtro.<\/li>\n<li>Mientras est\u00e1 instalada horizontalmente, la tapa de la c\u00e1mara se puede abrir sin drenar el fluido del proceso. Por tanto, puede utilizarse en procesos peligrosos.<\/li>\n<\/ul>\n<p>&nbsp;<\/p>\n<p>Aplicaciones del filtro tipo T<\/p>\n<p>A veces no es pr\u00e1ctico utilizar Filtros Tipo Y en algunas aplicaciones ya que se puede acceder al elemento desde la parte inferior de la cubierta o cuerpo. Los filtros tipo T brindan acceso al elemento a trav\u00e9s de la parte superior de la carcasa o cuerpo. Este tipo de filtro est\u00e1 dise\u00f1ado para montarse en l\u00ednea con el eje de la tuber\u00eda, pero tambi\u00e9n se puede instalar en instalaciones de tuber\u00edas desplazadas y en \u00e1ngulo recto.<\/p>\n<p>Adem\u00e1s de la colecci\u00f3n de filtros tipo T del cat\u00e1logo est\u00e1ndar, se pueden dise\u00f1ar y producir filtros fabricados para satisfacer especificaciones de aplicaciones particulares. Estos filtros est\u00e1n dise\u00f1ados para manejar aplicaciones industriales agresivas de vapor y gas cuando est\u00e1n construidos con acero inoxidable o acero al carbono.<\/p>","protected":false},"excerpt":{"rendered":"<p>El filtro tipo T de acero fundido DN80 PN16 pertenece a la serie de filtros gruesos para tuber\u00edas y tambi\u00e9n se puede utilizar para filtrar part\u00edculas grandes de gas u otros medios. Cuando se instala en la tuber\u00eda, puede eliminar grandes impurezas s\u00f3lidas en el fluido, lo que permite que los equipos de la m\u00e1quina (incluidos compresores, bombas, etc.) y los instrumentos funcionen y operen normalmente, logrando un proceso estable y garantizando una producci\u00f3n segura.<\/p>","protected":false},"featured_media":18070,"template":"","meta":{"advanced_seo_description":"","jetpack_seo_html_title":"","jetpack_seo_noindex":false},"product_brand":[],"product_cat":[84],"product_tag":[128,130,129,132,131],"class_list":{"0":"post-18069","1":"product","2":"type-product","3":"status-publish","4":"has-post-thumbnail","6":"product_cat-y-strainer","7":"product_tag-cast-steel-t-type-strainer","8":"product_tag-dn80-cast-steel-t-type-strainer","9":"product_tag-pn16-cast-steel-t-type-strainer","10":"product_tag-weld-t-type-strainer","11":"product_tag-wpb-cast-steel-t-type-strainer","13":"first","14":"instock","15":"featured","16":"shipping-taxable","17":"product-type-simple"},"jetpack_sharing_enabled":true,"_links":{"self":[{"href":"https:\/\/oudianvalve.com\/es\/wp-json\/wp\/v2\/product\/18069","targetHints":{"allow":["GET"]}}],"collection":[{"href":"https:\/\/oudianvalve.com\/es\/wp-json\/wp\/v2\/product"}],"about":[{"href":"https:\/\/oudianvalve.com\/es\/wp-json\/wp\/v2\/types\/product"}],"wp:featuredmedia":[{"embeddable":true,"href":"https:\/\/oudianvalve.com\/es\/wp-json\/wp\/v2\/media\/18070"}],"wp:attachment":[{"href":"https:\/\/oudianvalve.com\/es\/wp-json\/wp\/v2\/media?parent=18069"}],"wp:term":[{"taxonomy":"product_brand","embeddable":true,"href":"https:\/\/oudianvalve.com\/es\/wp-json\/wp\/v2\/product_brand?post=18069"},{"taxonomy":"product_cat","embeddable":true,"href":"https:\/\/oudianvalve.com\/es\/wp-json\/wp\/v2\/product_cat?post=18069"},{"taxonomy":"product_tag","embeddable":true,"href":"https:\/\/oudianvalve.com\/es\/wp-json\/wp\/v2\/product_tag?post=18069"}],"curies":[{"name":"wp","href":"https:\/\/api.w.org\/{rel}","templated":true}]}}